{"id":476,"date":"2020-04-15T14:38:42","date_gmt":"2020-04-15T12:38:42","guid":{"rendered":"http:\/\/wp.unil.ch\/jgep\/?page_id=476"},"modified":"2020-07-08T14:00:13","modified_gmt":"2020-07-08T12:00:13","slug":"1e-journee-programme","status":"publish","type":"page","link":"https:\/\/wp.unil.ch\/jgep\/1e-journee\/1e-journee-programme\/","title":{"rendered":"1\u00e8re journ\u00e9e &#8211; Programme"},"content":{"rendered":"<h2 style=\"text-align: center\">1\u00e8re Journ\u00e9e &#8211; 16 d\u00e9cembre 2012<\/h2>\n\n\n<div class=\"wp-block-columns alignwide are-vertically-aligned-top is-layout-flex wp-container-core-columns-is-layout-9d6595d7 wp-block-columns-is-layout-flex\">\n<div class=\"wp-block-column is-vertically-aligned-top is-layout-flow wp-block-column-is-layout-flow\">\n<h5 class=\"has-text-align-center wp-block-heading\">&nbsp;<\/h5>\n<\/div>\n\n\n\n<div class=\"wp-block-column is-vertically-aligned-top is-layout-flow wp-block-column-is-layout-flow\">\n<h5 class=\"has-text-align-center wp-block-heading\"><a href=\"https:\/\/wp.unil.ch\/jgep\/j1-thematique\/\">Th\u00e9matique<\/a><\/h5>\n\n\n\n<p>&nbsp;<\/p>\n<\/div>\n\n\n\n<div class=\"wp-block-column is-vertically-aligned-top is-layout-flow wp-block-column-is-layout-flow\">\n<h5 class=\"has-text-align-center wp-block-heading\"><a href=\"https:\/\/wp.unil.ch\/jgep\/1e-journee-programme\/\">Programme<\/a><\/h5>\n<\/div>\n\n\n\n<div class=\"wp-block-column is-vertically-aligned-top is-layout-flow wp-block-column-is-layout-flow\">\n<h5 class=\"has-text-align-center wp-block-heading\">&nbsp;<\/h5>\n<\/div>\n<\/div>\n\n\n\n<p><p><a class=\"prog\" href=\"https:\/\/wp.unil.ch\/jgep\/files\/2020\/05\/J1-Flyer.pdf\">Programme d\u00e9taill\u00e9<\/a><\/p>\n<p>&nbsp;<\/p><\/p>\n\n\n\n<p><strong>Mod\u00e8les d&rsquo;organisation des entreprises publiques et gestion des participations<\/strong><br><span style=\"color: #000000\">Pierre-Louis MANFRINI <\/span><br><span style=\"color: #000000\"><em>Professeur \u00e0 l&rsquo;IDHEAP<\/em><\/span><\/p>\n\n\n\n<p><strong>Responsabilit\u00e9s individuelles et collectives au sein du conseil<\/strong><br><span style=\"color: #000000\">M\u00e9lanie DESMEULES <\/span><br><span style=\"color: #000000\"><em>Secr\u00e9taire g\u00e9n\u00e9rale adjointe, D\u00e9partement des finances et des relations ext\u00e9rieures du Canton de Vaud<\/em><\/span><\/p>\n\n\n\n<p><strong>Composition des conseils d\u2019administration et r\u00f4le des \u00e9lus<\/strong><br><span style=\"color: #000000\">Daniel MOUCHET <\/span><br><span style=\"color: #000000\"><em>Pr\u00e9sident des Services Industriels de Gen\u00e8ve<\/em><\/span><\/p>\n\n\n\n<p><strong>Conf\u00e9rence sur les relations entre les entreprises publiques et les pouvoirs publics<\/strong><br><span style=\"color: #000000\">Jean STUDER <\/span><br><span style=\"color: #000000\"><em>Ancien Conseiller d&rsquo;\u00c9tat, Pr\u00e9sident nomm\u00e9 de la Banque Nationale Suisse<\/em><\/span><\/p>\n\n\n\n<p><strong>Etendue de la surveillance des pouvoirs publics sur les entreprises publiques, gestion des risques<\/strong><br><span style=\"color: #000000\">Hans WERDER<\/span><br><span style=\"color: #000000\"><em>Administrateur de Swisscom<\/em><\/span><\/p>\n\n\n\n<p><strong>Organisation et d\u00e9l\u00e9gation<\/strong><br><span style=\"color: #000000\">Guy MUSTAKI <\/span><br><span style=\"color: #000000\"><em>Pr\u00e9sident de Romande Energie, Pr\u00e9sident d&rsquo;EOS Holding et Administrateur d&rsquo;Alpiq<\/em><\/span><\/p>\n\n\n\n<p><strong>D\u00e9bat : \u00ab Les enjeux et les d\u00e9fis de la gouvernance dans les entreprises publiques \u00bb<\/strong><br><span style=\"color: #000000\"><em>anim\u00e9 par Thierry MEYER, R\u00e9dacteur en Chef du journal 24Heures<\/em><\/span><br><span style=\"color: #000000\"><strong>David HILER<\/strong> <\/span><br><span style=\"color: #000000\"><em>Conseiller d&rsquo;\u00c9tat du Canton de Gen\u00e8ve <\/em><\/span><br><span style=\"color: #000000\"><strong>Claude LAESSER<\/strong><\/span> <br><span style=\"color: #000000\"><em>Ancien Conseiller d&rsquo;\u00c9tat du Canton de Fribourg, Pr\u00e9sident du Groupe E <\/em><\/span><br><span style=\"color: #000000\"><strong>Vincent GRANDJEAN<\/strong> <\/span><br><span style=\"color: #000000\"><em>Chancelier de l&rsquo;\u00c9tat de Vaud <\/em><\/span><br><span style=\"color: #000000\"><strong>Dominique FREYMOND <\/strong><\/span><br><span style=\"color: #000000\"><em>Vice-pr\u00e9sident de La Poste<\/em><\/span><\/p>\n","protected":false},"excerpt":{"rendered":"<p>1\u00e8re Journ\u00e9e &#8211; 16 d\u00e9cembre 2012 &nbsp; Th\u00e9matique &nbsp; Programme &nbsp; Programme d\u00e9taill\u00e9 &nbsp; Mod\u00e8les d&rsquo;organisation des entreprises publiques et gestion des participationsPierre-Louis MANFRINI Professeur \u00e0 l&rsquo;IDHEAP Responsabilit\u00e9s&hellip;<\/p>\n","protected":false},"author":1002086,"featured_media":0,"parent":740,"menu_order":0,"comment_status":"closed","ping_status":"closed","template":"template-full-width.php","meta":{"_seopress_robots_primary_cat":"","_seopress_titles_title":"","_seopress_titles_desc":"","_seopress_robots_index":"","footnotes":""},"class_list":["post-476","page","type-page","status-publish","has-post-thumbnail"],"_links":{"self":[{"href":"https:\/\/wp.unil.ch\/jgep\/wp-json\/wp\/v2\/pages\/476","targetHints":{"allow":["GET"]}}],"collection":[{"href":"https:\/\/wp.unil.ch\/jgep\/wp-json\/wp\/v2\/pages"}],"about":[{"href":"https:\/\/wp.unil.ch\/jgep\/wp-json\/wp\/v2\/types\/page"}],"author":[{"embeddable":true,"href":"https:\/\/wp.unil.ch\/jgep\/wp-json\/wp\/v2\/users\/1002086"}],"replies":[{"embeddable":true,"href":"https:\/\/wp.unil.ch\/jgep\/wp-json\/wp\/v2\/comments?post=476"}],"version-history":[{"count":0,"href":"https:\/\/wp.unil.ch\/jgep\/wp-json\/wp\/v2\/pages\/476\/revisions"}],"up":[{"embeddable":true,"href":"https:\/\/wp.unil.ch\/jgep\/wp-json\/wp\/v2\/pages\/740"}],"wp:attachment":[{"href":"https:\/\/wp.unil.ch\/jgep\/wp-json\/wp\/v2\/media?parent=476"}],"curies":[{"name":"wp","href":"https:\/\/api.w.org\/{rel}","templated":true}]}}