{"id":464,"date":"2020-04-15T14:14:23","date_gmt":"2020-04-15T12:14:23","guid":{"rendered":"http:\/\/wp.unil.ch\/jgep\/?page_id=464"},"modified":"2022-05-19T08:52:13","modified_gmt":"2022-05-19T06:52:13","slug":"j2-thematique","status":"publish","type":"page","link":"https:\/\/wp.unil.ch\/jgep\/2e-journee\/j2-thematique\/","title":{"rendered":"2e Journ\u00e9e &#8211; Th\u00e9matique"},"content":{"rendered":"<h2 style=\"text-align: center\">2<sup>\u00e8me<\/sup> Journ\u00e9e &#8211; 14 novembre 2013<\/h2>\n\n\n<div class=\"wp-block-columns alignwide are-vertically-aligned-top is-layout-flex wp-container-core-columns-is-layout-9d6595d7 wp-block-columns-is-layout-flex\">\n<div class=\"wp-block-column is-vertically-aligned-top is-layout-flow wp-block-column-is-layout-flow\">\n<h5 class=\"has-text-align-center wp-block-heading\"><\/h5>\n<\/div>\n\n\n\n<div class=\"wp-block-column is-vertically-aligned-top is-layout-flow wp-block-column-is-layout-flow\">\n<h5 class=\"has-text-align-center wp-block-heading\"><a href=\"https:\/\/wp.unil.ch\/jgep\/j2-thematique\/\">Th\u00e9matique<\/a><\/h5>\n<\/div>\n\n\n\n<div class=\"wp-block-column is-vertically-aligned-top is-layout-flow wp-block-column-is-layout-flow\">\n<h5 class=\"has-text-align-center wp-block-heading\"><a href=\"https:\/\/wp.unil.ch\/jgep\/2e-journee-programme\/\">Programme<\/a><\/h5>\n<\/div>\n\n\n\n<div class=\"wp-block-column is-vertically-aligned-top is-layout-flow wp-block-column-is-layout-flow\">\n<h5 class=\"has-text-align-center wp-block-heading\"><\/h5>\n<\/div>\n<\/div>\n\n\n<div>\n<h3>Le pilotage politique des prix des prestations<\/h3>\n<div>\n<div>\n<div>\n<div>\n<p>Les entreprises publiques, op\u00e9rant au b\u00e9n\u00e9fice d\u2019une concession ou en concurrence avec d\u2019autres op\u00e9rateurs priv\u00e9s, fournissent des prestations \u00e0 leurs clients ou usagers. Certaines prestations sont financ\u00e9es totalement ou partiellement par l\u2019interm\u00e9diaire de dotations budg\u00e9taires octroy\u00e9es par l\u2019Etat. Dans d\u2019autres cas, le co\u00fbt de la prestation est factur\u00e9 au client ou \u00e0 l\u2019usager.<\/p>\n<p>Quel r\u00f4le l\u2019Etat propri\u00e9taire ou l\u2019Etat actionnaire des entreprises publiques doit-il avoir dans la tarification des prestations ? La tarification doit-elle \u00eatre dict\u00e9e exclusivement par les r\u00e8gles du march\u00e9, doit-elle \u00eatre d\u00e9cid\u00e9e par les organes qui dirigent l\u2019entreprise publique ou, au contraire, doit-elle donner lieu \u00e0 un contr\u00f4le politique ?<\/p>\n<p>C\u2019est \u00e0 l\u2019\u00e9tude des divers mod\u00e8les existants en la mati\u00e8re, aux enjeux et aux difficult\u00e9s auxquelles sont confront\u00e9es les entreprises publiques en la mati\u00e8re qu&rsquo;a \u00e9t\u00e9 consacr\u00e9e la deuxi\u00e8me journ\u00e9e de la gouvernance des entreprises publiques.<\/p>\n<\/div>\n<\/div>\n<\/div>\n<\/div>\n<\/div>\n\n\n<p><\/p>\n","protected":false},"excerpt":{"rendered":"<p>2\u00e8me Journ\u00e9e &#8211; 14 novembre 2013 Th\u00e9matique Programme Le pilotage politique des prix des prestations Les entreprises publiques, op\u00e9rant au b\u00e9n\u00e9fice d\u2019une concession ou en concurrence avec d\u2019autres&hellip;<\/p>\n","protected":false},"author":1002086,"featured_media":0,"parent":737,"menu_order":0,"comment_status":"closed","ping_status":"closed","template":"template-full-width.php","meta":{"_seopress_robots_primary_cat":"","_seopress_titles_title":"","_seopress_titles_desc":"","_seopress_robots_index":"","footnotes":""},"class_list":["post-464","page","type-page","status-publish","has-post-thumbnail"],"_links":{"self":[{"href":"https:\/\/wp.unil.ch\/jgep\/wp-json\/wp\/v2\/pages\/464","targetHints":{"allow":["GET"]}}],"collection":[{"href":"https:\/\/wp.unil.ch\/jgep\/wp-json\/wp\/v2\/pages"}],"about":[{"href":"https:\/\/wp.unil.ch\/jgep\/wp-json\/wp\/v2\/types\/page"}],"author":[{"embeddable":true,"href":"https:\/\/wp.unil.ch\/jgep\/wp-json\/wp\/v2\/users\/1002086"}],"replies":[{"embeddable":true,"href":"https:\/\/wp.unil.ch\/jgep\/wp-json\/wp\/v2\/comments?post=464"}],"version-history":[{"count":0,"href":"https:\/\/wp.unil.ch\/jgep\/wp-json\/wp\/v2\/pages\/464\/revisions"}],"up":[{"embeddable":true,"href":"https:\/\/wp.unil.ch\/jgep\/wp-json\/wp\/v2\/pages\/737"}],"wp:attachment":[{"href":"https:\/\/wp.unil.ch\/jgep\/wp-json\/wp\/v2\/media?parent=464"}],"curies":[{"name":"wp","href":"https:\/\/api.w.org\/{rel}","templated":true}]}}