{"id":458,"date":"2020-04-15T13:54:51","date_gmt":"2020-04-15T11:54:51","guid":{"rendered":"http:\/\/wp.unil.ch\/jgep\/?page_id=458"},"modified":"2020-07-08T14:01:03","modified_gmt":"2020-07-08T12:01:03","slug":"2e-journee-programme","status":"publish","type":"page","link":"https:\/\/wp.unil.ch\/jgep\/2e-journee\/2e-journee-programme\/","title":{"rendered":"2e journ\u00e9e &#8211; programme"},"content":{"rendered":"<h2 style=\"text-align: center\">2<sup>\u00e8me<\/sup> Journ\u00e9e &#8211; 14 novembre 2013<\/h2>\n\n\n<div class=\"wp-block-columns alignwide are-vertically-aligned-top is-layout-flex wp-container-core-columns-is-layout-9d6595d7 wp-block-columns-is-layout-flex\">\n<div class=\"wp-block-column is-vertically-aligned-top is-layout-flow wp-block-column-is-layout-flow\">\n<h5 class=\"has-text-align-center wp-block-heading\"><\/h5>\n<\/div>\n\n\n\n<div class=\"wp-block-column is-vertically-aligned-top is-layout-flow wp-block-column-is-layout-flow\">\n<h5 class=\"has-text-align-center wp-block-heading\"><a href=\"https:\/\/wp.unil.ch\/jgep\/j2-thematique\/\">Th\u00e9matique<\/a><\/h5>\n<\/div>\n\n\n\n<div class=\"wp-block-column is-vertically-aligned-top is-layout-flow wp-block-column-is-layout-flow\">\n<h5 class=\"has-text-align-center wp-block-heading\"><a href=\"https:\/\/wp.unil.ch\/jgep\/2e-journee-programme\/\">Programme<\/a><\/h5>\n<\/div>\n\n\n\n<div class=\"wp-block-column is-vertically-aligned-top is-layout-flow wp-block-column-is-layout-flow\">\n<h5 class=\"has-text-align-center wp-block-heading\"><\/h5>\n<\/div>\n<\/div>\n\n\n\n<p><p><a class=\"prog\" href=\"https:\/\/wp.unil.ch\/jgep\/files\/2020\/05\/J2-Flyer.pdf\">Programme d\u00e9taill\u00e9<\/a><\/p>\n<p>&nbsp;<\/p><\/p>\n\n\n\n<p><strong>Pr\u00e9sentation du cadre juridique applicable \u00e0 la tarification des prestations fournies par les entreprises publiques<\/strong><br>Pierre-Louis MANFRINI<br><em>Professeur \u00e0 l&rsquo;IDHEAP<\/em><\/p>\n\n\n\n<p><strong>Comment trouver le Nord ? Pour une politique des prix plus transparente<\/strong><br>Stefan MEIERHANS<br><em>Surveillant des prix, D\u00e9partement f\u00e9d\u00e9ral de l\u2019\u00e9conomie, de la formation et de la recherche<\/em><\/p>\n\n\n\n<p><strong>Prix de l\u2019audiovisuel : entre service public et esprit d\u2019entreprise<\/strong><br>Raymond LORETAN<br><em>Pr\u00e9sident du Conseil d\u2019administration de la SSR SRG<\/em><\/p>\n\n\n\n<p><strong>L&rsquo;\u00c9tat actionnaire au c\u0153ur du dilemme de gouvernance entre int\u00e9r\u00eat patrimonial et pilotage des prix des prestations<\/strong><br>David AZEMA<br><em>Directeur g\u00e9n\u00e9ral de l\u2019Agence des participations de l&rsquo;\u00c9tat<\/em><\/p>\n\n\n\n<p><strong>Prix et tarifs : les contraintes et limites pour une entit\u00e9 publique cantonale<\/strong><br>Roland BONZON<br><em>Directeur g\u00e9n\u00e9ral des Transports publics genevois<\/em><\/p>\n\n\n\n<p><strong>Le pilotage politique des participations financi\u00e8res<\/strong><br>Pascal BROULIS<br><em>Conseiller d&rsquo;\u00c9tat du Canton de Vaud<\/em><\/p>\n\n\n\n<p><strong>Prix et tarifs : les contraintes pour La Poste en lien avec les autorit\u00e9s de r\u00e9gulation<\/strong><br>Dominique FREYMOND<br><em>Vice-pr\u00e9sident du Conseil d\u2019administration de La Poste<\/em><\/p>\n\n\n\n<p><strong>Table ronde : \u00ab Le pilotage politique des prix des prestations \u00bb<\/strong><br>Daniel BR\u00c9LAZ<br><em>Syndic de la Ville de Lausanne<\/em><br>Mathieu FLEURY<br><em>Secr\u00e9taire g\u00e9n\u00e9ral de la F\u00e9d\u00e9ration romande des consommateurs<\/em><br>Philippe VIRDIS<br><em>Directeur g\u00e9n\u00e9ral du Groupe E<\/em><br>Dominique FREYMOND<strong><br><\/strong><em>Vice-pr\u00e9sident du Conseil d\u2019administration de La Post<\/em>e<em><br><\/em><\/p>\n","protected":false},"excerpt":{"rendered":"<p>2\u00e8me Journ\u00e9e &#8211; 14 novembre 2013 Th\u00e9matique Programme Programme d\u00e9taill\u00e9 &nbsp; Pr\u00e9sentation du cadre juridique applicable \u00e0 la tarification des prestations fournies par les entreprises publiquesPierre-Louis MANFRINIProfesseur \u00e0&hellip;<\/p>\n","protected":false},"author":1002086,"featured_media":0,"parent":737,"menu_order":0,"comment_status":"closed","ping_status":"closed","template":"template-full-width.php","meta":{"_seopress_robots_primary_cat":"","_seopress_titles_title":"","_seopress_titles_desc":"","_seopress_robots_index":"","footnotes":""},"class_list":["post-458","page","type-page","status-publish","has-post-thumbnail"],"_links":{"self":[{"href":"https:\/\/wp.unil.ch\/jgep\/wp-json\/wp\/v2\/pages\/458","targetHints":{"allow":["GET"]}}],"collection":[{"href":"https:\/\/wp.unil.ch\/jgep\/wp-json\/wp\/v2\/pages"}],"about":[{"href":"https:\/\/wp.unil.ch\/jgep\/wp-json\/wp\/v2\/types\/page"}],"author":[{"embeddable":true,"href":"https:\/\/wp.unil.ch\/jgep\/wp-json\/wp\/v2\/users\/1002086"}],"replies":[{"embeddable":true,"href":"https:\/\/wp.unil.ch\/jgep\/wp-json\/wp\/v2\/comments?post=458"}],"version-history":[{"count":0,"href":"https:\/\/wp.unil.ch\/jgep\/wp-json\/wp\/v2\/pages\/458\/revisions"}],"up":[{"embeddable":true,"href":"https:\/\/wp.unil.ch\/jgep\/wp-json\/wp\/v2\/pages\/737"}],"wp:attachment":[{"href":"https:\/\/wp.unil.ch\/jgep\/wp-json\/wp\/v2\/media?parent=458"}],"curies":[{"name":"wp","href":"https:\/\/api.w.org\/{rel}","templated":true}]}}