{"id":438,"date":"2020-04-15T12:56:21","date_gmt":"2020-04-15T10:56:21","guid":{"rendered":"http:\/\/wp.unil.ch\/jgep\/?page_id=438"},"modified":"2020-07-08T14:02:28","modified_gmt":"2020-07-08T12:02:28","slug":"4e-journee-programme","status":"publish","type":"page","link":"https:\/\/wp.unil.ch\/jgep\/4e-journee\/4e-journee-programme\/","title":{"rendered":"4e journ\u00e9e &#8211; programme"},"content":{"rendered":"<h2 style=\"text-align: center\">4<sup>\u00e8me<\/sup> Journ\u00e9e &#8211; 2 juin 2016<\/h2>\n\n\n<div class=\"wp-block-columns alignwide are-vertically-aligned-top is-layout-flex wp-container-core-columns-is-layout-9d6595d7 wp-block-columns-is-layout-flex\">\n<div class=\"wp-block-column is-vertically-aligned-top is-layout-flow wp-block-column-is-layout-flow\">\n<h5 class=\"has-text-align-center wp-block-heading\">&nbsp;<\/h5>\n<\/div>\n\n\n\n<div class=\"wp-block-column is-vertically-aligned-top is-layout-flow wp-block-column-is-layout-flow\">\n<h5 class=\"has-text-align-center wp-block-heading\"><a href=\"https:\/\/wp.unil.ch\/jgep\/j4-thematique\/\">Th\u00e9matique<\/a><\/h5>\n\n\n\n<p>&nbsp;<\/p>\n<\/div>\n\n\n\n<div class=\"wp-block-column is-vertically-aligned-top is-layout-flow wp-block-column-is-layout-flow\">\n<h5 class=\"has-text-align-center wp-block-heading\"><a href=\"https:\/\/wp.unil.ch\/jgep\/4e-journee-programme\/\">Programme<\/a><\/h5>\n<\/div>\n\n\n<\/div>\n\n\n\n<p><\/p>\n\n\n\n<p><p><a class=\"prog\" href=\"https:\/\/wp.unil.ch\/jgep\/files\/2020\/05\/J4-Flyer.pdf\">Programme d\u00e9taill\u00e9<\/a><\/p>\n<p>&nbsp;<\/p><\/p>\n\n\n\n<p><strong>Introduction<\/strong><br>Pierre-Louis MANFRINI<br><em>Professeur honoraire de l\u2019IDHEAP<\/em><br><a class=\"prog\" href=\"https:\/\/wp.unil.ch\/jgep\/files\/2020\/04\/J4-Presentation_Pierre_Louis_Manfrini-1.pdf\">Pr\u00e9sentation<\/a><\/p>\n\n\n\n<p><strong>Servir des clients \u00e0 l\u2019\u00e9tranger : l\u2019exp\u00e9rience d\u2019une banque cantonale<\/strong><br>Olivier STEIMER<br><em>Membre du Conseil d\u2019Administration d\u2019Open Web Technology (Gen\u00e8ve) Pr\u00e9sident du Conseil d\u2019administration de la BCV<\/em><\/p>\n\n\n\n<p><strong>Les activit\u00e9s dans les march\u00e9s \u00e9trangers : le point de vue de l\u2019autorit\u00e9 de surveillance des march\u00e9s financiers<\/strong><br>Anne H\u00c9RITIER LACHAT<br><em>Ancienne Pr\u00e9sidente du Conseil d\u2019administration de la Finma, Professeure \u00e0 la Facult\u00e9 de droit de l\u2019Universit\u00e9 de Gen\u00e8ve<\/em><br><a class=\"prog\" href=\"https:\/\/wp.unil.ch\/jgep\/files\/2020\/04\/J4-Anne_Heritier_Lachat-1.pdf\">Pr\u00e9sentation<\/a><\/p>\n\n\n\n<p><strong>Les activit\u00e9s des entreprises publiques de la Conf\u00e9d\u00e9ration \u00e0 l\u2019\u00e9tranger : chances, risques et limites<\/strong><br>Hans WERDER<br><em>Repr\u00e9sentant de la Conf\u00e9d\u00e9ration au sein du Conseil d&rsquo;administration de Swisscom SA<\/em><br><a class=\"prog\" href=\"https:\/\/wp.unil.ch\/jgep\/files\/2020\/04\/J4-Hans_Werder.pdf\">Pr\u00e9sentation<\/a><\/p>\n\n\n\n<p><strong>Les activit\u00e9s des entreprises publiques \u00e0 l\u2019\u00e9tranger dans le domaine de l\u2019\u00e9nergie : le cas d\u2019EOS Holding SA<\/strong><br>Guy MUSTAKI<br><em>Pr\u00e9sident du Conseil d\u2019administration d\u2019EOS Holding SA<\/em><br><a class=\"prog\" href=\"https:\/\/wp.unil.ch\/jgep\/files\/2020\/04\/J4-Guy_Mustaki.pdf\">Pr\u00e9sentation<\/a><\/p>\n\n\n\n<p><strong>La strat\u00e9gie internationale de CarPostal<\/strong><br>Beat M\u00dcLLER<br><em>Directeur March\u00e9 International CarPostal<\/em><br><a class=\"prog\" href=\"https:\/\/wp.unil.ch\/jgep\/files\/2020\/04\/J4-Beat_Muller.pdf\"><em>Pr\u00e9sentation<\/em><\/a><\/p>\n\n\n\n<p><strong>Le choix du d\u00e9veloppement international pour une entreprise publique : le cas du Groupe RATP<\/strong><br>Florence RODET<br><em>Secr\u00e9taire G\u00e9n\u00e9rale de RATP D\u00e9veloppement<\/em><br><a class=\"prog\" href=\"https:\/\/wp.unil.ch\/jgep\/files\/2020\/04\/J4-Florence_Rodet.pdf\"><em>Pr\u00e9sentation<\/em><\/a><\/p>\n\n\n\n<p><strong>La gouvernance des activit\u00e9s et des investissements des organisations publiques \u00e0 l\u2019\u00e9tranger : la perspective du Contr\u00f4le f\u00e9d\u00e9ral des finances<\/strong><br>Michel HUISSOUD<br>Directeur du Contr\u00f4le f\u00e9d\u00e9ral des finances<br><a class=\"prog\" href=\"https:\/\/wp.unil.ch\/jgep\/files\/2020\/04\/J4-Michel_Huissoud.pdf\"><em>Pr\u00e9sentation<\/em><\/a><\/p>\n\n\n<p><strong data-rich-text-format-boundary=\"true\">Les activit\u00e9s et les investissements des organisations publiques \u00e0 l\u2019\u00e9tranger : enseignements \u00e0 tirer<br \/><\/strong>David HILER<br \/><em>Ancien Conseiller d&rsquo;\u00c9tat du Canton de Gen\u00e8ve<\/em><\/p>\n<p><!-- \/wp:post-content --><\/p>","protected":false},"excerpt":{"rendered":"<p>4\u00e8me Journ\u00e9e &#8211; 2 juin 2016 &nbsp; Th\u00e9matique &nbsp; Programme Programme d\u00e9taill\u00e9 &nbsp; IntroductionPierre-Louis MANFRINIProfesseur honoraire de l\u2019IDHEAPPr\u00e9sentation Servir des clients \u00e0 l\u2019\u00e9tranger : l\u2019exp\u00e9rience d\u2019une banque cantonaleOlivier&hellip;<\/p>\n","protected":false},"author":1002086,"featured_media":0,"parent":730,"menu_order":0,"comment_status":"closed","ping_status":"closed","template":"template-full-width.php","meta":{"_seopress_robots_primary_cat":"","_seopress_titles_title":"","_seopress_titles_desc":"","_seopress_robots_index":"","footnotes":""},"class_list":["post-438","page","type-page","status-publish","has-post-thumbnail"],"_links":{"self":[{"href":"https:\/\/wp.unil.ch\/jgep\/wp-json\/wp\/v2\/pages\/438","targetHints":{"allow":["GET"]}}],"collection":[{"href":"https:\/\/wp.unil.ch\/jgep\/wp-json\/wp\/v2\/pages"}],"about":[{"href":"https:\/\/wp.unil.ch\/jgep\/wp-json\/wp\/v2\/types\/page"}],"author":[{"embeddable":true,"href":"https:\/\/wp.unil.ch\/jgep\/wp-json\/wp\/v2\/users\/1002086"}],"replies":[{"embeddable":true,"href":"https:\/\/wp.unil.ch\/jgep\/wp-json\/wp\/v2\/comments?post=438"}],"version-history":[{"count":0,"href":"https:\/\/wp.unil.ch\/jgep\/wp-json\/wp\/v2\/pages\/438\/revisions"}],"up":[{"embeddable":true,"href":"https:\/\/wp.unil.ch\/jgep\/wp-json\/wp\/v2\/pages\/730"}],"wp:attachment":[{"href":"https:\/\/wp.unil.ch\/jgep\/wp-json\/wp\/v2\/media?parent=438"}],"curies":[{"name":"wp","href":"https:\/\/api.w.org\/{rel}","templated":true}]}}