{"id":333,"date":"2020-04-08T17:03:17","date_gmt":"2020-04-08T15:03:17","guid":{"rendered":"http:\/\/wp.unil.ch\/jgep\/?page_id=333"},"modified":"2022-02-23T11:36:59","modified_gmt":"2022-02-23T10:36:59","slug":"organisation","status":"publish","type":"page","link":"https:\/\/wp.unil.ch\/jgep\/organisation\/","title":{"rendered":"Organisation"},"content":{"rendered":"\n<div class=\"wp-block-columns alignwide are-vertically-aligned-center is-layout-flex wp-container-core-columns-is-layout-9d6595d7 wp-block-columns-is-layout-flex\">\n<div class=\"wp-block-column is-vertically-aligned-center is-layout-flow wp-block-column-is-layout-flow\" style=\"flex-basis:33.34%\">\n<figure class=\"wp-block-image size-full is-resized is-style-default\"><img alt=\"\" loading=\"lazy\" decoding=\"async\" src=\"https:\/\/wp.unil.ch\/jgep\/files\/2020\/04\/athias.png\" alt=\"\" class=\"wp-image-343\" width=\"229\" height=\"285\" srcset=\"https:\/\/wp.unil.ch\/jgep\/files\/2020\/04\/athias.png 457w, https:\/\/wp.unil.ch\/jgep\/files\/2020\/04\/athias-241x300.png 241w\" sizes=\"auto, (max-width: 229px) 100vw, 229px\" \/><\/figure>\n<\/div>\n\n\n\n<div class=\"wp-block-column is-vertically-aligned-center is-layout-flow wp-block-column-is-layout-flow\" style=\"flex-basis:66.66%\">\n<p><strong>Laure ATHIAS<\/strong><\/p>\n<p>Professeure associ\u00e9e en \u00e9conomie publique<\/p>\n<p>Vice-directrice de l\u2019Institut de Hautes \u00c9tudes en Administration Publique<\/p>\n<p>Prof. Athias dirige l\u2019Unit\u00e9 \u00c9conomie de la R\u00e9gulation, dont la mission est de contribuer \u00e0 la production et \u00e0 la diffusion des connaissances dans le domaine de l\u2019am\u00e9lioration de la fourniture des services publics, \u00e0 travers la recherche fondamentale et appliqu\u00e9e, les publications, l\u2019enseignement et l\u2019expertise.<\/p>\n<p><a href=\"https:\/\/people.unil.ch\/laureathias\/\"><em>Site personnel<\/em><\/a><\/p>\n<\/div>\n<\/div>\n\n\n\n<div class=\"wp-block-columns alignwide are-vertically-aligned-center is-layout-flex wp-container-core-columns-is-layout-9d6595d7 wp-block-columns-is-layout-flex\">\n<div class=\"wp-block-column is-vertically-aligned-center is-layout-flow wp-block-column-is-layout-flow\" style=\"flex-basis:33.34%\">\n<figure class=\"wp-block-image size-large is-resized is-style-default\"><img alt=\"\" loading=\"lazy\" decoding=\"async\" src=\"https:\/\/wp.unil.ch\/jgep\/files\/2020\/04\/cuendet.png\" alt=\"\" class=\"wp-image-339\" width=\"229\" height=\"285\" srcset=\"https:\/\/wp.unil.ch\/jgep\/files\/2020\/04\/cuendet.png 457w, https:\/\/wp.unil.ch\/jgep\/files\/2020\/04\/cuendet-241x300.png 241w\" sizes=\"auto, (max-width: 229px) 100vw, 229px\" \/><\/figure>\n<\/div>\n\n\n\n<div class=\"wp-block-column is-vertically-aligned-center is-layout-flow wp-block-column-is-layout-flow\" style=\"flex-basis:66.66%\">\n<p><strong>Yves CUENDET<\/strong><\/p>\n<p>Administrateur de soci\u00e9t\u00e9s et conseiller en strat\u00e9gie et organisation<\/p>\n<\/div>\n<\/div>\n\n\n\n<div class=\"wp-block-columns alignwide are-vertically-aligned-center is-layout-flex wp-container-core-columns-is-layout-9d6595d7 wp-block-columns-is-layout-flex\">\n<div class=\"wp-block-column is-vertically-aligned-center is-layout-flow wp-block-column-is-layout-flow\" style=\"flex-basis:33.34%\">\n<figure class=\"wp-block-image size-large is-resized is-style-default\"><img alt=\"\" loading=\"lazy\" decoding=\"async\" src=\"https:\/\/wp.unil.ch\/jgep\/files\/2020\/04\/pasquier.png\" alt=\"\" class=\"wp-image-341\" width=\"229\" height=\"285\" srcset=\"https:\/\/wp.unil.ch\/jgep\/files\/2020\/04\/pasquier.png 457w, https:\/\/wp.unil.ch\/jgep\/files\/2020\/04\/pasquier-241x300.png 241w\" sizes=\"auto, (max-width: 229px) 100vw, 229px\" \/><\/figure>\n\n\n\n<p><\/p>\n<\/div>\n\n\n\n<div class=\"wp-block-column is-vertically-aligned-center is-layout-flow wp-block-column-is-layout-flow\" style=\"flex-basis:66.66%\">\n<p><strong>Martial PASQUIER<br \/><\/strong><\/p>\n<p>Professeur ordinaire \u00e0 l\u2019Institut de Hautes \u00c9tudes en Administration Publique, Responsable de l&rsquo;Unit\u00e9 Communication publique<\/p>\n<p>\u00a0<\/p>\n<\/div>\n<\/div>\n","protected":false},"excerpt":{"rendered":"<p>Laure ATHIAS Professeure associ\u00e9e en \u00e9conomie publique Vice-directrice de l\u2019Institut de Hautes \u00c9tudes en Administration Publique Prof. Athias dirige l\u2019Unit\u00e9 \u00c9conomie de la R\u00e9gulation, dont la mission est&hellip;<\/p>\n","protected":false},"author":1002086,"featured_media":0,"parent":0,"menu_order":0,"comment_status":"closed","ping_status":"closed","template":"","meta":{"_seopress_robots_primary_cat":"","_seopress_titles_title":"","_seopress_titles_desc":"","_seopress_robots_index":"","footnotes":""},"class_list":["post-333","page","type-page","status-publish","has-post-thumbnail"],"_links":{"self":[{"href":"https:\/\/wp.unil.ch\/jgep\/wp-json\/wp\/v2\/pages\/333","targetHints":{"allow":["GET"]}}],"collection":[{"href":"https:\/\/wp.unil.ch\/jgep\/wp-json\/wp\/v2\/pages"}],"about":[{"href":"https:\/\/wp.unil.ch\/jgep\/wp-json\/wp\/v2\/types\/page"}],"author":[{"embeddable":true,"href":"https:\/\/wp.unil.ch\/jgep\/wp-json\/wp\/v2\/users\/1002086"}],"replies":[{"embeddable":true,"href":"https:\/\/wp.unil.ch\/jgep\/wp-json\/wp\/v2\/comments?post=333"}],"version-history":[{"count":0,"href":"https:\/\/wp.unil.ch\/jgep\/wp-json\/wp\/v2\/pages\/333\/revisions"}],"wp:attachment":[{"href":"https:\/\/wp.unil.ch\/jgep\/wp-json\/wp\/v2\/media?parent=333"}],"curies":[{"name":"wp","href":"https:\/\/api.w.org\/{rel}","templated":true}]}}