{"id":327,"date":"2020-04-08T16:55:31","date_gmt":"2020-04-08T14:55:31","guid":{"rendered":"http:\/\/wp.unil.ch\/jgep\/?page_id=327"},"modified":"2023-05-17T09:51:51","modified_gmt":"2023-05-17T07:51:51","slug":"7e-journee","status":"publish","type":"page","link":"https:\/\/wp.unil.ch\/jgep\/7e-journee\/","title":{"rendered":"7e journ\u00e9e"},"content":{"rendered":"<h2 style=\"text-align: center\">7<sup>\u00e8me<\/sup> Journ\u00e9e &#8211; 13 mai 2022<\/h2>\n\n\n<div class=\"wp-block-columns alignwide are-vertically-aligned-top is-layout-flex wp-container-core-columns-is-layout-9d6595d7 wp-block-columns-is-layout-flex\">\n<div class=\"wp-block-column is-vertically-aligned-top is-layout-flow wp-block-column-is-layout-flow\">\n<h5 class=\"wp-block-heading has-text-align-center\"><a href=\"https:\/\/wp.unil.ch\/jgep\/7e-journee\/\" data-type=\"URL\" data-id=\"https:\/\/wp.unil.ch\/jgep\/7e-journee\/\"><span style=\"text-decoration: underline\">Th\u00e9matique<\/span><\/a><\/h5>\n<\/div>\n\n\n\n<div class=\"wp-block-column is-vertically-aligned-top is-layout-flow wp-block-column-is-layout-flow\">\n<h5 class=\"wp-block-heading has-text-align-center\"><a href=\"https:\/\/wp.unil.ch\/jgep\/7e-journee\/7e-journee-programme-2\"><span style=\"text-decoration: underline\">Programme<\/span><\/a><\/h5>\n<\/div>\n\n\n\n<div class=\"wp-block-column is-layout-flow wp-block-column-is-layout-flow\">\n<h5 class=\"wp-block-heading\"><a href=\"https:\/\/wp.unil.ch\/jgep\/7e-journee-extraits-video\"><span style=\"text-decoration: underline\">Extraits vid\u00e9o<\/span><\/a><\/h5>\n<\/div>\n<\/div>\n\n\n<h4 style=\"text-align: left\"><strong>Changement de paradigme et Gouvernance Publique<\/strong><\/h4>\n<p style=\"text-align: left\">Les organisations publiques sont de plus en plus confront\u00e9es \u00e0 des disruptions, que ce soit au niveau social, environnemental, sant\u00e9, et num\u00e9rique, les conduisant \u00e0 remettre en cause leur gouvernance, leurs responsabilit\u00e9s et parfois m\u00eame leurs missions.<\/p>\n<p>Les mouvements r\u00e9cents en faveur de la protection du climat ont accru la pression reposant sur les d\u00e9cideurs publics pour qu\u2019ils prennent des mesures en faveur de la lutte contre le r\u00e9chauffement climatique. Ainsi, les institutions publiques appel\u00e9es \u00e0 r\u00e9aliser des placements doivent-elles \u00eatre contraintes de prendre en compte les crit\u00e8res ESG dans leur politique de gestion des actifs ? Comment les acteurs publics du march\u00e9 de l\u2019\u00e9nergie peuvent-ils agir en faveur d\u2019un approvisionnement \u00e9nerg\u00e9tique \u00e0 la fois s\u00fbr et durable ? Est-il souhaitable que des crit\u00e8res sociaux et environnementaux soient int\u00e9gr\u00e9s aux crit\u00e8res d\u2019attribution des march\u00e9s publics, au risque d\u2019instaurer une certaine forme de protectionnisme ? \u00a0Au regard de la condamnation par la justice de la France et des Pays-Bas pour pr\u00e9judice \u00e9cologique, quel peut \u00eatre le r\u00f4le du juridique pour inciter les acteurs publics \u00e0 changer de paradigme\u00a0? Par ailleurs, la pand\u00e9mie li\u00e9e au coronavirus a, quant \u00e0 elle, r\u00e9v\u00e9l\u00e9, y compris dans les pays industrialis\u00e9s, un certain nombre de points critiques en termes de gouvernance publique. Aussi, la d\u00e9cision du Conseil f\u00e9d\u00e9ral d\u2019attribuer le march\u00e9 d\u2019un Public Cloud de la Conf\u00e9d\u00e9ration \u00e0 des prestataires \u00e9trangers repose la question de l\u2019importance d\u2019une gestion souveraine et publique des donn\u00e9es de la Conf\u00e9d\u00e9ration.<\/p>\n<p>Autant de questions au c\u0153ur des r\u00e9flexions men\u00e9es par les diff\u00e9rent\u00b7e\u00b7s intervenant\u00b7e\u00b7s de cette journ\u00e9e.<\/p>","protected":false},"excerpt":{"rendered":"<p>7\u00e8me Journ\u00e9e &#8211; 13 mai 2022 Th\u00e9matique Programme Extraits vid\u00e9o Changement de paradigme et Gouvernance Publique Les organisations publiques sont de plus en plus confront\u00e9es \u00e0 des disruptions,&hellip;<\/p>\n","protected":false},"author":1002086,"featured_media":0,"parent":0,"menu_order":0,"comment_status":"closed","ping_status":"closed","template":"template-full-width.php","meta":{"_seopress_robots_primary_cat":"","_seopress_titles_title":"","_seopress_titles_desc":"","_seopress_robots_index":"","footnotes":""},"class_list":["post-327","page","type-page","status-publish","has-post-thumbnail"],"_links":{"self":[{"href":"https:\/\/wp.unil.ch\/jgep\/wp-json\/wp\/v2\/pages\/327","targetHints":{"allow":["GET"]}}],"collection":[{"href":"https:\/\/wp.unil.ch\/jgep\/wp-json\/wp\/v2\/pages"}],"about":[{"href":"https:\/\/wp.unil.ch\/jgep\/wp-json\/wp\/v2\/types\/page"}],"author":[{"embeddable":true,"href":"https:\/\/wp.unil.ch\/jgep\/wp-json\/wp\/v2\/users\/1002086"}],"replies":[{"embeddable":true,"href":"https:\/\/wp.unil.ch\/jgep\/wp-json\/wp\/v2\/comments?post=327"}],"version-history":[{"count":0,"href":"https:\/\/wp.unil.ch\/jgep\/wp-json\/wp\/v2\/pages\/327\/revisions"}],"wp:attachment":[{"href":"https:\/\/wp.unil.ch\/jgep\/wp-json\/wp\/v2\/media?parent=327"}],"curies":[{"name":"wp","href":"https:\/\/api.w.org\/{rel}","templated":true}]}}