{"id":323,"date":"2020-04-08T16:50:31","date_gmt":"2020-04-08T14:50:31","guid":{"rendered":"http:\/\/wp.unil.ch\/jgep\/?page_id=323"},"modified":"2022-01-20T09:32:54","modified_gmt":"2022-01-20T08:32:54","slug":"6e-journee-cahier","status":"publish","type":"page","link":"https:\/\/wp.unil.ch\/jgep\/6e-journee\/6e-journee-cahier\/","title":{"rendered":"6e journ\u00e9e &#8211; Cahier"},"content":{"rendered":"<h2 style=\"text-align: center\">6<sup>\u00e8me<\/sup> Journ\u00e9e &#8211; 4 avril 2019<\/h2>\n\n\n<div class=\"wp-block-columns alignwide are-vertically-aligned-top is-layout-flex wp-container-core-columns-is-layout-9d6595d7 wp-block-columns-is-layout-flex\">\n<div class=\"wp-block-column is-vertically-aligned-top is-layout-flow wp-block-column-is-layout-flow\">\n<h5 class=\"has-text-align-center wp-block-heading\"><a href=\"https:\/\/wp.unil.ch\/jgep\/j6-thematique\/\">Th\u00e9matique<\/a><\/h5>\n<\/div>\n\n\n\n<div class=\"wp-block-column is-vertically-aligned-top is-layout-flow wp-block-column-is-layout-flow\">\n<h5 class=\"has-text-align-center wp-block-heading\"><a href=\"https:\/\/wp.unil.ch\/jgep\/6e-journee-programme\/\">Programme<\/a><\/h5>\n<\/div>\n\n\n\n<div class=\"wp-block-column is-vertically-aligned-top is-layout-flow wp-block-column-is-layout-flow\">\n<h5 class=\"has-text-align-center wp-block-heading\"><a href=\"https:\/\/wp.unil.ch\/jgep\/6e-journee-cahier\/\">Compte-rendu<\/a><\/h5>\n<\/div>\n\n\n\n<div class=\"wp-block-column is-layout-flow wp-block-column-is-layout-flow\">\n<h5 class=\"wp-block-heading\"><a href=\"https:\/\/wp.unil.ch\/jgep\/6e-journee\/j6-video\/\">Extraits video<\/a><\/h5>\n<\/div>\n<\/div>\n\n\n<p>Les pr\u00e9sentations de la 6e Journ\u00e9e de la Gouvernance des Entreprises Publiques sont synth\u00e9tis\u00e9es dans le compte-rendu suivant<em> :<\/em><\/p>\n<p>Athias, L, Thiebaud, J.-C., Wicht P.: Les organisations publiques dans la concurrence : Compte-rendu de la 6\u00e8me Journ\u00e9e de la Gouvernance des Entreprises Publiques, <strong><em>Cahiers de l&rsquo;IDHEAP,<\/em><\/strong> n\u00b0 230, 2019<\/p>\n<p><a href=\"https:\/\/serval.unil.ch\/resource\/serval:BIB_D046A6A39083.P001\/REF\">T\u00e9l\u00e9chargement<\/a><\/p>\n<p><a href=\"https:\/\/www.unil.ch\/idheap\/fr\/home\/menuinst\/publications\/cahier-de-lidheap.html\">Commande<\/a><\/p>","protected":false},"excerpt":{"rendered":"<p>6\u00e8me Journ\u00e9e &#8211; 4 avril 2019 Th\u00e9matique Programme Compte-rendu Extraits video Les pr\u00e9sentations de la 6e Journ\u00e9e de la Gouvernance des Entreprises Publiques sont synth\u00e9tis\u00e9es dans le compte-rendu&hellip;<\/p>\n","protected":false},"author":1002086,"featured_media":0,"parent":722,"menu_order":0,"comment_status":"closed","ping_status":"closed","template":"template-full-width.php","meta":{"_seopress_robots_primary_cat":"","_seopress_titles_title":"","_seopress_titles_desc":"","_seopress_robots_index":"","footnotes":""},"class_list":["post-323","page","type-page","status-publish","has-post-thumbnail"],"_links":{"self":[{"href":"https:\/\/wp.unil.ch\/jgep\/wp-json\/wp\/v2\/pages\/323","targetHints":{"allow":["GET"]}}],"collection":[{"href":"https:\/\/wp.unil.ch\/jgep\/wp-json\/wp\/v2\/pages"}],"about":[{"href":"https:\/\/wp.unil.ch\/jgep\/wp-json\/wp\/v2\/types\/page"}],"author":[{"embeddable":true,"href":"https:\/\/wp.unil.ch\/jgep\/wp-json\/wp\/v2\/users\/1002086"}],"replies":[{"embeddable":true,"href":"https:\/\/wp.unil.ch\/jgep\/wp-json\/wp\/v2\/comments?post=323"}],"version-history":[{"count":0,"href":"https:\/\/wp.unil.ch\/jgep\/wp-json\/wp\/v2\/pages\/323\/revisions"}],"up":[{"embeddable":true,"href":"https:\/\/wp.unil.ch\/jgep\/wp-json\/wp\/v2\/pages\/722"}],"wp:attachment":[{"href":"https:\/\/wp.unil.ch\/jgep\/wp-json\/wp\/v2\/media?parent=323"}],"curies":[{"name":"wp","href":"https:\/\/api.w.org\/{rel}","templated":true}]}}