{"id":287,"date":"2020-04-08T14:58:38","date_gmt":"2020-04-08T12:58:38","guid":{"rendered":"http:\/\/wp.unil.ch\/jgep\/?page_id=287"},"modified":"2022-05-19T08:53:24","modified_gmt":"2022-05-19T06:53:24","slug":"j5-thematique","status":"publish","type":"page","link":"https:\/\/wp.unil.ch\/jgep\/5e-journee\/j5-thematique\/","title":{"rendered":"5e journ\u00e9e &#8211; Th\u00e9matique"},"content":{"rendered":"<h2 style=\"text-align: center\">5<sup>\u00e8me<\/sup> Journ\u00e9e &#8211; 9 novembre 2017<\/h2>\n\n\n<div class=\"wp-block-columns alignwide are-vertically-aligned-top is-layout-flex wp-container-core-columns-is-layout-9d6595d7 wp-block-columns-is-layout-flex\">\n<div class=\"wp-block-column is-vertically-aligned-top is-layout-flow wp-block-column-is-layout-flow\">\n<h5 class=\"has-text-align-center wp-block-heading\"><a href=\"https:\/\/wp.unil.ch\/jgep\/j5-thematique\/\">Th\u00e9matique<\/a><\/h5>\n<\/div>\n\n\n\n<div class=\"wp-block-column is-vertically-aligned-top is-layout-flow wp-block-column-is-layout-flow\">\n<h5 class=\"has-text-align-center wp-block-heading\"><a href=\"https:\/\/wp.unil.ch\/jgep\/5e-journee-programme\/\">Programme<\/a><\/h5>\n<\/div>\n\n\n\n<div class=\"wp-block-column is-vertically-aligned-top is-layout-flow wp-block-column-is-layout-flow\">\n<h5 class=\"has-text-align-center wp-block-heading\"><a href=\"https:\/\/wp.unil.ch\/jgep\/5e-journee\/5e-journee-extraits-video\/\" data-type=\"page\" data-id=\"618\">Extraits vid\u00e9o<\/a><\/h5>\n<\/div>\n<\/div>\n\n\n<div>\n<h3>Le num\u00e9rique dans les organisations publiques : avantages, d\u00e9fis et limites<\/h3>\n<p>Les technologies de l\u2019information et de la communication ont connu un d\u00e9veloppement fulgurant dans les derni\u00e8res d\u00e9cennies. A l\u2019heure o\u00f9 3 millions de m\u00e9nages priv\u00e9s en Suisse disposent d\u2019un acc\u00e8s \u00e0 Internet, les outils num\u00e9riques font partie du quotidien des individus, comme de celui des entreprises; les administrations et entreprises publiques ne font pas exception. Ces outils sont appel\u00e9s \u00e0 modifier en profondeur leur fonctionnement et les rapports qu\u2019elles entretiennent avec les citoyens-clients. Le d\u00e9veloppement num\u00e9rique peut \u00e9galement s\u2019inscrire dans une optique de d\u00e9veloppement durable, \u00e0 l\u2019exemple des Smart Cities qui visent une gestion plus efficiente des ressources (eau, \u00e9nergie).<\/p>\n<p>Pour autant, le recours \u00e0 ces outils n\u2019est pas sans poser d\u2019importantes questions, notamment sous l\u2019angle de la protection des donn\u00e9es ou de la cybers\u00e9curit\u00e9. On citera par exemple l\u2019intervention du Pr\u00e9pos\u00e9 f\u00e9d\u00e9ral \u00e0 la protection des donn\u00e9es qui a contraint les CFF \u00e0 cesser de collecter les donn\u00e9es personnelles enregistr\u00e9es \u00e0 l\u2019aide du nouvel abonnement Swisspass.<\/p>\n<p>Quels changements le tournant num\u00e9rique va-t-il apporter au fonctionnement des administrations publiques et aux mod\u00e8les d\u2019affaires des entreprises publiques\u00a0? Comment adapter la r\u00e9gulation de l\u2019Etat \u00e0 cette nouvelle donne\u00a0? De quelle mani\u00e8re enfin les pouvoirs publics pourront-ils pr\u00e9server les int\u00e9r\u00eats des citoyens\/usagers\/clients\u00a0?<\/p>\n<p>Autant de questions au c\u0153ur des r\u00e9flexions men\u00e9es par les diff\u00e9rent\u00b7e\u00b7s intervenant\u00b7e\u00b7s de cette journ\u00e9e.<\/p>\n<\/div>","protected":false},"excerpt":{"rendered":"<p>5\u00e8me Journ\u00e9e &#8211; 9 novembre 2017 Th\u00e9matique Programme Extraits vid\u00e9o Le num\u00e9rique dans les organisations publiques : avantages, d\u00e9fis et limites Les technologies de l\u2019information et de la&hellip;<\/p>\n","protected":false},"author":1002086,"featured_media":0,"parent":727,"menu_order":0,"comment_status":"closed","ping_status":"closed","template":"template-full-width.php","meta":{"_seopress_robots_primary_cat":"","_seopress_titles_title":"","_seopress_titles_desc":"","_seopress_robots_index":"","footnotes":""},"class_list":["post-287","page","type-page","status-publish","has-post-thumbnail"],"_links":{"self":[{"href":"https:\/\/wp.unil.ch\/jgep\/wp-json\/wp\/v2\/pages\/287","targetHints":{"allow":["GET"]}}],"collection":[{"href":"https:\/\/wp.unil.ch\/jgep\/wp-json\/wp\/v2\/pages"}],"about":[{"href":"https:\/\/wp.unil.ch\/jgep\/wp-json\/wp\/v2\/types\/page"}],"author":[{"embeddable":true,"href":"https:\/\/wp.unil.ch\/jgep\/wp-json\/wp\/v2\/users\/1002086"}],"replies":[{"embeddable":true,"href":"https:\/\/wp.unil.ch\/jgep\/wp-json\/wp\/v2\/comments?post=287"}],"version-history":[{"count":0,"href":"https:\/\/wp.unil.ch\/jgep\/wp-json\/wp\/v2\/pages\/287\/revisions"}],"up":[{"embeddable":true,"href":"https:\/\/wp.unil.ch\/jgep\/wp-json\/wp\/v2\/pages\/727"}],"wp:attachment":[{"href":"https:\/\/wp.unil.ch\/jgep\/wp-json\/wp\/v2\/media?parent=287"}],"curies":[{"name":"wp","href":"https:\/\/api.w.org\/{rel}","templated":true}]}}