{"id":281,"date":"2020-04-08T14:53:57","date_gmt":"2020-04-08T12:53:57","guid":{"rendered":"http:\/\/wp.unil.ch\/jgep\/?page_id=281"},"modified":"2022-05-19T08:54:43","modified_gmt":"2022-05-19T06:54:43","slug":"j4-thematique","status":"publish","type":"page","link":"https:\/\/wp.unil.ch\/jgep\/4e-journee\/j4-thematique\/","title":{"rendered":"4e journ\u00e9e &#8211; Th\u00e9matique"},"content":{"rendered":"<h2 style=\"text-align: center\">4<sup>\u00e8me<\/sup> Journ\u00e9e &#8211; 2 juin 2016<\/h2>\n\n\n<div class=\"wp-block-columns alignwide are-vertically-aligned-top is-layout-flex wp-container-core-columns-is-layout-9d6595d7 wp-block-columns-is-layout-flex\">\n<div class=\"wp-block-column is-vertically-aligned-top is-layout-flow wp-block-column-is-layout-flow\">\n<h5 class=\"has-text-align-center wp-block-heading\"><\/h5>\n<\/div>\n\n\n\n<div class=\"wp-block-column is-vertically-aligned-top is-layout-flow wp-block-column-is-layout-flow\">\n<h5 class=\"has-text-align-center wp-block-heading\"><a href=\"https:\/\/wp.unil.ch\/jgep\/6e-journee-programme\/\"><\/a><a href=\"https:\/\/wp.unil.ch\/jgep\/j4-thematique\/\">Th\u00e9matique<\/a><\/h5>\n<\/div>\n\n\n\n<div class=\"wp-block-column is-vertically-aligned-top is-layout-flow wp-block-column-is-layout-flow\">\n<h5 class=\"has-text-align-center wp-block-heading\"><a href=\"https:\/\/wp.unil.ch\/jgep\/6e-journee-cahier\/\"><\/a><a href=\"https:\/\/wp.unil.ch\/jgep\/4e-journee-programme\/\">Programme<\/a><\/h5>\n<\/div>\n\n\n\n<div class=\"wp-block-column is-vertically-aligned-top is-layout-flow wp-block-column-is-layout-flow\">\n<h5 class=\"has-text-align-center wp-block-heading\"><\/h5>\n<\/div>\n<\/div>\n\n\n<div>\n<h3>Les activit\u00e9s et les investissements des organisations publiques \u00e0 l\u2019\u00e9tranger<\/h3>\n<div>\n<div>\n<p>Face \u00e0 la vague de lib\u00e9ralisation et de privatisation des ann\u00e9es 1990, la strat\u00e9gie des entreprises et organisations publiques a \u00e9t\u00e9 contrainte d\u2019\u00e9voluer. Nombre d\u2019entre elles, d\u00e9sormais soumises \u00e0 une forte concurrence, ont tent\u00e9 d\u2019accroitre leurs positions sur le march\u00e9 en \u00e9tendant leurs activit\u00e9s \u00e0 l\u2019\u00e9tranger. Le rachat de la majorit\u00e9 de l\u2019op\u00e9rateur italien Fastweb par Swisscom et de SAAB Space et Austrian Aerospace par RUAG, la cr\u00e9ation de Car Postal France par la Poste ou celle de Skynav par Skyguide sont autant d\u2019exemples r\u00e9cents.<\/p>\n<p>Cette politique d\u2019expansion, si elle peut \u00eatre porteuse d\u2019opportunit\u00e9s, n\u2019est pour autant pas d\u00e9nu\u00e9e de risques. L\u2019\u00e9chec de la politique de rachats de compagnies \u00e9trang\u00e8res men\u00e9e par Swissair dans les ann\u00e9es 1990, suivie par la faillite de cette derni\u00e8re en 2002, a consid\u00e9rablement marqu\u00e9 les esprits. Autres d\u00e9boires plus r\u00e9cents, ceux que connaissent les banques cantonales de B\u00e2le et de Zurich vis-\u00e0-vis du fisc am\u00e9ricain. Le fait que ces risques soient in fine support\u00e9s par les contribuables en fait un sujet sensible et largement d\u00e9battu.<\/p>\n<p>Quelles opportunit\u00e9s et quels risques repr\u00e9sente une expansion \u00e0 l\u2019\u00e9tranger pour les entreprises publiques ? De quelle mani\u00e8re ces risques peuvent-ils \u00eatre contenus ? Quels garde-fous les pouvoirs publics peuvent-ils et doivent-ils poser ?<\/p>\n<p>Autant de questions au c\u0153ur des r\u00e9flexions men\u00e9es par les diff\u00e9rent\u00b7e\u00b7s intervenant\u00b7e\u00b7s de cette journ\u00e9e.<\/p>\n<\/div>\n<\/div>\n<\/div>","protected":false},"excerpt":{"rendered":"<p>4\u00e8me Journ\u00e9e &#8211; 2 juin 2016 Th\u00e9matique Programme Les activit\u00e9s et les investissements des organisations publiques \u00e0 l\u2019\u00e9tranger Face \u00e0 la vague de lib\u00e9ralisation et de privatisation des&hellip;<\/p>\n","protected":false},"author":1002086,"featured_media":0,"parent":730,"menu_order":0,"comment_status":"closed","ping_status":"closed","template":"template-full-width.php","meta":{"_seopress_robots_primary_cat":"","_seopress_titles_title":"","_seopress_titles_desc":"","_seopress_robots_index":"","footnotes":""},"class_list":["post-281","page","type-page","status-publish","has-post-thumbnail"],"_links":{"self":[{"href":"https:\/\/wp.unil.ch\/jgep\/wp-json\/wp\/v2\/pages\/281","targetHints":{"allow":["GET"]}}],"collection":[{"href":"https:\/\/wp.unil.ch\/jgep\/wp-json\/wp\/v2\/pages"}],"about":[{"href":"https:\/\/wp.unil.ch\/jgep\/wp-json\/wp\/v2\/types\/page"}],"author":[{"embeddable":true,"href":"https:\/\/wp.unil.ch\/jgep\/wp-json\/wp\/v2\/users\/1002086"}],"replies":[{"embeddable":true,"href":"https:\/\/wp.unil.ch\/jgep\/wp-json\/wp\/v2\/comments?post=281"}],"version-history":[{"count":0,"href":"https:\/\/wp.unil.ch\/jgep\/wp-json\/wp\/v2\/pages\/281\/revisions"}],"up":[{"embeddable":true,"href":"https:\/\/wp.unil.ch\/jgep\/wp-json\/wp\/v2\/pages\/730"}],"wp:attachment":[{"href":"https:\/\/wp.unil.ch\/jgep\/wp-json\/wp\/v2\/media?parent=281"}],"curies":[{"name":"wp","href":"https:\/\/api.w.org\/{rel}","templated":true}]}}