{"id":181,"date":"2020-04-08T09:30:26","date_gmt":"2020-04-08T07:30:26","guid":{"rendered":"http:\/\/wp.unil.ch\/jgep\/?page_id=181"},"modified":"2024-11-20T17:01:07","modified_gmt":"2024-11-20T16:01:07","slug":"home","status":"publish","type":"page","link":"https:\/\/wp.unil.ch\/jgep\/","title":{"rendered":"Home"},"content":{"rendered":"\n<div class=\"wp-block-media-text alignwide has-media-on-the-right is-stacked-on-mobile is-vertically-aligned-center\" style=\"grid-template-columns:auto 29%\"><div class=\"wp-block-media-text__content\">\n<h1 class=\"wp-block-heading has-text-align-center\">Journ\u00e9e de la Gouvernance des Entreprises Publiques<\/h1>\n\n\n\n<p class=\"has-text-align-left\">La Journ\u00e9e de la Gouvernance des Entreprises Publiques donne la parole \u00e0 des intervenants de haut niveau issus de l&rsquo;universit\u00e9, de la politique, des administrations publiques ou des entreprises priv\u00e9es afin de poser un regard \u00e9clair\u00e9 sur les d\u00e9fis auxquels font face les organisations publiques.<\/p>\n<\/div><figure class=\"wp-block-media-text__media\"><img alt=\"\" loading=\"lazy\" decoding=\"async\" width=\"750\" height=\"663\" src=\"https:\/\/wp.unil.ch\/jgep\/files\/2020\/04\/Logo_clair-2.jpg\" alt=\"\" class=\"wp-image-500 size-full\" srcset=\"https:\/\/wp.unil.ch\/jgep\/files\/2020\/04\/Logo_clair-2.jpg 750w, https:\/\/wp.unil.ch\/jgep\/files\/2020\/04\/Logo_clair-2-300x265.jpg 300w, https:\/\/wp.unil.ch\/jgep\/files\/2020\/04\/Logo_clair-2-540x477.jpg 540w\" sizes=\"auto, (max-width: 750px) 100vw, 750px\" \/><\/figure><\/div>\n\n\n\n<div class=\"wp-block-columns alignwide is-layout-flex wp-container-core-columns-is-layout-9d6595d7 wp-block-columns-is-layout-flex\">\n<div class=\"wp-block-column is-layout-flow wp-block-column-is-layout-flow\">\n<figure class=\"wp-block-image size-large\"><img alt=\"\" loading=\"lazy\" decoding=\"async\" width=\"1024\" height=\"572\" src=\"https:\/\/wp.unil.ch\/jgep\/files\/2024\/11\/JGEP_9_image-1-1024x572.png\" alt=\"\" class=\"wp-image-1464\" \/><\/figure>\n\n\n\n<p><br><br><a href=\"https:\/\/wp.unil.ch\/jgep\/9eme-journee-thematique\/\" data-type=\"page\" data-id=\"1363\">9\u00e8me journ\u00e9e<\/a><a href=\"https:\/\/wp.unil.ch\/jgep\/8e-journee\/\"><br><\/a><strong><a href=\"https:\/\/wp.unil.ch\/jgep\/9eme-journee-thematique\/\" data-type=\"page\" data-id=\"1363\">La Gouvernance du Bien Commun<\/a><\/strong><\/p>\n<\/div>\n\n\n\n<div class=\"wp-block-column is-layout-flow wp-block-column-is-layout-flow\">\n<figure class=\"wp-block-image size-full is-resized\"><img alt=\"\" loading=\"lazy\" decoding=\"async\" width=\"210\" height=\"142\" src=\"https:\/\/wp.unil.ch\/jgep\/files\/2024\/05\/image-site-8_5.png\" alt=\"\" class=\"wp-image-1352\" style=\"width:350px;height:auto\" \/><\/figure>\n\n\n\n<p><a href=\"https:\/\/wp.unil.ch\/jgep\/8e-journee\/\">8\u00e8me journ\u00e9e<br><strong>F\u00e9d\u00e9ralisme et services publics \u00e0 l\u2019aune des crises<\/strong><\/a><\/p>\n<\/div>\n\n\n\n<div class=\"wp-block-column is-layout-flow wp-block-column-is-layout-flow\">\n<figure class=\"wp-block-image size-full is-resized\"><img alt=\"\" loading=\"lazy\" decoding=\"async\" width=\"800\" height=\"514\" src=\"https:\/\/wp.unil.ch\/jgep\/files\/2022\/05\/Disruption.jpg\" alt=\"\" class=\"wp-image-1156\" style=\"width:378px;height:auto\" srcset=\"https:\/\/wp.unil.ch\/jgep\/files\/2022\/05\/Disruption.jpg 800w, https:\/\/wp.unil.ch\/jgep\/files\/2022\/05\/Disruption-300x193.jpg 300w, https:\/\/wp.unil.ch\/jgep\/files\/2022\/05\/Disruption-768x493.jpg 768w, https:\/\/wp.unil.ch\/jgep\/files\/2022\/05\/Disruption-540x347.jpg 540w\" sizes=\"auto, (max-width: 800px) 100vw, 800px\" \/><\/figure>\n\n\n\n<p><a href=\"https:\/\/wp.unil.ch\/jgep\/7e-journee\/\">7\u00e8me journ\u00e9e<br><strong>Changement de paradigme et gouvernance publique<\/strong><\/a><\/p>\n<\/div>\n<\/div>\n\n\n\n<div class=\"wp-block-columns alignwide is-layout-flex wp-container-core-columns-is-layout-9d6595d7 wp-block-columns-is-layout-flex\">\n<div class=\"wp-block-column is-layout-flow wp-block-column-is-layout-flow\">\n<figure class=\"wp-block-image size-large\"><a href=\"https:\/\/wp.unil.ch\/jgep\/j6-thematique\/\"><img alt=\"\" loading=\"lazy\" decoding=\"async\" width=\"600\" height=\"400\" src=\"https:\/\/wp.unil.ch\/jgep\/files\/2020\/04\/hurdles-3.jpg\" alt=\"\" class=\"wp-image-255\" srcset=\"https:\/\/wp.unil.ch\/jgep\/files\/2020\/04\/hurdles-3.jpg 600w, https:\/\/wp.unil.ch\/jgep\/files\/2020\/04\/hurdles-3-300x200.jpg 300w, https:\/\/wp.unil.ch\/jgep\/files\/2020\/04\/hurdles-3-540x360.jpg 540w\" sizes=\"auto, (max-width: 600px) 100vw, 600px\" \/><\/a><\/figure>\n\n\n\n<p><a href=\"https:\/\/wp.unil.ch\/jgep\/j6-thematique\/\">6\u00e8me journ\u00e9e<br><strong>Les organisations publiques dans la concurrence<\/strong><\/a><\/p>\n<\/div>\n\n\n\n<div class=\"wp-block-column is-layout-flow wp-block-column-is-layout-flow\">\n<figure class=\"wp-block-image size-large is-resized\"><a href=\"https:\/\/wp.unil.ch\/jgep\/j5-thematique\/\"><img alt=\"\" loading=\"lazy\" decoding=\"async\" width=\"300\" height=\"200\" src=\"https:\/\/wp.unil.ch\/jgep\/files\/2020\/04\/digitization-2.jpg\" alt=\"\" class=\"wp-image-252\" style=\"width:600px\" \/><\/a><\/figure>\n\n\n\n<p><a href=\"https:\/\/wp.unil.ch\/jgep\/5e-journee\/j5-thematique\/\">5\u00e8me journ\u00e9e<br><strong>Le num\u00e9rique dans les organisations publiques : avantages, d\u00e9fis et limites<\/strong><\/a><\/p>\n<\/div>\n\n\n\n<div class=\"wp-block-column is-layout-flow wp-block-column-is-layout-flow\">\n<figure class=\"wp-block-image size-large\"><a href=\"https:\/\/wp.unil.ch\/jgep\/j4-thematique\/\"><img alt=\"\" loading=\"lazy\" decoding=\"async\" width=\"600\" height=\"400\" src=\"https:\/\/wp.unil.ch\/jgep\/files\/2020\/04\/flags.jpg\" alt=\"\" class=\"wp-image-258\" srcset=\"https:\/\/wp.unil.ch\/jgep\/files\/2020\/04\/flags.jpg 600w, https:\/\/wp.unil.ch\/jgep\/files\/2020\/04\/flags-300x200.jpg 300w, https:\/\/wp.unil.ch\/jgep\/files\/2020\/04\/flags-540x360.jpg 540w\" sizes=\"auto, (max-width: 600px) 100vw, 600px\" \/><\/a><\/figure>\n\n\n\n<p><a href=\"https:\/\/wp.unil.ch\/jgep\/j2-thematique\/\"><\/a><a href=\"https:\/\/wp.unil.ch\/jgep\/j4-thematique\/\">4<\/a><a href=\"https:\/\/wp.unil.ch\/jgep\/j4-thematique\">\u00e8me journ\u00e9e<strong><br><strong>Les activit\u00e9s et les investissements des organisations publiques \u00e0 l\u2019\u00e9tranger<\/strong><\/strong><\/a><\/p>\n<\/div>\n<\/div>\n\n\n\n<div class=\"wp-block-columns alignwide is-layout-flex wp-container-core-columns-is-layout-9d6595d7 wp-block-columns-is-layout-flex\">\n<div class=\"wp-block-column is-layout-flow wp-block-column-is-layout-flow\">\n<figure class=\"wp-block-image size-large\"><img alt=\"\" loading=\"lazy\" decoding=\"async\" width=\"600\" height=\"400\" src=\"https:\/\/wp.unil.ch\/jgep\/files\/2020\/04\/funambule.jpg\" alt=\"\" class=\"wp-image-262\" srcset=\"https:\/\/wp.unil.ch\/jgep\/files\/2020\/04\/funambule.jpg 600w, https:\/\/wp.unil.ch\/jgep\/files\/2020\/04\/funambule-300x200.jpg 300w, https:\/\/wp.unil.ch\/jgep\/files\/2020\/04\/funambule-540x360.jpg 540w\" sizes=\"auto, (max-width: 600px) 100vw, 600px\" \/><\/figure>\n\n\n\n<p><a href=\"https:\/\/wp.unil.ch\/jgep\/j3-thematique\/\">3<\/a><a href=\"https:\/\/wp.unil.ch\/jgep\/j3-thematique\/\">\u00e8me journ\u00e9e<br><strong>La gestion des risques dans les entreprises publiques<\/strong><\/a><\/p>\n<\/div>\n\n\n\n<div class=\"wp-block-column is-layout-flow wp-block-column-is-layout-flow\">\n<figure class=\"wp-block-image size-large\"><img alt=\"\" loading=\"lazy\" decoding=\"async\" width=\"600\" height=\"400\" src=\"https:\/\/wp.unil.ch\/jgep\/files\/2020\/04\/prix-1.jpg\" alt=\"\" class=\"wp-image-266\" srcset=\"https:\/\/wp.unil.ch\/jgep\/files\/2020\/04\/prix-1.jpg 600w, https:\/\/wp.unil.ch\/jgep\/files\/2020\/04\/prix-1-300x200.jpg 300w, https:\/\/wp.unil.ch\/jgep\/files\/2020\/04\/prix-1-540x360.jpg 540w\" sizes=\"auto, (max-width: 600px) 100vw, 600px\" \/><\/figure>\n\n\n\n<p><a href=\"https:\/\/wp.unil.ch\/jgep\/j2-thematique\/\">2\u00e8me journ\u00e9e<br><strong>Le pilotage politique des prix des prestations<\/strong><\/a><\/p>\n<\/div>\n\n\n\n<div class=\"wp-block-column is-layout-flow wp-block-column-is-layout-flow\">\n<figure class=\"wp-block-image size-large\"><img alt=\"\" loading=\"lazy\" decoding=\"async\" width=\"600\" height=\"400\" src=\"https:\/\/wp.unil.ch\/jgep\/files\/2020\/04\/meeting.jpg\" alt=\"\" class=\"wp-image-260\" srcset=\"https:\/\/wp.unil.ch\/jgep\/files\/2020\/04\/meeting.jpg 600w, https:\/\/wp.unil.ch\/jgep\/files\/2020\/04\/meeting-300x200.jpg 300w, https:\/\/wp.unil.ch\/jgep\/files\/2020\/04\/meeting-540x360.jpg 540w\" sizes=\"auto, (max-width: 600px) 100vw, 600px\" \/><\/figure>\n\n\n\n<p><a href=\"https:\/\/wp.unil.ch\/jgep\/j1-thematique\/\">1\u00e8re journ\u00e9e<br><strong>Les conseils d\u2019administration des entreprises publiques<\/strong><\/a><\/p>\n<\/div>\n<\/div>\n","protected":false},"excerpt":{"rendered":"<p>Journ\u00e9e de la Gouvernance des Entreprises Publiques La Journ\u00e9e de la Gouvernance des Entreprises Publiques donne la parole \u00e0 des intervenants de haut niveau issus de l&rsquo;universit\u00e9, de&hellip;<\/p>\n","protected":false},"author":1002086,"featured_media":0,"parent":0,"menu_order":0,"comment_status":"closed","ping_status":"closed","template":"","meta":{"_seopress_robots_primary_cat":"","_seopress_titles_title":"","_seopress_titles_desc":"","_seopress_robots_index":"","footnotes":""},"class_list":["post-181","page","type-page","status-publish","has-post-thumbnail"],"_links":{"self":[{"href":"https:\/\/wp.unil.ch\/jgep\/wp-json\/wp\/v2\/pages\/181","targetHints":{"allow":["GET"]}}],"collection":[{"href":"https:\/\/wp.unil.ch\/jgep\/wp-json\/wp\/v2\/pages"}],"about":[{"href":"https:\/\/wp.unil.ch\/jgep\/wp-json\/wp\/v2\/types\/page"}],"author":[{"embeddable":true,"href":"https:\/\/wp.unil.ch\/jgep\/wp-json\/wp\/v2\/users\/1002086"}],"replies":[{"embeddable":true,"href":"https:\/\/wp.unil.ch\/jgep\/wp-json\/wp\/v2\/comments?post=181"}],"version-history":[{"count":5,"href":"https:\/\/wp.unil.ch\/jgep\/wp-json\/wp\/v2\/pages\/181\/revisions"}],"predecessor-version":[{"id":1475,"href":"https:\/\/wp.unil.ch\/jgep\/wp-json\/wp\/v2\/pages\/181\/revisions\/1475"}],"wp:attachment":[{"href":"https:\/\/wp.unil.ch\/jgep\/wp-json\/wp\/v2\/media?parent=181"}],"curies":[{"name":"wp","href":"https:\/\/api.w.org\/{rel}","templated":true}]}}