{"id":1395,"date":"2024-08-22T10:10:02","date_gmt":"2024-08-22T08:10:02","guid":{"rendered":"https:\/\/wp.unil.ch\/jgep\/?page_id=1395"},"modified":"2024-11-12T09:07:11","modified_gmt":"2024-11-12T08:07:11","slug":"9e-journee-programme","status":"publish","type":"page","link":"https:\/\/wp.unil.ch\/jgep\/9e-journee-programme\/","title":{"rendered":"9e Journ\u00e9e &#8211; Programme"},"content":{"rendered":"<h2 style=\"text-align: center\">9<sup>\u00e8me<\/sup> Journ\u00e9e &#8211; 8 novembre 2024<\/h2>\n\n\n<p><\/p>\n\n\n\n<div class=\"wp-block-columns are-vertically-aligned-top is-layout-flex wp-container-core-columns-is-layout-9d6595d7 wp-block-columns-is-layout-flex\">\n<div class=\"wp-block-column is-vertically-aligned-top is-layout-flow wp-block-column-is-layout-flow\">\n<h5 class=\"wp-block-heading alignwide has-text-align-center\"><a href=\"https:\/\/wp.unil.ch\/jgep\/9eme-journee-thematique\/\"><span style=\"text-decoration: underline\">Th\u00e9matique<\/span><\/a><\/h5>\n<\/div>\n\n\n\n<div class=\"wp-block-column is-vertically-aligned-top is-layout-flow wp-block-column-is-layout-flow\">\n<h5 class=\"wp-block-heading has-text-align-center\"><span style=\"text-decoration: underline\"><a href=\"https:\/\/wp.unil.ch\/jgep\/9e-journee-programme\/\">Programme<\/a><\/span><\/h5>\n<\/div>\n<\/div>\n\n\n\n<h3 class=\"wp-block-heading alignwide has-text-align-left\"><strong>La Gouvernance du Bien Commun<\/strong><\/h3>\n\n\n\n<p class=\"has-text-color has-link-color wp-elements-5fc53871efe262226e192c0461d3a7ad\" style=\"color:#fd9c04\"><span style=\"text-decoration: underline\"><a href=\"https:\/\/wp.unil.ch\/jgep\/files\/2024\/09\/Depliant_Gouvernance_2024_A4.pdf\">Programme d\u00e9taill\u00e9<\/a><\/span><\/p>\n\n\n\n<p><strong>La gouvernance des soci\u00e9t\u00e9s auxquelles l\u2019Etat participe<\/strong><br>Guy Mustaki<em><br>Professeur de droit de l\u2019entreprise et des soci\u00e9t\u00e9s \u00e0 l\u2019Universit\u00e9 de Lausanne<\/em><br><a href=\"https:\/\/wp.unil.ch\/jgep\/files\/2024\/11\/Mustaki-Conference-IDHEAP-08.11.pdf\"><mark style=\"background-color:#ffffff;color:#fd801c\" class=\"has-inline-color\">Pr\u00e9sentation<\/mark><\/a><\/p>\n\n\n\n<p><\/p>\n\n\n\n<p><strong>Gouvernance de l&rsquo;int\u00e9r\u00eat g\u00e9n\u00e9ral : aussi peu que possible, mais autant que n\u00e9cessaire ? <br><\/strong>Fran\u00e7ois Paych\u00e8re<br><em>Magistrat \u00e0 la Cour des comptes du canton de Gen\u00e8ve<\/em><br><a href=\"https:\/\/wp.unil.ch\/jgep\/files\/2024\/11\/Paychere-ethique_20241109_paf.pdf\"><mark style=\"background-color:#ffffff;color:#fa9407\" class=\"has-inline-color\">Pr\u00e9sentation<\/mark><\/a><\/p>\n\n\n\n<p><strong>La Patrouille des Glaciers&nbsp;: bien commun-bien priv\u00e9 ou les \u00e9checs de la gouvernance<\/strong><br>Rebecca Eggenberger<br><em>Collaboratrice scientifique \u00e0 l\u2019Institut de Hautes \u00c9tudes en Administration Publique de l\u2019Universit\u00e9 de Lausanne<\/em><br><a href=\"https:\/\/wp.unil.ch\/jgep\/files\/2024\/11\/Eggenberger-Journee-gouvernance.pdf\"><mark style=\"background-color:#ffffff;color:#fd9b01\" class=\"has-inline-color\">Pr\u00e9sentation<\/mark><\/a><\/p>\n\n\n\n<p><strong>Quelle gouvernance pour l&rsquo;h\u00f4pital public de demain ?<\/strong>&nbsp;<br>Philippe Eckert<br><em>Pr\u00e9sident du Conseil d\u2019administration du R\u00e9seau hospitalier neuch\u00e2telois<\/em><br><a href=\"https:\/\/wp.unil.ch\/jgep\/files\/2024\/11\/Eckert-Quelle-gouvernance-pour-lhopital.pdf\"><mark style=\"background-color:#ffffff;color:#fa9b05\" class=\"has-inline-color\">Pr\u00e9sentation<\/mark><\/a><\/p>\n\n\n\n<p><strong>Les entreprises priv\u00e9es au d\u00e9fi de la pression des parties prenantes&nbsp;<\/strong><br>Mireille Faug\u00e8re<br><em>Membre du Conseil d\u2019administration d\u2019ORPEA ; anciennement directrice g\u00e9n\u00e9rale de SNCF Voyages, et de l\u2019Assistance Publique \u2013 H\u00f4pitaux de Paris<\/em><\/p>\n\n\n\n<p><strong>Qu&rsquo;est-ce que public veut dire ? <\/strong><br>Laure Athias<br><em>Professeure d\u2019\u00e9conomie publique \u00e0 l\u2019Universit\u00e9 de Lausanne<\/em>, Vice-Directrice de l&rsquo;IDHEAP<br><a href=\"https:\/\/wp.unil.ch\/jgep\/files\/2024\/11\/Athias-jgep_08112024_vf.pdf\"><mark style=\"background-color:#ffffff;color:#f47f05\" class=\"has-inline-color\">Pr\u00e9sentation<\/mark><\/a><\/p>\n\n\n\n<p><strong>Les&nbsp;CFF:&nbsp;une&nbsp;gouvernance&nbsp;agile et&nbsp;adapt\u00e9e<\/strong><br>Vincent Ducrot<br><em>Directeur g\u00e9n\u00e9ral des CFF<\/em><br><a href=\"https:\/\/wp.unil.ch\/jgep\/files\/2024\/11\/Ducrot-2024_11_08_Journee-de-la-gouvernance-des-entreprises-publiques_FRA.pdf\"><mark style=\"background-color:#ffffff;color:#fa8d0b\" class=\"has-inline-color\">Pr\u00e9sentation<\/mark><\/a><\/p>\n\n\n\n<p><\/p>\n","protected":false},"excerpt":{"rendered":"<p>9\u00e8me Journ\u00e9e &#8211; 8 novembre 2024 Th\u00e9matique Programme La Gouvernance du Bien Commun Programme d\u00e9taill\u00e9 La gouvernance des soci\u00e9t\u00e9s auxquelles l\u2019Etat participeGuy MustakiProfesseur de droit de l\u2019entreprise et&hellip;<\/p>\n","protected":false},"author":1002377,"featured_media":0,"parent":0,"menu_order":0,"comment_status":"closed","ping_status":"closed","template":"","meta":{"_seopress_robots_primary_cat":"","_seopress_titles_title":"","_seopress_titles_desc":"","_seopress_robots_index":"","footnotes":""},"class_list":["post-1395","page","type-page","status-publish","has-post-thumbnail"],"_links":{"self":[{"href":"https:\/\/wp.unil.ch\/jgep\/wp-json\/wp\/v2\/pages\/1395","targetHints":{"allow":["GET"]}}],"collection":[{"href":"https:\/\/wp.unil.ch\/jgep\/wp-json\/wp\/v2\/pages"}],"about":[{"href":"https:\/\/wp.unil.ch\/jgep\/wp-json\/wp\/v2\/types\/page"}],"author":[{"embeddable":true,"href":"https:\/\/wp.unil.ch\/jgep\/wp-json\/wp\/v2\/users\/1002377"}],"replies":[{"embeddable":true,"href":"https:\/\/wp.unil.ch\/jgep\/wp-json\/wp\/v2\/comments?post=1395"}],"version-history":[{"count":5,"href":"https:\/\/wp.unil.ch\/jgep\/wp-json\/wp\/v2\/pages\/1395\/revisions"}],"predecessor-version":[{"id":1455,"href":"https:\/\/wp.unil.ch\/jgep\/wp-json\/wp\/v2\/pages\/1395\/revisions\/1455"}],"wp:attachment":[{"href":"https:\/\/wp.unil.ch\/jgep\/wp-json\/wp\/v2\/media?parent=1395"}],"curies":[{"name":"wp","href":"https:\/\/api.w.org\/{rel}","templated":true}]}}