{"id":1363,"date":"2024-06-04T13:33:05","date_gmt":"2024-06-04T11:33:05","guid":{"rendered":"https:\/\/wp.unil.ch\/jgep\/?page_id=1363"},"modified":"2024-08-22T10:25:25","modified_gmt":"2024-08-22T08:25:25","slug":"9eme-journee-thematique","status":"publish","type":"page","link":"https:\/\/wp.unil.ch\/jgep\/9eme-journee-thematique\/","title":{"rendered":"-9\u00e8me Journ\u00e9e &#8211; Th\u00e9matique"},"content":{"rendered":"\n<h2 class=\"wp-block-heading alignwide has-text-align-center\">9<sup>\u00e8me<\/sup> Journ\u00e9e &#8211; 8 novembre 2024<\/h2>\n\n\n\n<div class=\"wp-block-columns alignfull are-vertically-aligned-center is-layout-flex wp-container-core-columns-is-layout-9d6595d7 wp-block-columns-is-layout-flex\">\n<div class=\"wp-block-column is-vertically-aligned-center is-layout-flow wp-block-column-is-layout-flow\">\n<h5 class=\"wp-block-heading has-text-align-center\"><br><span style=\"text-decoration: underline\"><a href=\"https:\/\/wp.unil.ch\/jgep\/9eme-journee-thematique\/\" data-type=\"URL\" data-id=\"https:\/\/wp.unil.ch\/jgep\/7e-journee\/\">Th\u00e9matique<\/a><\/span><\/h5>\n<\/div>\n\n\n\n<div class=\"wp-block-column is-vertically-aligned-center is-layout-flow wp-block-column-is-layout-flow\">\n<h5 class=\"wp-block-heading has-text-align-center\"><a href=\"https:\/\/wp.unil.ch\/jgep\/9e-journee-programme\/\"><span style=\"text-decoration: underline\">Programme<\/span><\/a><\/h5>\n<\/div>\n<\/div>\n\n\n\n<h4 class=\"wp-block-heading alignwide has-text-align-center\"><strong>La Gouvernance du Bien Commun<\/strong><\/h4>\n\n\n\n<div class=\"wp-block-group alignwide\"><div class=\"wp-block-group__inner-container is-layout-constrained wp-block-group-is-layout-constrained\">\n<p>L&rsquo;int\u00e9r\u00eat g\u00e9n\u00e9ral est la pierre angulaire de l&rsquo;action publique, dont il d\u00e9termine la finalit\u00e9 et fonde la l\u00e9gitimit\u00e9. Il conf\u00e8re \u00e0 l&rsquo;Etat la mission de poursuivre des fins qui s&rsquo;imposent \u00e0 l&rsquo;ensemble des individus, par-del\u00e0 leurs int\u00e9r\u00eats particuliers, afin de promouvoir le bien commun. Comment s\u2019assurer que cette finalit\u00e9 soit toujours d\u2019actualit\u00e9 ?<\/p>\n\n\n\n<p>L\u2019urgence de r\u00e9former la gouvernance des entreprises priv\u00e9es pour limiter les d\u00e9rives de la primaut\u00e9 actionnariale et les rendre compatibles avec le bien commun est claire. Qu\u2019en est-il de la gouvernance des entreprises publiques, et du secteur public en g\u00e9n\u00e9ral&nbsp;? A l\u2019aune des diff\u00e9rents scandales, comment repenser le r\u00f4le et la composition des conseils d\u2019administration, les syst\u00e8mes de r\u00e9mun\u00e9ration et d\u2019incitations ainsi que les statuts des diff\u00e9rents acteurs ?&nbsp;<\/p>\n\n\n\n<p>La poursuite de l\u2019int\u00e9r\u00eat g\u00e9n\u00e9ral exige un effort constant d\u2019adaptation des institutions. La r\u00e9ussite de ce processus repose plus que jamais sur un dialogue crois\u00e9 entre recherche scientifique et pratique.<\/p>\n<\/div><\/div>\n\n\n\n<div class=\"wp-block-buttons alignwide is-layout-flex wp-block-buttons-is-layout-flex\">\n<div class=\"wp-block-button is-style-outline is-style-outline--1\"><a class=\"wp-block-button__link wp-element-button\" href=\"https:\/\/www.unil.ch\/idheap\/home\/menuinst\/evenements\/journee-de-la-gouvernance-des-entreprises-publiques\/2022-2\/formulaire-d-inscription.html\">Lien pour l&rsquo;inscription<\/a><\/div>\n<\/div>\n","protected":false},"excerpt":{"rendered":"<p>9\u00e8me Journ\u00e9e &#8211; 8 novembre 2024 Th\u00e9matique Programme La Gouvernance du Bien Commun L&rsquo;int\u00e9r\u00eat g\u00e9n\u00e9ral est la pierre angulaire de l&rsquo;action publique, dont il d\u00e9termine la finalit\u00e9 et&hellip;<\/p>\n","protected":false},"author":1002377,"featured_media":0,"parent":0,"menu_order":0,"comment_status":"closed","ping_status":"closed","template":"","meta":{"_seopress_robots_primary_cat":"","_seopress_titles_title":"","_seopress_titles_desc":"","_seopress_robots_index":"","footnotes":""},"class_list":["post-1363","page","type-page","status-publish","has-post-thumbnail"],"_links":{"self":[{"href":"https:\/\/wp.unil.ch\/jgep\/wp-json\/wp\/v2\/pages\/1363","targetHints":{"allow":["GET"]}}],"collection":[{"href":"https:\/\/wp.unil.ch\/jgep\/wp-json\/wp\/v2\/pages"}],"about":[{"href":"https:\/\/wp.unil.ch\/jgep\/wp-json\/wp\/v2\/types\/page"}],"author":[{"embeddable":true,"href":"https:\/\/wp.unil.ch\/jgep\/wp-json\/wp\/v2\/users\/1002377"}],"replies":[{"embeddable":true,"href":"https:\/\/wp.unil.ch\/jgep\/wp-json\/wp\/v2\/comments?post=1363"}],"version-history":[{"count":5,"href":"https:\/\/wp.unil.ch\/jgep\/wp-json\/wp\/v2\/pages\/1363\/revisions"}],"predecessor-version":[{"id":1417,"href":"https:\/\/wp.unil.ch\/jgep\/wp-json\/wp\/v2\/pages\/1363\/revisions\/1417"}],"wp:attachment":[{"href":"https:\/\/wp.unil.ch\/jgep\/wp-json\/wp\/v2\/media?parent=1363"}],"curies":[{"name":"wp","href":"https:\/\/api.w.org\/{rel}","templated":true}]}}