{"id":1300,"date":"2023-09-07T15:16:45","date_gmt":"2023-09-07T13:16:45","guid":{"rendered":"https:\/\/wp.unil.ch\/jgep\/?page_id=1300"},"modified":"2023-09-07T15:48:56","modified_gmt":"2023-09-07T13:48:56","slug":"8e-journee-extraits-video","status":"publish","type":"page","link":"https:\/\/wp.unil.ch\/jgep\/8e-journee-extraits-video\/","title":{"rendered":"8e journ\u00e9e Extraits vid\u00e9o"},"content":{"rendered":"\n<h1 class=\"wp-block-heading alignfull has-text-align-center\"><br>8<sup>\u00e8me<\/sup> Journ\u00e9e &#8211; 25 ao\u00fbt 2023<br><\/h1>\n\n\n\n<div class=\"wp-block-columns alignwide is-layout-flex wp-container-core-columns-is-layout-9d6595d7 wp-block-columns-is-layout-flex\">\n<div class=\"wp-block-column is-layout-flow wp-block-column-is-layout-flow\">\n<h5 class=\"wp-block-heading has-text-align-center\"><span style=\"text-decoration: underline\">Th\u00e9matique<\/span><\/h5>\n<\/div>\n\n\n\n<div class=\"wp-block-column is-layout-flow wp-block-column-is-layout-flow\">\n<h5 class=\"wp-block-heading has-text-align-center\"><span style=\"text-decoration: underline\">Programme<\/span><\/h5>\n<\/div>\n<\/div>\n\n\n\n<div class=\"wp-block-columns alignwide is-layout-flex wp-container-core-columns-is-layout-9d6595d7 wp-block-columns-is-layout-flex\">\n<div class=\"wp-block-column is-layout-flow wp-block-column-is-layout-flow\">\n<figure class=\"wp-block-embed is-type-video is-provider-youtube wp-block-embed-youtube wp-embed-aspect-16-9 wp-has-aspect-ratio\"><div class=\"wp-block-embed__wrapper\">\n<iframe loading=\"lazy\" title=\"Syst\u00e8me de sant\u00e9 suisse : entre f\u00e9d\u00e9ralisme et int\u00e9r\u00eats particuliers\" width=\"580\" height=\"326\" src=\"https:\/\/www.youtube.com\/embed\/scR6rFphiVg?feature=oembed\" frameborder=\"0\" allow=\"accelerometer; autoplay; clipboard-write; encrypted-media; gyroscope; picture-in-picture; web-share\" referrerpolicy=\"strict-origin-when-cross-origin\" allowfullscreen><\/iframe>\n<\/div><figcaption class=\"wp-element-caption\"><strong>St\u00e9fanie Monod:<\/strong><em> <\/em>Syst\u00e8me de sant\u00e9 suisse : entre f\u00e9d\u00e9ralisme et int\u00e9r\u00eats particuliers<\/figcaption><\/figure>\n\n\n\n<p><\/p>\n<\/div>\n\n\n\n<div class=\"wp-block-column is-layout-flow wp-block-column-is-layout-flow\">\n<figure class=\"wp-block-embed is-type-video is-provider-youtube wp-block-embed-youtube wp-embed-aspect-16-9 wp-has-aspect-ratio\"><div class=\"wp-block-embed__wrapper\">\n<iframe loading=\"lazy\" title=\"L\u2019h\u00f4pital public cantonal dans un syst\u00e8me f\u00e9d\u00e9ral : quel r\u00f4le et quels enjeux ?\" width=\"580\" height=\"326\" src=\"https:\/\/www.youtube.com\/embed\/HNKPPIdxK00?feature=oembed\" frameborder=\"0\" allow=\"accelerometer; autoplay; clipboard-write; encrypted-media; gyroscope; picture-in-picture; web-share\" referrerpolicy=\"strict-origin-when-cross-origin\" allowfullscreen><\/iframe>\n<\/div><figcaption class=\"wp-element-caption\"><strong>Annamaria M\u00fcller:<\/strong> L\u2019h\u00f4pital public cantonal dans un syst\u00e8me f\u00e9d\u00e9ral\u00a0: quel r\u00f4le et quels enjeux\u00a0?<\/figcaption><\/figure>\n\n\n\n<p><\/p>\n<\/div>\n\n\n\n<div class=\"wp-block-column is-layout-flow wp-block-column-is-layout-flow\">\n<figure class=\"wp-block-embed is-type-video is-provider-youtube wp-block-embed-youtube wp-embed-aspect-16-9 wp-has-aspect-ratio\"><div class=\"wp-block-embed__wrapper\">\n<iframe loading=\"lazy\" title=\"Le d\u00e9fi de la coordination : f\u00e9d\u00e9ralisme et incoh\u00e9rences du syst\u00e8me suisse de s\u00e9curit\u00e9 sociale\" width=\"580\" height=\"326\" src=\"https:\/\/www.youtube.com\/embed\/FARI2KUS4pE?feature=oembed\" frameborder=\"0\" allow=\"accelerometer; autoplay; clipboard-write; encrypted-media; gyroscope; picture-in-picture; web-share\" referrerpolicy=\"strict-origin-when-cross-origin\" allowfullscreen><\/iframe>\n<\/div><figcaption class=\"wp-element-caption\"><strong>Giuliano Bonoli:<\/strong> Le d\u00e9fi de la coordination\u00a0: f\u00e9d\u00e9ralisme et incoh\u00e9rences\u00a0du syst\u00e8me suisse de s\u00e9curit\u00e9 sociale<\/figcaption><\/figure>\n\n\n\n<p><\/p>\n<\/div>\n<\/div>\n\n\n\n<div class=\"wp-block-columns alignwide is-layout-flex wp-container-core-columns-is-layout-9d6595d7 wp-block-columns-is-layout-flex\">\n<div class=\"wp-block-column is-layout-flow wp-block-column-is-layout-flow\">\n<figure class=\"wp-block-embed is-type-video is-provider-youtube wp-block-embed-youtube wp-embed-aspect-16-9 wp-has-aspect-ratio\"><div class=\"wp-block-embed__wrapper\">\n<iframe loading=\"lazy\" title=\"Gouvernance de l\u2019\u00c9nergie en situation de crises\" width=\"580\" height=\"326\" src=\"https:\/\/www.youtube.com\/embed\/wEXPC9qnwJ8?feature=oembed\" frameborder=\"0\" allow=\"accelerometer; autoplay; clipboard-write; encrypted-media; gyroscope; picture-in-picture; web-share\" referrerpolicy=\"strict-origin-when-cross-origin\" allowfullscreen><\/iframe>\n<\/div><figcaption class=\"wp-element-caption\"><strong>Christian Brunier:<\/strong><em> <\/em>Gouvernance de l\u2019\u00c9nergie en situation de crises<\/figcaption><\/figure>\n\n\n\n<p><\/p>\n<\/div>\n\n\n\n<div class=\"wp-block-column is-layout-flow wp-block-column-is-layout-flow\">\n<figure class=\"wp-block-embed is-type-video is-provider-youtube wp-block-embed-youtube wp-embed-aspect-16-9 wp-has-aspect-ratio\"><div class=\"wp-block-embed__wrapper\">\n<iframe loading=\"lazy\" title=\"F\u00e9d\u00e9ralisme suisse au d\u00e9fi de coordinations multidimensionnelles : le cas des \u00e9nergies renouvelables\" width=\"580\" height=\"326\" src=\"https:\/\/www.youtube.com\/embed\/WcwpK9ki1QY?feature=oembed\" frameborder=\"0\" allow=\"accelerometer; autoplay; clipboard-write; encrypted-media; gyroscope; picture-in-picture; web-share\" referrerpolicy=\"strict-origin-when-cross-origin\" allowfullscreen><\/iframe>\n<\/div><figcaption class=\"wp-element-caption\"><strong>St\u00e9phane Nahrath:<\/strong> Le f\u00e9d\u00e9ralisme suisse au d\u00e9fi des coordinations intersectorielles, trans-territoriales et multi-niveaux\u00a0: le cas des \u00e9nergies renouvelables<\/figcaption><\/figure>\n\n\n\n<p><\/p>\n<\/div>\n\n\n\n<div class=\"wp-block-column is-layout-flow wp-block-column-is-layout-flow\">\n<figure class=\"wp-block-embed is-type-video is-provider-youtube wp-block-embed-youtube wp-embed-aspect-16-9 wp-has-aspect-ratio\"><div class=\"wp-block-embed__wrapper\">\n<iframe loading=\"lazy\" title=\"Le r\u00f4le de la Conf\u00e9d\u00e9ration, des cantons et des communes dans la gestion des migrations\" width=\"580\" height=\"326\" src=\"https:\/\/www.youtube.com\/embed\/TnYreeCinVQ?feature=oembed\" frameborder=\"0\" allow=\"accelerometer; autoplay; clipboard-write; encrypted-media; gyroscope; picture-in-picture; web-share\" referrerpolicy=\"strict-origin-when-cross-origin\" allowfullscreen><\/iframe>\n<\/div><figcaption class=\"wp-element-caption\"><strong>Mauro Poggia:<\/strong> Le r\u00f4le de la Conf\u00e9d\u00e9ration, des cantons et des communes dans la gestion des migrations : une trilogie du consensus ?<\/figcaption><\/figure>\n\n\n\n<p><\/p>\n<\/div>\n<\/div>\n\n\n\n<div class=\"wp-block-columns alignwide is-layout-flex wp-container-core-columns-is-layout-9d6595d7 wp-block-columns-is-layout-flex\">\n<div class=\"wp-block-column is-layout-flow wp-block-column-is-layout-flow\">\n<figure class=\"wp-block-embed is-type-video is-provider-youtube wp-block-embed-youtube wp-embed-aspect-16-9 wp-has-aspect-ratio\"><div class=\"wp-block-embed__wrapper\">\n<iframe loading=\"lazy\" title=\"Le f\u00e9d\u00e9ralisme permet au mieux de r\u00e9sister aux crises, mais en aucun cas de les g\u00e9rer\" width=\"580\" height=\"326\" src=\"https:\/\/www.youtube.com\/embed\/a3uIu10scEU?feature=oembed\" frameborder=\"0\" allow=\"accelerometer; autoplay; clipboard-write; encrypted-media; gyroscope; picture-in-picture; web-share\" referrerpolicy=\"strict-origin-when-cross-origin\" allowfullscreen><\/iframe>\n<\/div><figcaption class=\"wp-element-caption\"><strong>Michel Huissoud:<\/strong><em> <\/em>Le f\u00e9d\u00e9ralisme permet au mieux de r\u00e9sister aux crises, mais en aucun cas de les g\u00e9rer<\/figcaption><\/figure>\n\n\n\n<p><\/p>\n<\/div>\n\n\n\n<div class=\"wp-block-column is-layout-flow wp-block-column-is-layout-flow\">\n<p><\/p>\n<\/div>\n\n\n\n<div class=\"wp-block-column is-layout-flow wp-block-column-is-layout-flow\">\n<p><\/p>\n<\/div>\n<\/div>\n","protected":false},"excerpt":{"rendered":"<p>8\u00e8me Journ\u00e9e &#8211; 25 ao\u00fbt 2023 Th\u00e9matique Programme<\/p>\n","protected":false},"author":1002377,"featured_media":0,"parent":0,"menu_order":0,"comment_status":"closed","ping_status":"closed","template":"","meta":{"_seopress_robots_primary_cat":"","_seopress_titles_title":"","_seopress_titles_desc":"","_seopress_robots_index":"","footnotes":""},"class_list":["post-1300","page","type-page","status-publish","has-post-thumbnail"],"_links":{"self":[{"href":"https:\/\/wp.unil.ch\/jgep\/wp-json\/wp\/v2\/pages\/1300","targetHints":{"allow":["GET"]}}],"collection":[{"href":"https:\/\/wp.unil.ch\/jgep\/wp-json\/wp\/v2\/pages"}],"about":[{"href":"https:\/\/wp.unil.ch\/jgep\/wp-json\/wp\/v2\/types\/page"}],"author":[{"embeddable":true,"href":"https:\/\/wp.unil.ch\/jgep\/wp-json\/wp\/v2\/users\/1002377"}],"replies":[{"embeddable":true,"href":"https:\/\/wp.unil.ch\/jgep\/wp-json\/wp\/v2\/comments?post=1300"}],"version-history":[{"count":1,"href":"https:\/\/wp.unil.ch\/jgep\/wp-json\/wp\/v2\/pages\/1300\/revisions"}],"predecessor-version":[{"id":1472,"href":"https:\/\/wp.unil.ch\/jgep\/wp-json\/wp\/v2\/pages\/1300\/revisions\/1472"}],"wp:attachment":[{"href":"https:\/\/wp.unil.ch\/jgep\/wp-json\/wp\/v2\/media?parent=1300"}],"curies":[{"name":"wp","href":"https:\/\/api.w.org\/{rel}","templated":true}]}}