{"id":1243,"date":"2023-05-17T09:33:46","date_gmt":"2023-05-17T07:33:46","guid":{"rendered":"https:\/\/wp.unil.ch\/jgep\/?page_id=1243"},"modified":"2023-09-07T15:25:21","modified_gmt":"2023-09-07T13:25:21","slug":"7e-journee-extraits-video","status":"publish","type":"page","link":"https:\/\/wp.unil.ch\/jgep\/7e-journee-extraits-video\/","title":{"rendered":"7e journ\u00e9e Extraits vid\u00e9o"},"content":{"rendered":"\n<h1 class=\"wp-block-heading alignfull has-text-align-center\">7<sup>\u00e8me<\/sup> Journ\u00e9e &#8211; 13 mai 2022<br><br><\/h1>\n\n\n\n<div class=\"wp-block-columns alignfull is-layout-flex wp-container-core-columns-is-layout-9d6595d7 wp-block-columns-is-layout-flex\">\n<div class=\"wp-block-column is-layout-flow wp-block-column-is-layout-flow\">\n<h5 class=\"wp-block-heading has-text-align-center\"><a href=\"https:\/\/wp.unil.ch\/jgep\/7e-journee\/\"><span style=\"text-decoration: underline\">Th\u00e9matique<\/span><\/a><br><\/h5>\n<\/div>\n\n\n\n<div class=\"wp-block-column is-layout-flow wp-block-column-is-layout-flow\">\n<h5 class=\"wp-block-heading\"><a href=\"https:\/\/wp.unil.ch\/jgep\/7e-journee\/7e-journee-programme-2\/\"><span style=\"text-decoration: underline\">Programme<\/span><\/a><\/h5>\n<\/div>\n<\/div>\n\n\n\n<div class=\"wp-block-columns alignwide is-layout-flex wp-container-core-columns-is-layout-9d6595d7 wp-block-columns-is-layout-flex\">\n<div class=\"wp-block-column is-layout-flow wp-block-column-is-layout-flow\">\n<figure class=\"wp-block-embed is-type-video is-provider-youtube wp-block-embed-youtube wp-embed-aspect-16-9 wp-has-aspect-ratio\"><div class=\"wp-block-embed__wrapper\">\n<iframe loading=\"lazy\" title=\"Crit\u00e8res de durabilit\u00e9 et banques centrales : le point de vue de la BNS\" width=\"580\" height=\"326\" src=\"https:\/\/www.youtube.com\/embed\/JgKByB1A08U?feature=oembed\" frameborder=\"0\" allow=\"accelerometer; autoplay; clipboard-write; encrypted-media; gyroscope; picture-in-picture; web-share\" referrerpolicy=\"strict-origin-when-cross-origin\" allowfullscreen><\/iframe>\n<\/div><figcaption class=\"wp-element-caption\"><strong>Andrea M. Maechler:<\/strong><em> <\/em>Crit\u00e8res de durabilit\u00e9 et banques centrales : le point de vue de la BNS<\/figcaption><\/figure>\n\n\n\n<p><\/p>\n<\/div>\n\n\n\n<div class=\"wp-block-column is-layout-flow wp-block-column-is-layout-flow\">\n<figure class=\"wp-block-embed is-type-video is-provider-youtube wp-block-embed-youtube wp-embed-aspect-16-9 wp-has-aspect-ratio\"><div class=\"wp-block-embed__wrapper\">\n<iframe loading=\"lazy\" title=\"Impact des actions citoyennes sur les entreprises publiques en mati\u00e8re de climat\" width=\"580\" height=\"326\" src=\"https:\/\/www.youtube.com\/embed\/9A5xuruQECM?feature=oembed\" frameborder=\"0\" allow=\"accelerometer; autoplay; clipboard-write; encrypted-media; gyroscope; picture-in-picture; web-share\" referrerpolicy=\"strict-origin-when-cross-origin\" allowfullscreen><\/iframe>\n<\/div><figcaption class=\"wp-element-caption\"><strong>Rapha\u00ebl Mahaim:<\/strong> Impact des actions citoyennes sur les entreprises publiques en mati\u00e8re de climat<\/figcaption><\/figure>\n\n\n\n<p><\/p>\n<\/div>\n\n\n\n<div class=\"wp-block-column is-layout-flow wp-block-column-is-layout-flow\">\n<figure class=\"wp-block-embed is-type-video is-provider-youtube wp-block-embed-youtube wp-embed-aspect-16-9 wp-has-aspect-ratio\"><div class=\"wp-block-embed__wrapper\">\n<iframe loading=\"lazy\" title=\"Le d\u00e9mant\u00e8lement de la centrale nucl\u00e9aire de M\u00fchleberg : Gouvernance et \u00e9tat d\u2019avancement\" width=\"580\" height=\"326\" src=\"https:\/\/www.youtube.com\/embed\/m-NGWTPP8vo?feature=oembed\" frameborder=\"0\" allow=\"accelerometer; autoplay; clipboard-write; encrypted-media; gyroscope; picture-in-picture; web-share\" referrerpolicy=\"strict-origin-when-cross-origin\" allowfullscreen><\/iframe>\n<\/div><figcaption class=\"wp-element-caption\"><strong>Patrick Miazza:<\/strong> Le d\u00e9mant\u00e8lement de la centrale nucl\u00e9aire de M\u00fchleberg : Gouvernance et \u00e9tat d\u2019avancement<\/figcaption><\/figure>\n\n\n\n<p><\/p>\n<\/div>\n<\/div>\n\n\n\n<div class=\"wp-block-columns alignwide is-layout-flex wp-container-core-columns-is-layout-9d6595d7 wp-block-columns-is-layout-flex\">\n<div class=\"wp-block-column is-layout-flow wp-block-column-is-layout-flow\">\n<figure class=\"wp-block-embed is-type-video is-provider-youtube wp-block-embed-youtube wp-embed-aspect-16-9 wp-has-aspect-ratio\"><div class=\"wp-block-embed__wrapper\">\n<iframe loading=\"lazy\" title=\"La Conf\u00e9d\u00e9ration est-elle capable de r\u00e9ussir un projet informatique ?\" width=\"580\" height=\"326\" src=\"https:\/\/www.youtube.com\/embed\/0-PmsjbVxZw?feature=oembed\" frameborder=\"0\" allow=\"accelerometer; autoplay; clipboard-write; encrypted-media; gyroscope; picture-in-picture; web-share\" referrerpolicy=\"strict-origin-when-cross-origin\" allowfullscreen><\/iframe>\n<\/div><figcaption class=\"wp-element-caption\"><strong>S\u00e9bastien Fanti:<\/strong><em> <\/em>La Conf\u00e9d\u00e9ration est-elle capable de r\u00e9ussir un projet informatique ?<\/figcaption><\/figure>\n\n\n\n<p><\/p>\n<\/div>\n\n\n\n<div class=\"wp-block-column is-layout-flow wp-block-column-is-layout-flow\">\n<figure class=\"wp-block-embed is-type-video is-provider-youtube wp-block-embed-youtube wp-embed-aspect-16-9 wp-has-aspect-ratio\"><div class=\"wp-block-embed__wrapper\">\n<iframe loading=\"lazy\" title=\"Public, priv\u00e9: m\u00eame responsabilit\u00e9 soci\u00e9tale ?\" width=\"580\" height=\"326\" src=\"https:\/\/www.youtube.com\/embed\/KCOh-408pSU?feature=oembed\" frameborder=\"0\" allow=\"accelerometer; autoplay; clipboard-write; encrypted-media; gyroscope; picture-in-picture; web-share\" referrerpolicy=\"strict-origin-when-cross-origin\" allowfullscreen><\/iframe>\n<\/div><figcaption class=\"wp-element-caption\"><strong>Jean-Pierre Danthine :<\/strong><em> <\/em>Public, priv\u00e9: m\u00eame responsabilit\u00e9 soci\u00e9tale ?<\/figcaption><\/figure>\n\n\n\n<p><\/p>\n<\/div>\n\n\n\n<div class=\"wp-block-column is-layout-flow wp-block-column-is-layout-flow\">\n<figure class=\"wp-block-embed is-type-video is-provider-youtube wp-block-embed-youtube wp-embed-aspect-16-9 wp-has-aspect-ratio\"><div class=\"wp-block-embed__wrapper\">\n<iframe loading=\"lazy\" title=\"La nouvelle l\u00e9gislation sur les march\u00e9s publics \u2013 un changement de paradigme ?\" width=\"580\" height=\"326\" src=\"https:\/\/www.youtube.com\/embed\/uVIPuP9MGK0?feature=oembed\" frameborder=\"0\" allow=\"accelerometer; autoplay; clipboard-write; encrypted-media; gyroscope; picture-in-picture; web-share\" referrerpolicy=\"strict-origin-when-cross-origin\" allowfullscreen><\/iframe>\n<\/div><figcaption class=\"wp-element-caption\"><strong>Marc Steiner :<\/strong><em> <\/em>La nouvelle l\u00e9gislation sur les march\u00e9s publics \u2013 un changement de paradigme ?<\/figcaption><\/figure>\n\n\n\n<p><\/p>\n<\/div>\n<\/div>\n\n\n\n<div class=\"wp-block-columns alignwide is-layout-flex wp-container-core-columns-is-layout-9d6595d7 wp-block-columns-is-layout-flex\">\n<div class=\"wp-block-column is-layout-flow wp-block-column-is-layout-flow\">\n<figure class=\"wp-block-embed is-type-video is-provider-youtube wp-block-embed-youtube wp-embed-aspect-16-9 wp-has-aspect-ratio\"><div class=\"wp-block-embed__wrapper\">\n<iframe loading=\"lazy\" title=\"Gouvernance en temps de crise : Enjeux et le\u00e7ons de l\u2019exp\u00e9rience\" width=\"580\" height=\"326\" src=\"https:\/\/www.youtube.com\/embed\/bjwglFd0r-Y?feature=oembed\" frameborder=\"0\" allow=\"accelerometer; autoplay; clipboard-write; encrypted-media; gyroscope; picture-in-picture; web-share\" referrerpolicy=\"strict-origin-when-cross-origin\" allowfullscreen><\/iframe>\n<\/div><figcaption class=\"wp-element-caption\"><strong>Brigitte Rorive:<\/strong> Gouvernance en temps de crise : Enjeux et le\u00e7ons de l\u2019exp\u00e9rience<\/figcaption><\/figure>\n\n\n\n<p><\/p>\n<\/div>\n\n\n\n<div class=\"wp-block-column is-layout-flow wp-block-column-is-layout-flow\">\n<p><\/p>\n<\/div>\n\n\n\n<div class=\"wp-block-column is-layout-flow wp-block-column-is-layout-flow\">\n<p><\/p>\n<\/div>\n<\/div>\n","protected":false},"excerpt":{"rendered":"<p>7\u00e8me Journ\u00e9e &#8211; 13 mai 2022 Th\u00e9matique Programme<\/p>\n","protected":false},"author":1002377,"featured_media":0,"parent":0,"menu_order":0,"comment_status":"closed","ping_status":"closed","template":"","meta":{"_seopress_robots_primary_cat":"","_seopress_titles_title":"","_seopress_titles_desc":"","_seopress_robots_index":"","footnotes":""},"class_list":["post-1243","page","type-page","status-publish","has-post-thumbnail"],"_links":{"self":[{"href":"https:\/\/wp.unil.ch\/jgep\/wp-json\/wp\/v2\/pages\/1243","targetHints":{"allow":["GET"]}}],"collection":[{"href":"https:\/\/wp.unil.ch\/jgep\/wp-json\/wp\/v2\/pages"}],"about":[{"href":"https:\/\/wp.unil.ch\/jgep\/wp-json\/wp\/v2\/types\/page"}],"author":[{"embeddable":true,"href":"https:\/\/wp.unil.ch\/jgep\/wp-json\/wp\/v2\/users\/1002377"}],"replies":[{"embeddable":true,"href":"https:\/\/wp.unil.ch\/jgep\/wp-json\/wp\/v2\/comments?post=1243"}],"version-history":[{"count":0,"href":"https:\/\/wp.unil.ch\/jgep\/wp-json\/wp\/v2\/pages\/1243\/revisions"}],"wp:attachment":[{"href":"https:\/\/wp.unil.ch\/jgep\/wp-json\/wp\/v2\/media?parent=1243"}],"curies":[{"name":"wp","href":"https:\/\/api.w.org\/{rel}","templated":true}]}}