{"id":1169,"date":"2023-03-24T12:34:13","date_gmt":"2023-03-24T11:34:13","guid":{"rendered":"https:\/\/wp.unil.ch\/jgep\/?page_id=1169"},"modified":"2023-08-28T09:23:39","modified_gmt":"2023-08-28T07:23:39","slug":"8e-journee-programme","status":"publish","type":"page","link":"https:\/\/wp.unil.ch\/jgep\/8e-journee-programme\/","title":{"rendered":"-8e journ\u00e9e programme"},"content":{"rendered":"<h2 style=\"text-align: center\">8<sup>\u00e8me<\/sup> Journ\u00e9e &#8211; 25 ao\u00fbt 2023<\/h2>\n\n\n<p>      <\/p>\n\n\n\n<div class=\"wp-block-columns alignwide are-vertically-aligned-top is-layout-flex wp-container-core-columns-is-layout-9d6595d7 wp-block-columns-is-layout-flex\">\n<div class=\"wp-block-column is-vertically-aligned-top is-layout-flow wp-block-column-is-layout-flow\">\n<h5 class=\"wp-block-heading alignwide has-text-align-center\"><a href=\"https:\/\/wp.unil.ch\/jgep\/8e-journee\/\"><span style=\"text-decoration: underline\">Th\u00e9matique<\/span><\/a><\/h5>\n<\/div>\n\n\n\n<div class=\"wp-block-column is-vertically-aligned-top is-layout-flow wp-block-column-is-layout-flow\">\n<h5 class=\"wp-block-heading has-text-align-center\"><a href=\"https:\/\/wp.unil.ch\/jgep\/8e-journee-programme\/\"><span style=\"text-decoration: underline\">Programme<\/span><\/a><\/h5>\n<\/div>\n<\/div>\n\n\n\n<p class=\"has-text-color\" style=\"color:#febe00\"><a href=\"https:\/\/www.unil.ch\/files\/live\/sites\/idheap\/files\/formations\/seminaires\/Journee_gouvernance\/Web_Depliant_Gouvernance_2023%255B75%255D.pdf\"><span style=\"text-decoration: underline\"><mark style=\"background-color:#ffffff;color:#f9a201\" class=\"has-inline-color\">Programme d\u00e9taill\u00e9<\/mark><\/span><\/a><\/p>\n\n\n\n<h3 class=\"wp-block-heading\"><strong>F\u00e9d\u00e9ralisme et services publics \u00e0 l\u2019aune des crises<\/strong><\/h3>\n\n\n\n<p><strong>Le f\u00e9d\u00e9ralisme permet au mieux de r\u00e9sister aux crises, mais en aucun cas de les g\u00e9rer<\/strong><em><br><\/em>Michel Huissoud<em><br><em>Ancien Directeur du Contr\u00f4le f\u00e9d\u00e9ral des finances<\/em><\/em><br><a href=\"https:\/\/wp.unil.ch\/jgep\/files\/2023\/08\/JGEP_8_Huissoud.pdf\"><mark style=\"background-color:#ffffff;color:#f8a204\" class=\"has-inline-color\">Pr\u00e9sentation<\/mark><\/a><\/p>\n\n\n\n<p><strong>Syst\u00e8me de sant\u00e9 suisse : entre f\u00e9d\u00e9ralisme et int\u00e9r\u00eats particuliers<br><\/strong>St\u00e9fanie Monod<br><em>Professeure titulaire \u00e0 la FBM de l&rsquo;UNIL et membre de la direction d&rsquo;Unisant\u00e9<\/em><br><a href=\"https:\/\/wp.unil.ch\/jgep\/files\/2023\/08\/JGEP_8_Monod.pdf\"><mark style=\"background-color:#ffffff;color:#f8a204\" class=\"has-inline-color\">Pr\u00e9sentation<\/mark><\/a><\/p>\n\n\n\n<p><strong>L\u2019h\u00f4pital public cantonal dans un syst\u00e8me f\u00e9d\u00e9ral\u00a0: quel r\u00f4le et quels enjeux<\/strong> <strong>?<\/strong><br>Annamaria M\u00fcller<br><em>Pr\u00e9sidente du Conseil d&rsquo;administration de l&rsquo;h\u00f4pital fribourgeois<\/em> (HFR)<br><a href=\"https:\/\/wp.unil.ch\/jgep\/files\/2023\/08\/JGEP_8_Muller.pdf\"><mark style=\"background-color:#ffffff;color:#f8a204\" class=\"has-inline-color\">Pr\u00e9sentation<\/mark><\/a><\/p>\n\n\n\n<p><strong>Le d\u00e9fi de la coordination\u00a0: f\u00e9d\u00e9ralisme et incoh\u00e9rences\u00a0du syst\u00e8me suisse de s\u00e9curit\u00e9 sociale<\/strong>\u00a0<br>Giuliano Bonoli<br><em>Professeur de politique sociale \u00e0 l&rsquo;IDHEAP<\/em><br><a href=\"https:\/\/wp.unil.ch\/jgep\/files\/2023\/08\/JGEP_8_Bonoli.pdf\"><mark style=\"background-color:#ffffff;color:#f8a204\" class=\"has-inline-color\">Pr\u00e9sentation<\/mark><\/a><\/p>\n\n\n\n<p><strong>Gouvernance de l\u2019\u00c9nergie en situation de crises\u00a0<\/strong><br>Christian Brunier<br><em>Directeur G\u00e9n\u00e9ral des services industriels de Gen\u00e8ve (SIG)<\/em><br><a href=\"https:\/\/wp.unil.ch\/jgep\/files\/2023\/08\/JGEP_8_Brunier.pdf\"><mark style=\"background-color:#ffffff;color:#f8a204\" class=\"has-inline-color\">Pr\u00e9sentation<\/mark><\/a><\/p>\n\n\n\n<p><strong>Le f\u00e9d\u00e9ralisme suisse au d\u00e9fi des coordinations intersectorielles, trans-territoriales et multi-niveaux\u00a0: le cas des \u00e9nergies renouvelables<\/strong><br>St\u00e9phane Nahrath<br><em>Professeur de politiques publiques et durabilit\u00e9 \u00e0 l&rsquo;IDHEAP<\/em><br><a href=\"https:\/\/wp.unil.ch\/jgep\/files\/2023\/08\/JGEP_8_Nahrath.pdf\"><mark style=\"background-color:#ffffff;color:#f8a204\" class=\"has-inline-color\">Pr\u00e9sentation<\/mark><\/a><\/p>\n\n\n\n<p><strong>Le r\u00f4le de la Conf\u00e9d\u00e9ration, des cantons et des communes dans la gestion des migrations : une trilogie du consensus ?<\/strong><br>Mauro Poggia<br><em>Conseiller d&rsquo;\u00c9tat du canton de Gen\u00e8ve<\/em><br><a href=\"https:\/\/wp.unil.ch\/jgep\/files\/2023\/08\/JGEP_8_Poggia.pdf\"><mark style=\"background-color:#ffffff;color:#f8a204\" class=\"has-inline-color\">Pr\u00e9sentation<\/mark><\/a><\/p>\n","protected":false},"excerpt":{"rendered":"<p>8\u00e8me Journ\u00e9e &#8211; 25 ao\u00fbt 2023 Th\u00e9matique Programme Programme d\u00e9taill\u00e9 F\u00e9d\u00e9ralisme et services publics \u00e0 l\u2019aune des crises Le f\u00e9d\u00e9ralisme permet au mieux de r\u00e9sister aux crises, mais&hellip;<\/p>\n","protected":false},"author":1002377,"featured_media":0,"parent":0,"menu_order":0,"comment_status":"closed","ping_status":"closed","template":"template-full-width.php","meta":{"_seopress_robots_primary_cat":"","_seopress_titles_title":"","_seopress_titles_desc":"","_seopress_robots_index":"","footnotes":""},"class_list":["post-1169","page","type-page","status-publish","has-post-thumbnail"],"_links":{"self":[{"href":"https:\/\/wp.unil.ch\/jgep\/wp-json\/wp\/v2\/pages\/1169","targetHints":{"allow":["GET"]}}],"collection":[{"href":"https:\/\/wp.unil.ch\/jgep\/wp-json\/wp\/v2\/pages"}],"about":[{"href":"https:\/\/wp.unil.ch\/jgep\/wp-json\/wp\/v2\/types\/page"}],"author":[{"embeddable":true,"href":"https:\/\/wp.unil.ch\/jgep\/wp-json\/wp\/v2\/users\/1002377"}],"replies":[{"embeddable":true,"href":"https:\/\/wp.unil.ch\/jgep\/wp-json\/wp\/v2\/comments?post=1169"}],"version-history":[{"count":1,"href":"https:\/\/wp.unil.ch\/jgep\/wp-json\/wp\/v2\/pages\/1169\/revisions"}],"predecessor-version":[{"id":1394,"href":"https:\/\/wp.unil.ch\/jgep\/wp-json\/wp\/v2\/pages\/1169\/revisions\/1394"}],"wp:attachment":[{"href":"https:\/\/wp.unil.ch\/jgep\/wp-json\/wp\/v2\/media?parent=1169"}],"curies":[{"name":"wp","href":"https:\/\/api.w.org\/{rel}","templated":true}]}}