{"id":935,"date":"2019-06-23T22:49:18","date_gmt":"2019-06-23T20:49:18","guid":{"rendered":"http:\/\/wp.unil.ch\/jeux-antiques\/?page_id=935"},"modified":"2019-06-24T12:35:43","modified_gmt":"2019-06-24T10:35:43","slug":"activites-annexes","status":"publish","type":"page","link":"https:\/\/wp.unil.ch\/jeux-antiques\/les-jeux-antiques-de-lunil\/activites-annexes\/","title":{"rendered":"Activit\u00e9s parall\u00e8les"},"content":{"rendered":"<p>Nos Jeux Olympiques ne se r\u00e9sument pas \u00e0 une comp\u00e9tition sportive. De nombreux autres activit\u00e9s sont \u00e9galement organis\u00e9es le jour m\u00eame.<\/p>\n<p><strong>Course de char<\/strong><\/p>\n<p>A d\u00e9faut de chevaux, une course de chevaux-humains est organis\u00e9e.<\/p>\n<div id='gallery-1' class='gallery galleryid-935 gallery-columns-2 gallery-size-thumbnail'><figure class='gallery-item'>\n\t\t\t<div class='gallery-icon landscape'>\n\t\t\t\t<a href='https:\/\/wp.unil.ch\/jeux-antiques\/2016_62\/'><img loading=\"lazy\" decoding=\"async\" width=\"150\" height=\"150\" src=\"https:\/\/wp.unil.ch\/jeux-antiques\/files\/2019\/06\/2016_62-150x150.jpg\" class=\"attachment-thumbnail size-thumbnail\" alt=\"\" srcset=\"https:\/\/wp.unil.ch\/jeux-antiques\/files\/2019\/06\/2016_62-150x150.jpg 150w, https:\/\/wp.unil.ch\/jeux-antiques\/files\/2019\/06\/2016_62-100x100.jpg 100w\" sizes=\"auto, 100vw\" \/><\/a>\n\t\t\t<\/div><\/figure><figure class='gallery-item'>\n\t\t\t<div class='gallery-icon landscape'>\n\t\t\t\t<a href='https:\/\/wp.unil.ch\/jeux-antiques\/2016_61\/'><img loading=\"lazy\" decoding=\"async\" width=\"150\" height=\"150\" src=\"https:\/\/wp.unil.ch\/jeux-antiques\/files\/2019\/06\/2016_61-150x150.jpg\" class=\"attachment-thumbnail size-thumbnail\" alt=\"\" srcset=\"https:\/\/wp.unil.ch\/jeux-antiques\/files\/2019\/06\/2016_61-150x150.jpg 150w, https:\/\/wp.unil.ch\/jeux-antiques\/files\/2019\/06\/2016_61-100x100.jpg 100w\" sizes=\"auto, 100vw\" \/><\/a>\n\t\t\t<\/div><\/figure>\n\t\t<\/div>\n\n<p><strong>Concours oratoire<\/strong><\/p>\n<p>Durant l&rsquo;Antiquit\u00e9, les jeux n&rsquo;\u00e9taient pas uniquement sportifs mais aussi artistiques avec des repr\u00e9sentations th\u00e9\u00e2trales, des joutes oratoires et performances artistiques. Dans notre \u00e9dition moderne, cette partie des jeux a lieu durant notre banquet du soir.<\/p>\n<div id='gallery-2' class='gallery galleryid-935 gallery-columns-4 gallery-size-thumbnail'><figure class='gallery-item'>\n\t\t\t<div class='gallery-icon landscape'>\n\t\t\t\t<a href='https:\/\/wp.unil.ch\/jeux-antiques\/les-jeux-antiques-de-lunil\/activites-annexes\/2016_64\/'><img loading=\"lazy\" decoding=\"async\" width=\"150\" height=\"150\" src=\"https:\/\/wp.unil.ch\/jeux-antiques\/files\/2019\/06\/2016_64-150x150.jpg\" class=\"attachment-thumbnail size-thumbnail\" alt=\"\" srcset=\"https:\/\/wp.unil.ch\/jeux-antiques\/files\/2019\/06\/2016_64-150x150.jpg 150w, https:\/\/wp.unil.ch\/jeux-antiques\/files\/2019\/06\/2016_64-100x100.jpg 100w\" sizes=\"auto, 100vw\" \/><\/a>\n\t\t\t<\/div><\/figure><figure class='gallery-item'>\n\t\t\t<div class='gallery-icon portrait'>\n\t\t\t\t<a href='https:\/\/wp.unil.ch\/jeux-antiques\/les-jeux-antiques-de-lunil\/activites-annexes\/2016_65\/'><img loading=\"lazy\" decoding=\"async\" width=\"150\" height=\"150\" src=\"https:\/\/wp.unil.ch\/jeux-antiques\/files\/2019\/06\/2016_65-150x150.jpg\" class=\"attachment-thumbnail size-thumbnail\" alt=\"\" srcset=\"https:\/\/wp.unil.ch\/jeux-antiques\/files\/2019\/06\/2016_65-150x150.jpg 150w, https:\/\/wp.unil.ch\/jeux-antiques\/files\/2019\/06\/2016_65-100x100.jpg 100w\" sizes=\"auto, 100vw\" \/><\/a>\n\t\t\t<\/div><\/figure><figure class='gallery-item'>\n\t\t\t<div class='gallery-icon landscape'>\n\t\t\t\t<a href='https:\/\/wp.unil.ch\/jeux-antiques\/les-jeux-antiques-de-lunil\/activites-annexes\/2016_66\/'><img loading=\"lazy\" decoding=\"async\" width=\"150\" height=\"150\" src=\"https:\/\/wp.unil.ch\/jeux-antiques\/files\/2019\/06\/2016_66-150x150.jpg\" class=\"attachment-thumbnail size-thumbnail\" alt=\"\" srcset=\"https:\/\/wp.unil.ch\/jeux-antiques\/files\/2019\/06\/2016_66-150x150.jpg 150w, https:\/\/wp.unil.ch\/jeux-antiques\/files\/2019\/06\/2016_66-100x100.jpg 100w\" sizes=\"auto, 100vw\" \/><\/a>\n\t\t\t<\/div><\/figure><figure class='gallery-item'>\n\t\t\t<div class='gallery-icon portrait'>\n\t\t\t\t<a href='https:\/\/wp.unil.ch\/jeux-antiques\/les-jeux-antiques-de-lunil\/activites-annexes\/2016_67\/'><img loading=\"lazy\" decoding=\"async\" width=\"150\" height=\"150\" src=\"https:\/\/wp.unil.ch\/jeux-antiques\/files\/2019\/06\/2016_67-150x150.jpg\" class=\"attachment-thumbnail size-thumbnail\" alt=\"\" srcset=\"https:\/\/wp.unil.ch\/jeux-antiques\/files\/2019\/06\/2016_67-150x150.jpg 150w, https:\/\/wp.unil.ch\/jeux-antiques\/files\/2019\/06\/2016_67-100x100.jpg 100w\" sizes=\"auto, 100vw\" \/><\/a>\n\t\t\t<\/div><\/figure>\n\t\t<\/div>\n\n<p><strong>Banquet<\/strong><\/p>\n<p>Le grand banquet olympique. C&rsquo;est un grand moment de rassemblement et d&rsquo;amiti\u00e9 entre les membres (actuels et anciens) de l&rsquo;Institut. Grand buffet grec ou sanglier: un festin (presque) digne de Trimalcion.<\/p>\n<div id='gallery-3' class='gallery galleryid-935 gallery-columns-2 gallery-size-thumbnail'><figure class='gallery-item'>\n\t\t\t<div class='gallery-icon portrait'>\n\t\t\t\t<a href='https:\/\/wp.unil.ch\/jeux-antiques\/les-jeux-antiques-de-lunil\/activites-annexes\/2012_33\/'><img loading=\"lazy\" decoding=\"async\" width=\"150\" height=\"150\" src=\"https:\/\/wp.unil.ch\/jeux-antiques\/files\/2019\/06\/2012_33-150x150.jpg\" class=\"attachment-thumbnail size-thumbnail\" alt=\"\" srcset=\"https:\/\/wp.unil.ch\/jeux-antiques\/files\/2019\/06\/2012_33-150x150.jpg 150w, https:\/\/wp.unil.ch\/jeux-antiques\/files\/2019\/06\/2012_33-100x100.jpg 100w\" sizes=\"auto, 100vw\" \/><\/a>\n\t\t\t<\/div><\/figure><figure class='gallery-item'>\n\t\t\t<div class='gallery-icon landscape'>\n\t\t\t\t<a href='https:\/\/wp.unil.ch\/jeux-antiques\/les-jeux-antiques-de-lunil\/deroulement-des-jeux-antiques\/2016_63\/'><img loading=\"lazy\" decoding=\"async\" width=\"150\" height=\"150\" src=\"https:\/\/wp.unil.ch\/jeux-antiques\/files\/2019\/06\/2016_63-150x150.jpg\" class=\"attachment-thumbnail size-thumbnail\" alt=\"\" aria-describedby=\"gallery-3-930\" srcset=\"https:\/\/wp.unil.ch\/jeux-antiques\/files\/2019\/06\/2016_63-150x150.jpg 150w, https:\/\/wp.unil.ch\/jeux-antiques\/files\/2019\/06\/2016_63-100x100.jpg 100w\" sizes=\"auto, 100vw\" \/><\/a>\n\t\t\t<\/div>\n\t\t\t\t<figcaption class='wp-caption-text gallery-caption' id='gallery-3-930'>\n\t\t\t\tBanquet de 2016\n\t\t\t\t<\/figcaption><\/figure>\n\t\t<\/div>\n\n<p>Sans oublier nos conf\u00e9rences, les sorties culturelles, les fameuses s\u00e9ances de coutures et d&rsquo;entrainement sportif.<\/p>\n","protected":false},"excerpt":{"rendered":"<p>Nos Jeux Olympiques ne se r\u00e9sument pas \u00e0 une comp\u00e9tition sportive. De nombreux autres activit\u00e9s sont \u00e9galement organis\u00e9es le jour m\u00eame. Course de char A d\u00e9faut de chevaux, une course de chevaux-humains est organis\u00e9e. Concours oratoire Durant l&rsquo;Antiquit\u00e9, les jeux n&rsquo;\u00e9taient pas uniquement sportifs mais aussi artistiques avec des repr\u00e9sentations th\u00e9\u00e2trales, des joutes oratoires et &hellip; <\/p>\n<p class=\"link-more\"><a href=\"https:\/\/wp.unil.ch\/jeux-antiques\/les-jeux-antiques-de-lunil\/activites-annexes\/\" class=\"more-link\">Continuer la lecture<span class=\"screen-reader-text\"> de &laquo;&nbsp;Activit\u00e9s parall\u00e8les&nbsp;&raquo;<\/span><\/a><\/p>\n","protected":false},"author":1001942,"featured_media":0,"parent":181,"menu_order":4,"comment_status":"closed","ping_status":"closed","template":"","meta":{"_seopress_robots_primary_cat":"","_seopress_titles_title":"","_seopress_titles_desc":"","_seopress_robots_index":"","footnotes":""},"class_list":["post-935","page","type-page","status-publish"],"_links":{"self":[{"href":"https:\/\/wp.unil.ch\/jeux-antiques\/wp-json\/wp\/v2\/pages\/935","targetHints":{"allow":["GET"]}}],"collection":[{"href":"https:\/\/wp.unil.ch\/jeux-antiques\/wp-json\/wp\/v2\/pages"}],"about":[{"href":"https:\/\/wp.unil.ch\/jeux-antiques\/wp-json\/wp\/v2\/types\/page"}],"author":[{"embeddable":true,"href":"https:\/\/wp.unil.ch\/jeux-antiques\/wp-json\/wp\/v2\/users\/1001942"}],"replies":[{"embeddable":true,"href":"https:\/\/wp.unil.ch\/jeux-antiques\/wp-json\/wp\/v2\/comments?post=935"}],"version-history":[{"count":0,"href":"https:\/\/wp.unil.ch\/jeux-antiques\/wp-json\/wp\/v2\/pages\/935\/revisions"}],"up":[{"embeddable":true,"href":"https:\/\/wp.unil.ch\/jeux-antiques\/wp-json\/wp\/v2\/pages\/181"}],"wp:attachment":[{"href":"https:\/\/wp.unil.ch\/jeux-antiques\/wp-json\/wp\/v2\/media?parent=935"}],"curies":[{"name":"wp","href":"https:\/\/api.w.org\/{rel}","templated":true}]}}