{"id":933,"date":"2019-06-23T22:35:19","date_gmt":"2019-06-23T20:35:19","guid":{"rendered":"http:\/\/wp.unil.ch\/jeux-antiques\/?page_id=933"},"modified":"2019-06-24T00:28:10","modified_gmt":"2019-06-23T22:28:10","slug":"les-epreuves","status":"publish","type":"page","link":"https:\/\/wp.unil.ch\/jeux-antiques\/les-jeux-antiques-de-lunil\/les-epreuves\/","title":{"rendered":"Les Epreuves"},"content":{"rendered":"<p>Dans le cadre de nos jeux, nous avons d\u00e9cid\u00e9 de concourir au pentathlon gymnique antique.<\/p>\n<p>Les disciplines \u00e9taient:<\/p>\n<ul>\n<li style=\"list-style-type: none\">\n<ul>\n<li style=\"list-style-type: none\">\n<ul>\n<li style=\"list-style-type: none\">\n<ul>\n<li>le lancer du javelot<\/li>\n<li>le lancer du disque<\/li>\n<li>le course de stade<\/li>\n<li>le saut en longueur avec poids<\/li>\n<li>la lutte<\/li>\n<\/ul>\n<\/li>\n<\/ul>\n<\/li>\n<\/ul>\n<\/li>\n<\/ul>\n<div id='gallery-1' class='gallery galleryid-933 gallery-columns-5 gallery-size-thumbnail'><figure class='gallery-item'>\n\t\t\t<div class='gallery-icon landscape'>\n\t\t\t\t<a href='https:\/\/wp.unil.ch\/jeux-antiques\/2016_48\/'><img loading=\"lazy\" decoding=\"async\" width=\"150\" height=\"150\" src=\"https:\/\/wp.unil.ch\/jeux-antiques\/files\/2019\/06\/2016_48-150x150.jpg\" class=\"attachment-thumbnail size-thumbnail\" alt=\"\" srcset=\"https:\/\/wp.unil.ch\/jeux-antiques\/files\/2019\/06\/2016_48-150x150.jpg 150w, https:\/\/wp.unil.ch\/jeux-antiques\/files\/2019\/06\/2016_48-100x100.jpg 100w\" sizes=\"auto, 100vw\" \/><\/a>\n\t\t\t<\/div><\/figure><figure class='gallery-item'>\n\t\t\t<div class='gallery-icon landscape'>\n\t\t\t\t<a href='https:\/\/wp.unil.ch\/jeux-antiques\/2016_34\/'><img loading=\"lazy\" decoding=\"async\" width=\"150\" height=\"150\" src=\"https:\/\/wp.unil.ch\/jeux-antiques\/files\/2019\/06\/2016_34-150x150.jpg\" class=\"attachment-thumbnail size-thumbnail\" alt=\"\" srcset=\"https:\/\/wp.unil.ch\/jeux-antiques\/files\/2019\/06\/2016_34-150x150.jpg 150w, https:\/\/wp.unil.ch\/jeux-antiques\/files\/2019\/06\/2016_34-100x100.jpg 100w\" sizes=\"auto, 100vw\" \/><\/a>\n\t\t\t<\/div><\/figure><figure class='gallery-item'>\n\t\t\t<div class='gallery-icon landscape'>\n\t\t\t\t<a href='https:\/\/wp.unil.ch\/jeux-antiques\/2016_54\/'><img loading=\"lazy\" decoding=\"async\" width=\"150\" height=\"150\" src=\"https:\/\/wp.unil.ch\/jeux-antiques\/files\/2019\/06\/2016_54-150x150.jpg\" class=\"attachment-thumbnail size-thumbnail\" alt=\"\" srcset=\"https:\/\/wp.unil.ch\/jeux-antiques\/files\/2019\/06\/2016_54-150x150.jpg 150w, https:\/\/wp.unil.ch\/jeux-antiques\/files\/2019\/06\/2016_54-100x100.jpg 100w\" sizes=\"auto, 100vw\" \/><\/a>\n\t\t\t<\/div><\/figure><figure class='gallery-item'>\n\t\t\t<div class='gallery-icon landscape'>\n\t\t\t\t<a href='https:\/\/wp.unil.ch\/jeux-antiques\/2016_42\/'><img loading=\"lazy\" decoding=\"async\" width=\"150\" height=\"150\" src=\"https:\/\/wp.unil.ch\/jeux-antiques\/files\/2019\/06\/2016_42-150x150.jpg\" class=\"attachment-thumbnail size-thumbnail\" alt=\"\" srcset=\"https:\/\/wp.unil.ch\/jeux-antiques\/files\/2019\/06\/2016_42-150x150.jpg 150w, https:\/\/wp.unil.ch\/jeux-antiques\/files\/2019\/06\/2016_42-100x100.jpg 100w\" sizes=\"auto, 100vw\" \/><\/a>\n\t\t\t<\/div><\/figure><figure class='gallery-item'>\n\t\t\t<div class='gallery-icon portrait'>\n\t\t\t\t<a href='https:\/\/wp.unil.ch\/jeux-antiques\/2016_31\/'><img loading=\"lazy\" decoding=\"async\" width=\"150\" height=\"150\" src=\"https:\/\/wp.unil.ch\/jeux-antiques\/files\/2019\/06\/2016_31-150x150.jpg\" class=\"attachment-thumbnail size-thumbnail\" alt=\"\" srcset=\"https:\/\/wp.unil.ch\/jeux-antiques\/files\/2019\/06\/2016_31-150x150.jpg 150w, https:\/\/wp.unil.ch\/jeux-antiques\/files\/2019\/06\/2016_31-100x100.jpg 100w\" sizes=\"auto, 100vw\" \/><\/a>\n\t\t\t<\/div><\/figure>\n\t\t<\/div>\n\n<p>D&rsquo;autres \u00e9preuves avaient lieu dans les jeux antiques:<\/p>\n<ul>\n<li style=\"list-style-type: none\">\n<ul>\n<li style=\"list-style-type: none\">\n<ul>\n<li style=\"list-style-type: none\">\n<ul>\n<li>Courses de char (quadrige et bige)<\/li>\n<li>Le <em>dolikh\u00f3s\u00a0<\/em>(course \u00e0 pieds de 4200m)<\/li>\n<li>Le <em>stadion\u00a0<\/em>(course \u00e0 pieds de 192m)<\/li>\n<li>Le <em>diaulos<\/em> (course de 384m)<\/li>\n<li>Le pugilat (combat avec coup essentiellement \u00e0 la t\u00eate)<\/li>\n<li>Le pancrace (combat sans aucune r\u00e8gle)<\/li>\n<li>L&rsquo;<i>hopl\u00edt\u00eas dr\u00f3mos\u00a0<\/i>(course de deux stades (384m) en portant le bouclier, le casque et les cn\u00e9mides)<\/li>\n<\/ul>\n<\/li>\n<\/ul>\n<\/li>\n<\/ul>\n<\/li>\n<\/ul>\n<div id='gallery-2' class='gallery galleryid-933 gallery-columns-3 gallery-size-thumbnail'><figure class='gallery-item'>\n\t\t\t<div class='gallery-icon landscape'>\n\t\t\t\t<a href='https:\/\/wp.unil.ch\/jeux-antiques\/les-jeux-antiques-de-lunil\/un-peu-dhistoire\/2016_49\/'><img loading=\"lazy\" decoding=\"async\" width=\"150\" height=\"150\" src=\"https:\/\/wp.unil.ch\/jeux-antiques\/files\/2019\/06\/2016_49-150x150.jpg\" class=\"attachment-thumbnail size-thumbnail\" alt=\"\" srcset=\"https:\/\/wp.unil.ch\/jeux-antiques\/files\/2019\/06\/2016_49-150x150.jpg 150w, https:\/\/wp.unil.ch\/jeux-antiques\/files\/2019\/06\/2016_49-100x100.jpg 100w\" sizes=\"auto, 100vw\" \/><\/a>\n\t\t\t<\/div><\/figure><figure class='gallery-item'>\n\t\t\t<div class='gallery-icon landscape'>\n\t\t\t\t<a href='https:\/\/wp.unil.ch\/jeux-antiques\/2016_61\/'><img loading=\"lazy\" decoding=\"async\" width=\"150\" height=\"150\" src=\"https:\/\/wp.unil.ch\/jeux-antiques\/files\/2019\/06\/2016_61-150x150.jpg\" class=\"attachment-thumbnail size-thumbnail\" alt=\"\" srcset=\"https:\/\/wp.unil.ch\/jeux-antiques\/files\/2019\/06\/2016_61-150x150.jpg 150w, https:\/\/wp.unil.ch\/jeux-antiques\/files\/2019\/06\/2016_61-100x100.jpg 100w\" sizes=\"auto, 100vw\" \/><\/a>\n\t\t\t<\/div><\/figure><figure class='gallery-item'>\n\t\t\t<div class='gallery-icon landscape'>\n\t\t\t\t<a href='https:\/\/wp.unil.ch\/jeux-antiques\/2016_62\/'><img loading=\"lazy\" decoding=\"async\" width=\"150\" height=\"150\" src=\"https:\/\/wp.unil.ch\/jeux-antiques\/files\/2019\/06\/2016_62-150x150.jpg\" class=\"attachment-thumbnail size-thumbnail\" alt=\"\" srcset=\"https:\/\/wp.unil.ch\/jeux-antiques\/files\/2019\/06\/2016_62-150x150.jpg 150w, https:\/\/wp.unil.ch\/jeux-antiques\/files\/2019\/06\/2016_62-100x100.jpg 100w\" sizes=\"auto, 100vw\" \/><\/a>\n\t\t\t<\/div><\/figure>\n\t\t<\/div>\n\n<p>La course en armes et les courses de char sont parfois r\u00e9alis\u00e9es en parall\u00e8le de la comp\u00e9tition.<\/p>\n","protected":false},"excerpt":{"rendered":"<p>Dans le cadre de nos jeux, nous avons d\u00e9cid\u00e9 de concourir au pentathlon gymnique antique. Les disciplines \u00e9taient: le lancer du javelot le lancer du disque le course de stade le saut en longueur avec poids la lutte D&rsquo;autres \u00e9preuves avaient lieu dans les jeux antiques: Courses de char (quadrige et bige) Le dolikh\u00f3s\u00a0(course \u00e0 &hellip; <\/p>\n<p class=\"link-more\"><a href=\"https:\/\/wp.unil.ch\/jeux-antiques\/les-jeux-antiques-de-lunil\/les-epreuves\/\" class=\"more-link\">Continuer la lecture<span class=\"screen-reader-text\"> de &laquo;&nbsp;Les Epreuves&nbsp;&raquo;<\/span><\/a><\/p>\n","protected":false},"author":1001942,"featured_media":0,"parent":181,"menu_order":3,"comment_status":"closed","ping_status":"closed","template":"","meta":{"_seopress_robots_primary_cat":"","_seopress_titles_title":"","_seopress_titles_desc":"","_seopress_robots_index":"","footnotes":""},"class_list":["post-933","page","type-page","status-publish"],"_links":{"self":[{"href":"https:\/\/wp.unil.ch\/jeux-antiques\/wp-json\/wp\/v2\/pages\/933","targetHints":{"allow":["GET"]}}],"collection":[{"href":"https:\/\/wp.unil.ch\/jeux-antiques\/wp-json\/wp\/v2\/pages"}],"about":[{"href":"https:\/\/wp.unil.ch\/jeux-antiques\/wp-json\/wp\/v2\/types\/page"}],"author":[{"embeddable":true,"href":"https:\/\/wp.unil.ch\/jeux-antiques\/wp-json\/wp\/v2\/users\/1001942"}],"replies":[{"embeddable":true,"href":"https:\/\/wp.unil.ch\/jeux-antiques\/wp-json\/wp\/v2\/comments?post=933"}],"version-history":[{"count":0,"href":"https:\/\/wp.unil.ch\/jeux-antiques\/wp-json\/wp\/v2\/pages\/933\/revisions"}],"up":[{"embeddable":true,"href":"https:\/\/wp.unil.ch\/jeux-antiques\/wp-json\/wp\/v2\/pages\/181"}],"wp:attachment":[{"href":"https:\/\/wp.unil.ch\/jeux-antiques\/wp-json\/wp\/v2\/media?parent=933"}],"curies":[{"name":"wp","href":"https:\/\/api.w.org\/{rel}","templated":true}]}}