{"id":927,"date":"2019-06-23T22:25:23","date_gmt":"2019-06-23T20:25:23","guid":{"rendered":"http:\/\/wp.unil.ch\/jeux-antiques\/?page_id=927"},"modified":"2019-06-23T22:36:43","modified_gmt":"2019-06-23T20:36:43","slug":"deroulement-des-jeux-antiques","status":"publish","type":"page","link":"https:\/\/wp.unil.ch\/jeux-antiques\/les-jeux-antiques-de-lunil\/deroulement-des-jeux-antiques\/","title":{"rendered":"D\u00e9roulement des Jeux Antiques"},"content":{"rendered":"<p><strong>1 &#8211; Pr\u00e9paratifs<\/strong><\/p>\n<p>Avant d&rsquo;envisager lancer un javelot ou un disque, il nous faut organiser de nombreux pr\u00e9paratifs. C&rsquo;est surtout la cr\u00e9ation des costumes qui prend du temps. Tout les costumes sont r\u00e9alis\u00e9s par les participants de Jeux dans le respect de l&rsquo;histoire.<\/p>\n<figure id=\"attachment_792\" aria-describedby=\"caption-attachment-792\" style=\"width: 525px\" class=\"wp-caption aligncenter\"><img alt=\"\" loading=\"lazy\" decoding=\"async\" class=\"size-large wp-image-792\" src=\"https:\/\/wp.unil.ch\/jeux-antiques\/files\/2019\/06\/2012_01-1024x681.jpg\" alt=\"\" width=\"525\" height=\"349\" srcset=\"https:\/\/wp.unil.ch\/jeux-antiques\/files\/2019\/06\/2012_01-1024x681.jpg 1024w, https:\/\/wp.unil.ch\/jeux-antiques\/files\/2019\/06\/2012_01-300x199.jpg 300w, https:\/\/wp.unil.ch\/jeux-antiques\/files\/2019\/06\/2012_01-768x511.jpg 768w, https:\/\/wp.unil.ch\/jeux-antiques\/files\/2019\/06\/2012_01.jpg 1805w\" sizes=\"auto, (max-width: 525px) 100vw, 525px\" \/><figcaption id=\"caption-attachment-792\" class=\"wp-caption-text\">Pr\u00e9paration des costumes (2012)<\/figcaption><\/figure>\n<h4>2 &#8211; La procession<\/h4>\n<p>A chaque \u00e9dition, une procession emm\u00e8ne les participants depuis l&rsquo;Anthropole jusqu&rsquo;aux terrains de sport. Le procession est guid\u00e9e par les grands pr\u00eatres sur un char, ensuite un choeur antique interpr\u00e8te un hymne en grec ancien, derri\u00e8re eux les membres du coll\u00e8ge religieux qui participent au sacrifice et enfin les athl\u00e8tes et spectateurs.<\/p>\n<figure id=\"attachment_842\" aria-describedby=\"caption-attachment-842\" style=\"width: 525px\" class=\"wp-caption aligncenter\"><img alt=\"\" loading=\"lazy\" decoding=\"async\" class=\"size-large wp-image-842\" src=\"https:\/\/wp.unil.ch\/jeux-antiques\/files\/2019\/06\/2016_17-1024x683.jpg\" alt=\"\" width=\"525\" height=\"350\" srcset=\"https:\/\/wp.unil.ch\/jeux-antiques\/files\/2019\/06\/2016_17-1024x683.jpg 1024w, https:\/\/wp.unil.ch\/jeux-antiques\/files\/2019\/06\/2016_17-300x200.jpg 300w, https:\/\/wp.unil.ch\/jeux-antiques\/files\/2019\/06\/2016_17-768x512.jpg 768w, https:\/\/wp.unil.ch\/jeux-antiques\/files\/2019\/06\/2016_17.jpg 1800w\" sizes=\"auto, (max-width: 525px) 100vw, 525px\" \/><figcaption id=\"caption-attachment-842\" class=\"wp-caption-text\">La procession de 2016<\/figcaption><\/figure>\n<p><strong>3 &#8211; Sacrifice et c\u00e9r\u00e9monie d&rsquo;ouverture<\/strong><\/p>\n<p>Tout commence par un sacrifice aux dieux pour avoir leur soutien dans l&rsquo;organisation de notre comp\u00e9tition. Un mouton en papier m\u00e2cher est \u00e9gorg\u00e9 et son sang r\u00e9pandu sur l&rsquo;autel. Son coeurs, son foie ainsi qu&rsquo;un f\u00e9mur graisseux sont grill\u00e9s et partag\u00e9s entre les hommes et les dieux.<\/p>\n<p>Une fois les conditions remplies et le sacrifice accept\u00e9 par les dieux, les athl\u00e8tes pr\u00eatent serment et les jeux peuvent commencer.<\/p>\n<figure id=\"attachment_850\" aria-describedby=\"caption-attachment-850\" style=\"width: 525px\" class=\"wp-caption aligncenter\"><img alt=\"\" loading=\"lazy\" decoding=\"async\" class=\"wp-image-850 size-large\" src=\"https:\/\/wp.unil.ch\/jeux-antiques\/files\/2019\/06\/2016_27-1024x683.jpg\" alt=\"\" width=\"525\" height=\"350\" srcset=\"https:\/\/wp.unil.ch\/jeux-antiques\/files\/2019\/06\/2016_27-1024x683.jpg 1024w, https:\/\/wp.unil.ch\/jeux-antiques\/files\/2019\/06\/2016_27-300x200.jpg 300w, https:\/\/wp.unil.ch\/jeux-antiques\/files\/2019\/06\/2016_27-768x512.jpg 768w, https:\/\/wp.unil.ch\/jeux-antiques\/files\/2019\/06\/2016_27.jpg 1800w\" sizes=\"auto, (max-width: 525px) 100vw, 525px\" \/><figcaption id=\"caption-attachment-850\" class=\"wp-caption-text\">Sacrifice de 2016<\/figcaption><\/figure>\n<h4>4 &#8211; Joutes sportives<\/h4>\n<p>Durant tout l&rsquo;apr\u00e8s-midi, les athl\u00e8tes s&rsquo;affrontent dans 5 disciplines:<\/p>\n<ul>\n<li style=\"list-style-type: none\">\n<ul>\n<li style=\"list-style-type: none\">\n<ul>\n<li style=\"list-style-type: none\">\n<ul>\n<li>Lancer du javelot<\/li>\n<li>Lancer du disque<\/li>\n<li>Saut en longueur<\/li>\n<li>Course \u00e0 pied<\/li>\n<li>Lutte<\/li>\n<\/ul>\n<\/li>\n<\/ul>\n<\/li>\n<\/ul>\n<\/li>\n<\/ul>\n<p>Les anciens pratiquaient le sport nu. Cependant, la bonne conduite (et le code p\u00e9nal) nous oblige \u00e0 pratiquer les jeux v\u00eatus. Les athl\u00e8tes ont donc le choix de porter l&rsquo;exomide ou une jupette pour concourir.<\/p>\n<figure id=\"attachment_715\" aria-describedby=\"caption-attachment-715\" style=\"width: 525px\" class=\"wp-caption aligncenter\"><img alt=\"\" loading=\"lazy\" decoding=\"async\" class=\"size-large wp-image-715\" src=\"https:\/\/wp.unil.ch\/jeux-antiques\/files\/2019\/06\/1983_18-799x1024.jpg\" alt=\"\" width=\"525\" height=\"673\" srcset=\"https:\/\/wp.unil.ch\/jeux-antiques\/files\/2019\/06\/1983_18-799x1024.jpg 799w, https:\/\/wp.unil.ch\/jeux-antiques\/files\/2019\/06\/1983_18-234x300.jpg 234w, https:\/\/wp.unil.ch\/jeux-antiques\/files\/2019\/06\/1983_18-768x985.jpg 768w, https:\/\/wp.unil.ch\/jeux-antiques\/files\/2019\/06\/1983_18.jpg 936w\" sizes=\"auto, (max-width: 525px) 100vw, 525px\" \/><figcaption id=\"caption-attachment-715\" class=\"wp-caption-text\">Deux lutteurs (1983)<\/figcaption><\/figure>\n<h4>5 &#8211; Remise de prix et c\u00e9r\u00e9monie de cl\u00f4ture<\/h4>\n<p>A la fin des \u00e9preuves, les trois meilleurs sportifs de chaque sport et du classement g\u00e9n\u00e9ral re\u00e7oivent un prix.<\/p>\n<p>Une rapide c\u00e9r\u00e9monie de cl\u00f4ture et voil\u00e0 une journ\u00e9e bien remplie de finie!<\/p>\n<figure id=\"attachment_771\" aria-describedby=\"caption-attachment-771\" style=\"width: 525px\" class=\"wp-caption aligncenter\"><img alt=\"\" loading=\"lazy\" decoding=\"async\" class=\"size-large wp-image-771\" src=\"https:\/\/wp.unil.ch\/jeux-antiques\/files\/2019\/06\/1987_27-670x1024.jpg\" alt=\"\" width=\"525\" height=\"802\" srcset=\"https:\/\/wp.unil.ch\/jeux-antiques\/files\/2019\/06\/1987_27-670x1024.jpg 670w, https:\/\/wp.unil.ch\/jeux-antiques\/files\/2019\/06\/1987_27-196x300.jpg 196w, https:\/\/wp.unil.ch\/jeux-antiques\/files\/2019\/06\/1987_27-768x1174.jpg 768w, https:\/\/wp.unil.ch\/jeux-antiques\/files\/2019\/06\/1987_27.jpg 785w\" sizes=\"auto, (max-width: 525px) 100vw, 525px\" \/><figcaption id=\"caption-attachment-771\" class=\"wp-caption-text\">Remise des prix (1987)<br \/>par Raymond Gafner, ancien directeur g\u00e9n\u00e9ral du CHUV, membre suisse et administrateur-d\u00e9l\u00e9gu\u00e9 du CIO<\/figcaption><\/figure>\n<h4>6 &#8211; Le Banquet<\/h4>\n<p>Partie r\u00e9serv\u00e9e aux membres de l&rsquo;Institut d&rsquo;Arch\u00e9ologie et des Sciences de l&rsquo;Antiquit\u00e9, la banquet est un grand moment des Jeux. A la fin de chaque comp\u00e9tition, les membres de l&rsquo;IASA se retrouvent, toujours en tenue antique, pour partager un repas grec (moderne ou antique) tous ensemble. G\u00e9n\u00e9ralement, on profite de l&rsquo;\u00e9v\u00e9nement pour f\u00eater la fin de l&rsquo;ann\u00e9e acad\u00e9mique.<\/p>\n<figure id=\"attachment_930\" aria-describedby=\"caption-attachment-930\" style=\"width: 525px\" class=\"wp-caption aligncenter\"><img alt=\"\" loading=\"lazy\" decoding=\"async\" class=\"size-large wp-image-930\" src=\"https:\/\/wp.unil.ch\/jeux-antiques\/files\/2019\/06\/2016_63-1024x683.jpg\" alt=\"\" width=\"525\" height=\"350\" srcset=\"https:\/\/wp.unil.ch\/jeux-antiques\/files\/2019\/06\/2016_63-1024x683.jpg 1024w, https:\/\/wp.unil.ch\/jeux-antiques\/files\/2019\/06\/2016_63-300x200.jpg 300w, https:\/\/wp.unil.ch\/jeux-antiques\/files\/2019\/06\/2016_63-768x512.jpg 768w, https:\/\/wp.unil.ch\/jeux-antiques\/files\/2019\/06\/2016_63.jpg 1800w\" sizes=\"auto, (max-width: 525px) 100vw, 525px\" \/><figcaption id=\"caption-attachment-930\" class=\"wp-caption-text\">Banquet de 2016<\/figcaption><\/figure>\n","protected":false},"excerpt":{"rendered":"<p>1 &#8211; Pr\u00e9paratifs Avant d&rsquo;envisager lancer un javelot ou un disque, il nous faut organiser de nombreux pr\u00e9paratifs. C&rsquo;est surtout la cr\u00e9ation des costumes qui prend du temps. Tout les costumes sont r\u00e9alis\u00e9s par les participants de Jeux dans le respect de l&rsquo;histoire. 2 &#8211; La procession A chaque \u00e9dition, une procession emm\u00e8ne les participants &hellip; <\/p>\n<p class=\"link-more\"><a href=\"https:\/\/wp.unil.ch\/jeux-antiques\/les-jeux-antiques-de-lunil\/deroulement-des-jeux-antiques\/\" class=\"more-link\">Continuer la lecture<span class=\"screen-reader-text\"> de &laquo;&nbsp;D\u00e9roulement des Jeux Antiques&nbsp;&raquo;<\/span><\/a><\/p>\n","protected":false},"author":1001942,"featured_media":0,"parent":181,"menu_order":2,"comment_status":"closed","ping_status":"closed","template":"","meta":{"_seopress_robots_primary_cat":"","_seopress_titles_title":"","_seopress_titles_desc":"","_seopress_robots_index":"","footnotes":""},"class_list":["post-927","page","type-page","status-publish"],"_links":{"self":[{"href":"https:\/\/wp.unil.ch\/jeux-antiques\/wp-json\/wp\/v2\/pages\/927","targetHints":{"allow":["GET"]}}],"collection":[{"href":"https:\/\/wp.unil.ch\/jeux-antiques\/wp-json\/wp\/v2\/pages"}],"about":[{"href":"https:\/\/wp.unil.ch\/jeux-antiques\/wp-json\/wp\/v2\/types\/page"}],"author":[{"embeddable":true,"href":"https:\/\/wp.unil.ch\/jeux-antiques\/wp-json\/wp\/v2\/users\/1001942"}],"replies":[{"embeddable":true,"href":"https:\/\/wp.unil.ch\/jeux-antiques\/wp-json\/wp\/v2\/comments?post=927"}],"version-history":[{"count":0,"href":"https:\/\/wp.unil.ch\/jeux-antiques\/wp-json\/wp\/v2\/pages\/927\/revisions"}],"up":[{"embeddable":true,"href":"https:\/\/wp.unil.ch\/jeux-antiques\/wp-json\/wp\/v2\/pages\/181"}],"wp:attachment":[{"href":"https:\/\/wp.unil.ch\/jeux-antiques\/wp-json\/wp\/v2\/media?parent=927"}],"curies":[{"name":"wp","href":"https:\/\/api.w.org\/{rel}","templated":true}]}}