{"id":6,"date":"2017-10-11T10:32:19","date_gmt":"2017-10-11T08:32:19","guid":{"rendered":"http:\/\/wp.unil.ch\/jeux-antiques\/?page_id=6"},"modified":"2024-09-03T09:24:51","modified_gmt":"2024-09-03T07:24:51","slug":"home","status":"publish","type":"page","link":"https:\/\/wp.unil.ch\/jeux-antiques\/","title":{"rendered":"Accueil"},"content":{"rendered":"\n<p>Bienvenue sur le site des Jeux olympique antique de l&rsquo;Universit\u00e9 de Lausanne !<\/p>\n\n\n\n<p>La prochaine \u00e9dition se tiendra le 12 septembre 2024.<\/p>\n\n\n\n<p class=\"has-medium-font-size\">Programme de l&rsquo;\u00e9v\u00e9nement : <\/p>\n\n\n\n<p><strong>10h-12h<\/strong>: Ateliers pour les classes sur les terrains de sport de Dorigny.<\/p>\n\n\n\n<p><strong>13h<\/strong>: Procession d&rsquo;ouverture des Jeux et sacrifice (d&rsquo;une fausse ch\u00e8vre), partant du b\u00e2timent Anthropole<\/p>\n\n\n\n<p><strong>14h<\/strong>: \u00c9preuves sportives, dont le lancer du javelot, le lancer du disque, le saut en longueur, la course de stade et la lutte, sur les terrains de sport de Dorigny.<\/p>\n\n\n\n<p><strong>18h<\/strong>: C\u00e9r\u00e9monie de remise de prix aux vainqueur.e.s<\/p>\n\n\n\n<p><strong>19h<\/strong>: D\u00e9but du banquet (R\u00e9serv\u00e9 aux sportifs!)<\/p>\n\n\n\n<p><\/p>\n","protected":false},"excerpt":{"rendered":"<p>Bienvenue sur le site des Jeux olympique antique de l&rsquo;Universit\u00e9 de Lausanne ! La prochaine \u00e9dition se tiendra le 12 septembre 2024. Programme de l&rsquo;\u00e9v\u00e9nement : 10h-12h: Ateliers pour les classes sur les terrains de sport de Dorigny. 13h: Procession d&rsquo;ouverture des Jeux et sacrifice (d&rsquo;une fausse ch\u00e8vre), partant du b\u00e2timent Anthropole 14h: \u00c9preuves sportives, &hellip; <\/p>\n<p class=\"link-more\"><a href=\"https:\/\/wp.unil.ch\/jeux-antiques\/\" class=\"more-link\">Continuer la lecture<span class=\"screen-reader-text\"> de &laquo;&nbsp;Accueil&nbsp;&raquo;<\/span><\/a><\/p>\n","protected":false},"author":108,"featured_media":0,"parent":0,"menu_order":1,"comment_status":"closed","ping_status":"closed","template":"","meta":{"_seopress_robots_primary_cat":"","_seopress_titles_title":"","_seopress_titles_desc":"","_seopress_robots_index":"","footnotes":""},"class_list":["post-6","page","type-page","status-publish"],"_links":{"self":[{"href":"https:\/\/wp.unil.ch\/jeux-antiques\/wp-json\/wp\/v2\/pages\/6","targetHints":{"allow":["GET"]}}],"collection":[{"href":"https:\/\/wp.unil.ch\/jeux-antiques\/wp-json\/wp\/v2\/pages"}],"about":[{"href":"https:\/\/wp.unil.ch\/jeux-antiques\/wp-json\/wp\/v2\/types\/page"}],"author":[{"embeddable":true,"href":"https:\/\/wp.unil.ch\/jeux-antiques\/wp-json\/wp\/v2\/users\/108"}],"replies":[{"embeddable":true,"href":"https:\/\/wp.unil.ch\/jeux-antiques\/wp-json\/wp\/v2\/comments?post=6"}],"version-history":[{"count":5,"href":"https:\/\/wp.unil.ch\/jeux-antiques\/wp-json\/wp\/v2\/pages\/6\/revisions"}],"predecessor-version":[{"id":1135,"href":"https:\/\/wp.unil.ch\/jeux-antiques\/wp-json\/wp\/v2\/pages\/6\/revisions\/1135"}],"wp:attachment":[{"href":"https:\/\/wp.unil.ch\/jeux-antiques\/wp-json\/wp\/v2\/media?parent=6"}],"curies":[{"name":"wp","href":"https:\/\/api.w.org\/{rel}","templated":true}]}}