{"id":221,"date":"2019-06-11T01:17:40","date_gmt":"2019-06-10T23:17:40","guid":{"rendered":"http:\/\/wp.unil.ch\/jeux-antiques\/?page_id=221"},"modified":"2021-12-08T10:54:33","modified_gmt":"2021-12-08T09:54:33","slug":"gallerie-1987","status":"publish","type":"page","link":"https:\/\/wp.unil.ch\/jeux-antiques\/galerie\/gallerie-1987\/","title":{"rendered":"Gallerie 1987"},"content":{"rendered":"<p><a href=\"https:\/\/wp.unil.ch\/jeux-antiques\/galerie\">Retour<\/a><\/p>\n<div id='gallery-1' class='gallery galleryid-221 gallery-columns-3 gallery-size-thumbnail'><figure class='gallery-item'>\n\t\t\t<div class='gallery-icon portrait'>\n\t\t\t\t<a href='https:\/\/wp.unil.ch\/jeux-antiques\/files\/2019\/06\/1987_13.jpg'><img loading=\"lazy\" decoding=\"async\" width=\"150\" height=\"150\" src=\"https:\/\/wp.unil.ch\/jeux-antiques\/files\/2019\/06\/1987_13-150x150.jpg\" class=\"attachment-thumbnail size-thumbnail\" alt=\"\" srcset=\"https:\/\/wp.unil.ch\/jeux-antiques\/files\/2019\/06\/1987_13-150x150.jpg 150w, https:\/\/wp.unil.ch\/jeux-antiques\/files\/2019\/06\/1987_13-100x100.jpg 100w\" sizes=\"auto, 100vw\" \/><\/a>\n\t\t\t<\/div><\/figure><figure class='gallery-item'>\n\t\t\t<div class='gallery-icon landscape'>\n\t\t\t\t<a href='https:\/\/wp.unil.ch\/jeux-antiques\/files\/2019\/06\/1987_25.jpg'><img loading=\"lazy\" decoding=\"async\" width=\"150\" height=\"150\" src=\"https:\/\/wp.unil.ch\/jeux-antiques\/files\/2019\/06\/1987_25-150x150.jpg\" class=\"attachment-thumbnail size-thumbnail\" alt=\"\" srcset=\"https:\/\/wp.unil.ch\/jeux-antiques\/files\/2019\/06\/1987_25-150x150.jpg 150w, https:\/\/wp.unil.ch\/jeux-antiques\/files\/2019\/06\/1987_25-100x100.jpg 100w\" sizes=\"auto, 100vw\" \/><\/a>\n\t\t\t<\/div><\/figure><figure class='gallery-item'>\n\t\t\t<div class='gallery-icon landscape'>\n\t\t\t\t<a href='https:\/\/wp.unil.ch\/jeux-antiques\/files\/2019\/06\/1987_04.jpg'><img loading=\"lazy\" decoding=\"async\" width=\"150\" height=\"150\" src=\"https:\/\/wp.unil.ch\/jeux-antiques\/files\/2019\/06\/1987_04-150x150.jpg\" class=\"attachment-thumbnail size-thumbnail\" alt=\"\" srcset=\"https:\/\/wp.unil.ch\/jeux-antiques\/files\/2019\/06\/1987_04-150x150.jpg 150w, https:\/\/wp.unil.ch\/jeux-antiques\/files\/2019\/06\/1987_04-100x100.jpg 100w\" sizes=\"auto, 100vw\" \/><\/a>\n\t\t\t<\/div><\/figure><figure class='gallery-item'>\n\t\t\t<div class='gallery-icon landscape'>\n\t\t\t\t<a href='https:\/\/wp.unil.ch\/jeux-antiques\/files\/2019\/06\/1987_10.jpg'><img loading=\"lazy\" decoding=\"async\" width=\"150\" height=\"150\" src=\"https:\/\/wp.unil.ch\/jeux-antiques\/files\/2019\/06\/1987_10-150x150.jpg\" class=\"attachment-thumbnail size-thumbnail\" alt=\"\" srcset=\"https:\/\/wp.unil.ch\/jeux-antiques\/files\/2019\/06\/1987_10-150x150.jpg 150w, https:\/\/wp.unil.ch\/jeux-antiques\/files\/2019\/06\/1987_10-100x100.jpg 100w\" sizes=\"auto, 100vw\" \/><\/a>\n\t\t\t<\/div><\/figure><figure class='gallery-item'>\n\t\t\t<div class='gallery-icon portrait'>\n\t\t\t\t<a href='https:\/\/wp.unil.ch\/jeux-antiques\/files\/2019\/06\/1987_33.jpg'><img loading=\"lazy\" decoding=\"async\" width=\"150\" height=\"150\" src=\"https:\/\/wp.unil.ch\/jeux-antiques\/files\/2019\/06\/1987_33-150x150.jpg\" class=\"attachment-thumbnail size-thumbnail\" alt=\"\" srcset=\"https:\/\/wp.unil.ch\/jeux-antiques\/files\/2019\/06\/1987_33-150x150.jpg 150w, https:\/\/wp.unil.ch\/jeux-antiques\/files\/2019\/06\/1987_33-100x100.jpg 100w\" sizes=\"auto, 100vw\" \/><\/a>\n\t\t\t<\/div><\/figure><figure class='gallery-item'>\n\t\t\t<div class='gallery-icon portrait'>\n\t\t\t\t<a href='https:\/\/wp.unil.ch\/jeux-antiques\/files\/2019\/06\/1987_32.jpg'><img loading=\"lazy\" decoding=\"async\" width=\"150\" height=\"150\" src=\"https:\/\/wp.unil.ch\/jeux-antiques\/files\/2019\/06\/1987_32-150x150.jpg\" class=\"attachment-thumbnail size-thumbnail\" alt=\"\" srcset=\"https:\/\/wp.unil.ch\/jeux-antiques\/files\/2019\/06\/1987_32-150x150.jpg 150w, https:\/\/wp.unil.ch\/jeux-antiques\/files\/2019\/06\/1987_32-100x100.jpg 100w\" sizes=\"auto, 100vw\" \/><\/a>\n\t\t\t<\/div><\/figure><figure class='gallery-item'>\n\t\t\t<div class='gallery-icon landscape'>\n\t\t\t\t<a href='https:\/\/wp.unil.ch\/jeux-antiques\/files\/2019\/06\/1987_26.jpg'><img loading=\"lazy\" decoding=\"async\" width=\"150\" height=\"150\" src=\"https:\/\/wp.unil.ch\/jeux-antiques\/files\/2019\/06\/1987_26-150x150.jpg\" class=\"attachment-thumbnail size-thumbnail\" alt=\"\" aria-describedby=\"gallery-1-770\" srcset=\"https:\/\/wp.unil.ch\/jeux-antiques\/files\/2019\/06\/1987_26-150x150.jpg 150w, https:\/\/wp.unil.ch\/jeux-antiques\/files\/2019\/06\/1987_26-100x100.jpg 100w\" sizes=\"auto, 100vw\" \/><\/a>\n\t\t\t<\/div>\n\t\t\t\t<figcaption class='wp-caption-text gallery-caption' id='gallery-1-770'>\n\t\t\t\tCourse \u00e0 pied (1987)\n\t\t\t\t<\/figcaption><\/figure><figure class='gallery-item'>\n\t\t\t<div class='gallery-icon landscape'>\n\t\t\t\t<a href='https:\/\/wp.unil.ch\/jeux-antiques\/files\/2019\/06\/1987_09.jpg'><img loading=\"lazy\" decoding=\"async\" width=\"150\" height=\"150\" src=\"https:\/\/wp.unil.ch\/jeux-antiques\/files\/2019\/06\/1987_09-150x150.jpg\" class=\"attachment-thumbnail size-thumbnail\" alt=\"\" srcset=\"https:\/\/wp.unil.ch\/jeux-antiques\/files\/2019\/06\/1987_09-150x150.jpg 150w, https:\/\/wp.unil.ch\/jeux-antiques\/files\/2019\/06\/1987_09-100x100.jpg 100w\" sizes=\"auto, 100vw\" \/><\/a>\n\t\t\t<\/div><\/figure><figure class='gallery-item'>\n\t\t\t<div class='gallery-icon portrait'>\n\t\t\t\t<a href='https:\/\/wp.unil.ch\/jeux-antiques\/files\/2019\/06\/1987_36.jpg'><img loading=\"lazy\" decoding=\"async\" width=\"150\" height=\"150\" src=\"https:\/\/wp.unil.ch\/jeux-antiques\/files\/2019\/06\/1987_36-150x150.jpg\" class=\"attachment-thumbnail size-thumbnail\" alt=\"\" srcset=\"https:\/\/wp.unil.ch\/jeux-antiques\/files\/2019\/06\/1987_36-150x150.jpg 150w, https:\/\/wp.unil.ch\/jeux-antiques\/files\/2019\/06\/1987_36-100x100.jpg 100w\" sizes=\"auto, 100vw\" \/><\/a>\n\t\t\t<\/div><\/figure><figure class='gallery-item'>\n\t\t\t<div class='gallery-icon landscape'>\n\t\t\t\t<a href='https:\/\/wp.unil.ch\/jeux-antiques\/files\/2019\/06\/1987_34.jpg'><img loading=\"lazy\" decoding=\"async\" width=\"150\" height=\"150\" src=\"https:\/\/wp.unil.ch\/jeux-antiques\/files\/2019\/06\/1987_34-150x150.jpg\" class=\"attachment-thumbnail size-thumbnail\" alt=\"\" srcset=\"https:\/\/wp.unil.ch\/jeux-antiques\/files\/2019\/06\/1987_34-150x150.jpg 150w, https:\/\/wp.unil.ch\/jeux-antiques\/files\/2019\/06\/1987_34-100x100.jpg 100w\" sizes=\"auto, 100vw\" \/><\/a>\n\t\t\t<\/div><\/figure><figure class='gallery-item'>\n\t\t\t<div class='gallery-icon landscape'>\n\t\t\t\t<a href='https:\/\/wp.unil.ch\/jeux-antiques\/files\/2019\/06\/1987_23.jpg'><img loading=\"lazy\" decoding=\"async\" width=\"150\" height=\"150\" src=\"https:\/\/wp.unil.ch\/jeux-antiques\/files\/2019\/06\/1987_23-150x150.jpg\" class=\"attachment-thumbnail size-thumbnail\" alt=\"\" srcset=\"https:\/\/wp.unil.ch\/jeux-antiques\/files\/2019\/06\/1987_23-150x150.jpg 150w, https:\/\/wp.unil.ch\/jeux-antiques\/files\/2019\/06\/1987_23-100x100.jpg 100w\" sizes=\"auto, 100vw\" \/><\/a>\n\t\t\t<\/div><\/figure><figure class='gallery-item'>\n\t\t\t<div class='gallery-icon landscape'>\n\t\t\t\t<a href='https:\/\/wp.unil.ch\/jeux-antiques\/files\/2019\/06\/1987_29.jpg'><img loading=\"lazy\" decoding=\"async\" width=\"150\" height=\"150\" src=\"https:\/\/wp.unil.ch\/jeux-antiques\/files\/2019\/06\/1987_29-150x150.jpg\" class=\"attachment-thumbnail size-thumbnail\" alt=\"\" srcset=\"https:\/\/wp.unil.ch\/jeux-antiques\/files\/2019\/06\/1987_29-150x150.jpg 150w, https:\/\/wp.unil.ch\/jeux-antiques\/files\/2019\/06\/1987_29-100x100.jpg 100w\" sizes=\"auto, 100vw\" \/><\/a>\n\t\t\t<\/div><\/figure><figure class='gallery-item'>\n\t\t\t<div class='gallery-icon landscape'>\n\t\t\t\t<a href='https:\/\/wp.unil.ch\/jeux-antiques\/files\/2019\/06\/1987_07.jpg'><img loading=\"lazy\" decoding=\"async\" width=\"150\" height=\"150\" src=\"https:\/\/wp.unil.ch\/jeux-antiques\/files\/2019\/06\/1987_07-150x150.jpg\" class=\"attachment-thumbnail size-thumbnail\" alt=\"\" srcset=\"https:\/\/wp.unil.ch\/jeux-antiques\/files\/2019\/06\/1987_07-150x150.jpg 150w, https:\/\/wp.unil.ch\/jeux-antiques\/files\/2019\/06\/1987_07-100x100.jpg 100w\" sizes=\"auto, 100vw\" \/><\/a>\n\t\t\t<\/div><\/figure><figure class='gallery-item'>\n\t\t\t<div class='gallery-icon landscape'>\n\t\t\t\t<a href='https:\/\/wp.unil.ch\/jeux-antiques\/files\/2019\/06\/1987_40.jpg'><img loading=\"lazy\" decoding=\"async\" width=\"150\" height=\"150\" src=\"https:\/\/wp.unil.ch\/jeux-antiques\/files\/2019\/06\/1987_40-150x150.jpg\" class=\"attachment-thumbnail size-thumbnail\" alt=\"\" srcset=\"https:\/\/wp.unil.ch\/jeux-antiques\/files\/2019\/06\/1987_40-150x150.jpg 150w, https:\/\/wp.unil.ch\/jeux-antiques\/files\/2019\/06\/1987_40-100x100.jpg 100w\" sizes=\"auto, 100vw\" \/><\/a>\n\t\t\t<\/div><\/figure><figure class='gallery-item'>\n\t\t\t<div class='gallery-icon portrait'>\n\t\t\t\t<a href='https:\/\/wp.unil.ch\/jeux-antiques\/files\/2019\/06\/1987_15.jpg'><img loading=\"lazy\" decoding=\"async\" width=\"150\" height=\"150\" src=\"https:\/\/wp.unil.ch\/jeux-antiques\/files\/2019\/06\/1987_15-150x150.jpg\" class=\"attachment-thumbnail size-thumbnail\" alt=\"\" srcset=\"https:\/\/wp.unil.ch\/jeux-antiques\/files\/2019\/06\/1987_15-150x150.jpg 150w, https:\/\/wp.unil.ch\/jeux-antiques\/files\/2019\/06\/1987_15-100x100.jpg 100w\" sizes=\"auto, 100vw\" \/><\/a>\n\t\t\t<\/div><\/figure><figure class='gallery-item'>\n\t\t\t<div class='gallery-icon landscape'>\n\t\t\t\t<a href='https:\/\/wp.unil.ch\/jeux-antiques\/files\/2019\/06\/1987_28.jpg'><img loading=\"lazy\" decoding=\"async\" width=\"150\" height=\"150\" src=\"https:\/\/wp.unil.ch\/jeux-antiques\/files\/2019\/06\/1987_28-150x150.jpg\" class=\"attachment-thumbnail size-thumbnail\" alt=\"\" srcset=\"https:\/\/wp.unil.ch\/jeux-antiques\/files\/2019\/06\/1987_28-150x150.jpg 150w, https:\/\/wp.unil.ch\/jeux-antiques\/files\/2019\/06\/1987_28-100x100.jpg 100w\" sizes=\"auto, 100vw\" \/><\/a>\n\t\t\t<\/div><\/figure><figure class='gallery-item'>\n\t\t\t<div class='gallery-icon landscape'>\n\t\t\t\t<a href='https:\/\/wp.unil.ch\/jeux-antiques\/files\/2019\/06\/1987_38.jpg'><img loading=\"lazy\" decoding=\"async\" width=\"150\" height=\"150\" src=\"https:\/\/wp.unil.ch\/jeux-antiques\/files\/2019\/06\/1987_38-150x150.jpg\" class=\"attachment-thumbnail size-thumbnail\" alt=\"\" srcset=\"https:\/\/wp.unil.ch\/jeux-antiques\/files\/2019\/06\/1987_38-150x150.jpg 150w, https:\/\/wp.unil.ch\/jeux-antiques\/files\/2019\/06\/1987_38-100x100.jpg 100w\" sizes=\"auto, 100vw\" \/><\/a>\n\t\t\t<\/div><\/figure><figure class='gallery-item'>\n\t\t\t<div class='gallery-icon portrait'>\n\t\t\t\t<a href='https:\/\/wp.unil.ch\/jeux-antiques\/files\/2019\/06\/1987_22.jpg'><img loading=\"lazy\" decoding=\"async\" width=\"150\" height=\"150\" src=\"https:\/\/wp.unil.ch\/jeux-antiques\/files\/2019\/06\/1987_22-150x150.jpg\" class=\"attachment-thumbnail size-thumbnail\" alt=\"\" srcset=\"https:\/\/wp.unil.ch\/jeux-antiques\/files\/2019\/06\/1987_22-150x150.jpg 150w, https:\/\/wp.unil.ch\/jeux-antiques\/files\/2019\/06\/1987_22-100x100.jpg 100w\" sizes=\"auto, 100vw\" \/><\/a>\n\t\t\t<\/div><\/figure><figure class='gallery-item'>\n\t\t\t<div class='gallery-icon portrait'>\n\t\t\t\t<a href='https:\/\/wp.unil.ch\/jeux-antiques\/files\/2019\/06\/1987_19.jpg'><img loading=\"lazy\" decoding=\"async\" width=\"150\" height=\"150\" src=\"https:\/\/wp.unil.ch\/jeux-antiques\/files\/2019\/06\/1987_19-150x150.jpg\" class=\"attachment-thumbnail size-thumbnail\" alt=\"\" srcset=\"https:\/\/wp.unil.ch\/jeux-antiques\/files\/2019\/06\/1987_19-150x150.jpg 150w, https:\/\/wp.unil.ch\/jeux-antiques\/files\/2019\/06\/1987_19-100x100.jpg 100w\" sizes=\"auto, 100vw\" \/><\/a>\n\t\t\t<\/div><\/figure><figure class='gallery-item'>\n\t\t\t<div class='gallery-icon landscape'>\n\t\t\t\t<a href='https:\/\/wp.unil.ch\/jeux-antiques\/files\/2019\/06\/1987_24.jpg'><img loading=\"lazy\" decoding=\"async\" width=\"150\" height=\"150\" src=\"https:\/\/wp.unil.ch\/jeux-antiques\/files\/2019\/06\/1987_24-150x150.jpg\" class=\"attachment-thumbnail size-thumbnail\" alt=\"\" srcset=\"https:\/\/wp.unil.ch\/jeux-antiques\/files\/2019\/06\/1987_24-150x150.jpg 150w, https:\/\/wp.unil.ch\/jeux-antiques\/files\/2019\/06\/1987_24-100x100.jpg 100w\" sizes=\"auto, 100vw\" \/><\/a>\n\t\t\t<\/div><\/figure><figure class='gallery-item'>\n\t\t\t<div class='gallery-icon portrait'>\n\t\t\t\t<a href='https:\/\/wp.unil.ch\/jeux-antiques\/files\/2019\/06\/1987_20.jpg'><img loading=\"lazy\" decoding=\"async\" width=\"150\" height=\"150\" src=\"https:\/\/wp.unil.ch\/jeux-antiques\/files\/2019\/06\/1987_20-150x150.jpg\" class=\"attachment-thumbnail size-thumbnail\" alt=\"\" srcset=\"https:\/\/wp.unil.ch\/jeux-antiques\/files\/2019\/06\/1987_20-150x150.jpg 150w, https:\/\/wp.unil.ch\/jeux-antiques\/files\/2019\/06\/1987_20-100x100.jpg 100w\" sizes=\"auto, 100vw\" \/><\/a>\n\t\t\t<\/div><\/figure><figure class='gallery-item'>\n\t\t\t<div class='gallery-icon landscape'>\n\t\t\t\t<a href='https:\/\/wp.unil.ch\/jeux-antiques\/files\/2019\/06\/1987_12.jpg'><img loading=\"lazy\" decoding=\"async\" width=\"150\" height=\"150\" src=\"https:\/\/wp.unil.ch\/jeux-antiques\/files\/2019\/06\/1987_12-150x150.jpg\" class=\"attachment-thumbnail size-thumbnail\" alt=\"\" srcset=\"https:\/\/wp.unil.ch\/jeux-antiques\/files\/2019\/06\/1987_12-150x150.jpg 150w, https:\/\/wp.unil.ch\/jeux-antiques\/files\/2019\/06\/1987_12-100x100.jpg 100w\" sizes=\"auto, 100vw\" \/><\/a>\n\t\t\t<\/div><\/figure><figure class='gallery-item'>\n\t\t\t<div class='gallery-icon portrait'>\n\t\t\t\t<a href='https:\/\/wp.unil.ch\/jeux-antiques\/files\/2019\/06\/1987_14.jpg'><img loading=\"lazy\" decoding=\"async\" width=\"150\" height=\"150\" src=\"https:\/\/wp.unil.ch\/jeux-antiques\/files\/2019\/06\/1987_14-150x150.jpg\" class=\"attachment-thumbnail size-thumbnail\" alt=\"\" srcset=\"https:\/\/wp.unil.ch\/jeux-antiques\/files\/2019\/06\/1987_14-150x150.jpg 150w, https:\/\/wp.unil.ch\/jeux-antiques\/files\/2019\/06\/1987_14-100x100.jpg 100w\" sizes=\"auto, 100vw\" \/><\/a>\n\t\t\t<\/div><\/figure><figure class='gallery-item'>\n\t\t\t<div class='gallery-icon landscape'>\n\t\t\t\t<a href='https:\/\/wp.unil.ch\/jeux-antiques\/files\/2019\/06\/1987_30.jpg'><img loading=\"lazy\" decoding=\"async\" width=\"150\" height=\"150\" src=\"https:\/\/wp.unil.ch\/jeux-antiques\/files\/2019\/06\/1987_30-150x150.jpg\" class=\"attachment-thumbnail size-thumbnail\" alt=\"\" srcset=\"https:\/\/wp.unil.ch\/jeux-antiques\/files\/2019\/06\/1987_30-150x150.jpg 150w, https:\/\/wp.unil.ch\/jeux-antiques\/files\/2019\/06\/1987_30-100x100.jpg 100w\" sizes=\"auto, 100vw\" \/><\/a>\n\t\t\t<\/div><\/figure><figure class='gallery-item'>\n\t\t\t<div class='gallery-icon landscape'>\n\t\t\t\t<a href='https:\/\/wp.unil.ch\/jeux-antiques\/files\/2019\/06\/1987_31.jpg'><img loading=\"lazy\" decoding=\"async\" width=\"150\" height=\"150\" src=\"https:\/\/wp.unil.ch\/jeux-antiques\/files\/2019\/06\/1987_31-150x150.jpg\" class=\"attachment-thumbnail size-thumbnail\" alt=\"\" srcset=\"https:\/\/wp.unil.ch\/jeux-antiques\/files\/2019\/06\/1987_31-150x150.jpg 150w, https:\/\/wp.unil.ch\/jeux-antiques\/files\/2019\/06\/1987_31-100x100.jpg 100w\" sizes=\"auto, 100vw\" \/><\/a>\n\t\t\t<\/div><\/figure><figure class='gallery-item'>\n\t\t\t<div class='gallery-icon portrait'>\n\t\t\t\t<a href='https:\/\/wp.unil.ch\/jeux-antiques\/files\/2019\/06\/1987_16.jpg'><img loading=\"lazy\" decoding=\"async\" width=\"150\" height=\"150\" src=\"https:\/\/wp.unil.ch\/jeux-antiques\/files\/2019\/06\/1987_16-150x150.jpg\" class=\"attachment-thumbnail size-thumbnail\" alt=\"\" srcset=\"https:\/\/wp.unil.ch\/jeux-antiques\/files\/2019\/06\/1987_16-150x150.jpg 150w, https:\/\/wp.unil.ch\/jeux-antiques\/files\/2019\/06\/1987_16-100x100.jpg 100w\" sizes=\"auto, 100vw\" \/><\/a>\n\t\t\t<\/div><\/figure><figure class='gallery-item'>\n\t\t\t<div class='gallery-icon portrait'>\n\t\t\t\t<a href='https:\/\/wp.unil.ch\/jeux-antiques\/files\/2019\/06\/1987_27.jpg'><img loading=\"lazy\" decoding=\"async\" width=\"150\" height=\"150\" src=\"https:\/\/wp.unil.ch\/jeux-antiques\/files\/2019\/06\/1987_27-150x150.jpg\" class=\"attachment-thumbnail size-thumbnail\" alt=\"\" aria-describedby=\"gallery-1-771\" srcset=\"https:\/\/wp.unil.ch\/jeux-antiques\/files\/2019\/06\/1987_27-150x150.jpg 150w, https:\/\/wp.unil.ch\/jeux-antiques\/files\/2019\/06\/1987_27-100x100.jpg 100w\" sizes=\"auto, 100vw\" \/><\/a>\n\t\t\t<\/div>\n\t\t\t\t<figcaption class='wp-caption-text gallery-caption' id='gallery-1-771'>\n\t\t\t\tRemise des prix (1987)\npar Raymond Gafner, ancien directeur g\u00e9n\u00e9ral du CHUV, membre suisse et administrateur-d\u00e9l\u00e9gu\u00e9 du CIO\n\t\t\t\t<\/figcaption><\/figure><figure class='gallery-item'>\n\t\t\t<div class='gallery-icon landscape'>\n\t\t\t\t<a href='https:\/\/wp.unil.ch\/jeux-antiques\/files\/2019\/06\/1987_01.jpg'><img loading=\"lazy\" decoding=\"async\" width=\"150\" height=\"150\" src=\"https:\/\/wp.unil.ch\/jeux-antiques\/files\/2019\/06\/1987_01-150x150.jpg\" class=\"attachment-thumbnail size-thumbnail\" alt=\"\" srcset=\"https:\/\/wp.unil.ch\/jeux-antiques\/files\/2019\/06\/1987_01-150x150.jpg 150w, https:\/\/wp.unil.ch\/jeux-antiques\/files\/2019\/06\/1987_01-100x100.jpg 100w\" sizes=\"auto, 100vw\" \/><\/a>\n\t\t\t<\/div><\/figure><figure class='gallery-item'>\n\t\t\t<div class='gallery-icon landscape'>\n\t\t\t\t<a href='https:\/\/wp.unil.ch\/jeux-antiques\/files\/2019\/06\/1987_08.jpg'><img loading=\"lazy\" decoding=\"async\" width=\"150\" height=\"150\" src=\"https:\/\/wp.unil.ch\/jeux-antiques\/files\/2019\/06\/1987_08-150x150.jpg\" class=\"attachment-thumbnail size-thumbnail\" alt=\"\" srcset=\"https:\/\/wp.unil.ch\/jeux-antiques\/files\/2019\/06\/1987_08-150x150.jpg 150w, https:\/\/wp.unil.ch\/jeux-antiques\/files\/2019\/06\/1987_08-100x100.jpg 100w\" sizes=\"auto, 100vw\" \/><\/a>\n\t\t\t<\/div><\/figure><figure class='gallery-item'>\n\t\t\t<div class='gallery-icon landscape'>\n\t\t\t\t<a href='https:\/\/wp.unil.ch\/jeux-antiques\/files\/2019\/06\/1987_17.jpg'><img loading=\"lazy\" decoding=\"async\" width=\"150\" height=\"150\" src=\"https:\/\/wp.unil.ch\/jeux-antiques\/files\/2019\/06\/1987_17-150x150.jpg\" class=\"attachment-thumbnail size-thumbnail\" alt=\"\" srcset=\"https:\/\/wp.unil.ch\/jeux-antiques\/files\/2019\/06\/1987_17-150x150.jpg 150w, https:\/\/wp.unil.ch\/jeux-antiques\/files\/2019\/06\/1987_17-100x100.jpg 100w\" sizes=\"auto, 100vw\" \/><\/a>\n\t\t\t<\/div><\/figure><figure class='gallery-item'>\n\t\t\t<div class='gallery-icon landscape'>\n\t\t\t\t<a href='https:\/\/wp.unil.ch\/jeux-antiques\/files\/2019\/06\/1987_02.jpg'><img loading=\"lazy\" decoding=\"async\" width=\"150\" height=\"150\" src=\"https:\/\/wp.unil.ch\/jeux-antiques\/files\/2019\/06\/1987_02-150x150.jpg\" class=\"attachment-thumbnail size-thumbnail\" alt=\"\" srcset=\"https:\/\/wp.unil.ch\/jeux-antiques\/files\/2019\/06\/1987_02-150x150.jpg 150w, https:\/\/wp.unil.ch\/jeux-antiques\/files\/2019\/06\/1987_02-100x100.jpg 100w\" sizes=\"auto, 100vw\" \/><\/a>\n\t\t\t<\/div><\/figure><figure class='gallery-item'>\n\t\t\t<div class='gallery-icon portrait'>\n\t\t\t\t<a href='https:\/\/wp.unil.ch\/jeux-antiques\/files\/2019\/06\/1987_39.jpg'><img loading=\"lazy\" decoding=\"async\" width=\"150\" height=\"150\" src=\"https:\/\/wp.unil.ch\/jeux-antiques\/files\/2019\/06\/1987_39-150x150.jpg\" class=\"attachment-thumbnail size-thumbnail\" alt=\"\" aria-describedby=\"gallery-1-783\" srcset=\"https:\/\/wp.unil.ch\/jeux-antiques\/files\/2019\/06\/1987_39-150x150.jpg 150w, https:\/\/wp.unil.ch\/jeux-antiques\/files\/2019\/06\/1987_39-100x100.jpg 100w\" sizes=\"auto, 100vw\" \/><\/a>\n\t\t\t<\/div>\n\t\t\t\t<figcaption class='wp-caption-text gallery-caption' id='gallery-1-783'>\n\t\t\t\tC\u00e9r\u00e9monie d&rsquo;ouverture de 1987\n\t\t\t\t<\/figcaption><\/figure><figure class='gallery-item'>\n\t\t\t<div class='gallery-icon landscape'>\n\t\t\t\t<a href='https:\/\/wp.unil.ch\/jeux-antiques\/files\/2019\/06\/1987_06.jpg'><img loading=\"lazy\" decoding=\"async\" width=\"150\" height=\"150\" src=\"https:\/\/wp.unil.ch\/jeux-antiques\/files\/2019\/06\/1987_06-150x150.jpg\" class=\"attachment-thumbnail size-thumbnail\" alt=\"\" srcset=\"https:\/\/wp.unil.ch\/jeux-antiques\/files\/2019\/06\/1987_06-150x150.jpg 150w, https:\/\/wp.unil.ch\/jeux-antiques\/files\/2019\/06\/1987_06-100x100.jpg 100w\" sizes=\"auto, 100vw\" \/><\/a>\n\t\t\t<\/div><\/figure><figure class='gallery-item'>\n\t\t\t<div class='gallery-icon portrait'>\n\t\t\t\t<a href='https:\/\/wp.unil.ch\/jeux-antiques\/files\/2019\/06\/1987_42.jpg'><img loading=\"lazy\" decoding=\"async\" width=\"150\" height=\"150\" src=\"https:\/\/wp.unil.ch\/jeux-antiques\/files\/2019\/06\/1987_42-150x150.jpg\" class=\"attachment-thumbnail size-thumbnail\" alt=\"\" srcset=\"https:\/\/wp.unil.ch\/jeux-antiques\/files\/2019\/06\/1987_42-150x150.jpg 150w, https:\/\/wp.unil.ch\/jeux-antiques\/files\/2019\/06\/1987_42-100x100.jpg 100w\" sizes=\"auto, 100vw\" \/><\/a>\n\t\t\t<\/div><\/figure><figure class='gallery-item'>\n\t\t\t<div class='gallery-icon landscape'>\n\t\t\t\t<a href='https:\/\/wp.unil.ch\/jeux-antiques\/files\/2019\/06\/1987_35.jpg'><img loading=\"lazy\" decoding=\"async\" width=\"150\" height=\"150\" src=\"https:\/\/wp.unil.ch\/jeux-antiques\/files\/2019\/06\/1987_35-150x150.jpg\" class=\"attachment-thumbnail size-thumbnail\" alt=\"\" aria-describedby=\"gallery-1-779\" srcset=\"https:\/\/wp.unil.ch\/jeux-antiques\/files\/2019\/06\/1987_35-150x150.jpg 150w, https:\/\/wp.unil.ch\/jeux-antiques\/files\/2019\/06\/1987_35-100x100.jpg 100w\" sizes=\"auto, 100vw\" \/><\/a>\n\t\t\t<\/div>\n\t\t\t\t<figcaption class='wp-caption-text gallery-caption' id='gallery-1-779'>\n\t\t\t\tGallerie 1987\n\t\t\t\t<\/figcaption><\/figure><figure class='gallery-item'>\n\t\t\t<div class='gallery-icon landscape'>\n\t\t\t\t<a href='https:\/\/wp.unil.ch\/jeux-antiques\/files\/2019\/06\/1987_05.jpg'><img loading=\"lazy\" decoding=\"async\" width=\"150\" height=\"150\" src=\"https:\/\/wp.unil.ch\/jeux-antiques\/files\/2019\/06\/1987_05-150x150.jpg\" class=\"attachment-thumbnail size-thumbnail\" alt=\"\" srcset=\"https:\/\/wp.unil.ch\/jeux-antiques\/files\/2019\/06\/1987_05-150x150.jpg 150w, https:\/\/wp.unil.ch\/jeux-antiques\/files\/2019\/06\/1987_05-100x100.jpg 100w\" sizes=\"auto, 100vw\" \/><\/a>\n\t\t\t<\/div><\/figure><figure class='gallery-item'>\n\t\t\t<div class='gallery-icon landscape'>\n\t\t\t\t<a href='https:\/\/wp.unil.ch\/jeux-antiques\/files\/2019\/06\/1987_41.jpg'><img loading=\"lazy\" decoding=\"async\" width=\"150\" height=\"150\" src=\"https:\/\/wp.unil.ch\/jeux-antiques\/files\/2019\/06\/1987_41-150x150.jpg\" class=\"attachment-thumbnail size-thumbnail\" alt=\"\" srcset=\"https:\/\/wp.unil.ch\/jeux-antiques\/files\/2019\/06\/1987_41-150x150.jpg 150w, https:\/\/wp.unil.ch\/jeux-antiques\/files\/2019\/06\/1987_41-100x100.jpg 100w\" sizes=\"auto, 100vw\" \/><\/a>\n\t\t\t<\/div><\/figure><figure class='gallery-item'>\n\t\t\t<div class='gallery-icon portrait'>\n\t\t\t\t<a href='https:\/\/wp.unil.ch\/jeux-antiques\/files\/2019\/06\/1987_37.jpg'><img loading=\"lazy\" decoding=\"async\" width=\"150\" height=\"150\" src=\"https:\/\/wp.unil.ch\/jeux-antiques\/files\/2019\/06\/1987_37-150x150.jpg\" class=\"attachment-thumbnail size-thumbnail\" alt=\"\" srcset=\"https:\/\/wp.unil.ch\/jeux-antiques\/files\/2019\/06\/1987_37-150x150.jpg 150w, https:\/\/wp.unil.ch\/jeux-antiques\/files\/2019\/06\/1987_37-100x100.jpg 100w\" sizes=\"auto, 100vw\" \/><\/a>\n\t\t\t<\/div><\/figure><figure class='gallery-item'>\n\t\t\t<div class='gallery-icon portrait'>\n\t\t\t\t<a href='https:\/\/wp.unil.ch\/jeux-antiques\/files\/2019\/06\/1987_03.jpg'><img loading=\"lazy\" decoding=\"async\" width=\"150\" height=\"150\" src=\"https:\/\/wp.unil.ch\/jeux-antiques\/files\/2019\/06\/1987_03-150x150.jpg\" class=\"attachment-thumbnail size-thumbnail\" alt=\"\" srcset=\"https:\/\/wp.unil.ch\/jeux-antiques\/files\/2019\/06\/1987_03-150x150.jpg 150w, https:\/\/wp.unil.ch\/jeux-antiques\/files\/2019\/06\/1987_03-100x100.jpg 100w\" sizes=\"auto, 100vw\" \/><\/a>\n\t\t\t<\/div><\/figure><figure class='gallery-item'>\n\t\t\t<div class='gallery-icon landscape'>\n\t\t\t\t<a href='https:\/\/wp.unil.ch\/jeux-antiques\/files\/2019\/06\/1987_11.jpg'><img loading=\"lazy\" decoding=\"async\" width=\"150\" height=\"150\" src=\"https:\/\/wp.unil.ch\/jeux-antiques\/files\/2019\/06\/1987_11-150x150.jpg\" class=\"attachment-thumbnail size-thumbnail\" alt=\"\" srcset=\"https:\/\/wp.unil.ch\/jeux-antiques\/files\/2019\/06\/1987_11-150x150.jpg 150w, https:\/\/wp.unil.ch\/jeux-antiques\/files\/2019\/06\/1987_11-100x100.jpg 100w\" sizes=\"auto, 100vw\" \/><\/a>\n\t\t\t<\/div><\/figure><figure class='gallery-item'>\n\t\t\t<div class='gallery-icon portrait'>\n\t\t\t\t<a href='https:\/\/wp.unil.ch\/jeux-antiques\/files\/2019\/06\/1987_18.jpg'><img loading=\"lazy\" decoding=\"async\" width=\"150\" height=\"150\" src=\"https:\/\/wp.unil.ch\/jeux-antiques\/files\/2019\/06\/1987_18-150x150.jpg\" class=\"attachment-thumbnail size-thumbnail\" alt=\"\" srcset=\"https:\/\/wp.unil.ch\/jeux-antiques\/files\/2019\/06\/1987_18-150x150.jpg 150w, https:\/\/wp.unil.ch\/jeux-antiques\/files\/2019\/06\/1987_18-100x100.jpg 100w\" sizes=\"auto, 100vw\" \/><\/a>\n\t\t\t<\/div><\/figure><figure class='gallery-item'>\n\t\t\t<div class='gallery-icon landscape'>\n\t\t\t\t<a href='https:\/\/wp.unil.ch\/jeux-antiques\/files\/2019\/06\/1987_21.jpg'><img loading=\"lazy\" decoding=\"async\" width=\"150\" height=\"150\" src=\"https:\/\/wp.unil.ch\/jeux-antiques\/files\/2019\/06\/1987_21-150x150.jpg\" class=\"attachment-thumbnail size-thumbnail\" alt=\"\" srcset=\"https:\/\/wp.unil.ch\/jeux-antiques\/files\/2019\/06\/1987_21-150x150.jpg 150w, https:\/\/wp.unil.ch\/jeux-antiques\/files\/2019\/06\/1987_21-100x100.jpg 100w\" sizes=\"auto, 100vw\" \/><\/a>\n\t\t\t<\/div><\/figure>\n\t\t<\/div>\n\n<p><a href=\"https:\/\/wp.unil.ch\/jeux-antiques\/galerie\">Retour<\/a><\/p>\n","protected":false},"excerpt":{"rendered":"<p>Retour Retour<\/p>\n","protected":false},"author":1001942,"featured_media":0,"parent":215,"menu_order":2,"comment_status":"closed","ping_status":"closed","template":"","meta":{"_seopress_robots_primary_cat":"","_seopress_titles_title":"","_seopress_titles_desc":"","_seopress_robots_index":"","footnotes":""},"class_list":["post-221","page","type-page","status-publish"],"_links":{"self":[{"href":"https:\/\/wp.unil.ch\/jeux-antiques\/wp-json\/wp\/v2\/pages\/221","targetHints":{"allow":["GET"]}}],"collection":[{"href":"https:\/\/wp.unil.ch\/jeux-antiques\/wp-json\/wp\/v2\/pages"}],"about":[{"href":"https:\/\/wp.unil.ch\/jeux-antiques\/wp-json\/wp\/v2\/types\/page"}],"author":[{"embeddable":true,"href":"https:\/\/wp.unil.ch\/jeux-antiques\/wp-json\/wp\/v2\/users\/1001942"}],"replies":[{"embeddable":true,"href":"https:\/\/wp.unil.ch\/jeux-antiques\/wp-json\/wp\/v2\/comments?post=221"}],"version-history":[{"count":0,"href":"https:\/\/wp.unil.ch\/jeux-antiques\/wp-json\/wp\/v2\/pages\/221\/revisions"}],"up":[{"embeddable":true,"href":"https:\/\/wp.unil.ch\/jeux-antiques\/wp-json\/wp\/v2\/pages\/215"}],"wp:attachment":[{"href":"https:\/\/wp.unil.ch\/jeux-antiques\/wp-json\/wp\/v2\/media?parent=221"}],"curies":[{"name":"wp","href":"https:\/\/api.w.org\/{rel}","templated":true}]}}