{"id":184,"date":"2019-06-11T01:11:56","date_gmt":"2019-06-10T23:11:56","guid":{"rendered":"http:\/\/wp.unil.ch\/jeux-antiques\/?page_id=184"},"modified":"2019-06-23T22:37:14","modified_gmt":"2019-06-23T20:37:14","slug":"un-peu-dhistoire","status":"publish","type":"page","link":"https:\/\/wp.unil.ch\/jeux-antiques\/les-jeux-antiques-de-lunil\/un-peu-dhistoire\/","title":{"rendered":"Un peu d&rsquo;histoire"},"content":{"rendered":"<header class=\"page-header\"><span style=\"font-size: 1rem;font-weight: 400\">776 avant J\u00e9sus-Christ est la date traditionnelle des premiers concours gymniques organis\u00e9s \u00e0 Olympie en l\u2019honneur de Zeus. Delphes, N\u00e9m\u00e9e, l\u2019Isthme de Corinthe organisaient des concours \u00e9galement importants, m\u00eame s\u2019ils sont moins c\u00e9l\u00e8bres aujourd\u2019hui. La s\u00e9curit\u00e9 du voyage et du s\u00e9jour des athl\u00e8tes et de leurs accompagnants, civils et religieux, aux lieux o\u00f9 se d\u00e9roulaient les comp\u00e9titions \u00e9tait assur\u00e9e par une tr\u00eave sacr\u00e9e (ekecheiria).<\/span><\/header>\n<div class=\"entry-content clearfix\">\n<figure id=\"attachment_770\" aria-describedby=\"caption-attachment-770\" style=\"width: 525px\" class=\"wp-caption aligncenter\"><img alt=\"\" loading=\"lazy\" decoding=\"async\" class=\"wp-image-770 size-large\" src=\"https:\/\/wp.unil.ch\/jeux-antiques\/files\/2019\/06\/1987_26-1024x680.jpg\" alt=\"\" width=\"525\" height=\"349\" srcset=\"https:\/\/wp.unil.ch\/jeux-antiques\/files\/2019\/06\/1987_26-1024x680.jpg 1024w, https:\/\/wp.unil.ch\/jeux-antiques\/files\/2019\/06\/1987_26-300x199.jpg 300w, https:\/\/wp.unil.ch\/jeux-antiques\/files\/2019\/06\/1987_26-768x510.jpg 768w, https:\/\/wp.unil.ch\/jeux-antiques\/files\/2019\/06\/1987_26.jpg 1808w\" sizes=\"auto, (max-width: 525px) 100vw, 525px\" \/><figcaption id=\"caption-attachment-770\" class=\"wp-caption-text\">Course \u00e0 pied (1987)<\/figcaption><\/figure>\n<figure id=\"attachment_869\" aria-describedby=\"caption-attachment-869\" style=\"width: 525px\" class=\"wp-caption aligncenter\"><img alt=\"\" loading=\"lazy\" decoding=\"async\" class=\"wp-image-869 size-large\" src=\"https:\/\/wp.unil.ch\/jeux-antiques\/files\/2019\/06\/2016_49-1024x683.jpg\" alt=\"\" width=\"525\" height=\"350\" srcset=\"https:\/\/wp.unil.ch\/jeux-antiques\/files\/2019\/06\/2016_49-1024x683.jpg 1024w, https:\/\/wp.unil.ch\/jeux-antiques\/files\/2019\/06\/2016_49-300x200.jpg 300w, https:\/\/wp.unil.ch\/jeux-antiques\/files\/2019\/06\/2016_49-768x512.jpg 768w, https:\/\/wp.unil.ch\/jeux-antiques\/files\/2019\/06\/2016_49.jpg 1800w\" sizes=\"auto, (max-width: 525px) 100vw, 525px\" \/><figcaption id=\"caption-attachment-869\" class=\"wp-caption-text\">Course \u00e0 pied avec bouclier (2012)<\/figcaption><\/figure>\n<p>Les \u00e9preuves \u00e9taient r\u00e9serv\u00e9es aux hommes et se pratiquaient nues. Les sportifs pratiquaient le lancer du javelot, lancer du disque, saut en longueur (consid\u00e9r\u00e9 comme un lancer du corps), la course (sprint, un stade, deux stades ou course de fond (entre 7 et 24 stades).<\/p>\n<blockquote>\n<p style=\"padding-left: 40px\">\u00ab\u00a0Les athl\u00e8tes jurent aussi qu&rsquo;ils ont employ\u00e9 dix mois entiers \u00e0 apprendre l&rsquo;esp\u00e8ce d&rsquo;exercice et de combat pour lequel ils se pr\u00e9sentent. Ceux qui sont \u00e9tablis pour examiner les enfants qui doivent combattre, et les jeunes poulains dont on veut se servir, jurent qu&rsquo;ils ne se laisseront point corrompre, que rien. ne les emp\u00eachera de d\u00e9cider selon la justice et la conscience, et qu&rsquo;ils garderont le secret sur les raisons qui leur auront fait approuver les uns et rejeter les autres.\u00a0\u00bb<\/p>\n<p style=\"padding-left: 200px;text-align: right\">Pausanias, V, 24, 9<\/p>\n<figure id=\"attachment_769\" aria-describedby=\"caption-attachment-769\" style=\"width: 525px\" class=\"wp-caption aligncenter\"><img alt=\"\" loading=\"lazy\" decoding=\"async\" class=\"wp-image-769 size-large\" src=\"https:\/\/wp.unil.ch\/jeux-antiques\/files\/2019\/06\/1987_24-1024x698.jpg\" alt=\"\" width=\"525\" height=\"358\" srcset=\"https:\/\/wp.unil.ch\/jeux-antiques\/files\/2019\/06\/1987_24-1024x698.jpg 1024w, https:\/\/wp.unil.ch\/jeux-antiques\/files\/2019\/06\/1987_24-300x205.jpg 300w, https:\/\/wp.unil.ch\/jeux-antiques\/files\/2019\/06\/1987_24-768x524.jpg 768w, https:\/\/wp.unil.ch\/jeux-antiques\/files\/2019\/06\/1987_24.jpg 1760w\" sizes=\"auto, (max-width: 525px) 100vw, 525px\" \/><figcaption id=\"caption-attachment-769\" class=\"wp-caption-text\">Les athl\u00e8tes pr\u00eatant serments en 1987<\/figcaption><\/figure><\/blockquote>\n<\/div>\n","protected":false},"excerpt":{"rendered":"<p>776 avant J\u00e9sus-Christ est la date traditionnelle des premiers concours gymniques organis\u00e9s \u00e0 Olympie en l\u2019honneur de Zeus. Delphes, N\u00e9m\u00e9e, l\u2019Isthme de Corinthe organisaient des concours \u00e9galement importants, m\u00eame s\u2019ils sont moins c\u00e9l\u00e8bres aujourd\u2019hui. La s\u00e9curit\u00e9 du voyage et du s\u00e9jour des athl\u00e8tes et de leurs accompagnants, civils et religieux, aux lieux o\u00f9 se d\u00e9roulaient &hellip; <\/p>\n<p class=\"link-more\"><a href=\"https:\/\/wp.unil.ch\/jeux-antiques\/les-jeux-antiques-de-lunil\/un-peu-dhistoire\/\" class=\"more-link\">Continuer la lecture<span class=\"screen-reader-text\"> de &laquo;&nbsp;Un peu d&rsquo;histoire&nbsp;&raquo;<\/span><\/a><\/p>\n","protected":false},"author":1001942,"featured_media":0,"parent":181,"menu_order":1,"comment_status":"closed","ping_status":"closed","template":"","meta":{"_seopress_robots_primary_cat":"","_seopress_titles_title":"","_seopress_titles_desc":"","_seopress_robots_index":"","footnotes":""},"class_list":["post-184","page","type-page","status-publish"],"_links":{"self":[{"href":"https:\/\/wp.unil.ch\/jeux-antiques\/wp-json\/wp\/v2\/pages\/184","targetHints":{"allow":["GET"]}}],"collection":[{"href":"https:\/\/wp.unil.ch\/jeux-antiques\/wp-json\/wp\/v2\/pages"}],"about":[{"href":"https:\/\/wp.unil.ch\/jeux-antiques\/wp-json\/wp\/v2\/types\/page"}],"author":[{"embeddable":true,"href":"https:\/\/wp.unil.ch\/jeux-antiques\/wp-json\/wp\/v2\/users\/1001942"}],"replies":[{"embeddable":true,"href":"https:\/\/wp.unil.ch\/jeux-antiques\/wp-json\/wp\/v2\/comments?post=184"}],"version-history":[{"count":0,"href":"https:\/\/wp.unil.ch\/jeux-antiques\/wp-json\/wp\/v2\/pages\/184\/revisions"}],"up":[{"embeddable":true,"href":"https:\/\/wp.unil.ch\/jeux-antiques\/wp-json\/wp\/v2\/pages\/181"}],"wp:attachment":[{"href":"https:\/\/wp.unil.ch\/jeux-antiques\/wp-json\/wp\/v2\/media?parent=184"}],"curies":[{"name":"wp","href":"https:\/\/api.w.org\/{rel}","templated":true}]}}