{"id":181,"date":"2019-06-11T01:11:24","date_gmt":"2019-06-10T23:11:24","guid":{"rendered":"http:\/\/wp.unil.ch\/jeux-antiques\/?page_id=181"},"modified":"2019-06-23T22:40:07","modified_gmt":"2019-06-23T20:40:07","slug":"les-jeux-antiques-de-lunil","status":"publish","type":"page","link":"https:\/\/wp.unil.ch\/jeux-antiques\/les-jeux-antiques-de-lunil\/","title":{"rendered":"Les Jeux Antiques de l&rsquo;Unil"},"content":{"rendered":"<h4>Pourquoi des Jeux olympiques antiques \u00e0 l\u2019UNIL ?<\/h4>\n<p>Les Jeux olympiques antiques de l\u2019UNIL ont vu le jour gr\u00e2ce \u00e0 l\u2019esprit cr\u00e9atif d\u2019Anne Bielman et de Laurent Flutsch (Institut d\u2019arch\u00e9ologie et des sciences de l\u2019Antiquit\u00e9 \u2013\u00a0<a title=\"site IASA\" href=\"https:\/\/www.unil.ch\/iasa\">IASA<\/a>).<\/p>\n<blockquote>\n<p style=\"padding-left: 40px\">En organisant ces jeux, Laurent et moi voulions renforcer l\u2019esprit de groupe d\u00e9j\u00e0 extraordinaire qui r\u00e9gnait alors \u00e0 l\u2019Institut d\u2019arch\u00e9ologie et d\u2019histoire ancienne. Nous esp\u00e9rions cr\u00e9er une tradition et que les jeux seraient ensuite organis\u00e9s tous les 4 ans, \u00e9crit Anne Bielman.<\/p>\n<\/blockquote>\n<figure id=\"attachment_783\" aria-describedby=\"caption-attachment-783\" style=\"width: 215px\" class=\"wp-caption aligncenter\"><img alt=\"\" loading=\"lazy\" decoding=\"async\" class=\"size-medium wp-image-783\" src=\"https:\/\/wp.unil.ch\/jeux-antiques\/files\/2019\/06\/1987_39-215x300.jpg\" alt=\"\" width=\"215\" height=\"300\" srcset=\"https:\/\/wp.unil.ch\/jeux-antiques\/files\/2019\/06\/1987_39-215x300.jpg 215w, https:\/\/wp.unil.ch\/jeux-antiques\/files\/2019\/06\/1987_39-768x1073.jpg 768w, https:\/\/wp.unil.ch\/jeux-antiques\/files\/2019\/06\/1987_39-733x1024.jpg 733w, https:\/\/wp.unil.ch\/jeux-antiques\/files\/2019\/06\/1987_39.jpg 859w\" sizes=\"auto, (max-width: 215px) 100vw, 215px\" \/><figcaption id=\"caption-attachment-783\" class=\"wp-caption-text\">C\u00e9r\u00e9monie d&rsquo;ouverture de 1987<\/figcaption><\/figure>\n<p>C&rsquo;est ainsi que chaque quatre ans, les membres de l&rsquo;Institut d&rsquo;Arch\u00e9ologie et des Sciences de l&rsquo;Antiquit\u00e9 (\u00e9tudiants, chercheurs, enseignants et amis) participent \u00e0 cette journ\u00e9e extraordinaire.<\/p>\n","protected":false},"excerpt":{"rendered":"<p>Pourquoi des Jeux olympiques antiques \u00e0 l\u2019UNIL ? Les Jeux olympiques antiques de l\u2019UNIL ont vu le jour gr\u00e2ce \u00e0 l\u2019esprit cr\u00e9atif d\u2019Anne Bielman et de Laurent Flutsch (Institut d\u2019arch\u00e9ologie et des sciences de l\u2019Antiquit\u00e9 \u2013\u00a0IASA). En organisant ces jeux, Laurent et moi voulions renforcer l\u2019esprit de groupe d\u00e9j\u00e0 extraordinaire qui r\u00e9gnait alors \u00e0 l\u2019Institut &hellip; <\/p>\n<p class=\"link-more\"><a href=\"https:\/\/wp.unil.ch\/jeux-antiques\/les-jeux-antiques-de-lunil\/\" class=\"more-link\">Continuer la lecture<span class=\"screen-reader-text\"> de &laquo;&nbsp;Les Jeux Antiques de l&rsquo;Unil&nbsp;&raquo;<\/span><\/a><\/p>\n","protected":false},"author":1001942,"featured_media":0,"parent":0,"menu_order":4,"comment_status":"closed","ping_status":"closed","template":"","meta":{"_seopress_robots_primary_cat":"","_seopress_titles_title":"","_seopress_titles_desc":"","_seopress_robots_index":"","footnotes":""},"class_list":["post-181","page","type-page","status-publish"],"_links":{"self":[{"href":"https:\/\/wp.unil.ch\/jeux-antiques\/wp-json\/wp\/v2\/pages\/181","targetHints":{"allow":["GET"]}}],"collection":[{"href":"https:\/\/wp.unil.ch\/jeux-antiques\/wp-json\/wp\/v2\/pages"}],"about":[{"href":"https:\/\/wp.unil.ch\/jeux-antiques\/wp-json\/wp\/v2\/types\/page"}],"author":[{"embeddable":true,"href":"https:\/\/wp.unil.ch\/jeux-antiques\/wp-json\/wp\/v2\/users\/1001942"}],"replies":[{"embeddable":true,"href":"https:\/\/wp.unil.ch\/jeux-antiques\/wp-json\/wp\/v2\/comments?post=181"}],"version-history":[{"count":0,"href":"https:\/\/wp.unil.ch\/jeux-antiques\/wp-json\/wp\/v2\/pages\/181\/revisions"}],"wp:attachment":[{"href":"https:\/\/wp.unil.ch\/jeux-antiques\/wp-json\/wp\/v2\/media?parent=181"}],"curies":[{"name":"wp","href":"https:\/\/api.w.org\/{rel}","templated":true}]}}