{"id":165,"date":"2023-05-16T15:37:59","date_gmt":"2023-05-16T13:37:59","guid":{"rendered":"https:\/\/wp.unil.ch\/iussi-europe-2024\/?page_id=165"},"modified":"2024-05-24T12:57:31","modified_gmt":"2024-05-24T10:57:31","slug":"plenaries","status":"publish","type":"page","link":"https:\/\/wp.unil.ch\/iussi-europe-2024\/programme\/plenaries\/","title":{"rendered":"Plenary speakers"},"content":{"rendered":"\n<p>We are pleased to announce a great selection of plenary speakers for  the european IUSSI 2024!! <\/p>\n\n\n\n<blockquote class=\"wp-block-quote is-style-default has-background is-layout-flow wp-block-quote-is-layout-flow\" style=\"background:linear-gradient(135deg,rgb(238,238,238) 21%,rgba(169,183,194,0.74) 100%)\">\n<div class=\"wp-block-columns alignwide are-vertically-aligned-top is-layout-flex wp-container-core-columns-is-layout-9d6595d7 wp-block-columns-is-layout-flex\">\n<div class=\"wp-block-column is-layout-flow wp-block-column-is-layout-flow\" style=\"flex-basis:30%\"><div class=\"wp-block-image\">\n<figure class=\"aligncenter\"><img alt=\"\" loading=\"lazy\" decoding=\"async\" width=\"385\" height=\"580\" src=\"https:\/\/wp.unil.ch\/iussi-europe-2024\/files\/2023\/06\/Bonnie-Blaimer.jpg\" alt=\"\" class=\"wp-image-297\" srcset=\"https:\/\/wp.unil.ch\/iussi-europe-2024\/files\/2023\/06\/Bonnie-Blaimer.jpg 385w, https:\/\/wp.unil.ch\/iussi-europe-2024\/files\/2023\/06\/Bonnie-Blaimer-199x300.jpg 199w\" sizes=\"auto, (max-width: 385px) 100vw, 385px\" \/><\/figure>\n<\/div><\/div>\n\n\n\n<div class=\"wp-block-column is-layout-flow wp-block-column-is-layout-flow\" style=\"flex-basis:70%\">\n<h2 class=\"wp-block-heading\">Bonnie Blaimer<\/h2>\n\n\n\n<h4 class=\"wp-block-heading\"><strong>Talk title: Social insect diversity patterns: insights from the Hymenoptera<\/strong><\/h4>\n\n\n\n<p><strong>Bonnie Blaimer<\/strong> is an evolutionary biologist and entomologist who enjoys a combination of field work, collection-based research, as well as molecular genomics. Her research explores questions in evolutionary biology, community ecology, biogeography, and systematics, particularly in ants and other Hymenoptera. Projects in her research group focus on advancing understanding of the historical and contemporary evolutionary processes and patterns that have shaped insect diversity and distributions, and on improving insect systematics through integrative approaches that combine molecular, morphological, and ecological data.\u00a0Ultimately, her goal is to better understand the processes that have contributed to insect diversity in both form and function<\/p>\n<\/div>\n<\/div>\n<\/blockquote>\n\n\n\n<blockquote class=\"wp-block-quote has-background is-layout-flow wp-block-quote-is-layout-flow\" style=\"background:linear-gradient(135deg,rgb(238,238,238) 27%,rgba(169,183,194,0.74) 100%)\">\n<div class=\"wp-block-columns alignwide are-vertically-aligned-top is-layout-flex wp-container-core-columns-is-layout-9d6595d7 wp-block-columns-is-layout-flex\">\n<div class=\"wp-block-column is-vertically-aligned-top is-layout-flow wp-block-column-is-layout-flow\" style=\"flex-basis:24%\">\n<figure class=\"wp-block-image\"><img alt=\"\" loading=\"lazy\" decoding=\"async\" width=\"838\" height=\"1024\" src=\"https:\/\/wp.unil.ch\/iussi-europe-2024\/files\/2023\/06\/Daniel-Kronauerjpg-e1685710761944-838x1024.jpg\" alt=\"\" class=\"wp-image-299\" srcset=\"https:\/\/wp.unil.ch\/iussi-europe-2024\/files\/2023\/06\/Daniel-Kronauerjpg-e1685710761944-838x1024.jpg 838w, https:\/\/wp.unil.ch\/iussi-europe-2024\/files\/2023\/06\/Daniel-Kronauerjpg-e1685710761944-245x300.jpg 245w, https:\/\/wp.unil.ch\/iussi-europe-2024\/files\/2023\/06\/Daniel-Kronauerjpg-e1685710761944-768x939.jpg 768w, https:\/\/wp.unil.ch\/iussi-europe-2024\/files\/2023\/06\/Daniel-Kronauerjpg-e1685710761944.jpg 899w\" sizes=\"auto, (max-width: 838px) 100vw, 838px\" \/><figcaption class=\"wp-element-caption\"><em>Image credit: \u201cBennett Raglin\/ Ap Images for HHMI\u201d<\/em><\/figcaption><\/figure>\n<\/div>\n\n\n\n<div class=\"wp-block-column is-vertically-aligned-top is-layout-flow wp-block-column-is-layout-flow\" style=\"flex-basis:76%\">\n<h2 class=\"wp-block-heading\"><strong>Daniel Kronauer<\/strong><\/h2>\n\n\n\n<h4 class=\"wp-block-heading\"><strong>Talk title: The Evolution of Ant Societies<\/strong><\/h4>\n\n\n\n<p><strong>Daniel Kronauer<\/strong>, Ph.D., is the Stanley S. and Sydney R. Shuman Associate Professor and Head of the Laboratory of Social Evolution and Behavior at The Rockefeller University. He studies how evolution operates in the rich context of insect societies, focusing on different levels of organization, from the gene and neural circuits, to the individual and the society as a whole. In his lab, Dr. Kronauer works primarily with the clonal raider ant <em>Ooceraea<\/em> <em>biroi<\/em> to analyze complex social and collective behaviors such as alloparental care and foraging. His lab has sequenced and annotated the species\u2019 genome and transcriptome, and established the first protocols for genome editing in an ant, which now allows them to create and maintain stable knockout and transgenic lines. He has used these and many other methods to begin unravelling the mysteries of how these ants communicate to engage in cooperative behavior, and to determine how genetically identical ants differentiate into different castes and behavioral types to serve various roles in ant societies. Dr. Kronauer received a diploma in biology from the University of W\u00fcrzburg, in Germany, followed by a Ph.D., in 2007, from the University of Copenhagen. He was elected to the Harvard Society of Fellows, as a junior fellow, in 2008. Since joining Rockefeller in 2011, he has been named a Pew Scholar, a Searle Scholar, a Sinsheimer Scholar, and a Klingenstein Simons Fellow in Neuroscience, and he has received a Director\u2019s New Innovator Award from the National Institutes of Health. In 2021, he became a Howard Hughes Medical Institute Investigator.<\/p>\n<\/div>\n<\/div>\n<\/blockquote>\n\n\n\n<blockquote class=\"wp-block-quote has-background is-layout-flow wp-block-quote-is-layout-flow\" style=\"background:linear-gradient(135deg,rgb(238,238,238) 11%,rgba(169,183,194,0.74) 100%)\">\n<div class=\"wp-block-columns alignwide are-vertically-aligned-top is-layout-flex wp-container-core-columns-is-layout-9d6595d7 wp-block-columns-is-layout-flex\">\n<div class=\"wp-block-column is-layout-flow wp-block-column-is-layout-flow\" style=\"flex-basis:24%\">\n<figure class=\"wp-block-image\"><img alt=\"\" loading=\"lazy\" decoding=\"async\" width=\"796\" height=\"1024\" src=\"https:\/\/wp.unil.ch\/iussi-europe-2024\/files\/2023\/06\/Lars-Chittka-796x1024.jpg\" alt=\"\" class=\"wp-image-300\" srcset=\"https:\/\/wp.unil.ch\/iussi-europe-2024\/files\/2023\/06\/Lars-Chittka-796x1024.jpg 796w, https:\/\/wp.unil.ch\/iussi-europe-2024\/files\/2023\/06\/Lars-Chittka-233x300.jpg 233w, https:\/\/wp.unil.ch\/iussi-europe-2024\/files\/2023\/06\/Lars-Chittka-768x988.jpg 768w, https:\/\/wp.unil.ch\/iussi-europe-2024\/files\/2023\/06\/Lars-Chittka.jpg 933w\" sizes=\"auto, (max-width: 796px) 100vw, 796px\" \/><\/figure>\n<\/div>\n\n\n\n<div class=\"wp-block-column is-layout-flow wp-block-column-is-layout-flow\" style=\"flex-basis:76%\">\n<h2 class=\"wp-block-heading\">Lars Chittka<\/h2>\n\n\n\n<h4 class=\"wp-block-heading\"><strong>Talk title: Social insects &#8211; ancient civilisations?\u00a0<\/strong><\/h4>\n\n\n\n<p><strong>Lars Chittka<\/strong> is the author of the book The Mind of a Bee and Professor of Sensory and Behavioural Ecology at Queen Mary University of London.\u00a0 He is also the founder of the Research Centre for Psychology at Queen Mary.\u00a0 He is known for his work on the evolution of sensory systems and cognition using insect-flower interactions as a model system.\u00a0 Chittka has made fundamental contributions to our understanding of animal cognition and its impact on evolutionary fitness studying bumblebees and honeybees.<\/p>\n<\/div>\n<\/div>\n<\/blockquote>\n\n\n\n<blockquote class=\"wp-block-quote has-background is-layout-flow wp-block-quote-is-layout-flow\" style=\"background:linear-gradient(135deg,rgb(238,238,238) 18%,rgba(169,183,194,0.74) 100%)\">\n<div class=\"wp-block-columns alignwide are-vertically-aligned-top is-layout-flex wp-container-core-columns-is-layout-9d6595d7 wp-block-columns-is-layout-flex\">\n<div class=\"wp-block-column is-layout-flow wp-block-column-is-layout-flow\" style=\"flex-basis:24%\">\n<figure class=\"wp-block-image\"><img alt=\"\" loading=\"lazy\" decoding=\"async\" width=\"186\" height=\"261\" src=\"https:\/\/wp.unil.ch\/iussi-europe-2024\/files\/2023\/06\/Patrizia-D-ETTORRE--e1685710731620.jpg\" alt=\"\" class=\"wp-image-303\" \/><\/figure>\n<\/div>\n\n\n\n<div class=\"wp-block-column is-layout-flow wp-block-column-is-layout-flow\" style=\"flex-basis:76%\">\n<h2 class=\"wp-block-heading\">Patrizia d\u2019Ettorre<\/h2>\n\n\n\n<h4 class=\"wp-block-heading\"><strong>Talk title: The Mentality of Ants<\/strong><\/h4>\n\n\n\n<p><strong>Patrizia d\u2019Ettorre<\/strong> is a behavioural biologist interested in communication and cognition in social insects, ants in particular. She did her PhD at the University of Parma (Italy) on the social parasite\u00a0<em>Polyergus rufescens<\/em>. Then, she investigated the mechanisms underlying recognition of identity at different levels in several ant species. More recently, she became interested in ant cognitive abilities, such as learning and memory, quantitative cognition and tool use, and their relationship with individual personality. Since 2009, she is professor of ethology at the University Sorbonne Paris Nord (France).<\/p>\n<\/div>\n<\/div>\n<\/blockquote>\n\n\n\n<blockquote class=\"wp-block-quote has-background is-layout-flow wp-block-quote-is-layout-flow\" style=\"background:linear-gradient(135deg,rgb(238,238,238) 32%,rgba(169,183,194,0.74) 100%)\">\n<div class=\"wp-block-media-text alignwide is-stacked-on-mobile is-vertically-aligned-top\" style=\"grid-template-columns:24% auto\"><figure class=\"wp-block-media-text__media\"><img alt=\"\" loading=\"lazy\" decoding=\"async\" width=\"811\" height=\"1024\" src=\"https:\/\/wp.unil.ch\/iussi-europe-2024\/files\/2023\/06\/Susanne-Foitzik-e1685710844569-811x1024.jpg\" alt=\"\" class=\"wp-image-304 size-full\" srcset=\"https:\/\/wp.unil.ch\/iussi-europe-2024\/files\/2023\/06\/Susanne-Foitzik-e1685710844569-811x1024.jpg 811w, https:\/\/wp.unil.ch\/iussi-europe-2024\/files\/2023\/06\/Susanne-Foitzik-e1685710844569-238x300.jpg 238w, https:\/\/wp.unil.ch\/iussi-europe-2024\/files\/2023\/06\/Susanne-Foitzik-e1685710844569-768x969.jpg 768w, https:\/\/wp.unil.ch\/iussi-europe-2024\/files\/2023\/06\/Susanne-Foitzik-e1685710844569.jpg 943w\" sizes=\"auto, (max-width: 811px) 100vw, 811px\" \/><\/figure><div class=\"wp-block-media-text__content\">\n<h2 class=\"wp-block-heading\">Susanne Foitzik <\/h2>\n\n\n\n<h4 class=\"wp-block-heading\"><strong>Talk title: (Co)Evolution and Molecular Regulation of Ant Behaviour, Chemical and Life History Traits<\/strong><\/h4>\n\n\n\n<p><strong>Susanne Foitzik<\/strong> is currently Professor of Behavioural Ecology and Social Evolution, Head of the Institute for Organismal and Molecular Evolution and Vice Dean for Research at Johannes Gutenberg University Mainz. She studied at the University of W\u00fcrzburg and received her doctorate under Bert H\u00f6lldobler and J\u00fcrgen Heinze in 1998. After a two-year postdoc at Colorado State University in the laboratory of Joan Herbers, she became a research assistant at the University of Regensburg. In 2004 she moved to LMU Munich as an associate professor before accepting a chair position at the JGU Mainz in 2010.<br>She is interested in the evolution, genomics and ecology of ant behaviour and sociality. Her research has provided particular insight into co-evolution between dulotic social parasites and their hosts, and into the molecular regulation of the division of labour. Other research areas include the evolution of ageing and its molecular underpinnings, as well as parasitic manipulations. She is interested in how the complex behaviour of ants is controlled, from perception and production of chemical signals to genetic influences and the social environment.<\/p>\n<\/div><\/div>\n<\/blockquote>\n","protected":false},"excerpt":{"rendered":"<p>We are pleased to announce a great selection of plenary speakers for the european IUSSI 2024!!<\/p>\n","protected":false},"author":1002420,"featured_media":0,"parent":199,"menu_order":1,"comment_status":"closed","ping_status":"closed","template":"","meta":{"_seopress_robots_primary_cat":"","_seopress_titles_title":"","_seopress_titles_desc":"","_seopress_robots_index":"","footnotes":""},"class_list":["post-165","page","type-page","status-publish"],"_links":{"self":[{"href":"https:\/\/wp.unil.ch\/iussi-europe-2024\/wp-json\/wp\/v2\/pages\/165","targetHints":{"allow":["GET"]}}],"collection":[{"href":"https:\/\/wp.unil.ch\/iussi-europe-2024\/wp-json\/wp\/v2\/pages"}],"about":[{"href":"https:\/\/wp.unil.ch\/iussi-europe-2024\/wp-json\/wp\/v2\/types\/page"}],"author":[{"embeddable":true,"href":"https:\/\/wp.unil.ch\/iussi-europe-2024\/wp-json\/wp\/v2\/users\/1002420"}],"replies":[{"embeddable":true,"href":"https:\/\/wp.unil.ch\/iussi-europe-2024\/wp-json\/wp\/v2\/comments?post=165"}],"version-history":[{"count":1,"href":"https:\/\/wp.unil.ch\/iussi-europe-2024\/wp-json\/wp\/v2\/pages\/165\/revisions"}],"predecessor-version":[{"id":647,"href":"https:\/\/wp.unil.ch\/iussi-europe-2024\/wp-json\/wp\/v2\/pages\/165\/revisions\/647"}],"up":[{"embeddable":true,"href":"https:\/\/wp.unil.ch\/iussi-europe-2024\/wp-json\/wp\/v2\/pages\/199"}],"wp:attachment":[{"href":"https:\/\/wp.unil.ch\/iussi-europe-2024\/wp-json\/wp\/v2\/media?parent=165"}],"curies":[{"name":"wp","href":"https:\/\/api.w.org\/{rel}","templated":true}]}}