{"id":278,"date":"2021-11-18T11:59:59","date_gmt":"2021-11-18T10:59:59","guid":{"rendered":"https:\/\/wp.unil.ch\/isolab\/?page_id=278"},"modified":"2021-11-18T12:00:00","modified_gmt":"2021-11-18T11:00:00","slug":"recent-news-of-our-group","status":"publish","type":"page","link":"https:\/\/wp.unil.ch\/isolab\/recent-news-of-our-group\/","title":{"rendered":"Recent News of our Group"},"content":{"rendered":"\n<p>Recent interesting publications:<\/p>\n\n\n\n<p><strong>2020<\/strong><\/p>\n\n\n\n<p>B\u00e9gu\u00e9 F.,&nbsp;&nbsp;Baumgartner L. P.,&nbsp;&nbsp;T M\u00fcller T.,&nbsp;&nbsp;Putlitz B, and Vennemann T., 2020.&nbsp;Metasomatic Vein Formation By Stationary Fluids In Carbonate Xenoliths At The Eastern Margin Of The Bergell Intrusion, Val Sissone, Italy. Journal of Petrology, egaa012,&nbsp;<a href=\"https:\/\/doi.org\/10.1093\/petrology\/egaa012\">https:\/\/doi.org\/10.1093\/petrology\/egaa012<\/a><\/p>\n\n\n\n<p>Brandt S., Klemd R., Haase K.M., Fassbender M.L., and Vennemann T., 2020. Formation of the Vergenoeg F-Fe-REE Deposit (South Africa) by Accumulation from a Ferroan Silicic Magma. Journal of Petrology, Vol. 60: 2339-2368. doi: 10.1093\/petrology\/egaa010<\/p>\n\n\n\n<p>Cotte G. and Vennemann T.W., 2020. Mixing of Rh\u00f4ne River water in Lake Geneva: Seasonal tracing using stable isotope composition of water. Journal of Great Lakes Research, 46, 839-849.&nbsp;<a href=\"https:\/\/doi.org\/10.1016\/j.jglr.2020.05.015\">https:\/\/doi.org\/10.1016\/j.jglr.2020.05.015<\/a><\/p>\n\n\n\n<p>Fentimen R., Feenstra E., R\u00fcggeberg A., Vennemann T., Hajdas I., Adatte T., van Rooij D., and Foubert A., 2020.&nbsp;Cold-water coral mound archive provides unique insights into intermediate water mass dynamics in the Alboran Sea during the last deglaciation. Frontiers in Marine Science 7:354. doi: 10.3389\/fmars.2020.00354&nbsp;<\/p>\n\n\n\n<p>Keulen N., Thomsen T.B., Schumacher J.C., Poulsen M.D., Kalvig P., Vennemann T., and Salimi R., 2020. Formation, origin and geographic typing of corundum (ruby and pink sapphire) from the Fisken\u00e6sset complex, Greenland.&nbsp;Lithos, 366-367. https:\/\/doi.org\/10.1016\/j.lithos.2020.105536<\/p>\n\n\n\n<p>Kocsis L., Dulai A., Cipriani A., Vennemann T., Yunsi M., 2020.&nbsp;Geochemistry of recent and fossil brachiopod calcite of Megathiris detruncate (Terebratulida, Megathyrididae): A modern baseline study to trace past environmental conditions. Chemical Geology, 533,&nbsp;<a href=\"https:\/\/doi.org\/10.1016\/j.chemgeo.2019.119335\">https:\/\/doi.org\/10.1016\/j.chemgeo.2019.119335<\/a><\/p>\n\n\n\n<p>Kov\u00e1cs J., N\u00e9meth K., Szab\u00f3 P., Kocsis L., Kereszturi G.,&nbsp;&nbsp;\u00dajv\u00e1rie G., Vennemann T., 2020. Volcanism and paleoenvironment of the pula maar complex: A pliocene terrestrial fossil site in Central Europe (Hungary). Palaeogeography, Palaeoclimatology, Palaeoecology, 537, 109398,&nbsp;<a href=\"https:\/\/doi.org\/10.1016\/j.palaeo.2019.109398\">https:\/\/doi.org\/10.1016\/j.palaeo.2019.109398<\/a><\/p>\n\n\n\n<p>Van Rooyen J.D., Palcsu L., VisserA., Vennemann J.A., and Miller J.A., 2020. Spatial and Temporal variability of tritium in precipitation in South Africa and its bearing on hydrological studies. Journal of Environmental Radioactivity,&nbsp;<a href=\"https:\/\/doi.org\/10.1016\/j.jenvrad.2020.106354\">https:\/\/doi.org\/10.1016\/j.jenvrad.2020.106354<\/a><\/p>\n\n\n\n<p>Vennemann T. W., Decrouy L., Bourgeois G., Delavy K., Ecuyer M., Lange P., Mishra S., Rastogi G., Pattnaik A.K., and Suar M., 2020. Sedimentologic, Chemical and Isotopic Constraints on the Anthropogenic Influence on Chilika Lake, India.&nbsp;<em>In<\/em>: Ecology, Conservation, and Restoration of Chilika Lagoon, India. Wetlands, Ecology Conservation and Management 6, Springer Nature Switzerland AG, 95-113.&nbsp;<a href=\"https:\/\/doi.org\/10.1007\/978-3-030-33424-6_5\">https:\/\/doi.org\/10.1007\/978-3-030-33424-6_5<\/a><\/p>\n\n\n\n<p>Weinkauf M.F.G., Groeneveld J., Waniek J.J., Vennemann T.W., and Martini R., 2020. Stable Oxygen Isotope Composition is Biased by Shell Calcification Intensity in Planktonic Foraminifera. Paleoceanography and Paleoclimatology, 35, e2020PA003941. https:\/\/doi.org\/10.1029\/2020PA003941.Widmann P, Bucher H, Leu M, Vennemann T, Bagherpour B, Schneebeli-Hermann E, Goudemand N and Schaltegger U (2020). Dynamics of the Largest Carbon Isotope Excursion During the Early Triassic Biotic Recovery. Front. Earth Sci. 8:196. doi: 10.3389\/feart.2020.00196<\/p>\n","protected":false},"excerpt":{"rendered":"<p>Recent interesting publications: 2020 B\u00e9gu\u00e9 F.,&nbsp;&nbsp;Baumgartner L. P.,&nbsp;&nbsp;T M\u00fcller T.,&nbsp;&nbsp;Putlitz B, and Vennemann T., 2020.&nbsp;Metasomatic Vein Formation By Stationary Fluids In Carbonate Xenoliths At The Eastern Margin Of The Bergell &hellip; <\/p>\n","protected":false},"author":977,"featured_media":0,"parent":0,"menu_order":0,"comment_status":"closed","ping_status":"closed","template":"","meta":{"_seopress_robots_primary_cat":"","_seopress_titles_title":"","_seopress_titles_desc":"","_seopress_robots_index":"","footnotes":""},"class_list":["post-278","page","type-page","status-publish"],"_links":{"self":[{"href":"https:\/\/wp.unil.ch\/isolab\/wp-json\/wp\/v2\/pages\/278","targetHints":{"allow":["GET"]}}],"collection":[{"href":"https:\/\/wp.unil.ch\/isolab\/wp-json\/wp\/v2\/pages"}],"about":[{"href":"https:\/\/wp.unil.ch\/isolab\/wp-json\/wp\/v2\/types\/page"}],"author":[{"embeddable":true,"href":"https:\/\/wp.unil.ch\/isolab\/wp-json\/wp\/v2\/users\/977"}],"replies":[{"embeddable":true,"href":"https:\/\/wp.unil.ch\/isolab\/wp-json\/wp\/v2\/comments?post=278"}],"version-history":[{"count":0,"href":"https:\/\/wp.unil.ch\/isolab\/wp-json\/wp\/v2\/pages\/278\/revisions"}],"wp:attachment":[{"href":"https:\/\/wp.unil.ch\/isolab\/wp-json\/wp\/v2\/media?parent=278"}],"curies":[{"name":"wp","href":"https:\/\/api.w.org\/{rel}","templated":true}]}}