{"id":266,"date":"2023-11-21T16:44:54","date_gmt":"2023-11-21T15:44:54","guid":{"rendered":"https:\/\/wp.unil.ch\/iris\/?page_id=266"},"modified":"2024-02-20T15:37:20","modified_gmt":"2024-02-20T14:37:20","slug":"projet-projets-appels-et-financements-de-la-recherche","status":"publish","type":"page","link":"https:\/\/wp.unil.ch\/iris\/projet-projets-appels-et-financements-de-la-recherche\/","title":{"rendered":"Projet Projets, Appels et Financements de la recherche"},"content":{"rendered":"\n<div class=\"wp-block-columns is-layout-flex wp-container-core-columns-is-layout-9d6595d7 wp-block-columns-is-layout-flex\">\n<div class=\"wp-block-column is-layout-flow wp-block-column-is-layout-flow\" style=\"flex-basis:33.33%\"><div class=\"wp-block-image is-style-rounded\">\n<figure class=\"aligncenter size-full is-resized\"><img alt=\"\" loading=\"lazy\" decoding=\"async\" width=\"512\" height=\"512\" src=\"https:\/\/wp.unil.ch\/iris\/files\/2023\/11\/cropped-0090b7ae-e67a-4645-8ce7-8fbaa5358f34.jpg\" alt=\"\" class=\"wp-image-184\" style=\"width:150px\" srcset=\"https:\/\/wp.unil.ch\/iris\/files\/2023\/11\/cropped-0090b7ae-e67a-4645-8ce7-8fbaa5358f34.jpg 512w, https:\/\/wp.unil.ch\/iris\/files\/2023\/11\/cropped-0090b7ae-e67a-4645-8ce7-8fbaa5358f34-300x300.jpg 300w, https:\/\/wp.unil.ch\/iris\/files\/2023\/11\/cropped-0090b7ae-e67a-4645-8ce7-8fbaa5358f34-150x150.jpg 150w, https:\/\/wp.unil.ch\/iris\/files\/2023\/11\/cropped-0090b7ae-e67a-4645-8ce7-8fbaa5358f34-270x270.jpg 270w, https:\/\/wp.unil.ch\/iris\/files\/2023\/11\/cropped-0090b7ae-e67a-4645-8ce7-8fbaa5358f34-192x192.jpg 192w, https:\/\/wp.unil.ch\/iris\/files\/2023\/11\/cropped-0090b7ae-e67a-4645-8ce7-8fbaa5358f34-180x180.jpg 180w, https:\/\/wp.unil.ch\/iris\/files\/2023\/11\/cropped-0090b7ae-e67a-4645-8ce7-8fbaa5358f34-32x32.jpg 32w\" sizes=\"auto, (max-width: 512px) 100vw, 512px\" \/><\/figure>\n<\/div><\/div>\n\n\n\n<div class=\"wp-block-column is-layout-flow wp-block-column-is-layout-flow\" style=\"flex-basis:66.66%\">\n<p class=\"has-accent-color has-text-color has-link-color wp-elements-081dfc2c2ddf16ed33c6231dbf44579e\"><strong>Statut: Projet d&rsquo;\u00e9tude (d\u00e9but mars 2024)<\/strong><\/p>\n\n\n\n<p>Dans le cadre de l&rsquo;\u00e9volution constante du paysage de la recherche, l&rsquo;Universit\u00e9 de Lausanne s&rsquo;engage dans le d\u00e9veloppement d&rsquo;un nouveau syst\u00e8me d&rsquo;information, IRIS, visant \u00e0 moderniser et \u00e0 optimiser la gestion de l&rsquo;information li\u00e9e \u00e0 la recherche au sein de l&rsquo;institution. Ce nouveau syst\u00e8me, bas\u00e9 sur le logiciel DSpace-CRIS, offre des fonctionnalit\u00e9s avanc\u00e9es pour int\u00e9grer de mani\u00e8re coh\u00e9rente les appels \u00e0 projet, les projets de recherche ainsi que les fonds de recherche obtenus par ses chercheures et ses chercheurs.<\/p>\n\n\n\n<p>L&rsquo;adoption de DSpace-CRIS est motiv\u00e9e par sa capacit\u00e9 \u00e0 offrir une approche contextuelle \u00e0 la gestion de l&rsquo;information de recherche. Les syst\u00e8mes CRIS (Current Research Information Systems) ont l&rsquo;avantage significatif de lier les informations relatives aux appels \u00e0 projet, aux projets de recherche et aux fonds obtenus \u00e0 d&rsquo;autres entit\u00e9s pr\u00e9sentes dans le CRIS, telles que les personnes, les unit\u00e9s de recherche et les publications. Cette capacit\u00e9 contextuelle repr\u00e9sente une avanc\u00e9e majeure dans la gestion de l\u2019information de la recherche, permettant de cr\u00e9er une vision compl\u00e8te et interconnect\u00e9e de l&rsquo;ensemble du processus de recherche.<\/p>\n\n\n\n<p>Actuellement, au sein de l&rsquo;Universit\u00e9 de Lausanne, la gestion de l&rsquo;information relative aux appels \u00e0 projet, aux projets de recherche et aux fonds de recherche obtenus repose sur des processus fragment\u00e9s, d\u00e9centralis\u00e9s et souvent h\u00e9t\u00e9rog\u00e8nes. L&rsquo;absence d&rsquo;un syst\u00e8me global d\u00e9di\u00e9 \u00e0 cette gestion cr\u00e9e des d\u00e9fis majeurs en termes de coh\u00e9rence, d&rsquo;efficacit\u00e9 op\u00e9rationnelle et de tra\u00e7abilit\u00e9 des activit\u00e9s de recherche.<\/p>\n\n\n\n<p>En analysant les fonctionnalit\u00e9s de DSpace-CRIS, en consultant les parties prenantes et en proposant des adaptations tant au niveau de l&rsquo;outil que des processus internes, le projet aspire \u00e0 \u00e9tablir les bases et d\u00e9finir les besoins pour aboutir \u00e0 un syst\u00e8me d&rsquo;information institutionnel efficace, favorisant une gestion transparente, collaborative et strat\u00e9gique des activit\u00e9s de recherche \u00e0 l&rsquo;Universit\u00e9 de Lausanne.<\/p>\n<\/div>\n<\/div>\n","protected":false},"excerpt":{"rendered":"<p>Statut: Projet d&rsquo;\u00e9tude (d\u00e9but mars 2024) Dans le cadre de l&rsquo;\u00e9volution constante du paysage de la recherche, l&rsquo;Universit\u00e9 de Lausanne s&rsquo;engage dans le d\u00e9veloppement d&rsquo;un nouveau syst\u00e8me d&rsquo;information,&hellip;<\/p>\n","protected":false},"author":1001644,"featured_media":0,"parent":0,"menu_order":0,"comment_status":"closed","ping_status":"closed","template":"template-full-width.php","meta":{"_seopress_robots_primary_cat":"","_seopress_titles_title":"","_seopress_titles_desc":"","_seopress_robots_index":"","footnotes":""},"class_list":["post-266","page","type-page","status-publish","has-post-thumbnail"],"_links":{"self":[{"href":"https:\/\/wp.unil.ch\/iris\/wp-json\/wp\/v2\/pages\/266","targetHints":{"allow":["GET"]}}],"collection":[{"href":"https:\/\/wp.unil.ch\/iris\/wp-json\/wp\/v2\/pages"}],"about":[{"href":"https:\/\/wp.unil.ch\/iris\/wp-json\/wp\/v2\/types\/page"}],"author":[{"embeddable":true,"href":"https:\/\/wp.unil.ch\/iris\/wp-json\/wp\/v2\/users\/1001644"}],"replies":[{"embeddable":true,"href":"https:\/\/wp.unil.ch\/iris\/wp-json\/wp\/v2\/comments?post=266"}],"version-history":[{"count":5,"href":"https:\/\/wp.unil.ch\/iris\/wp-json\/wp\/v2\/pages\/266\/revisions"}],"predecessor-version":[{"id":563,"href":"https:\/\/wp.unil.ch\/iris\/wp-json\/wp\/v2\/pages\/266\/revisions\/563"}],"wp:attachment":[{"href":"https:\/\/wp.unil.ch\/iris\/wp-json\/wp\/v2\/media?parent=266"}],"curies":[{"name":"wp","href":"https:\/\/api.w.org\/{rel}","templated":true}]}}