{"id":260,"date":"2023-11-21T16:44:06","date_gmt":"2023-11-21T15:44:06","guid":{"rendered":"https:\/\/wp.unil.ch\/iris\/?page_id=260"},"modified":"2024-07-19T12:14:40","modified_gmt":"2024-07-19T10:14:40","slug":"projet-serval-x","status":"publish","type":"page","link":"https:\/\/wp.unil.ch\/iris\/projet-serval-x\/","title":{"rendered":"Projet Serval X"},"content":{"rendered":"\n<div class=\"wp-block-columns is-layout-flex wp-container-core-columns-is-layout-9d6595d7 wp-block-columns-is-layout-flex\">\n<div class=\"wp-block-column is-layout-flow wp-block-column-is-layout-flow\" style=\"flex-basis:30%\"><div class=\"wp-block-image is-style-rounded\">\n<figure class=\"aligncenter size-full is-resized\"><img alt=\"\" loading=\"lazy\" decoding=\"async\" width=\"1024\" height=\"1024\" src=\"https:\/\/wp.unil.ch\/iris\/files\/2023\/12\/df4839db-810e-4427-9481-2713c2713da3.jpg\" alt=\"\" class=\"wp-image-356\" style=\"width:150px\" srcset=\"https:\/\/wp.unil.ch\/iris\/files\/2023\/12\/df4839db-810e-4427-9481-2713c2713da3.jpg 1024w, https:\/\/wp.unil.ch\/iris\/files\/2023\/12\/df4839db-810e-4427-9481-2713c2713da3-300x300.jpg 300w, https:\/\/wp.unil.ch\/iris\/files\/2023\/12\/df4839db-810e-4427-9481-2713c2713da3-150x150.jpg 150w, https:\/\/wp.unil.ch\/iris\/files\/2023\/12\/df4839db-810e-4427-9481-2713c2713da3-768x768.jpg 768w, https:\/\/wp.unil.ch\/iris\/files\/2023\/12\/df4839db-810e-4427-9481-2713c2713da3-540x540.jpg 540w\" sizes=\"auto, (max-width: 1024px) 100vw, 1024px\" \/><\/figure>\n<\/div><\/div>\n\n\n\n<div class=\"wp-block-column is-layout-flow wp-block-column-is-layout-flow\" style=\"flex-basis:80%\">\n<p class=\"has-accent-color has-text-color has-link-color wp-elements-5892bb833314151d4922d6a48a98e53b\"><strong>Statut: Version acc\u00e8s en consultation (beta) en production<\/strong><\/p>\n\n\n\n<p>Serval X est le premier projet du Programme IRIS. Son but est la migration des publications de l&rsquo;UNIL dans le nouveau syst\u00e8me d&rsquo;information et repr\u00e9sente le socle de base sur lequel les autres entit\u00e9s seront greff\u00e9es par la suite.<\/p>\n\n\n\n<p>Le SERveur Acad\u00e9mique Lausannois (Serval) contient des collections num\u00e9riques dont la principale est le d\u00e9p\u00f4t institutionnel de l\u2019Universit\u00e9 de Lausanne et du CHUV. Les publications des chercheures et des chercheurs de ces deux institutions y sont pr\u00e9serv\u00e9es et certaines sont disponibles en libre acc\u00e8s.<\/p>\n\n\n\n<p>Afin de pr\u00e9server le patrimoine scientifique de l\u2019UNIL et de r\u00e9pondre aux exigences internationales et nationales et institutionnelles en mati\u00e8re d\u2019Open Access, il est essentiel de garantir la s\u00e9curit\u00e9 et stabilit\u00e9 de l\u2019outil. Or, Cela fait d\u00e9j\u00e0&nbsp;plusieurs ann\u00e9es que l\u2019\u00e9diteur du socle technologique utilis\u00e9 pour Serval a cess\u00e9 toute activit\u00e9 sur la version que nous&nbsp;utilisons. Ce produit ne b\u00e9n\u00e9ficie donc plus de support, ni de mises \u00e0 jour, ni d\u2019\u00e9volution, ni de correctifs.<\/p>\n\n\n\n<p>Voil\u00e0 donc l&rsquo;\u00e9tincelle qui a fait d\u00e9marrer le programme IRIS!<\/p>\n<\/div>\n<\/div>\n\n\n\n<h2 class=\"wp-block-heading has-accent-color has-text-color has-link-color wp-elements-095d5d6be6f8cefbe75e9f868c1c80a9\">Quelques chiffres cl\u00e9s<\/h2>\n\n\n\n<p>Migrer Serval est une t\u00e2che cons\u00e9quente! Voici quelques chiffres pour vous donner une id\u00e9e de la d\u00e9marche:<\/p>\n\n\n\n<ul class=\"wp-block-list\">\n<li>Pr\u00e8s de 200&rsquo;000 notices migr\u00e9es<\/li>\n\n\n\n<li>Outre \u00e0 50&rsquo;000 documents migr\u00e9s<\/li>\n\n\n\n<li>Les besoins de 7 facult\u00e9s \u00e0 concilier avec les contraintes techniques (merci \u00e0 la CCIRIS!)<\/li>\n<\/ul>\n\n\n\n<h2 class=\"wp-block-heading has-accent-color has-text-color has-link-color wp-elements-7f8e7ed8ab30d34a9864a17c2946fdd7\">Strat\u00e9gie de mise en production<\/h2>\n\n\n\n<p>IRIS sera mise en production de mani\u00e8re \u00e9chelonn\u00e9e \u00e0 partir de 2024.<\/p>\n\n\n\n<p>La premi\u00e8re mise en production de la version Beta d&rsquo;IRIS a eu lieu en juillet 2024 et est en lecture seule. La saisie des publications continuera \u00e0 se faire dans Serval et les donn\u00e9es seront synchronis\u00e9es pendant cette p\u00e9riode Beta.<\/p>\n\n\n\n<p>IRIS beta est disponible sur <a href=\"https:\/\/iris.unil.ch\">iris.unil.ch<\/a>.<\/p>\n\n\n\n<p>Les autres fonctionnalit\u00e9s essentielles pour la d\u00e9sactivation de Serval seront r\u00e9alis\u00e9es ult\u00e9rieurement et int\u00e9gr\u00e9es progressivement \u00e0 IRIS Beta.<\/p>\n\n\n\n<p>Apr\u00e8s une p\u00e9riode de test en \u00e9dition, IRIS sera mise en production et Serval sera d\u00e9sactiv\u00e9.<\/p>\n\n\n<div class=\"wp-block-image\">\n<figure class=\"aligncenter size-large\"><img alt=\"\" loading=\"lazy\" decoding=\"async\" width=\"1024\" height=\"576\" src=\"https:\/\/wp.unil.ch\/iris\/files\/2024\/02\/Timelines-IRIS-1-1024x576.png\" alt=\"\" class=\"wp-image-490\" srcset=\"https:\/\/wp.unil.ch\/iris\/files\/2024\/02\/Timelines-IRIS-1-1024x576.png 1024w, https:\/\/wp.unil.ch\/iris\/files\/2024\/02\/Timelines-IRIS-1-300x169.png 300w, https:\/\/wp.unil.ch\/iris\/files\/2024\/02\/Timelines-IRIS-1-768x432.png 768w, https:\/\/wp.unil.ch\/iris\/files\/2024\/02\/Timelines-IRIS-1-1536x864.png 1536w, https:\/\/wp.unil.ch\/iris\/files\/2024\/02\/Timelines-IRIS-1-18x10.png 18w, https:\/\/wp.unil.ch\/iris\/files\/2024\/02\/Timelines-IRIS-1-540x304.png 540w, https:\/\/wp.unil.ch\/iris\/files\/2024\/02\/Timelines-IRIS-1-1080x608.png 1080w, https:\/\/wp.unil.ch\/iris\/files\/2024\/02\/Timelines-IRIS-1.png 1920w\" sizes=\"auto, (max-width: 1024px) 100vw, 1024px\" \/><\/figure>\n<\/div>\n\n\n<h6 class=\"wp-block-heading has-text-align-right\"><em>Le planning de mise en production est revu p\u00e9riodiquement et peut \u00eatre mis \u00e0 jour \u00e0 tout moment.<\/em><\/h6>\n\n\n\n<div class=\"wp-block-columns is-layout-flex wp-container-core-columns-is-layout-9d6595d7 wp-block-columns-is-layout-flex\">\n<div class=\"wp-block-column is-layout-flow wp-block-column-is-layout-flow\"><\/div>\n\n\n\n<div class=\"wp-block-column is-layout-flow wp-block-column-is-layout-flow\"><\/div>\n<\/div>\n","protected":false},"excerpt":{"rendered":"<p>Statut: Version acc\u00e8s en consultation (beta) en production Serval X est le premier projet du Programme IRIS. Son but est la migration des publications de l&rsquo;UNIL dans le&hellip;<\/p>\n","protected":false},"author":1001644,"featured_media":0,"parent":0,"menu_order":0,"comment_status":"closed","ping_status":"closed","template":"template-full-width.php","meta":{"_seopress_robots_primary_cat":"","_seopress_titles_title":"","_seopress_titles_desc":"","_seopress_robots_index":"","footnotes":""},"class_list":["post-260","page","type-page","status-publish","has-post-thumbnail"],"_links":{"self":[{"href":"https:\/\/wp.unil.ch\/iris\/wp-json\/wp\/v2\/pages\/260","targetHints":{"allow":["GET"]}}],"collection":[{"href":"https:\/\/wp.unil.ch\/iris\/wp-json\/wp\/v2\/pages"}],"about":[{"href":"https:\/\/wp.unil.ch\/iris\/wp-json\/wp\/v2\/types\/page"}],"author":[{"embeddable":true,"href":"https:\/\/wp.unil.ch\/iris\/wp-json\/wp\/v2\/users\/1001644"}],"replies":[{"embeddable":true,"href":"https:\/\/wp.unil.ch\/iris\/wp-json\/wp\/v2\/comments?post=260"}],"version-history":[{"count":4,"href":"https:\/\/wp.unil.ch\/iris\/wp-json\/wp\/v2\/pages\/260\/revisions"}],"predecessor-version":[{"id":606,"href":"https:\/\/wp.unil.ch\/iris\/wp-json\/wp\/v2\/pages\/260\/revisions\/606"}],"wp:attachment":[{"href":"https:\/\/wp.unil.ch\/iris\/wp-json\/wp\/v2\/media?parent=260"}],"curies":[{"name":"wp","href":"https:\/\/api.w.org\/{rel}","templated":true}]}}