{"id":341,"date":"2023-12-07T09:21:12","date_gmt":"2023-12-07T08:21:12","guid":{"rendered":"https:\/\/wp.unil.ch\/iris\/?page_id=341"},"modified":"2024-02-16T13:42:30","modified_gmt":"2024-02-16T12:42:30","slug":"contact","status":"publish","type":"page","link":"https:\/\/wp.unil.ch\/iris\/en\/contact\/","title":{"rendered":"Contact"},"content":{"rendered":"<h2 class=\"wp-block-heading\">Help<\/h2>\n\n\n\n<p class=\"has-text-align-center\"><strong>Do you need help?<\/strong><\/p>\n\n\n\n<p class=\"translation-block\">Visit <a href=\"https:\/\/wp.unil.ch\/iris\/en\/aide\/\" data-type=\"page\" data-id=\"237\" target=\"_self\">our dedicated page<\/a> or contact your <em><strong>faculty specialists<\/strong><\/em> in the first place.<\/p>\n\n\n\n<p class=\"translation-block\">Still unsure? Send an email to <strong><a href=\"mailto:iris@unil.ch\" target=\"_blank\" rel=\"noreferrer noopener\">iris@unil.ch<\/a><\/strong>.<\/p>\n\n\n\n<h2 class=\"wp-block-heading\">The program team<\/h2>\n\n\n\n<h3 class=\"wp-block-heading\">Centre informatique<\/h3>\n\n\n\n<div class=\"wp-block-columns is-layout-flex wp-container-core-columns-is-layout-9d6595d7 wp-block-columns-is-layout-flex\">\n<div class=\"wp-block-column is-layout-flow wp-block-column-is-layout-flow\" style=\"flex-basis:100px\">\n<figure class=\"wp-block-image size-full is-resized is-style-rounded\"><img alt=\"\" loading=\"lazy\" decoding=\"async\" width=\"350\" height=\"350\" src=\"https:\/\/wp.unil.ch\/iris\/files\/2024\/02\/Avatar_3.jpeg\" class=\"wp-image-538\" style=\"width:100px\" srcset=\"https:\/\/wp.unil.ch\/iris\/files\/2024\/02\/Avatar_3.jpeg 350w, https:\/\/wp.unil.ch\/iris\/files\/2024\/02\/Avatar_3-300x300.jpeg 300w, https:\/\/wp.unil.ch\/iris\/files\/2024\/02\/Avatar_3-150x150.jpeg 150w, https:\/\/wp.unil.ch\/iris\/files\/2024\/02\/Avatar_3-12x12.jpeg 12w\" sizes=\"auto, (max-width: 350px) 100vw, 350px\" \/><\/figure>\n<\/div>\n\n\n\n<div class=\"wp-block-column is-layout-flow wp-block-column-is-layout-flow\">\n<h4 class=\"wp-block-heading\">Program Manager<\/h4>\n\n\n\n<p><strong>Raphael Mottier<\/strong><\/p>\n<\/div>\n\n\n\n<div class=\"wp-block-column is-layout-flow wp-block-column-is-layout-flow\" style=\"flex-basis:100px\">\n<figure class=\"wp-block-image size-full is-resized is-style-rounded\"><img alt=\"\" loading=\"lazy\" decoding=\"async\" width=\"350\" height=\"350\" src=\"https:\/\/wp.unil.ch\/iris\/files\/2024\/02\/Avatar_4.jpeg\" class=\"wp-image-539\" style=\"width:100px\" srcset=\"https:\/\/wp.unil.ch\/iris\/files\/2024\/02\/Avatar_4.jpeg 350w, https:\/\/wp.unil.ch\/iris\/files\/2024\/02\/Avatar_4-300x300.jpeg 300w, https:\/\/wp.unil.ch\/iris\/files\/2024\/02\/Avatar_4-150x150.jpeg 150w, https:\/\/wp.unil.ch\/iris\/files\/2024\/02\/Avatar_4-12x12.jpeg 12w\" sizes=\"auto, (max-width: 350px) 100vw, 350px\" \/><\/figure>\n<\/div>\n\n\n\n<div class=\"wp-block-column is-layout-flow wp-block-column-is-layout-flow\">\n<h4 class=\"wp-block-heading\">Serval X project manager<\/h4>\n\n\n\n<p><strong>S\u00e9verin Blanc<\/strong><\/p>\n<\/div>\n<\/div>\n\n\n\n<div class=\"wp-block-columns is-layout-flex wp-container-core-columns-is-layout-9d6595d7 wp-block-columns-is-layout-flex\">\n<div class=\"wp-block-column is-layout-flow wp-block-column-is-layout-flow\" style=\"flex-basis:100px\">\n<figure class=\"wp-block-image size-full is-resized is-style-rounded\"><img alt=\"\" loading=\"lazy\" decoding=\"async\" width=\"350\" height=\"350\" src=\"https:\/\/wp.unil.ch\/iris\/files\/2024\/02\/Sans-titre_BR.jpeg\" class=\"wp-image-533\" style=\"width:100px\" srcset=\"https:\/\/wp.unil.ch\/iris\/files\/2024\/02\/Sans-titre_BR.jpeg 350w, https:\/\/wp.unil.ch\/iris\/files\/2024\/02\/Sans-titre_BR-300x300.jpeg 300w, https:\/\/wp.unil.ch\/iris\/files\/2024\/02\/Sans-titre_BR-150x150.jpeg 150w, https:\/\/wp.unil.ch\/iris\/files\/2024\/02\/Sans-titre_BR-12x12.jpeg 12w\" sizes=\"auto, (max-width: 350px) 100vw, 350px\" \/><\/figure>\n<\/div>\n\n\n\n<div class=\"wp-block-column is-layout-flow wp-block-column-is-layout-flow\">\n<h4 class=\"wp-block-heading\">Quality analyst<\/h4>\n\n\n\n<p><strong>Brice Radert<\/strong><\/p>\n<\/div>\n\n\n\n<div class=\"wp-block-column is-layout-flow wp-block-column-is-layout-flow\" style=\"flex-basis:100px\">\n<figure class=\"wp-block-image size-full is-resized is-style-rounded\"><img alt=\"\" loading=\"lazy\" decoding=\"async\" width=\"350\" height=\"350\" src=\"https:\/\/wp.unil.ch\/iris\/files\/2024\/02\/Avatar_2.jpeg\" class=\"wp-image-535\" style=\"width:100px\" srcset=\"https:\/\/wp.unil.ch\/iris\/files\/2024\/02\/Avatar_2.jpeg 350w, https:\/\/wp.unil.ch\/iris\/files\/2024\/02\/Avatar_2-300x300.jpeg 300w, https:\/\/wp.unil.ch\/iris\/files\/2024\/02\/Avatar_2-150x150.jpeg 150w, https:\/\/wp.unil.ch\/iris\/files\/2024\/02\/Avatar_2-12x12.jpeg 12w\" sizes=\"auto, (max-width: 350px) 100vw, 350px\" \/><\/figure>\n<\/div>\n\n\n\n<div class=\"wp-block-column is-layout-flow wp-block-column-is-layout-flow\">\n<h4 class=\"wp-block-heading\">Business analyst<\/h4>\n\n\n\n<p><strong>Maxime Touchard<\/strong><\/p>\n<\/div>\n<\/div>\n\n\n\n<h3 class=\"wp-block-heading\">Service de la recherche<\/h3>\n\n\n\n<div class=\"wp-block-columns is-layout-flex wp-container-core-columns-is-layout-9d6595d7 wp-block-columns-is-layout-flex\">\n<div class=\"wp-block-column is-layout-flow wp-block-column-is-layout-flow\" style=\"flex-basis:100px\">\n<figure class=\"wp-block-image size-full is-resized is-style-rounded\"><img alt=\"\" loading=\"lazy\" decoding=\"async\" width=\"350\" height=\"350\" src=\"https:\/\/wp.unil.ch\/iris\/files\/2024\/02\/Avatar_5.jpeg\" class=\"wp-image-542\" style=\"width:100px\" srcset=\"https:\/\/wp.unil.ch\/iris\/files\/2024\/02\/Avatar_5.jpeg 350w, https:\/\/wp.unil.ch\/iris\/files\/2024\/02\/Avatar_5-300x300.jpeg 300w, https:\/\/wp.unil.ch\/iris\/files\/2024\/02\/Avatar_5-150x150.jpeg 150w, https:\/\/wp.unil.ch\/iris\/files\/2024\/02\/Avatar_5-12x12.jpeg 12w\" sizes=\"auto, (max-width: 350px) 100vw, 350px\" \/><\/figure>\n<\/div>\n\n\n\n<div class=\"wp-block-column is-layout-flow wp-block-column-is-layout-flow\">\n<h4 class=\"wp-block-heading\">Research expert for the IRIS program and Serval project X<\/h4>\n\n\n\n<p><strong>Micaela Crespo<\/strong><\/p>\n<\/div>\n\n\n\n<div class=\"wp-block-column is-layout-flow wp-block-column-is-layout-flow\" style=\"flex-basis:100px\">\n<figure class=\"wp-block-image size-full is-resized is-style-rounded\"><img alt=\"\" loading=\"lazy\" decoding=\"async\" width=\"350\" height=\"350\" src=\"https:\/\/wp.unil.ch\/iris\/files\/2024\/02\/Avatar_6.jpeg\" class=\"wp-image-543\" style=\"width:100px\" srcset=\"https:\/\/wp.unil.ch\/iris\/files\/2024\/02\/Avatar_6.jpeg 350w, https:\/\/wp.unil.ch\/iris\/files\/2024\/02\/Avatar_6-300x300.jpeg 300w, https:\/\/wp.unil.ch\/iris\/files\/2024\/02\/Avatar_6-150x150.jpeg 150w, https:\/\/wp.unil.ch\/iris\/files\/2024\/02\/Avatar_6-12x12.jpeg 12w\" sizes=\"auto, (max-width: 350px) 100vw, 350px\" \/><\/figure>\n<\/div>\n\n\n\n<div class=\"wp-block-column is-layout-flow wp-block-column-is-layout-flow\">\n<h4 class=\"wp-block-heading\">Research expert for IRIS projects (researcher profiles, research projects)<\/h4>\n\n\n\n<p><strong>Th\u00e9 Van Luong<\/strong><\/p>\n<\/div>\n<\/div>","protected":false},"excerpt":{"rendered":"<p>Aide Avez-vous besoin d&rsquo;aide? Visitez notre page d\u00e9di\u00e9e ou adressez-vous \u00e0 vos sp\u00e9cialistes facultaires en premier lieu. Toujours des doutes? Ecrivez-nous \u00e0 iris@unil.ch. L&rsquo;\u00e9quipe du programme Centre informatique&hellip;<\/p>","protected":false},"author":1002570,"featured_media":0,"parent":0,"menu_order":0,"comment_status":"closed","ping_status":"closed","template":"template-full-width.php","meta":{"_seopress_robots_primary_cat":"","_seopress_titles_title":"","_seopress_titles_desc":"","_seopress_robots_index":"","footnotes":""},"class_list":["post-341","page","type-page","status-publish","has-post-thumbnail"],"_links":{"self":[{"href":"https:\/\/wp.unil.ch\/iris\/en\/wp-json\/wp\/v2\/pages\/341","targetHints":{"allow":["GET"]}}],"collection":[{"href":"https:\/\/wp.unil.ch\/iris\/en\/wp-json\/wp\/v2\/pages"}],"about":[{"href":"https:\/\/wp.unil.ch\/iris\/en\/wp-json\/wp\/v2\/types\/page"}],"author":[{"embeddable":true,"href":"https:\/\/wp.unil.ch\/iris\/en\/wp-json\/wp\/v2\/users\/1002570"}],"replies":[{"embeddable":true,"href":"https:\/\/wp.unil.ch\/iris\/en\/wp-json\/wp\/v2\/comments?post=341"}],"version-history":[{"count":5,"href":"https:\/\/wp.unil.ch\/iris\/en\/wp-json\/wp\/v2\/pages\/341\/revisions"}],"predecessor-version":[{"id":546,"href":"https:\/\/wp.unil.ch\/iris\/en\/wp-json\/wp\/v2\/pages\/341\/revisions\/546"}],"wp:attachment":[{"href":"https:\/\/wp.unil.ch\/iris\/en\/wp-json\/wp\/v2\/media?parent=341"}],"curies":[{"name":"wp","href":"https:\/\/api.w.org\/{rel}","templated":true}]}}