{"id":266,"date":"2023-11-21T16:44:54","date_gmt":"2023-11-21T15:44:54","guid":{"rendered":"https:\/\/wp.unil.ch\/iris\/?page_id=266"},"modified":"2024-02-20T15:37:20","modified_gmt":"2024-02-20T14:37:20","slug":"projet-projets-appels-et-financements-de-la-recherche","status":"publish","type":"page","link":"https:\/\/wp.unil.ch\/iris\/en\/projet-projets-appels-et-financements-de-la-recherche\/","title":{"rendered":"Research projects, calls and funding project"},"content":{"rendered":"<div class=\"wp-block-columns is-layout-flex wp-container-core-columns-is-layout-9d6595d7 wp-block-columns-is-layout-flex\">\n<div class=\"wp-block-column is-layout-flow wp-block-column-is-layout-flow\" style=\"flex-basis:33.33%\"><div class=\"wp-block-image is-style-rounded\">\n<figure class=\"aligncenter size-full is-resized\"><img alt=\"\" loading=\"lazy\" decoding=\"async\" width=\"512\" height=\"512\" src=\"https:\/\/wp.unil.ch\/iris\/files\/2023\/11\/cropped-0090b7ae-e67a-4645-8ce7-8fbaa5358f34.jpg\" class=\"wp-image-184\" style=\"width:150px\" srcset=\"https:\/\/wp.unil.ch\/iris\/files\/2023\/11\/cropped-0090b7ae-e67a-4645-8ce7-8fbaa5358f34.jpg 512w, https:\/\/wp.unil.ch\/iris\/files\/2023\/11\/cropped-0090b7ae-e67a-4645-8ce7-8fbaa5358f34-300x300.jpg 300w, https:\/\/wp.unil.ch\/iris\/files\/2023\/11\/cropped-0090b7ae-e67a-4645-8ce7-8fbaa5358f34-150x150.jpg 150w, https:\/\/wp.unil.ch\/iris\/files\/2023\/11\/cropped-0090b7ae-e67a-4645-8ce7-8fbaa5358f34-270x270.jpg 270w, https:\/\/wp.unil.ch\/iris\/files\/2023\/11\/cropped-0090b7ae-e67a-4645-8ce7-8fbaa5358f34-192x192.jpg 192w, https:\/\/wp.unil.ch\/iris\/files\/2023\/11\/cropped-0090b7ae-e67a-4645-8ce7-8fbaa5358f34-180x180.jpg 180w, https:\/\/wp.unil.ch\/iris\/files\/2023\/11\/cropped-0090b7ae-e67a-4645-8ce7-8fbaa5358f34-32x32.jpg 32w\" sizes=\"auto, (max-width: 512px) 100vw, 512px\" \/><\/figure>\n<\/div><\/div>\n\n\n\n<div class=\"wp-block-column is-layout-flow wp-block-column-is-layout-flow\" style=\"flex-basis:66.66%\">\n<p class=\"has-accent-color has-text-color has-link-color wp-elements-081dfc2c2ddf16ed33c6231dbf44579e\"><strong>Status: Study project (beginning March 2024)<\/strong><\/p>\n\n\n\n<p>As part of the constant evolution of the research landscape, the University of Lausanne is committed to the development of a new information system, IRIS, aimed at modernizing and optimizing the management of research-related information within the institution. This new system, based on DSpace-CRIS software, offers advanced functionalities for the coherent integration of calls for proposals, research projects and research funding obtained by its researchers.<\/p>\n\n\n\n<p>The adoption of DSpace-CRIS is motivated by its ability to offer a contextual approach to research information management. CRIS (Current Research Information Systems) systems have the significant advantage of linking information on calls for proposals, research projects and funding obtained to other entities present in CRIS, such as people, research units and publications. This contextual capability represents a major advance in research information management, enabling the creation of a complete, interconnected view of the entire research process.<\/p>\n\n\n\n<p>Currently, at the University of Lausanne, the management of information relating to calls for projects, research projects and research funds obtained is based on fragmented, decentralized and often heterogeneous processes. The absence of a global system dedicated to this management creates major challenges in terms of consistency, operational efficiency and traceability of research activities.<\/p>\n\n\n\n<p>By analyzing the functionalities of DSpace-CRIS, consulting stakeholders and proposing adaptations to both the tool and internal processes, the project aims to establish the foundations and define the requirements for an effective institutional information system, promoting transparent, collaborative and strategic management of research activities at the University of Lausanne.<\/p>\n<\/div>\n<\/div>","protected":false},"excerpt":{"rendered":"<p>Statut: Projet d&rsquo;\u00e9tude (d\u00e9but mars 2024) Dans le cadre de l&rsquo;\u00e9volution constante du paysage de la recherche, l&rsquo;Universit\u00e9 de Lausanne s&rsquo;engage dans le d\u00e9veloppement d&rsquo;un nouveau syst\u00e8me d&rsquo;information,&hellip;<\/p>","protected":false},"author":1001644,"featured_media":0,"parent":0,"menu_order":0,"comment_status":"closed","ping_status":"closed","template":"template-full-width.php","meta":{"_seopress_robots_primary_cat":"","_seopress_titles_title":"","_seopress_titles_desc":"","_seopress_robots_index":"","footnotes":""},"class_list":["post-266","page","type-page","status-publish","has-post-thumbnail"],"_links":{"self":[{"href":"https:\/\/wp.unil.ch\/iris\/en\/wp-json\/wp\/v2\/pages\/266","targetHints":{"allow":["GET"]}}],"collection":[{"href":"https:\/\/wp.unil.ch\/iris\/en\/wp-json\/wp\/v2\/pages"}],"about":[{"href":"https:\/\/wp.unil.ch\/iris\/en\/wp-json\/wp\/v2\/types\/page"}],"author":[{"embeddable":true,"href":"https:\/\/wp.unil.ch\/iris\/en\/wp-json\/wp\/v2\/users\/1001644"}],"replies":[{"embeddable":true,"href":"https:\/\/wp.unil.ch\/iris\/en\/wp-json\/wp\/v2\/comments?post=266"}],"version-history":[{"count":5,"href":"https:\/\/wp.unil.ch\/iris\/en\/wp-json\/wp\/v2\/pages\/266\/revisions"}],"predecessor-version":[{"id":563,"href":"https:\/\/wp.unil.ch\/iris\/en\/wp-json\/wp\/v2\/pages\/266\/revisions\/563"}],"wp:attachment":[{"href":"https:\/\/wp.unil.ch\/iris\/en\/wp-json\/wp\/v2\/media?parent=266"}],"curies":[{"name":"wp","href":"https:\/\/api.w.org\/{rel}","templated":true}]}}