{"id":263,"date":"2023-11-21T16:44:26","date_gmt":"2023-11-21T15:44:26","guid":{"rendered":"https:\/\/wp.unil.ch\/iris\/?page_id=263"},"modified":"2024-02-20T15:37:33","modified_gmt":"2024-02-20T14:37:33","slug":"projet-enrichissement-des-profils-chercheur%c2%b7e","status":"publish","type":"page","link":"https:\/\/wp.unil.ch\/iris\/en\/projet-enrichissement-des-profils-chercheur%c2%b7e\/","title":{"rendered":"Enrichment of researcher profiles project"},"content":{"rendered":"<div class=\"wp-block-columns is-layout-flex wp-container-core-columns-is-layout-9d6595d7 wp-block-columns-is-layout-flex\">\n<div class=\"wp-block-column is-layout-flow wp-block-column-is-layout-flow\" style=\"flex-basis:33.33%\"><div class=\"wp-block-image is-style-rounded\">\n<figure class=\"aligncenter size-full is-resized\"><img alt=\"\" loading=\"lazy\" decoding=\"async\" width=\"512\" height=\"512\" src=\"https:\/\/wp.unil.ch\/iris\/files\/2023\/11\/cropped-0090b7ae-e67a-4645-8ce7-8fbaa5358f34.jpg\" class=\"wp-image-184\" style=\"width:150px\" srcset=\"https:\/\/wp.unil.ch\/iris\/files\/2023\/11\/cropped-0090b7ae-e67a-4645-8ce7-8fbaa5358f34.jpg 512w, https:\/\/wp.unil.ch\/iris\/files\/2023\/11\/cropped-0090b7ae-e67a-4645-8ce7-8fbaa5358f34-300x300.jpg 300w, https:\/\/wp.unil.ch\/iris\/files\/2023\/11\/cropped-0090b7ae-e67a-4645-8ce7-8fbaa5358f34-150x150.jpg 150w, https:\/\/wp.unil.ch\/iris\/files\/2023\/11\/cropped-0090b7ae-e67a-4645-8ce7-8fbaa5358f34-270x270.jpg 270w, https:\/\/wp.unil.ch\/iris\/files\/2023\/11\/cropped-0090b7ae-e67a-4645-8ce7-8fbaa5358f34-192x192.jpg 192w, https:\/\/wp.unil.ch\/iris\/files\/2023\/11\/cropped-0090b7ae-e67a-4645-8ce7-8fbaa5358f34-180x180.jpg 180w, https:\/\/wp.unil.ch\/iris\/files\/2023\/11\/cropped-0090b7ae-e67a-4645-8ce7-8fbaa5358f34-32x32.jpg 32w\" sizes=\"auto, (max-width: 512px) 100vw, 512px\" \/><\/figure>\n<\/div><\/div>\n\n\n\n<div class=\"wp-block-column is-layout-flow wp-block-column-is-layout-flow\" style=\"flex-basis:66.66%\">\n<p class=\"has-accent-color has-text-color has-link-color wp-elements-e89ed0c5f80399c920c69edafd07255a\"><strong>Status: Study project in progress<\/strong><\/p>\n\n\n\n<p>Researchers' profiles are currently scattered across several tools. ORCID, Unisciences, Serval - so many different tools that disperse information and make it difficult to find and list all advances in an efficient and coherent way.<\/p>\n\n\n\n<p>With the IRIS project, we aim to offer a single zone for presenting the projects, publications and funding of UNIL researchers.<\/p>\n\n\n\n<p>Similarly, these unified profiles will enable us to develop more effective communication strategies on the successes of our researchers.<\/p>\n<\/div>\n<\/div>","protected":false},"excerpt":{"rendered":"<p>Status: Projet d&rsquo;\u00e9tude en cours Les profils des chercheuses et chercheurs sont actuellement dispers\u00e9s sur plusieurs outils. ORCID, Unisciences, Serval, autant d&rsquo;outils diff\u00e9rents qui dispersent l&rsquo;information et emp\u00eachent&hellip;<\/p>","protected":false},"author":1001644,"featured_media":0,"parent":0,"menu_order":0,"comment_status":"closed","ping_status":"closed","template":"template-full-width.php","meta":{"_seopress_robots_primary_cat":"","_seopress_titles_title":"","_seopress_titles_desc":"","_seopress_robots_index":"","footnotes":""},"class_list":["post-263","page","type-page","status-publish","has-post-thumbnail"],"_links":{"self":[{"href":"https:\/\/wp.unil.ch\/iris\/en\/wp-json\/wp\/v2\/pages\/263","targetHints":{"allow":["GET"]}}],"collection":[{"href":"https:\/\/wp.unil.ch\/iris\/en\/wp-json\/wp\/v2\/pages"}],"about":[{"href":"https:\/\/wp.unil.ch\/iris\/en\/wp-json\/wp\/v2\/types\/page"}],"author":[{"embeddable":true,"href":"https:\/\/wp.unil.ch\/iris\/en\/wp-json\/wp\/v2\/users\/1001644"}],"replies":[{"embeddable":true,"href":"https:\/\/wp.unil.ch\/iris\/en\/wp-json\/wp\/v2\/comments?post=263"}],"version-history":[{"count":5,"href":"https:\/\/wp.unil.ch\/iris\/en\/wp-json\/wp\/v2\/pages\/263\/revisions"}],"predecessor-version":[{"id":564,"href":"https:\/\/wp.unil.ch\/iris\/en\/wp-json\/wp\/v2\/pages\/263\/revisions\/564"}],"wp:attachment":[{"href":"https:\/\/wp.unil.ch\/iris\/en\/wp-json\/wp\/v2\/media?parent=263"}],"curies":[{"name":"wp","href":"https:\/\/api.w.org\/{rel}","templated":true}]}}