{"id":237,"date":"2023-11-13T11:10:16","date_gmt":"2023-11-13T10:10:16","guid":{"rendered":"https:\/\/wp.unil.ch\/iris\/?page_id=237"},"modified":"2024-02-16T12:50:27","modified_gmt":"2024-02-16T11:50:27","slug":"aide","status":"publish","type":"page","link":"https:\/\/wp.unil.ch\/iris\/en\/aide\/","title":{"rendered":"Help and documentation"},"content":{"rendered":"<p>Welcome to the support page dedicated to IRIS, the research information system at UNIL. Whether you're a researcher, teacher or administrative staff member, our aim is to help you make the most of this essential tool for your day-to-day IRIS activities.<\/p>\n\n\n\n<p>In our dedicated wiki area, you'll find a wealth of resources and support to help you master all the features offered by IRIS. Detailed documentation on business processes specific to UNIL, step-by-step guides to navigating the user interface and answers to frequently asked questions are all available.<\/p>\n\n\n\n<p>Please choose your language to access the wiki. Please note that the IRIS documentation is internal to UNIL. You will need to log in with your user name and password to access it.<\/p>\n\n\n\n<div class=\"wp-block-columns is-layout-flex wp-container-core-columns-is-layout-9d6595d7 wp-block-columns-is-layout-flex\">\n<div class=\"wp-block-column has-border-background-color has-background is-layout-flow wp-block-column-is-layout-flow\"><div class=\"wp-block-image is-style-default\">\n<figure class=\"aligncenter size-full is-resized\"><a href=\"https:\/\/wiki.unil.ch\/recherche\/shelves\/iris-fr\" target=\"_blank\" rel=\"noreferrer noopener\"><img alt=\"\" loading=\"lazy\" decoding=\"async\" width=\"444\" height=\"452\" src=\"https:\/\/wp.unil.ch\/iris\/files\/2024\/02\/IRIS-FR.jpeg\" class=\"wp-image-509\" style=\"width:auto;height:260px\" srcset=\"https:\/\/wp.unil.ch\/iris\/files\/2024\/02\/IRIS-FR.jpeg 444w, https:\/\/wp.unil.ch\/iris\/files\/2024\/02\/IRIS-FR-295x300.jpeg 295w, https:\/\/wp.unil.ch\/iris\/files\/2024\/02\/IRIS-FR-12x12.jpeg 12w\" sizes=\"auto, (max-width: 444px) 100vw, 444px\" \/><\/a><\/figure>\n<\/div><\/div>\n\n\n\n<div class=\"wp-block-column has-border-background-color has-background is-layout-flow wp-block-column-is-layout-flow\"><div class=\"wp-block-image\">\n<figure class=\"aligncenter size-full is-resized\"><a href=\"https:\/\/wiki.unil.ch\/recherche\/shelves\/iris-en\" target=\"_blank\" rel=\"noreferrer noopener\"><img alt=\"\" loading=\"lazy\" decoding=\"async\" width=\"442\" height=\"446\" src=\"https:\/\/wp.unil.ch\/iris\/files\/2024\/02\/IRIS-EN.jpeg\" class=\"wp-image-510\" style=\"width:auto;height:260px\" srcset=\"https:\/\/wp.unil.ch\/iris\/files\/2024\/02\/IRIS-EN.jpeg 442w, https:\/\/wp.unil.ch\/iris\/files\/2024\/02\/IRIS-EN-297x300.jpeg 297w, https:\/\/wp.unil.ch\/iris\/files\/2024\/02\/IRIS-EN-150x150.jpeg 150w, https:\/\/wp.unil.ch\/iris\/files\/2024\/02\/IRIS-EN-12x12.jpeg 12w\" sizes=\"auto, (max-width: 442px) 100vw, 442px\" \/><\/a><\/figure>\n<\/div><\/div>\n<\/div>\n\n\n\n<p>If you can't find what you're looking for, contact us at <a href=\"mailto:iris@unil.ch\" target=\"_blank\" rel=\"noreferrer noopener\">iris@unil.ch<\/a> <\/p>","protected":false},"excerpt":{"rendered":"<p>Bienvenue sur la page d&rsquo;assistance d\u00e9di\u00e9e \u00e0 IRIS, le syst\u00e8me d&rsquo;information de la recherche \u00e0 l&rsquo;UNIL. Que vous soyez chercheur\u00b7e, enseignant\u00b7e ou membre du personnel administratif, notre objectif&hellip;<\/p>","protected":false},"author":1001644,"featured_media":0,"parent":0,"menu_order":0,"comment_status":"closed","ping_status":"closed","template":"template-full-width.php","meta":{"_seopress_robots_primary_cat":"","_seopress_titles_title":"","_seopress_titles_desc":"","_seopress_robots_index":"","footnotes":""},"class_list":["post-237","page","type-page","status-publish","has-post-thumbnail"],"_links":{"self":[{"href":"https:\/\/wp.unil.ch\/iris\/en\/wp-json\/wp\/v2\/pages\/237","targetHints":{"allow":["GET"]}}],"collection":[{"href":"https:\/\/wp.unil.ch\/iris\/en\/wp-json\/wp\/v2\/pages"}],"about":[{"href":"https:\/\/wp.unil.ch\/iris\/en\/wp-json\/wp\/v2\/types\/page"}],"author":[{"embeddable":true,"href":"https:\/\/wp.unil.ch\/iris\/en\/wp-json\/wp\/v2\/users\/1001644"}],"replies":[{"embeddable":true,"href":"https:\/\/wp.unil.ch\/iris\/en\/wp-json\/wp\/v2\/comments?post=237"}],"version-history":[{"count":5,"href":"https:\/\/wp.unil.ch\/iris\/en\/wp-json\/wp\/v2\/pages\/237\/revisions"}],"predecessor-version":[{"id":523,"href":"https:\/\/wp.unil.ch\/iris\/en\/wp-json\/wp\/v2\/pages\/237\/revisions\/523"}],"wp:attachment":[{"href":"https:\/\/wp.unil.ch\/iris\/en\/wp-json\/wp\/v2\/media?parent=237"}],"curies":[{"name":"wp","href":"https:\/\/api.w.org\/{rel}","templated":true}]}}