{"id":167,"date":"2023-11-10T17:28:11","date_gmt":"2023-11-10T16:28:11","guid":{"rendered":"https:\/\/wp.unil.ch\/iris\/?page_id=167"},"modified":"2025-05-27T14:15:11","modified_gmt":"2025-05-27T12:15:11","slug":"home-page","status":"publish","type":"page","link":"https:\/\/wp.unil.ch\/iris\/en\/","title":{"rendered":"IRIS"},"content":{"rendered":"\n<h2 class=\"wp-block-heading has-accent-color has-text-color has-link-color wp-elements-31bcbd3710b436ee4aa1c6ad27afa417\">IRIS | <strong>Vers un syst\u00e8me d&rsquo;information de la recherche \u00e0 l&rsquo;UNIL <\/strong><\/h2>\n\n\n\n<div class=\"wp-block-columns is-layout-flex wp-container-core-columns-is-layout-9d6595d7 wp-block-columns-is-layout-flex\">\n<div class=\"wp-block-column is-layout-flow wp-block-column-is-layout-flow\">\n<p>IRIS est le nouveau syst\u00e8me d\u2019information de la recherche en devenir \u00e0 l\u2019UNIL.<\/p>\n\n\n\n<p>Pens\u00e9 comme un outil inclusif, il permettra de pr\u00e9server le patrimoine scientifique de l\u2019UNIL, de mettre en exergue sa diversit\u00e9 et de r\u00e9pondre aux exigences internationales, nationales et institutionnelles en mati\u00e8re d\u2019<a href=\"https:\/\/www.unil.ch\/openscience\/home\/menuinst\/open-access.html\">Open Access<\/a><\/p>\n<\/div>\n\n\n\n<div class=\"wp-block-column is-layout-flow wp-block-column-is-layout-flow\">\n<p>Fini les multiples saisies et la multiplication des outils de recherche\u00a0: avec IRIS, le contenu sera accessible \u00e0 des fins institutionnelles multiples dans un seul et unique guichet, et permettra de mettre en exergue la capacit\u00e9 de recherche institutionnelle tout en pouvant \u00eatre transf\u00e9r\u00e9 \u00e0 des sources externes dans un format interop\u00e9rable.<\/p>\n<\/div>\n<\/div>\n\n\n\n<blockquote class=\"wp-block-quote has-text-align-right is-layout-flow wp-block-quote-is-layout-flow\">\n<p><em>\u00ab\u00a0Consciente que les \u00e9volutions li\u00e9es aux d\u00e9veloppements technologiques sont synonymes d\u2019opportunit\u00e9s qu\u2019il convient de saisir, la Direction de l\u2019UNIL soutiendra [&#8230;] la transformation [&#8230;]&nbsp;des outils \u00e0 disposition des chercheur\u00b7e\u00b7s pour le partage et la valorisation de leurs activit\u00e9s de recherche.\u00a0\u00bb<\/em>&nbsp;<\/p>\n<cite>Plan d&rsquo;intentions de l&rsquo;UNIL 21-26<\/cite><\/blockquote>\n\n\n\n<p class=\"has-text-align-center\"><strong>IRIS en consultation (version beta) est d\u00e9sormais accessible sur internet \u00e0 l\u2019adresse <a href=\"https:\/\/iris.unil.ch\">iris.unil.ch<\/a>.<\/strong><\/p>\n\n\n\n<div class=\"wp-block-group alignfull has-light-background-background-color has-background\"><div class=\"wp-block-group__inner-container is-layout-constrained wp-block-group-is-layout-constrained\">\n<div class=\"wp-block-columns are-vertically-aligned-top is-layout-flex wp-container-core-columns-is-layout-9d6595d7 wp-block-columns-is-layout-flex\">\n<div class=\"wp-block-column is-vertically-aligned-top is-layout-flow wp-block-column-is-layout-flow\" style=\"flex-basis:25%\"><\/div>\n\n\n\n<div class=\"wp-block-column is-vertically-aligned-top is-layout-flow wp-block-column-is-layout-flow\" style=\"flex-basis:50%\">\n<h2 class=\"wp-block-heading has-text-align-left has-accent-color has-text-color has-link-color wp-elements-f70a7d4121c159cb9ccf3a32f4e08f5a\">Les objectifs d&rsquo;IRIS<\/h2>\n\n\n\n<p>IRIS vise \u00e0 soutenir et \u00e0 am\u00e9liorer l&rsquo;\u00e9cosyst\u00e8me de recherche de l&rsquo;institution en fournissant une plateforme centralis\u00e9e pour la gestion, la visibilit\u00e9 et la collaboration autour des activit\u00e9s de recherche\u200b.<\/p>\n\n\n\n<p>IRIS, bas\u00e9 sur le logiciel DSpace-CRIS, offre des fonctionnalit\u00e9s pour int\u00e9grer de mani\u00e8re coh\u00e9rente les profils, les publications, les appels\/projets\/fonds de recherche ainsi que les produits de recherche vari\u00e9s des chercheur\u00b7e\u00b7s de l\u2019UNIL.<\/p>\n\n\n\n<p><em><strong>Elle apporte un regard global, diversifi\u00e9 et contextuel dans le monde de la recherche \u00e0 l&rsquo;UNIL<\/strong><\/em><\/p>\n\n\n\n<p>Principaux objectifs d&rsquo;IRIS:<\/p>\n\n\n\n<ul class=\"wp-block-list\">\n<li>Offrir une vue d\u2019ensemble, th\u00e9matique, vari\u00e9e et contextuelle de la recherche \u00e0 l\u2019UNIL<\/li>\n\n\n\n<li>P\u00e9renniser et valoriser le patrimoine scientifique de l\u2019UNIL (dans toute sa diversit\u00e9)<\/li>\n\n\n\n<li>Assurer l\u2019int\u00e9grit\u00e9 des donn\u00e9es et promouvoir&nbsp;l\u2019\u00e9valuation de la recherche dans l\u2019esprit de&nbsp;DORA\/CoARA<\/li>\n\n\n\n<li>Am\u00e9liorer et simplifier des processus gr\u00e2ce \u00e0 des&nbsp;int\u00e9grations\/automatisations<\/li>\n<\/ul>\n<\/div>\n\n\n\n<div class=\"wp-block-column is-vertically-aligned-top is-layout-flow wp-block-column-is-layout-flow\" style=\"flex-basis:25%\"><\/div>\n<\/div>\n<\/div><\/div>\n\n\n\n<h2 class=\"wp-block-heading has-accent-color has-text-color has-link-color wp-elements-d946db7526f4f7dac9863336c5531760\">Les avantages des syst\u00e8mes d&rsquo;information de la recherche<\/h2>\n\n\n\n<p>Un syst\u00e8me d\u2019information de la recherche vise \u00e0 collecter, stocker et traiter les informations li\u00e9es \u00e0 la recherche au sein d\u2019une institution. Il regroupe l\u2019ensemble des moyens mis en place pour faciliter la gestion automatis\u00e9e de l\u2019information, et regroupe plusieurs acteurs interconnect\u00e9s pour g\u00e9rer les donn\u00e9es et l\u2019information.<\/p>\n\n\n\n<p>Les outils actuels, tels que Serval et Unisciences, ont \u00e9t\u00e9 construits par stratifications successives au cours des vingt derni\u00e8res ann\u00e9es. Ils souffrent de lacunes techniques et manquent de flexibilit\u00e9, ce qui les emp\u00eache d\u2019offrir une vitrine moderne de communication des recherches entreprises \u00e0 l\u2019UNIL.<\/p>\n\n\n\n<p>Ce nouvel outil permettra aussi de moderniser et de digitaliser certains processus administratifs, ce qui permettra \u00e0 nos chercheuses et \u00e0 nos chercheurs de se concentrer plus sereinement sur la recherche.<\/p>\n\n\n\n<h2 class=\"wp-block-heading has-accent-color has-text-color has-link-color wp-elements-2df6efcebe7006b9b1e13c96abbca0a6\" style=\"text-transform:none\">Le programme<\/h2>\n\n\n\n<p>Le <a href=\"https:\/\/wp.unil.ch\/iris\/programme-iris\/\" data-type=\"page\" data-id=\"247\">programme IRIS<\/a> se d\u00e9cline en plusieurs projets, dont le premier est la migration de Serval vers le nouvel outil. D&rsquo;autres projets successifs permettront d&rsquo;enrichir le contenu d&rsquo;IRIS au fil du temps.<\/p>\n\n\n\n<h2 class=\"wp-block-heading has-accent-color has-text-color has-link-color wp-elements-e1d299f489a510353f97c0a5ceff9ecb\">Rester inform\u00e9\u00b7e<\/h2>\n\n\n\n  \n  \n  <div class=\"\n    mailpoet_form_popup_overlay\n      \"><\/div>\n  <div\n    id=\"mailpoet_form_2\"\n    class=\"\n      mailpoet_form\n      mailpoet_form_shortcode\n      mailpoet_form_position_\n      mailpoet_form_animation_\n    \"\n      >\n\n    <style type=\"text\/css\">\n     #mailpoet_form_2 .mailpoet_form {  }\n#mailpoet_form_2 form { margin-bottom: 0; }\n#mailpoet_form_2 .mailpoet_column_with_background { padding: 0px; }\n#mailpoet_form_2 .wp-block-column:not(:first-child), #mailpoet_form_2 .mailpoet_form_column:not(:first-child) { padding: 0 20px; }\n#mailpoet_form_2 .mailpoet_form_column:not(:first-child) { margin-left: 0; }\n#mailpoet_form_2 h2.mailpoet-heading { margin: 0 0 20px 0; }\n#mailpoet_form_2 .mailpoet_paragraph { line-height: 20px; margin-bottom: 20px; }\n#mailpoet_form_2 .mailpoet_segment_label, #mailpoet_form_2 .mailpoet_text_label, #mailpoet_form_2 .mailpoet_textarea_label, #mailpoet_form_2 .mailpoet_select_label, #mailpoet_form_2 .mailpoet_radio_label, #mailpoet_form_2 .mailpoet_checkbox_label, #mailpoet_form_2 .mailpoet_list_label, #mailpoet_form_2 .mailpoet_date_label { display: block; font-weight: normal; }\n#mailpoet_form_2 .mailpoet_text, #mailpoet_form_2 .mailpoet_textarea, #mailpoet_form_2 .mailpoet_select, #mailpoet_form_2 .mailpoet_date_month, #mailpoet_form_2 .mailpoet_date_day, #mailpoet_form_2 .mailpoet_date_year, #mailpoet_form_2 .mailpoet_date { display: block; }\n#mailpoet_form_2 .mailpoet_text, #mailpoet_form_2 .mailpoet_textarea { width: 200px; }\n#mailpoet_form_2 .mailpoet_checkbox {  }\n#mailpoet_form_2 .mailpoet_submit {  }\n#mailpoet_form_2 .mailpoet_divider {  }\n#mailpoet_form_2 .mailpoet_message {  }\n#mailpoet_form_2 .mailpoet_form_loading { width: 30px; text-align: center; line-height: normal; }\n#mailpoet_form_2 .mailpoet_form_loading > span { width: 5px; height: 5px; background-color: #5b5b5b; }#mailpoet_form_2{border-radius: 4px;background: #ffffff;color: #1e1e1e;text-align: left;}#mailpoet_form_2 form.mailpoet_form {padding: 10px;}#mailpoet_form_2{width: 100%;}#mailpoet_form_2 .mailpoet_message {margin: 0; padding: 0 20px;}\n        #mailpoet_form_2 .mailpoet_validate_success {color: #00d084}\n        #mailpoet_form_2 input.parsley-success {color: #00d084}\n        #mailpoet_form_2 select.parsley-success {color: #00d084}\n        #mailpoet_form_2 textarea.parsley-success {color: #00d084}\n      \n        #mailpoet_form_2 .mailpoet_validate_error {color: #cf2e2e}\n        #mailpoet_form_2 input.parsley-error {color: #cf2e2e}\n        #mailpoet_form_2 select.parsley-error {color: #cf2e2e}\n        #mailpoet_form_2 textarea.textarea.parsley-error {color: #cf2e2e}\n        #mailpoet_form_2 .parsley-errors-list {color: #cf2e2e}\n        #mailpoet_form_2 .parsley-required {color: #cf2e2e}\n        #mailpoet_form_2 .parsley-custom-error-message {color: #cf2e2e}\n      #mailpoet_form_2 .mailpoet_paragraph.last {margin-bottom: 0} @media (max-width: 500px) {#mailpoet_form_2 {background: #ffffff;}} @media (min-width: 500px) {#mailpoet_form_2 .last .mailpoet_paragraph:last-child {margin-bottom: 0}}  @media (max-width: 500px) {#mailpoet_form_2 .mailpoet_form_column:last-child .mailpoet_paragraph:last-child {margin-bottom: 0}} \n    <\/style>\n\n    <form\n      target=\"_self\"\n      method=\"post\"\n      action=\"https:\/\/wp.unil.ch\/iris\/wp-admin\/admin-post.php?action=mailpoet_subscription_form\"\n      class=\"mailpoet_form mailpoet_form_form mailpoet_form_shortcode\"\n      novalidate\n      data-delay=\"\"\n      data-exit-intent-enabled=\"\"\n      data-font-family=\"\"\n      data-cookie-expiration-time=\"\"\n    >\n      <input type=\"hidden\" name=\"data[form_id]\" value=\"2\" \/>\n      <input type=\"hidden\" name=\"token\" value=\"2c3b6cc8e0\" \/>\n      <input type=\"hidden\" name=\"api_version\" value=\"v1\" \/>\n      <input type=\"hidden\" name=\"endpoint\" value=\"subscribers\" \/>\n      <input type=\"hidden\" name=\"mailpoet_method\" value=\"subscribe\" \/>\n\n      <label class=\"mailpoet_hp_email_label\" style=\"display: none !important;\">Please leave this field empty<input type=\"email\" name=\"data[email]\"\/><\/label><div class='mailpoet_form_columns_container'><div class=\"mailpoet_form_columns mailpoet_paragraph mailpoet_stack_on_mobile\"><div class=\"mailpoet_form_column\" style=\"flex-basis:50%;\"><div class=\"mailpoet_form_image is-style-rounded\"><figure class=\"size-full aligncenter\"><img alt=\"\" decoding=\"async\" src=\"http:\/\/wp.unil.ch\/iris\/files\/2023\/12\/ebcc0c8b-60c0-4d1e-a9d4-c5805891bdd3.jpg\" alt class=\"wp-image-374\" srcset=\"https:\/\/wp.unil.ch\/iris\/files\/2023\/12\/ebcc0c8b-60c0-4d1e-a9d4-c5805891bdd3.jpg 1024w, https:\/\/wp.unil.ch\/iris\/files\/2023\/12\/ebcc0c8b-60c0-4d1e-a9d4-c5805891bdd3-300x300.jpg 300w, https:\/\/wp.unil.ch\/iris\/files\/2023\/12\/ebcc0c8b-60c0-4d1e-a9d4-c5805891bdd3-150x150.jpg 150w, https:\/\/wp.unil.ch\/iris\/files\/2023\/12\/ebcc0c8b-60c0-4d1e-a9d4-c5805891bdd3-768x768.jpg 768w, https:\/\/wp.unil.ch\/iris\/files\/2023\/12\/ebcc0c8b-60c0-4d1e-a9d4-c5805891bdd3-540x540.jpg 540w\" width=350 style=\"width: 350px\"><\/figure><\/div>\n<\/div>\n<div class=\"mailpoet_form_column\" style=\"flex-basis:70%;\"><div class='mailpoet_spacer' style='height: 10px;'><\/div>\n<h2 class=\"mailpoet-heading  mailpoet-has-font-size\" style=\"text-align: center; font-size: 40px\"><span style=\"font-family: Nothing You Could Do\" data-font=\"Nothing You Could Do\" class=\"mailpoet-has-font\"><strong>Restez inform\u00e9\u00b7e !<\/strong><\/span><\/h2>\n<p class=\"mailpoet_form_paragraph  mailpoet-has-font-size\" style=\"text-align: center; font-size: 15px\"><span style=\"font-family: Montserrat\" data-font=\"Montserrat\" class=\"mailpoet-has-font\">Rejoignez<\/span>-nous et restez au courant des nouvelles concernant IRIS: derni\u00e8res actualit\u00e9s, nouvelles fonctionnalit\u00e9s d'IRIS, \u00e9v\u00e9nements ...<\/p>\n<div class=\"mailpoet_paragraph \"><input type=\"email\" autocomplete=\"email\" class=\"mailpoet_text\" id=\"form_email_2\" name=\"data[form_field_ZTZkM2Q2YTY1NmUxX2VtYWls]\" title=\"Adresse e-mail\" value=\"\" style=\"width:100%;box-sizing:border-box;background-color:#8ed1fc;border-style:solid;border-radius:5px !important;border-width:0px;border-color:#313131;padding:10px;margin: 0 auto 0 0;font-family:&#039;Karla&#039;;font-size:15px;line-height:1.5;height:auto;\" data-automation-id=\"form_email\"  placeholder=\"Adresse e-mail *\" aria-label=\"Adresse e-mail *\" data-parsley-errors-container=\".mailpoet_error_1xq4s\" data-parsley-required=\"true\" required aria-required=\"true\" data-parsley-minlength=\"6\" data-parsley-maxlength=\"150\" data-parsley-type-message=\"This value should be a valid email.\" data-parsley-required-message=\"This field is required.\"\/><span class=\"mailpoet_error_1xq4s\"><\/span><\/div>\n<div class=\"mailpoet_paragraph \"><input type=\"submit\" class=\"mailpoet_submit\" value=\"C&#039;est parti !\" data-automation-id=\"subscribe-submit-button\" data-font-family='Karla' style=\"width:100%;box-sizing:border-box;background-color:#0693e3;border-style:solid;border-radius:5px !important;border-width:0px;padding:10px;margin: 0 auto 0 0;font-family:&#039;Karla&#039;;font-size:15px;line-height:1.5;height:auto;color:#ffffff;border-color:transparent;font-weight:bold;\" \/><span class=\"mailpoet_form_loading\"><span class=\"mailpoet_bounce1\"><\/span><span class=\"mailpoet_bounce2\"><\/span><span class=\"mailpoet_bounce3\"><\/span><\/span><\/div>\n<\/div>\n<\/div><\/div>\n\n      <div class=\"mailpoet_message\">\n        <p class=\"mailpoet_validate_success\"\n                style=\"display:none;\"\n                >Vous vous \u00eates bien abonn\u00e9\u00b7e \u00e0 notre newsletter\u00a0!\n        <\/p>\n        <p class=\"mailpoet_validate_error\"\n                style=\"display:none;\"\n                >        <\/p>\n      <\/div>\n    <\/form>\n\n      <\/div>\n\n  \n\n\n\n<h2 class=\"wp-block-heading has-accent-color has-text-color has-link-color wp-elements-8a0885d6a5e2f58d2702b06c2aa62b16\">Derni\u00e8res actualit\u00e9s<\/h2>\n\n\n<ul class=\"wp-block-latest-posts__list is-grid columns-3 has-dates wp-block-latest-posts\"><li><a class=\"wp-block-latest-posts__post-title\" href=\"https:\/\/wp.unil.ch\/iris\/en\/mise-a-jour-indispensable-des-profils-orcid-avant-le-6-avril-attention-aux-url-serval-obsoletes\/\">Mise \u00e0 jour indispensable des profils ORCID avant le 6 avril : attention aux URL Serval obsol\u00e8tes<\/a><time datetime=\"2026-03-02T12:38:25+01:00\" class=\"wp-block-latest-posts__post-date\">2 March 2026<\/time><\/li>\n<li><a class=\"wp-block-latest-posts__post-title\" href=\"https:\/\/wp.unil.ch\/iris\/en\/iris-dernieres-nouveautes-2\/\">IRIS: Derni\u00e8res nouveaut\u00e9s<\/a><time datetime=\"2026-01-26T15:32:16+01:00\" class=\"wp-block-latest-posts__post-date\">26 January 2026<\/time><\/li>\n<li><a class=\"wp-block-latest-posts__post-title\" href=\"https:\/\/wp.unil.ch\/iris\/en\/les-bonnes-pratiques-iris\/\">Les bonnes pratiques IRIS<\/a><time datetime=\"2025-10-14T18:52:18+02:00\" class=\"wp-block-latest-posts__post-date\">14 October 2025<\/time><\/li>\n<li><a class=\"wp-block-latest-posts__post-title\" href=\"https:\/\/wp.unil.ch\/iris\/en\/iris-dernieres-nouveautes\/\">IRIS: Derni\u00e8res nouveaut\u00e9s<\/a><time datetime=\"2025-10-03T12:44:36+02:00\" class=\"wp-block-latest-posts__post-date\">3 October 2025<\/time><\/li>\n<\/ul>","protected":false},"excerpt":{"rendered":"<p>IRIS | Vers un syst\u00e8me d&rsquo;information de la recherche \u00e0 l&rsquo;UNIL IRIS est le nouveau syst\u00e8me d\u2019information de la recherche en devenir \u00e0 l\u2019UNIL. Pens\u00e9 comme un outil&hellip;<\/p>","protected":false},"author":1001644,"featured_media":182,"parent":0,"menu_order":0,"comment_status":"closed","ping_status":"closed","template":"template-full-width-cover.php","meta":{"_seopress_robots_primary_cat":"","_seopress_titles_title":"","_seopress_titles_desc":"","_seopress_robots_index":"","footnotes":""},"class_list":["post-167","page","type-page","status-publish","has-post-thumbnail"],"_links":{"self":[{"href":"https:\/\/wp.unil.ch\/iris\/en\/wp-json\/wp\/v2\/pages\/167","targetHints":{"allow":["GET"]}}],"collection":[{"href":"https:\/\/wp.unil.ch\/iris\/en\/wp-json\/wp\/v2\/pages"}],"about":[{"href":"https:\/\/wp.unil.ch\/iris\/en\/wp-json\/wp\/v2\/types\/page"}],"author":[{"embeddable":true,"href":"https:\/\/wp.unil.ch\/iris\/en\/wp-json\/wp\/v2\/users\/1001644"}],"replies":[{"embeddable":true,"href":"https:\/\/wp.unil.ch\/iris\/en\/wp-json\/wp\/v2\/comments?post=167"}],"version-history":[{"count":5,"href":"https:\/\/wp.unil.ch\/iris\/en\/wp-json\/wp\/v2\/pages\/167\/revisions"}],"predecessor-version":[{"id":652,"href":"https:\/\/wp.unil.ch\/iris\/en\/wp-json\/wp\/v2\/pages\/167\/revisions\/652"}],"wp:featuredmedia":[{"embeddable":true,"href":"https:\/\/wp.unil.ch\/iris\/en\/wp-json\/wp\/v2\/media\/182"}],"wp:attachment":[{"href":"https:\/\/wp.unil.ch\/iris\/en\/wp-json\/wp\/v2\/media?parent=167"}],"curies":[{"name":"wp","href":"https:\/\/api.w.org\/{rel}","templated":true}]}}