{"id":345,"date":"2024-06-17T16:40:27","date_gmt":"2024-06-17T14:40:27","guid":{"rendered":"https:\/\/wp.unil.ch\/ipadom\/?page_id=345"},"modified":"2024-09-17T17:50:07","modified_gmt":"2024-09-17T15:50:07","slug":"actualites","status":"publish","type":"page","link":"https:\/\/wp.unil.ch\/ipadom\/actualites\/","title":{"rendered":"Actualit\u00e9"},"content":{"rendered":"<ul class=\"wp-block-latest-posts__list is-grid columns-3 has-dates wp-block-latest-posts\"><li><div class=\"wp-block-latest-posts__featured-image\"><img loading=\"lazy\" decoding=\"async\" width=\"300\" height=\"204\" src=\"https:\/\/wp.unil.ch\/ipadom\/files\/2024\/12\/RMSCover-300x204.png\" class=\"attachment-medium size-medium wp-post-image\" alt=\"\" style=\"\" srcset=\"https:\/\/wp.unil.ch\/ipadom\/files\/2024\/12\/RMSCover-300x204.png 300w, https:\/\/wp.unil.ch\/ipadom\/files\/2024\/12\/RMSCover-540x368.png 540w, https:\/\/wp.unil.ch\/ipadom\/files\/2024\/12\/RMSCover.png 675w\" sizes=\"auto, (max-width: 300px) 100vw, 300px\" \/><\/div><a class=\"wp-block-latest-posts__post-title\" href=\"https:\/\/wp.unil.ch\/ipadom\/ipadom-dans-la-revue-medicale-suisse\/\">IPADom dans la Revue m\u00e9dicale suisse<\/a><time datetime=\"2024-12-11T13:59:58+01:00\" class=\"wp-block-latest-posts__post-date\">11 d\u00e9cembre 2024<\/time><\/li>\n<li><div class=\"wp-block-latest-posts__featured-image\"><img loading=\"lazy\" decoding=\"async\" width=\"300\" height=\"218\" src=\"https:\/\/wp.unil.ch\/ipadom\/files\/2024\/11\/IMPACT-e1732542183953-300x218.jpg\" class=\"attachment-medium size-medium wp-post-image\" alt=\"\" style=\"\" srcset=\"https:\/\/wp.unil.ch\/ipadom\/files\/2024\/11\/IMPACT-e1732542183953-300x218.jpg 300w, https:\/\/wp.unil.ch\/ipadom\/files\/2024\/11\/IMPACT-e1732542183953-768x557.jpg 768w, https:\/\/wp.unil.ch\/ipadom\/files\/2024\/11\/IMPACT-e1732542183953-540x392.jpg 540w, https:\/\/wp.unil.ch\/ipadom\/files\/2024\/11\/IMPACT-e1732542183953.jpg 900w\" sizes=\"auto, (max-width: 300px) 100vw, 300px\" \/><\/div><a class=\"wp-block-latest-posts__post-title\" href=\"https:\/\/wp.unil.ch\/ipadom\/presentation-de-la-methode-dimplantation-a-la-conference-impact\/\">Pr\u00e9sentation de la m\u00e9thode d&rsquo;implantation \u00e0 la Conf\u00e9rence IMPACT<\/a><time datetime=\"2024-11-07T16:43:42+01:00\" class=\"wp-block-latest-posts__post-date\">7 novembre 2024<\/time><\/li>\n<li><div class=\"wp-block-latest-posts__featured-image\"><img loading=\"lazy\" decoding=\"async\" width=\"300\" height=\"200\" src=\"https:\/\/wp.unil.ch\/ipadom\/files\/2024\/09\/1726738934977-300x200.jpg\" class=\"attachment-medium size-medium wp-post-image\" alt=\"\" style=\"\" srcset=\"https:\/\/wp.unil.ch\/ipadom\/files\/2024\/09\/1726738934977-300x200.jpg 300w, https:\/\/wp.unil.ch\/ipadom\/files\/2024\/09\/1726738934977-1024x683.jpg 1024w, https:\/\/wp.unil.ch\/ipadom\/files\/2024\/09\/1726738934977-768x512.jpg 768w, https:\/\/wp.unil.ch\/ipadom\/files\/2024\/09\/1726738934977-540x360.jpg 540w, https:\/\/wp.unil.ch\/ipadom\/files\/2024\/09\/1726738934977.jpg 1050w\" sizes=\"auto, (max-width: 300px) 100vw, 300px\" \/><\/div><a class=\"wp-block-latest-posts__post-title\" href=\"https:\/\/wp.unil.ch\/ipadom\/ipadom-presente-au-symposium-de-pratique-avance-en-sante-des-hug\/\">IPADom pr\u00e9sent\u00e9 au Symposium de pratique avanc\u00e9 en sant\u00e9 des HUG<\/a><time datetime=\"2024-09-19T14:19:37+02:00\" class=\"wp-block-latest-posts__post-date\">19 septembre 2024<\/time><\/li>\n<li><div class=\"wp-block-latest-posts__featured-image\"><img loading=\"lazy\" decoding=\"async\" width=\"300\" height=\"158\" src=\"https:\/\/wp.unil.ch\/ipadom\/files\/2023\/11\/Actu-reseau-bleu-300x158.png\" class=\"attachment-medium size-medium wp-post-image\" alt=\"\" style=\"\" srcset=\"https:\/\/wp.unil.ch\/ipadom\/files\/2023\/11\/Actu-reseau-bleu-300x158.png 300w, https:\/\/wp.unil.ch\/ipadom\/files\/2023\/11\/Actu-reseau-bleu-1024x538.png 1024w, https:\/\/wp.unil.ch\/ipadom\/files\/2023\/11\/Actu-reseau-bleu-768x403.png 768w, https:\/\/wp.unil.ch\/ipadom\/files\/2023\/11\/Actu-reseau-bleu-540x284.png 540w, https:\/\/wp.unil.ch\/ipadom\/files\/2023\/11\/Actu-reseau-bleu-1080x567.png 1080w, https:\/\/wp.unil.ch\/ipadom\/files\/2023\/11\/Actu-reseau-bleu.png 1200w\" sizes=\"auto, (max-width: 300px) 100vw, 300px\" \/><\/div><a class=\"wp-block-latest-posts__post-title\" href=\"https:\/\/wp.unil.ch\/ipadom\/communique-de-presse\/\">Communiqu\u00e9 de presse<\/a><time datetime=\"2023-11-21T10:33:00+01:00\" class=\"wp-block-latest-posts__post-date\">21 novembre 2023<\/time><\/li>\n<\/ul>","protected":false},"excerpt":{"rendered":"","protected":false},"author":1002737,"featured_media":525,"parent":0,"menu_order":0,"comment_status":"closed","ping_status":"closed","template":"template-full-width-cover.php","meta":{"_seopress_robots_primary_cat":"","_seopress_titles_title":"","_seopress_titles_desc":"","_seopress_robots_index":"","footnotes":""},"class_list":["post-345","page","type-page","status-publish","has-post-thumbnail"],"_links":{"self":[{"href":"https:\/\/wp.unil.ch\/ipadom\/wp-json\/wp\/v2\/pages\/345","targetHints":{"allow":["GET"]}}],"collection":[{"href":"https:\/\/wp.unil.ch\/ipadom\/wp-json\/wp\/v2\/pages"}],"about":[{"href":"https:\/\/wp.unil.ch\/ipadom\/wp-json\/wp\/v2\/types\/page"}],"author":[{"embeddable":true,"href":"https:\/\/wp.unil.ch\/ipadom\/wp-json\/wp\/v2\/users\/1002737"}],"replies":[{"embeddable":true,"href":"https:\/\/wp.unil.ch\/ipadom\/wp-json\/wp\/v2\/comments?post=345"}],"version-history":[{"count":2,"href":"https:\/\/wp.unil.ch\/ipadom\/wp-json\/wp\/v2\/pages\/345\/revisions"}],"predecessor-version":[{"id":349,"href":"https:\/\/wp.unil.ch\/ipadom\/wp-json\/wp\/v2\/pages\/345\/revisions\/349"}],"wp:featuredmedia":[{"embeddable":true,"href":"https:\/\/wp.unil.ch\/ipadom\/wp-json\/wp\/v2\/media\/525"}],"wp:attachment":[{"href":"https:\/\/wp.unil.ch\/ipadom\/wp-json\/wp\/v2\/media?parent=345"}],"curies":[{"name":"wp","href":"https:\/\/api.w.org\/{rel}","templated":true}]}}