{"id":180,"date":"2024-05-22T17:37:53","date_gmt":"2024-05-22T15:37:53","guid":{"rendered":"https:\/\/wp.unil.ch\/ipadom\/?page_id=180"},"modified":"2024-09-17T17:50:36","modified_gmt":"2024-09-17T15:50:36","slug":"a-propos","status":"publish","type":"page","link":"https:\/\/wp.unil.ch\/ipadom\/a-propos\/","title":{"rendered":"Projet"},"content":{"rendered":"\n<h2 class=\"wp-block-heading\">Avantages d\u2019un mod\u00e8le de soin int\u00e9grant la pratique infirmi\u00e8re avanc\u00e9e<\/h2>\n\n\n\n<p>Le nombre de personnes n\u00e9cessitant des soins \u00e0 domicile augmentera de 52% d\u2019ici 2040, ce qui implique une hausse du besoin en personnel soignant. De plus, la complexit\u00e9 croissante des soins implique des prises en charge plus globale. Dans ce contexte, renforcer la continuit\u00e9 des soins est primordial.<\/p>\n\n\n\n<p>L&rsquo;int\u00e9gration de la pratique infirmi\u00e8re avanc\u00e9e (PIA) dans les soins \u00e0 domicile a pour objectifs de conf\u00e9rer des b\u00e9n\u00e9fices sur trois axes, \u00e0 savoir le syst\u00e8me de sant\u00e9, les professionnel\u2e31les ainsi que les patient\u2e31es et leur entourage. Quelques-uns de ces objectifs sont d\u00e9taill\u00e9s ci-dessous.<\/p>\n\n\n\n<h3 class=\"wp-block-heading\">Objectifs pour le syst\u00e8me de sant\u00e9<\/h3>\n\n\n\n<details class=\"wp-block-details has-normal-font-size is-layout-flow wp-block-details-is-layout-flow\" open><summary>Am\u00e9liorer l&rsquo;accessibilit\u00e9 aux soins<\/summary>\n<p>Les infirmiers et infirmi\u00e8res de pratique avanc\u00e9e (IPA) acqui\u00e8rent des comp\u00e9tences \u00e9largies en termes de diagnostics, traitements et prescriptions. Cela permet de mieux r\u00e9partir la charge de travail entre les m\u00e9decins et les IPA, et contribue \u00e0 r\u00e9duire le temps d\u2019attente pour acc\u00e9der aux soins.<\/p>\n<\/details>\n\n\n\n<details class=\"wp-block-details is-layout-flow wp-block-details-is-layout-flow\" open><summary>Participer \u00e0 la ma\u00eetrise des co\u00fbts de la sant\u00e9<\/summary>\n<p>L&rsquo;int\u00e9gration de la pratique infirmi\u00e8re avanc\u00e9e vise \u00e0 mieux maitriser les co\u00fbts, notamment gr\u00e2ce \u00e0 la r\u00e9duction des complications, telles que les hospitalisations ou les r\u00e9admissions, dans le parcours des patient\u2e31es.<\/p>\n<\/details>\n\n\n\n<details class=\"wp-block-details is-layout-flow wp-block-details-is-layout-flow\" open><summary>Apporter des r\u00e9sultats probants pour guider la r\u00e9glementation de la PIA<\/summary>\n<p>En Suisse, le cadre l\u00e9gal de la PIA est en cours d\u2019\u00e9laboration dans tous les cantons, et son financement n\u2019est pas encore enti\u00e8rement d\u00e9fini. La production de r\u00e9sultats probants issus du projet IPADom est susceptible d\u2019apporter des \u00e9l\u00e9ments&nbsp;pour guider la r\u00e9glementation et le financement de ces nouveaux r\u00f4les.&nbsp;<\/p>\n<\/details>\n\n\n\n<h3 class=\"wp-block-heading\"><strong>Objectifs pour les professionnel\u2e31les de sant\u00e9<\/strong><\/h3>\n\n\n\n<details class=\"wp-block-details is-layout-flow wp-block-details-is-layout-flow\" open><summary>Optimiser la collaboration et la coordination interprofessionnelle<\/summary>\n<p>La formation des IPA leur permet de g\u00e9rer des situations complexes en coordonnant les soins et les diff\u00e9rents acteur\u2e31rices intervenant dans la prise en charge de telles situations. Les IPA sont \u00e9galement&nbsp;impliqu\u00e9\u2e31es dans la formation et l\u2019accompagnement des \u00e9quipes et ce faisant, promeuvent les meilleures pratiques en encourageant la collaboration interprofessionnelle.<\/p>\n<\/details>\n\n\n\n<details class=\"wp-block-details is-layout-flow wp-block-details-is-layout-flow\" open><summary>Augmenter la satisfaction au travail <\/summary>\n<p>La pratique infirmi\u00e8re avanc\u00e9e permet aux infirmier\u2e31\u00e8res de d\u00e9velopper leurs comp\u00e9tences, d&rsquo;assumer des responsabilit\u00e9s accrues et de b\u00e9n\u00e9ficier de perspectives de carri\u00e8re attrayantes. Les opportunit\u00e9s d\u2019\u00e9volution professionnelle contribuent ainsi \u00e0 fid\u00e9liser le personnel infirmier, am\u00e9liorant la qualit\u00e9 des soins.<\/p>\n<\/details>\n\n\n\n<h3 class=\"wp-block-heading\"><strong>Objectifs pour les patient\u2e31es et leur entourage<\/strong><\/h3>\n\n\n\n<details class=\"wp-block-details is-layout-flow wp-block-details-is-layout-flow\" open><summary>Am\u00e9liorer la qualit\u00e9 et la s\u00e9curit\u00e9 des soins gr\u00e2ce aux donn\u00e9es probantes<\/summary>\n<p>L&rsquo;application des meilleures pratiques bas\u00e9es sur les preuves, la gestion proactive des risques et l&rsquo;information donn\u00e9e aux patient\u2e31es et \u00e0 leurs proches contribuent \u00e0 la qualit\u00e9 et la s\u00e9curit\u00e9 des soins. Cela permet de r\u00e9pondre de mani\u00e8re optimale aux besoins en proposant des soins pr\u00e9ventifs, curatifs, palliatifs ou de r\u00e9adaptation.<\/p>\n<\/details>\n\n\n\n<details class=\"wp-block-details is-layout-flow wp-block-details-is-layout-flow\" open><summary>Am\u00e9liorer l\u2019acc\u00e8s aux informations en sant\u00e9 et leur compr\u00e9hension<\/summary>\n<p>Les IPA utilisent des techniques didactiques adapt\u00e9es pour s&rsquo;assurer que les patient\u2e31es comprennent les informations relatives \u00e0 leur \u00e9tat de sant\u00e9, les traitements disponibles et les effets possibles, les rendant ainsi plus confiant\u2e31es et comp\u00e9tent\u2e31es pour g\u00e9rer leurs propres sympt\u00f4mes. Cela permet ainsi aux patient\u2e31es d&rsquo;\u00eatre acteur de leur prise en charge et d&rsquo;y contribuer activement.<\/p>\n<\/details>\n\n\n\n<h2 class=\"wp-block-heading\">Un projet en trois phases<\/h2>\n\n\n\n<p>Le projet de recherche IPADom, commenc\u00e9 en 2023, s\u2019\u00e9tendra jusqu\u2019\u00e0 fin 2026. Il est structur\u00e9 en trois phases \u2013 (I) pr\u00e9-implantation, (II) implantation, (III) \u00e9valuation.<\/p>\n\n\n\n<figure class=\"wp-block-image size-full is-resized\"><img alt=\"\" loading=\"lazy\" decoding=\"async\" width=\"802\" height=\"54\" src=\"https:\/\/wp.unil.ch\/ipadom\/files\/2024\/07\/Fichier-22.png\" alt=\"\" class=\"wp-image-434\" style=\"width:995px;height:auto\" srcset=\"https:\/\/wp.unil.ch\/ipadom\/files\/2024\/07\/Fichier-22.png 802w, https:\/\/wp.unil.ch\/ipadom\/files\/2024\/07\/Fichier-22-300x20.png 300w, https:\/\/wp.unil.ch\/ipadom\/files\/2024\/07\/Fichier-22-768x52.png 768w, https:\/\/wp.unil.ch\/ipadom\/files\/2024\/07\/Fichier-22-540x36.png 540w\" sizes=\"auto, (max-width: 802px) 100vw, 802px\" \/><\/figure>\n\n\n\n<h3 class=\"wp-block-heading\">Pr\u00e9-implantation<\/h3>\n\n\n\n<p>Au cours de cette \u00e9tape, les besoins propres aux deux institutions d\u2019aide et de soins \u00e0 domicile, l\u2019<a href=\"https:\/\/www.cms-vaud.ch\/avasad\/\" data-type=\"link\" data-id=\"https:\/\/www.cms-vaud.ch\/avasad\/\">AVASAD<\/a> et l\u2019<a href=\"https:\/\/www.imad-ge.ch\/\" data-type=\"link\" data-id=\"https:\/\/www.imad-ge.ch\/\">IMAD<\/a>, sont \u00e9valu\u00e9s. Un \u00e9tat des lieux des mod\u00e8les de soins existants est r\u00e9alis\u00e9, les besoins des patient\u2e31es et de l\u2019\u00e9quipe interprofessionnelle sont d\u00e9finis afin de construire un nouveau mod\u00e8le de soin domiciliaire int\u00e9grant la pratique infirmi\u00e8re avanc\u00e9e. Parall\u00e8lement, des lieux d\u2019implantation sont s\u00e9lectionn\u00e9s dans chacune des institutions permettant au mod\u00e8le d\u2019\u00eatre mis en \u0153uvre et concr\u00e8tement test\u00e9.&nbsp;<\/p>\n\n\n\n<h3 class=\"wp-block-heading\">Implantation<\/h3>\n\n\n\n<p>Une fois le mod\u00e8le d\u00e9fini, celui-ci est mis en \u0153uvre par le biais des strat\u00e9gies \u00e9labor\u00e9es par les \u00e9quipes interprofessionnelles. Parall\u00e8lement, le nouveau mod\u00e8le de soin est adapt\u00e9 au fur et \u00e0 mesure de son implantation \u00e0 l&rsquo;aide des indicateurs de mesures (par exemple le taux de r\u00e9admission \u00e0 l\u2019h\u00f4pital) constitu\u00e9s auparavant. Deux axes sont analys\u00e9s: l\u2019impact du nouveau mod\u00e8le sur les \u00e9quipes professionnelles, ainsi que sur les patient\u2e31es et leurs proches.<\/p>\n\n\n\n<blockquote class=\"wp-block-quote is-layout-flow wp-block-quote-is-layout-flow\">\n<p>Un <strong>mod\u00e8le de soins<\/strong> d\u00e9finit la mani\u00e8re dont les services de sant\u00e9 sont organis\u00e9s. Il d\u00e9crit les meilleures pratiques en mati\u00e8re de soins et de services pour une personne, un groupe de population ou une cohorte de patients. Il a pour objectif d\u2019assurer que les personnes re\u00e7oivent le bon soin, au bon moment, par les bonnes ressources et au bon endroit.<\/p>\n<cite><em><a href=\"https:\/\/aci.health.nsw.gov.au\/__data\/assets\/pdf_file\/0009\/181935\/HS13-034_Framework-DevelopMoC_D7.pdf\" data-type=\"link\" data-id=\"https:\/\/aci.health.nsw.gov.au\/__data\/assets\/pdf_file\/0009\/181935\/HS13-034_Framework-DevelopMoC_D7.pdf\">Understanding the process to develop a Model of Care, Agency for Clinical Innovation, 2013<\/a><\/em><\/cite><\/blockquote>\n\n\n\n<h3 class=\"wp-block-heading\">Evaluation<\/h3>\n\n\n<div class=\"wp-block-image\">\n<figure class=\"aligncenter size-full\"><img alt=\"\" loading=\"lazy\" decoding=\"async\" width=\"917\" height=\"236\" src=\"https:\/\/wp.unil.ch\/ipadom\/files\/2024\/07\/Fichier-24.png\" alt=\"\" class=\"wp-image-453\" srcset=\"https:\/\/wp.unil.ch\/ipadom\/files\/2024\/07\/Fichier-24.png 917w, https:\/\/wp.unil.ch\/ipadom\/files\/2024\/07\/Fichier-24-300x77.png 300w, https:\/\/wp.unil.ch\/ipadom\/files\/2024\/07\/Fichier-24-768x198.png 768w, https:\/\/wp.unil.ch\/ipadom\/files\/2024\/07\/Fichier-24-540x139.png 540w\" sizes=\"auto, (max-width: 917px) 100vw, 917px\" \/><\/figure>\n<\/div>\n\n\n<p>La troisi\u00e8me phase portera sur l\u2019\u00e9valuation globale du nouveau mod\u00e8le de soins et du r\u00f4le des infirmier\u2e31\u00e8res de pratique avanc\u00e9e sur la base des indicateurs d\u00e9finis pr\u00e9c\u00e9demment. Dans un premier temps, l\u2019\u00e9valuation portera sur l\u2019implantation des IPA dans les institutions de soins \u00e0 domicile afin d\u2019am\u00e9liorer le mod\u00e8le et en assurer sa p\u00e9rennisation. Une \u00e9valuation \u00e0 plus long terme mesurera les r\u00e9sultats concrets de cette implantation sur le syst\u00e8me de sant\u00e9 et les patients, et contribuera \u00e0 la mise en place de nouveaux mod\u00e8les de soins \u00e0 plus large \u00e9chelle.<\/p>\n\n\n\n<div class=\"wp-block-columns is-layout-flex wp-container-core-columns-is-layout-9d6595d7 wp-block-columns-is-layout-flex\">\n<div class=\"wp-block-column is-layout-flow wp-block-column-is-layout-flow\"><\/div>\n\n\n\n<div class=\"wp-block-column is-layout-flow wp-block-column-is-layout-flow\"><div class=\"wp-block-image\">\n<figure class=\"aligncenter size-full is-resized\"><a href=\"https:\/\/wp.unil.ch\/ipadom\/la-pratique-infirmiere-avancee\/\"><img alt=\"\" loading=\"lazy\" decoding=\"async\" width=\"228\" height=\"133\" src=\"https:\/\/wp.unil.ch\/ipadom\/files\/2024\/07\/Fichier-20.png\" alt=\"\" class=\"wp-image-425\" style=\"width:148px\" \/><\/a><\/figure>\n<\/div><\/div>\n\n\n\n<div class=\"wp-block-column is-layout-flow wp-block-column-is-layout-flow\"><div class=\"wp-block-image\">\n<figure class=\"aligncenter size-full is-resized\"><a href=\"https:\/\/wp.unil.ch\/ipadom\/actualites\/\"><img alt=\"\" loading=\"lazy\" decoding=\"async\" width=\"227\" height=\"133\" src=\"https:\/\/wp.unil.ch\/ipadom\/files\/2024\/07\/Fichier-21.png\" alt=\"\" class=\"wp-image-426\" style=\"width:148px\" \/><\/a><\/figure>\n<\/div><\/div>\n\n\n\n<div class=\"wp-block-column is-layout-flow wp-block-column-is-layout-flow\"><\/div>\n<\/div>\n\n\n\n<p><\/p>\n","protected":false},"excerpt":{"rendered":"<p>Avantages d\u2019un mod\u00e8le de soin int\u00e9grant la pratique infirmi\u00e8re avanc\u00e9e Le nombre de personnes n\u00e9cessitant des soins \u00e0 domicile augmentera de 52% d\u2019ici 2040, ce qui implique une&hellip;<\/p>\n","protected":false},"author":1002737,"featured_media":519,"parent":0,"menu_order":0,"comment_status":"closed","ping_status":"closed","template":"template-full-width-cover.php","meta":{"_seopress_robots_primary_cat":"","_seopress_titles_title":"","_seopress_titles_desc":"","_seopress_robots_index":"","footnotes":""},"class_list":["post-180","page","type-page","status-publish","has-post-thumbnail"],"_links":{"self":[{"href":"https:\/\/wp.unil.ch\/ipadom\/wp-json\/wp\/v2\/pages\/180","targetHints":{"allow":["GET"]}}],"collection":[{"href":"https:\/\/wp.unil.ch\/ipadom\/wp-json\/wp\/v2\/pages"}],"about":[{"href":"https:\/\/wp.unil.ch\/ipadom\/wp-json\/wp\/v2\/types\/page"}],"author":[{"embeddable":true,"href":"https:\/\/wp.unil.ch\/ipadom\/wp-json\/wp\/v2\/users\/1002737"}],"replies":[{"embeddable":true,"href":"https:\/\/wp.unil.ch\/ipadom\/wp-json\/wp\/v2\/comments?post=180"}],"version-history":[{"count":4,"href":"https:\/\/wp.unil.ch\/ipadom\/wp-json\/wp\/v2\/pages\/180\/revisions"}],"predecessor-version":[{"id":530,"href":"https:\/\/wp.unil.ch\/ipadom\/wp-json\/wp\/v2\/pages\/180\/revisions\/530"}],"wp:featuredmedia":[{"embeddable":true,"href":"https:\/\/wp.unil.ch\/ipadom\/wp-json\/wp\/v2\/media\/519"}],"wp:attachment":[{"href":"https:\/\/wp.unil.ch\/ipadom\/wp-json\/wp\/v2\/media?parent=180"}],"curies":[{"name":"wp","href":"https:\/\/api.w.org\/{rel}","templated":true}]}}