{"id":167,"date":"2024-05-22T16:48:54","date_gmt":"2024-05-22T14:48:54","guid":{"rendered":"https:\/\/wp.unil.ch\/ipadom\/?page_id=167"},"modified":"2024-09-17T17:50:29","modified_gmt":"2024-09-17T15:50:29","slug":"partenaires","status":"publish","type":"page","link":"https:\/\/wp.unil.ch\/ipadom\/partenaires\/","title":{"rendered":"Partenaires"},"content":{"rendered":"\n<h2 class=\"wp-block-heading\">Un partenariat tripartite<\/h2>\n\n\n\n<div class=\"wp-block-media-text is-stacked-on-mobile is-vertically-aligned-center\" style=\"grid-template-columns:30% auto\"><figure class=\"wp-block-media-text__media\"><a href=\"https:\/\/www.cms-vaud.ch\/\" target=\"_blank\" rel=\"noreferrer noopener\"><img alt=\"\" loading=\"lazy\" decoding=\"async\" width=\"1024\" height=\"764\" src=\"https:\/\/wp.unil.ch\/ipadom\/files\/2024\/06\/AVASADcentre_Plan-de-travail-1-1024x764.png\" alt=\"\" class=\"wp-image-330 size-full\" srcset=\"https:\/\/wp.unil.ch\/ipadom\/files\/2024\/06\/AVASADcentre_Plan-de-travail-1-1024x764.png 1024w, https:\/\/wp.unil.ch\/ipadom\/files\/2024\/06\/AVASADcentre_Plan-de-travail-1-300x224.png 300w, https:\/\/wp.unil.ch\/ipadom\/files\/2024\/06\/AVASADcentre_Plan-de-travail-1-768x573.png 768w, https:\/\/wp.unil.ch\/ipadom\/files\/2024\/06\/AVASADcentre_Plan-de-travail-1-1536x1146.png 1536w, https:\/\/wp.unil.ch\/ipadom\/files\/2024\/06\/AVASADcentre_Plan-de-travail-1-2048x1527.png 2048w, https:\/\/wp.unil.ch\/ipadom\/files\/2024\/06\/AVASADcentre_Plan-de-travail-1-540x403.png 540w, https:\/\/wp.unil.ch\/ipadom\/files\/2024\/06\/AVASADcentre_Plan-de-travail-1-1080x805.png 1080w, https:\/\/wp.unil.ch\/ipadom\/files\/2024\/06\/AVASADcentre_Plan-de-travail-1-1980x1477.png 1980w\" sizes=\"auto, (max-width: 1024px) 100vw, 1024px\" \/><\/a><\/figure><div class=\"wp-block-media-text__content\">\n<p>L\u2019Association vaudoise d\u2019aide et de soins \u00e0 domicile &#8211; <a href=\"https:\/\/www.cms-vaud.ch\" data-type=\"link\" data-id=\"www.cms-vaud.ch\" target=\"_blank\" rel=\"noreferrer noopener\">AVASAD<\/a> \u0153uvre pour le maintien en sant\u00e9 de la population vaudoise, tout au long du parcours de vie des individus. Elle est charg\u00e9e par l\u2019\u00c9tat de Vaud de mettre en \u0153uvre, sur l\u2019ensemble du territoire cantonal, la politique d\u2019aide et de soins \u00e0 domicile, ainsi que des mesures en mati\u00e8re de promotion de la sant\u00e9 et de pr\u00e9vention. L&rsquo;AVASAD accomplit ses missions par l&rsquo;interm\u00e9diaire des centres m\u00e9dico-sociaux (CMS) de sept associations et fondations r\u00e9gionales qui accompagnent les personnes d\u00e9pendantes, atteintes dans leur sant\u00e9 ou handicap\u00e9es, pour leur permettre de rester dans leur lieu de vie. Les CMS offrent des prestations telles que les soins, le soutien pour la vie quotidienne, le soutien social et psycho-social.<\/p>\n<\/div><\/div>\n\n\n\n<hr class=\"wp-block-separator has-alpha-channel-opacity\" \/>\n\n\n\n<div class=\"wp-block-media-text is-stacked-on-mobile\" style=\"grid-template-columns:30% auto\"><figure class=\"wp-block-media-text__media\"><a href=\"https:\/\/www.imad-ge.ch\/\" target=\"_blank\" rel=\"noreferrer noopener\"><img alt=\"\" loading=\"lazy\" decoding=\"async\" width=\"1024\" height=\"430\" src=\"https:\/\/wp.unil.ch\/ipadom\/files\/2024\/06\/IMAD_Droite-1024x430.png\" alt=\"\" class=\"wp-image-328 size-full\" srcset=\"https:\/\/wp.unil.ch\/ipadom\/files\/2024\/06\/IMAD_Droite-1024x430.png 1024w, https:\/\/wp.unil.ch\/ipadom\/files\/2024\/06\/IMAD_Droite-300x126.png 300w, https:\/\/wp.unil.ch\/ipadom\/files\/2024\/06\/IMAD_Droite-768x322.png 768w, https:\/\/wp.unil.ch\/ipadom\/files\/2024\/06\/IMAD_Droite-1536x645.png 1536w, https:\/\/wp.unil.ch\/ipadom\/files\/2024\/06\/IMAD_Droite-2048x860.png 2048w, https:\/\/wp.unil.ch\/ipadom\/files\/2024\/06\/IMAD_Droite-540x227.png 540w, https:\/\/wp.unil.ch\/ipadom\/files\/2024\/06\/IMAD_Droite-1080x453.png 1080w, https:\/\/wp.unil.ch\/ipadom\/files\/2024\/06\/IMAD_Droite-1980x831.png 1980w\" sizes=\"auto, (max-width: 1024px) 100vw, 1024px\" \/><\/a><\/figure><div class=\"wp-block-media-text__content\">\n<p>L\u2019Institution genevoise de maintien \u00e0 domicile &#8211; <a href=\"https:\/\/www.imad-ge.ch\/\" data-type=\"link\" data-id=\"https:\/\/www.imad-ge.ch\/\">IMAD<\/a> est une institution pionni\u00e8re dans le maintien \u00e0 domicile, la promotion de la sant\u00e9 et la pr\u00e9vention dans l\u2019ensemble du canton de Gen\u00e8ve. Elle a pour mission de r\u00e9pondre aux besoins de la population et \u00e0 son souhait de rester \u00e0 domicile. L\u2019IMAD assure ainsi des prestations de soins, de soutien, d\u2019accompagnement et de r\u00e9pit, favorisant l\u2019autonomie tout en pr\u00e9servant la qualit\u00e9 de vie. Ces prestations sont fournies en collaboration avec le m\u00e9decin traitant, la famille et les proches.<\/p>\n<\/div><\/div>\n\n\n\n<hr class=\"wp-block-separator has-alpha-channel-opacity\" \/>\n\n\n\n<div class=\"wp-block-media-text is-stacked-on-mobile\" style=\"grid-template-columns:30% auto\"><figure class=\"wp-block-media-text__media\"><a href=\"https:\/\/www.unil.ch\/sciences-infirmieres\/home.html\" target=\"_blank\" rel=\"noreferrer noopener\"><img alt=\"\" loading=\"lazy\" decoding=\"async\" width=\"1024\" height=\"218\" src=\"https:\/\/wp.unil.ch\/ipadom\/files\/2024\/06\/IUFRS_redim-1024x218.png\" alt=\"\" class=\"wp-image-304 size-full\" srcset=\"https:\/\/wp.unil.ch\/ipadom\/files\/2024\/06\/IUFRS_redim-1024x218.png 1024w, https:\/\/wp.unil.ch\/ipadom\/files\/2024\/06\/IUFRS_redim-300x64.png 300w, https:\/\/wp.unil.ch\/ipadom\/files\/2024\/06\/IUFRS_redim-768x164.png 768w, https:\/\/wp.unil.ch\/ipadom\/files\/2024\/06\/IUFRS_redim-1536x327.png 1536w, https:\/\/wp.unil.ch\/ipadom\/files\/2024\/06\/IUFRS_redim-2048x436.png 2048w, https:\/\/wp.unil.ch\/ipadom\/files\/2024\/06\/IUFRS_redim-540x115.png 540w, https:\/\/wp.unil.ch\/ipadom\/files\/2024\/06\/IUFRS_redim-1080x230.png 1080w, https:\/\/wp.unil.ch\/ipadom\/files\/2024\/06\/IUFRS_redim-1980x422.png 1980w\" sizes=\"auto, (max-width: 1024px) 100vw, 1024px\" \/><\/a><\/figure><div class=\"wp-block-media-text__content\">\n<p>L\u2019Institut universitaire de recherche et de formation en soins &#8211; <a href=\"https:\/\/www.unil.ch\/sciences-infirmieres\" data-type=\"link\" data-id=\"www.unil.ch\/sciences-infirmieres\">IUFRS<\/a> est rattach\u00e9 \u00e0 la Facult\u00e9 de biologie et de m\u00e9decine de l\u2019Universit\u00e9 de Lausanne (UNIL) et du Centre hospitalier universitaire vaudois (CHUV). En tant qu\u2019institut d\u2019enseignement et de recherche, il d\u00e9veloppe des activit\u00e9s en sciences infirmi\u00e8res et en sciences de la sant\u00e9 aux niveaux romand, national et international. Une de ses missions principales est la formation universitaire des infirmier\u00b7\u00e8res de pratique avanc\u00e9e, notamment \u00e0 travers ses programmes de Master \u00e8s Sciences en sciences infirmi\u00e8res (depuis 2009) et de Master \u00e8s Sciences en pratique infirmi\u00e8re sp\u00e9cialis\u00e9e (depuis 2018).<\/p>\n<\/div><\/div>\n\n\n\n<h2 class=\"wp-block-heading\">Un projet soutenu par la fondation Leenards<\/h2>\n\n\n\n<div class=\"wp-block-media-text is-stacked-on-mobile\" style=\"grid-template-columns:30% auto\"><figure class=\"wp-block-media-text__media\"><a href=\"https:\/\/www.leenaards.ch\/\" target=\"_blank\" rel=\"noreferrer noopener\"><img alt=\"\" loading=\"lazy\" decoding=\"async\" width=\"1024\" height=\"407\" src=\"https:\/\/wp.unil.ch\/ipadom\/files\/2024\/06\/Leenards-centre2_Plan-de-travail-1-1024x407.png\" alt=\"\" class=\"wp-image-341 size-full\" srcset=\"https:\/\/wp.unil.ch\/ipadom\/files\/2024\/06\/Leenards-centre2_Plan-de-travail-1-1024x407.png 1024w, https:\/\/wp.unil.ch\/ipadom\/files\/2024\/06\/Leenards-centre2_Plan-de-travail-1-300x119.png 300w, https:\/\/wp.unil.ch\/ipadom\/files\/2024\/06\/Leenards-centre2_Plan-de-travail-1-768x306.png 768w, https:\/\/wp.unil.ch\/ipadom\/files\/2024\/06\/Leenards-centre2_Plan-de-travail-1-1536x611.png 1536w, https:\/\/wp.unil.ch\/ipadom\/files\/2024\/06\/Leenards-centre2_Plan-de-travail-1-2048x815.png 2048w, https:\/\/wp.unil.ch\/ipadom\/files\/2024\/06\/Leenards-centre2_Plan-de-travail-1-540x215.png 540w, https:\/\/wp.unil.ch\/ipadom\/files\/2024\/06\/Leenards-centre2_Plan-de-travail-1-1080x430.png 1080w, https:\/\/wp.unil.ch\/ipadom\/files\/2024\/06\/Leenards-centre2_Plan-de-travail-1-1980x788.png 1980w\" sizes=\"auto, (max-width: 1024px) 100vw, 1024px\" \/><\/a><\/figure><div class=\"wp-block-media-text__content\">\n<p>La <a href=\"https:\/\/www.leenaards.ch\/\" data-type=\"link\" data-id=\"https:\/\/www.leenaards.ch\/\">Fondation Leenaards<\/a> est une fondation philanthropique qui soutient des projets au service du bien commun et du vivre-ensemble, dans les domaines <em>culture, \u00e2ges &amp; soci\u00e9t\u00e9<\/em> et <em>sciences &amp; sant\u00e9<\/em>. La Fondation soutient notamment la recherche et contribue \u00e0 une approche int\u00e9grative de la sant\u00e9. Dans le domaine <em>\u00e2ges &amp; soci\u00e9t\u00e9<\/em>, elle favorise les dynamiques communautaires \u2013 particuli\u00e8rement celles stimulant la solidarit\u00e9, les \u00e9changes interg\u00e9n\u00e9rationnels et la pr\u00e9vention des vuln\u00e9rabilit\u00e9s \u2013 ainsi que la qualit\u00e9 de vie pour toutes les phases du vieillissement.&nbsp;<\/p>\n<\/div><\/div>\n\n\n\n<p><\/p>\n","protected":false},"excerpt":{"rendered":"<p>Un partenariat tripartite L\u2019Association vaudoise d\u2019aide et de soins \u00e0 domicile &#8211; AVASAD \u0153uvre pour le maintien en sant\u00e9 de la population vaudoise, tout au long du parcours&hellip;<\/p>\n","protected":false},"author":1002737,"featured_media":514,"parent":0,"menu_order":0,"comment_status":"closed","ping_status":"closed","template":"template-full-width-cover.php","meta":{"_seopress_robots_primary_cat":"","_seopress_titles_title":"","_seopress_titles_desc":"","_seopress_robots_index":"","footnotes":""},"class_list":["post-167","page","type-page","status-publish","has-post-thumbnail"],"_links":{"self":[{"href":"https:\/\/wp.unil.ch\/ipadom\/wp-json\/wp\/v2\/pages\/167","targetHints":{"allow":["GET"]}}],"collection":[{"href":"https:\/\/wp.unil.ch\/ipadom\/wp-json\/wp\/v2\/pages"}],"about":[{"href":"https:\/\/wp.unil.ch\/ipadom\/wp-json\/wp\/v2\/types\/page"}],"author":[{"embeddable":true,"href":"https:\/\/wp.unil.ch\/ipadom\/wp-json\/wp\/v2\/users\/1002737"}],"replies":[{"embeddable":true,"href":"https:\/\/wp.unil.ch\/ipadom\/wp-json\/wp\/v2\/comments?post=167"}],"version-history":[{"count":4,"href":"https:\/\/wp.unil.ch\/ipadom\/wp-json\/wp\/v2\/pages\/167\/revisions"}],"predecessor-version":[{"id":524,"href":"https:\/\/wp.unil.ch\/ipadom\/wp-json\/wp\/v2\/pages\/167\/revisions\/524"}],"wp:featuredmedia":[{"embeddable":true,"href":"https:\/\/wp.unil.ch\/ipadom\/wp-json\/wp\/v2\/media\/514"}],"wp:attachment":[{"href":"https:\/\/wp.unil.ch\/ipadom\/wp-json\/wp\/v2\/media?parent=167"}],"curies":[{"name":"wp","href":"https:\/\/api.w.org\/{rel}","templated":true}]}}