{"id":97,"date":"2018-04-25T16:34:03","date_gmt":"2018-04-25T14:34:03","guid":{"rendered":"http:\/\/wp.unil.ch\/interculturalite\/?page_id=97"},"modified":"2022-09-22T12:14:58","modified_gmt":"2022-09-22T10:14:58","slug":"temoignages-detudiant%c2%b7e%c2%b7s","status":"publish","type":"page","link":"https:\/\/wp.unil.ch\/interculturalite\/temoignages-detudiant%c2%b7e%c2%b7s\/","title":{"rendered":"T\u00e9moignages d&rsquo;\u00e9tudiant\u00b7e\u00b7s"},"content":{"rendered":"<p style=\"text-align: center\"><strong>T\u00e9moignage de Camille Biner<\/strong><\/p>\n<p style=\"text-align: center\"><strong>Etudiante, inscrite au programme de sp\u00e9cialisation \u00ab Eclairer l\u2019interculturalit\u00e9\u00a0\u00bb<\/strong><\/p>\n<p style=\"text-align: center\"><strong>\u00a0<\/strong><strong style=\"font-size: 1rem\"><img alt=\"\" loading=\"lazy\" decoding=\"async\" class=\"size-full wp-image-110 aligncenter\" src=\"https:\/\/wp.unil.ch\/interculturalite\/files\/2018\/08\/big__MG_3864.jpg\" alt=\"\" width=\"249\" height=\"235\" \/><\/strong><\/p>\n<p><strong>\u00a0<\/strong><\/p>\n<ul>\n<li><strong>Pourquoi le programme\u00a0?<\/strong><\/li>\n<\/ul>\n<p>En analysant les options qui s\u2019offraient \u00e0 moi en termes de programme de sp\u00e9cialisation, le programme \u00ab Eclairer l\u2019interculturalit\u00e9\u00a0\u00bb a tout particuli\u00e8rement retenu mon attention. En effet, la th\u00e9matique g\u00e9n\u00e9rale m\u2019int\u00e9ressait, d\u2019une part, fortement. Mais \u00e9galement, et surtout, la combinaison de la th\u00e9orie et de la pratique gr\u00e2ce \u00e0 la r\u00e9alisation d\u2019un stage dans un milieu professionnel m\u2019a paru \u00eatre un atout pertinent par rapport \u00e0 la r\u00e9alit\u00e9 d\u2019aujourd\u2019hui.<\/p>\n<ul>\n<li><strong>Pr\u00e9sentation du stage<\/strong><\/li>\n<\/ul>\n<p><strong>\u00a0<\/strong><\/p>\n<p>Dans le cadre du programme \u00ab\u00a0\u00c9clairer l\u2019interculturalit\u00e9\u00a0\u00bb, j\u2019ai r\u00e9alis\u00e9 mon stage au sein de la Fondation PROFA \u00e0 Lausanne \u2013 fondation qui s\u2019occupe des questions li\u00e9es \u00e0 la sant\u00e9 sexuelle et reproductive. Le programme de sp\u00e9cialisation \u00e9tant ax\u00e9 sur l\u2019interculturalit\u00e9 et la migration, j\u2019ai trouv\u00e9 tr\u00e8s int\u00e9ressant de m\u2019y pencher sous l\u2019angle de la sant\u00e9 publique, plus pr\u00e9cis\u00e9ment sous celui de la sant\u00e9 sexuelle et reproductive qui constitue une dimension tr\u00e8s intime de l\u2019individu, mais qui est \u00e9galement omnipr\u00e9sente. De plus, durant la totalit\u00e9 de mon parcours acad\u00e9mique, cette th\u00e9matique n\u2019a que peu, voire pas du tout, \u00e9t\u00e9 abord\u00e9e.<\/p>\n<p>La fondation \u00e9tant compos\u00e9e de six services diff\u00e9rents, mon stage s\u2019est d\u00e9roul\u00e9 au Centre de comp\u00e9tences et pr\u00e9vention VIH\/IST (CCO) au sein du programme Migration et Intimit\u00e9. Il s\u2019agit d\u2019un programme de pr\u00e9vention des maladies sexuellement transmissibles s\u2019inscrivant \u00ab\u00a0dans une perspective de sant\u00e9 globale et d\u2019int\u00e9gration par les pair-e-s, pour et avec les personnes migrantes\u00a0\u00bb. Son mandat comprend ainsi l\u2019information, l\u2019\u00e9ducation et la communication en sant\u00e9 sexuelle et reproductive aupr\u00e8s des personnes migrantes d\u2019Afrique subsaharienne et d\u2019Am\u00e9rique latine (ces populations sont particuli\u00e8rement touch\u00e9es par le VIH et les IST du point de vue \u00e9pid\u00e9miologique). Toutefois, sur le terrain, le programme ne se limite pas \u00e0 ces populations sp\u00e9cifiques, mais s\u2019\u00e9largit \u00e0 toutes les personnes migrantes. Les charg\u00e9s d\u2019action m\u00e8nent un travail dit \u00ab\u00a0de proximit\u00e9, bas\u00e9 sur un rapport de confiance et sur une compr\u00e9hension culturelle de la vie et des probl\u00e9matiques de l\u2019usager\u00a0\u00bb. \u00c0 cet \u00e9gard, il s\u2019agit alors de permettre l\u2019\u00e9closion d\u2019espaces, au sein desquels des \u00e9changes peuvent avoir lieu autour des questions d\u2019intimit\u00e9 et de sexualit\u00e9, dans le respect des croyances et des traditions de chacun.<\/p>\n<p><strong>\u00a0<\/strong><\/p>\n<ul>\n<li><strong>Activit\u00e9s r\u00e9alis\u00e9es<\/strong><\/li>\n<\/ul>\n<p><strong>\u00a0<\/strong><\/p>\n<p>Dans le cadre de mon stage au sein de ce programme, j\u2019ai eu l\u2019occasion d\u2019accompagner les charg\u00e9s d\u2019action dans leur travail de proximit\u00e9 et \u00eatre ainsi confront\u00e9e \u00e0 la r\u00e9alit\u00e9 du terrain. \u00c0 cet effet, il convient de relever l\u2019impressionnante diversit\u00e9 de ce travail de pr\u00e9vention et d\u2019information qui regroupe non seulement une multiplicit\u00e9 d\u2019interventions diff\u00e9rentes en termes de collaboration v\u00e9cue\u00a0; mais aussi une vari\u00e9t\u00e9 importante au niveau des modes d\u2019intervention eux-m\u00eames qui peuvent prendre diff\u00e9rentes formes selon le groupe cible ou l\u2019institution.<\/p>\n<p>Les activit\u00e9s r\u00e9alis\u00e9es peuvent \u00eatre r\u00e9parties selon une logique binaire\u00a0: les activit\u00e9s formelles (programm\u00e9es et agend\u00e9es) et informelles (\u00ab\u00a0noyade communautaire\u00a0\u00bb), o\u00f9 les charg\u00e9s d\u2019action se rendent l\u00e0 o\u00f9 les communaut\u00e9s se r\u00e9unissent et discutent avec elles de leurs besoins afin, \u00e9ventuellement, de mettre en place une collaboration. Ainsi, au niveau des activit\u00e9s formelles, j\u2019ai eu l\u2019occasion de prendre part \u00e0 de nombreuses interventions\u00a0: cours de fran\u00e7ais\u00a0; soupe du vendredi \u00e0 l\u2019Arm\u00e9e du salut avec les populations roms\u00a0; Caf\u00e9-rencontre (rencontre gratuite autour d\u2019un caf\u00e9 afin de discuter de certaines th\u00e9matiques)\u00a0; interventions au sein d\u2019autres institutions (Fondation Point d\u2019Eau, Malley Prairie, etc.). Au d\u00e9part, mon r\u00f4le consistait en une observation participante, qui s\u2019est au fil du temps transform\u00e9e en participation plus active, aussi bien au niveau de la r\u00e9flexion et de la pr\u00e9paration des ateliers, qu\u2019\u00e0 celui de l\u2019animation de ceux-ci. \u00c0 titre d\u2019exemple, lors d\u2019un Caf\u00e9-rencontre \u00e0 Vevey, on m\u2019a confi\u00e9 la responsabilit\u00e9 de la pr\u00e9paration et de la pr\u00e9sentation de l\u2019atelier qui portait sur la transmission maternelle du VIH. Au niveau des activit\u00e9s informelles, qui consiste \u00e0 rencontrer les communaut\u00e9s, j\u2019ai eu l\u2019occasion de me rendre \u00e0 la maison de quartier de Faverges, afin de discuter de la faisabilit\u00e9 d\u2019une collaboration \u00e9ventuelle.<\/p>\n<p><strong>\u00a0<\/strong><\/p>\n<ul>\n<li><strong>Exp\u00e9rience<\/strong><\/li>\n<\/ul>\n<p><strong>\u00a0<\/strong><\/p>\n<p>La r\u00e9alisation de ce stage fut une belle exp\u00e9rience\u00a0et m\u2019a permis d\u2019acqu\u00e9rir de nombreuses comp\u00e9tences autres qu\u2019acad\u00e9miques et th\u00e9oriques. En effet, l\u2019acquisition d\u2019un savoir-faire utile sur le terrain permet d\u2019ajouter \u00ab\u00a0une corde \u00e0 son arc\u00a0\u00bb. De plus, le stage m\u2019a v\u00e9ritablement plu et m\u2019a donn\u00e9 envie de me lancer, apr\u00e8s la fin de mon master, dans une carri\u00e8re professionnelle en lien avec la migration.<\/p>\n<p>Enfin, d\u2019un point de vue humain, cette exp\u00e9rience fut tr\u00e8s riche en rencontre et en partage, que ce soit au niveau des professionnels avec lesquels j\u2019ai eu l\u2019occasion de travailler, mais \u00e9galement avec les communaut\u00e9s rencontr\u00e9es. Je me souviens de cette jeune femme syrienne avec laquelle j\u2019ai beaucoup discut\u00e9, ayant le m\u00eame \u00e2ge que moi, qui m\u2019a racont\u00e9 avoir d\u00fb fuir son pays en guerre et abandonner ses \u00e9tudes universitaires de musique. De telles rencontres ne laissent certainement pas de marbre et m\u2019ont enrichie d\u2019une mani\u00e8re jamais exp\u00e9riment\u00e9e auparavant.<\/p>\n","protected":false},"excerpt":{"rendered":"<p>T\u00e9moignage de Camille Biner Etudiante, inscrite au programme de sp\u00e9cialisation \u00ab Eclairer l\u2019interculturalit\u00e9\u00a0\u00bb \u00a0 \u00a0 Pourquoi le programme\u00a0? En analysant les options qui s\u2019offraient \u00e0 moi en termes de programme de sp\u00e9cialisation, le programme \u00ab Eclairer l\u2019interculturalit\u00e9\u00a0\u00bb a tout particuli\u00e8rement retenu mon attention. En effet, la th\u00e9matique g\u00e9n\u00e9rale m\u2019int\u00e9ressait, d\u2019une part, fortement. Mais \u00e9galement, et &hellip; <\/p>\n<p class=\"link-more\"><a href=\"https:\/\/wp.unil.ch\/interculturalite\/temoignages-detudiant%c2%b7e%c2%b7s\/\" class=\"more-link\">Continuer la lecture<span class=\"screen-reader-text\"> de &laquo;&nbsp;T\u00e9moignages d&rsquo;\u00e9tudiant\u00b7e\u00b7s&nbsp;&raquo;<\/span><\/a><\/p>\n","protected":false},"author":1001746,"featured_media":0,"parent":0,"menu_order":0,"comment_status":"closed","ping_status":"closed","template":"","meta":{"_seopress_robots_primary_cat":"","_seopress_titles_title":"","_seopress_titles_desc":"","_seopress_robots_index":"","footnotes":""},"class_list":["post-97","page","type-page","status-publish"],"_links":{"self":[{"href":"https:\/\/wp.unil.ch\/interculturalite\/wp-json\/wp\/v2\/pages\/97","targetHints":{"allow":["GET"]}}],"collection":[{"href":"https:\/\/wp.unil.ch\/interculturalite\/wp-json\/wp\/v2\/pages"}],"about":[{"href":"https:\/\/wp.unil.ch\/interculturalite\/wp-json\/wp\/v2\/types\/page"}],"author":[{"embeddable":true,"href":"https:\/\/wp.unil.ch\/interculturalite\/wp-json\/wp\/v2\/users\/1001746"}],"replies":[{"embeddable":true,"href":"https:\/\/wp.unil.ch\/interculturalite\/wp-json\/wp\/v2\/comments?post=97"}],"version-history":[{"count":0,"href":"https:\/\/wp.unil.ch\/interculturalite\/wp-json\/wp\/v2\/pages\/97\/revisions"}],"wp:attachment":[{"href":"https:\/\/wp.unil.ch\/interculturalite\/wp-json\/wp\/v2\/media?parent=97"}],"curies":[{"name":"wp","href":"https:\/\/api.w.org\/{rel}","templated":true}]}}