{"id":6,"date":"2017-10-11T10:32:19","date_gmt":"2017-10-11T08:32:19","guid":{"rendered":"http:\/\/wp.unil.ch\/interculturalite\/?page_id=6"},"modified":"2024-10-04T11:00:31","modified_gmt":"2024-10-04T09:00:31","slug":"home","status":"publish","type":"page","link":"https:\/\/wp.unil.ch\/interculturalite\/","title":{"rendered":"\u00c9clairer l&rsquo;interculturalit\u00e9"},"content":{"rendered":"<p>Bienvenue sur le site du programme de sp\u00e9cialisation \u00ab\u00a0\u00c9clairer l&rsquo;interculturalit\u00e9\u00a0\u00bb!<\/p>\n<p>Ce programme permet \u00e0 des \u00e9tudiant\u00b7e\u00b7s inscrit\u00b7e\u00b7s en Master de sciences des religions ou en Master \u00e8s lettres avec la discipline \u00ab\u00a0histoire et sciences des religions\u00a0\u00bb de favoriser leur insertion dans le march\u00e9 de l&#8217;emploi par le suivi de cours sp\u00e9cifiques et par la r\u00e9alisation d&rsquo;un stage dans le domaine de l&rsquo;interculturalit\u00e9.<\/p>\n<p>Sur ce site, vous trouverez des informations concernant l&rsquo;organisation de ce programme, la liste des stages d\u00e9j\u00e0 effectu\u00e9s, des t\u00e9moignages d&rsquo;ancien\u00b7ne\u00b7s \u00e9tudiant\u00b7e\u00b7s et des news en liens avec la th\u00e9matique de l&rsquo;interculturalit\u00e9.<\/p>\n<p><a href=\"https:\/\/youtu.be\/d7yMiBYicvk\">Vous pouvez \u00e9galement \u00e9couter et visionner la vid\u00e9o de pr\u00e9sentation du programme de sp\u00e9cialisation<\/a>.<\/p>\n<p>Bonne visite,<\/p>\n<p>Christine Rodier et Sophie Nedjar<\/p>\n","protected":false},"excerpt":{"rendered":"<p>Bienvenue sur le site du programme de sp\u00e9cialisation \u00ab\u00a0\u00c9clairer l&rsquo;interculturalit\u00e9\u00a0\u00bb! Ce programme permet \u00e0 des \u00e9tudiant\u00b7e\u00b7s inscrit\u00b7e\u00b7s en Master de sciences des religions ou en Master \u00e8s lettres avec la discipline \u00ab\u00a0histoire et sciences des religions\u00a0\u00bb de favoriser leur insertion dans le march\u00e9 de l&#8217;emploi par le suivi de cours sp\u00e9cifiques et par la r\u00e9alisation &hellip; <\/p>\n<p class=\"link-more\"><a href=\"https:\/\/wp.unil.ch\/interculturalite\/\" class=\"more-link\">Continuer la lecture<span class=\"screen-reader-text\"> de &laquo;&nbsp;\u00c9clairer l&rsquo;interculturalit\u00e9&nbsp;&raquo;<\/span><\/a><\/p>\n","protected":false},"author":108,"featured_media":0,"parent":0,"menu_order":0,"comment_status":"closed","ping_status":"closed","template":"","meta":{"_seopress_robots_primary_cat":"","_seopress_titles_title":"","_seopress_titles_desc":"","_seopress_robots_index":"","footnotes":""},"class_list":["post-6","page","type-page","status-publish"],"_links":{"self":[{"href":"https:\/\/wp.unil.ch\/interculturalite\/wp-json\/wp\/v2\/pages\/6","targetHints":{"allow":["GET"]}}],"collection":[{"href":"https:\/\/wp.unil.ch\/interculturalite\/wp-json\/wp\/v2\/pages"}],"about":[{"href":"https:\/\/wp.unil.ch\/interculturalite\/wp-json\/wp\/v2\/types\/page"}],"author":[{"embeddable":true,"href":"https:\/\/wp.unil.ch\/interculturalite\/wp-json\/wp\/v2\/users\/108"}],"replies":[{"embeddable":true,"href":"https:\/\/wp.unil.ch\/interculturalite\/wp-json\/wp\/v2\/comments?post=6"}],"version-history":[{"count":2,"href":"https:\/\/wp.unil.ch\/interculturalite\/wp-json\/wp\/v2\/pages\/6\/revisions"}],"predecessor-version":[{"id":247,"href":"https:\/\/wp.unil.ch\/interculturalite\/wp-json\/wp\/v2\/pages\/6\/revisions\/247"}],"wp:attachment":[{"href":"https:\/\/wp.unil.ch\/interculturalite\/wp-json\/wp\/v2\/media?parent=6"}],"curies":[{"name":"wp","href":"https:\/\/api.w.org\/{rel}","templated":true}]}}