{"id":165,"date":"2018-08-29T16:29:08","date_gmt":"2018-08-29T14:29:08","guid":{"rendered":"http:\/\/wp.unil.ch\/interculturalite\/?page_id=165"},"modified":"2023-09-21T13:58:03","modified_gmt":"2023-09-21T11:58:03","slug":"rapports-de-stage-danciens-etudiants","status":"publish","type":"page","link":"https:\/\/wp.unil.ch\/interculturalite\/rapports-de-stage-danciens-etudiants\/","title":{"rendered":"Rapports de stage d&rsquo;ancien\u00b7e\u00b7s \u00e9tudiant\u00b7e\u00b7s"},"content":{"rendered":"<p>\u00c0 titre d&rsquo;exemple, vous trouverez ci-dessous le rapport de Camille Biner, ancienne \u00e9tudiante en Master en sciences des religions et inscrite au programme de sp\u00e9cialisation Eclairer l&rsquo;interculturalit\u00e9. Camille Biner a r\u00e9alis\u00e9 son stage \u00e0 PROFA \u00e0 Lausanne.<\/p>\n<p><a href=\"https:\/\/wp.unil.ch\/interculturalite\/files\/2018\/08\/Eclairer-l\u2019interculturalit\u00e9-\u2013-rapport-de-stage.pdf\">Eclairer l\u2019interculturalit\u00e9 \u2013 rapport de stage<\/a><\/p>\n\n\n<p><\/p>\n","protected":false},"excerpt":{"rendered":"<p>\u00c0 titre d&rsquo;exemple, vous trouverez ci-dessous le rapport de Camille Biner, ancienne \u00e9tudiante en Master en sciences des religions et inscrite au programme de sp\u00e9cialisation Eclairer l&rsquo;interculturalit\u00e9. Camille Biner a r\u00e9alis\u00e9 son stage \u00e0 PROFA \u00e0 Lausanne. Eclairer l\u2019interculturalit\u00e9 \u2013 rapport de stage<\/p>\n","protected":false},"author":1001779,"featured_media":0,"parent":0,"menu_order":0,"comment_status":"closed","ping_status":"closed","template":"","meta":{"_seopress_robots_primary_cat":"","_seopress_titles_title":"","_seopress_titles_desc":"","_seopress_robots_index":"","footnotes":""},"class_list":["post-165","page","type-page","status-publish"],"_links":{"self":[{"href":"https:\/\/wp.unil.ch\/interculturalite\/wp-json\/wp\/v2\/pages\/165","targetHints":{"allow":["GET"]}}],"collection":[{"href":"https:\/\/wp.unil.ch\/interculturalite\/wp-json\/wp\/v2\/pages"}],"about":[{"href":"https:\/\/wp.unil.ch\/interculturalite\/wp-json\/wp\/v2\/types\/page"}],"author":[{"embeddable":true,"href":"https:\/\/wp.unil.ch\/interculturalite\/wp-json\/wp\/v2\/users\/1001779"}],"replies":[{"embeddable":true,"href":"https:\/\/wp.unil.ch\/interculturalite\/wp-json\/wp\/v2\/comments?post=165"}],"version-history":[{"count":0,"href":"https:\/\/wp.unil.ch\/interculturalite\/wp-json\/wp\/v2\/pages\/165\/revisions"}],"wp:attachment":[{"href":"https:\/\/wp.unil.ch\/interculturalite\/wp-json\/wp\/v2\/media?parent=165"}],"curies":[{"name":"wp","href":"https:\/\/api.w.org\/{rel}","templated":true}]}}