{"id":149,"date":"2018-08-29T14:30:15","date_gmt":"2018-08-29T12:30:15","guid":{"rendered":"http:\/\/wp.unil.ch\/interculturalite\/?page_id=149"},"modified":"2023-09-21T15:32:37","modified_gmt":"2023-09-21T13:32:37","slug":"conferences","status":"publish","type":"page","link":"https:\/\/wp.unil.ch\/interculturalite\/conferences\/","title":{"rendered":"Conf\u00e9rences"},"content":{"rendered":"\n<h2 class=\"wp-block-heading\"><strong>Interventions d&rsquo;anciens \u00e9tudiants du programme de sp\u00e9cialisation Eclairer l&rsquo;interculturalit\u00e9 (2023\/2024):<\/strong><\/h2>\n\n\n\n<p>Titres des interventions \u00e0 venir tr\u00e8s prochainement..<\/p>\n\n\n\n<ul class=\"wp-block-list\">\n<li>3 novembre 2023, 14h15-16h: Julien Norberg , Conseiller juridique pour les demandeurs\u2022euses d\u2019asile \u00e0 Caritas et assistant de r\u00e9daction \u00e0 Iras Cotis<\/li>\n\n\n\n<li>17 novembre 2023: 12h30-14h: Stephane Hubin, Assistant social pour la protection des mineurs, Office r\u00e9gional de protection des mineurs du Centre . Direction g\u00e9n\u00e9rale de l\u2019enfance et de la jeunesse<\/li>\n\n\n\n<li>3 d\u00e9cembre 2023: Tha\u00efs Cl\u00e9ment, \u00e9tudiante en Master. <\/li>\n<\/ul>\n\n\n","protected":false},"excerpt":{"rendered":"<p>Interventions d&rsquo;anciens \u00e9tudiants du programme de sp\u00e9cialisation Eclairer l&rsquo;interculturalit\u00e9 (2023\/2024): Titres des interventions \u00e0 venir tr\u00e8s prochainement..<\/p>\n","protected":false},"author":1001779,"featured_media":0,"parent":0,"menu_order":0,"comment_status":"closed","ping_status":"closed","template":"","meta":{"_seopress_robots_primary_cat":"","_seopress_titles_title":"","_seopress_titles_desc":"","_seopress_robots_index":"","footnotes":""},"class_list":["post-149","page","type-page","status-publish"],"_links":{"self":[{"href":"https:\/\/wp.unil.ch\/interculturalite\/wp-json\/wp\/v2\/pages\/149","targetHints":{"allow":["GET"]}}],"collection":[{"href":"https:\/\/wp.unil.ch\/interculturalite\/wp-json\/wp\/v2\/pages"}],"about":[{"href":"https:\/\/wp.unil.ch\/interculturalite\/wp-json\/wp\/v2\/types\/page"}],"author":[{"embeddable":true,"href":"https:\/\/wp.unil.ch\/interculturalite\/wp-json\/wp\/v2\/users\/1001779"}],"replies":[{"embeddable":true,"href":"https:\/\/wp.unil.ch\/interculturalite\/wp-json\/wp\/v2\/comments?post=149"}],"version-history":[{"count":0,"href":"https:\/\/wp.unil.ch\/interculturalite\/wp-json\/wp\/v2\/pages\/149\/revisions"}],"wp:attachment":[{"href":"https:\/\/wp.unil.ch\/interculturalite\/wp-json\/wp\/v2\/media?parent=149"}],"curies":[{"name":"wp","href":"https:\/\/api.w.org\/{rel}","templated":true}]}}