{"id":13,"date":"2017-10-11T10:33:46","date_gmt":"2017-10-11T08:33:46","guid":{"rendered":"http:\/\/wp.unil.ch\/interculturalite\/?page_id=13"},"modified":"2024-10-04T10:53:36","modified_gmt":"2024-10-04T08:53:36","slug":"a-propos-about","status":"publish","type":"page","link":"https:\/\/wp.unil.ch\/interculturalite\/a-propos-about\/","title":{"rendered":"Pr\u00e9sentation du programme"},"content":{"rendered":"<div>\n<p>Programme de sp\u00e9cialisation \u00ab\u00a0\u00c9clairer l&rsquo;interculturalit\u00e9\u00a0\u00bb<\/p>\n<p>Ce programme vise \u00e0 favoriser l\u2019insertion des dipl\u00f4m\u00e9\u00b7e\u00b7s en histoire et sciences des religions dans le monde du travail. Ils et elles acqui\u00e8rent des comp\u00e9tences pratiques, par le biais d&rsquo;enseignements et d\u2019un stage dans le domaine de l\u2019interculturalit\u00e9.<\/p>\n<p>Dans le cadre de ce programme de pr\u00e9-professionnalisation, les \u00e9tudiant\u00b7e\u00b7s sont amen\u00e9\u00b7e\u00b7s \u00e0 d\u00e9velopper un profil professionnel sp\u00e9cifique qu\u2019ils et elles pourront valoriser sur le march\u00e9 de l\u2019emploi.<\/p>\n<p>CONTENU<\/p>\n<p>Le programme (30 cr\u00e9dits) propose un volet th\u00e9orique interdisciplinaire et un volet pratique autour de la diversit\u00e9 culturelle et religieuse, la multiculturalit\u00e9 et l\u2019interculturalit\u00e9 :<\/p>\n<p><strong>Module d&rsquo;enseignements (15 cr\u00e9dits)<\/strong><\/p>\n<ul>\n<li>un enseignement intitul\u00e9 \u00ab\u00c9clairer l\u2019interculturalit\u00e9\u00bb, mobilisant des enseignant\u00b7e\u00b7s de la FTSR ainsi que des intervenant\u00b7e\u00b7s ext\u00e9rieur\u00b7e\u00b7s, et permettant \u00e0 l\u2019\u00e9tudiant\u00b7e d\u2019envisager de mani\u00e8re th\u00e9orique l\u2019interculturalit\u00e9 et sa mise en pratique<\/li>\n<li>des enseignements sur ce th\u00e8me en Facult\u00e9 des sciences sociales et politiques et en Facult\u00e9 des lettres, \u00e9toffent cette r\u00e9flexion<\/li>\n<\/ul>\n<p><strong>Module de stage (15 cr\u00e9dits)<\/strong><\/p>\n<ul>\n<li>un stage pratique dans une institution, \u0153uvrant autour de cette th\u00e9matique (ONG, organisation internationale, association, maison d&rsquo;\u00e9dition, mus\u00e9e, etc.) valid\u00e9 par un rapport de stage acad\u00e9mique.<\/li>\n<\/ul>\n<p>Les enseignements soutiennent et pr\u00e9parent \u00e0 l\u2019exp\u00e9rience pratique, ainsi qu&rsquo;\u00e0 la r\u00e9daction du rapport de stage, qui articule les concepts th\u00e9oriques \u00e0 l\u2019exp\u00e9rience pratique acquise durant le stage.<\/p>\n<\/div>\n<div class=\"float_\"><a href=\"https:\/\/youtu.be\/d7yMiBYicvk\">\u00c9clairer l&rsquo;interculturalit\u00e9 pr\u00e9sentation vid\u00e9o<\/a><\/div>\n<div><\/div>\n","protected":false},"excerpt":{"rendered":"<p>Programme de sp\u00e9cialisation \u00ab\u00a0\u00c9clairer l&rsquo;interculturalit\u00e9\u00a0\u00bb Ce programme vise \u00e0 favoriser l\u2019insertion des dipl\u00f4m\u00e9\u00b7e\u00b7s en histoire et sciences des religions dans le monde du travail. Ils et elles acqui\u00e8rent des comp\u00e9tences pratiques, par le biais d&rsquo;enseignements et d\u2019un stage dans le domaine de l\u2019interculturalit\u00e9. Dans le cadre de ce programme de pr\u00e9-professionnalisation, les \u00e9tudiant\u00b7e\u00b7s sont amen\u00e9\u00b7e\u00b7s &hellip; <\/p>\n<p class=\"link-more\"><a href=\"https:\/\/wp.unil.ch\/interculturalite\/a-propos-about\/\" class=\"more-link\">Continuer la lecture<span class=\"screen-reader-text\"> de &laquo;&nbsp;Pr\u00e9sentation du programme&nbsp;&raquo;<\/span><\/a><\/p>\n","protected":false},"author":108,"featured_media":0,"parent":0,"menu_order":0,"comment_status":"closed","ping_status":"closed","template":"","meta":{"_seopress_robots_primary_cat":"","_seopress_titles_title":"","_seopress_titles_desc":"","_seopress_robots_index":"","footnotes":""},"class_list":["post-13","page","type-page","status-publish"],"_links":{"self":[{"href":"https:\/\/wp.unil.ch\/interculturalite\/wp-json\/wp\/v2\/pages\/13","targetHints":{"allow":["GET"]}}],"collection":[{"href":"https:\/\/wp.unil.ch\/interculturalite\/wp-json\/wp\/v2\/pages"}],"about":[{"href":"https:\/\/wp.unil.ch\/interculturalite\/wp-json\/wp\/v2\/types\/page"}],"author":[{"embeddable":true,"href":"https:\/\/wp.unil.ch\/interculturalite\/wp-json\/wp\/v2\/users\/108"}],"replies":[{"embeddable":true,"href":"https:\/\/wp.unil.ch\/interculturalite\/wp-json\/wp\/v2\/comments?post=13"}],"version-history":[{"count":2,"href":"https:\/\/wp.unil.ch\/interculturalite\/wp-json\/wp\/v2\/pages\/13\/revisions"}],"predecessor-version":[{"id":246,"href":"https:\/\/wp.unil.ch\/interculturalite\/wp-json\/wp\/v2\/pages\/13\/revisions\/246"}],"wp:attachment":[{"href":"https:\/\/wp.unil.ch\/interculturalite\/wp-json\/wp\/v2\/media?parent=13"}],"curies":[{"name":"wp","href":"https:\/\/api.w.org\/{rel}","templated":true}]}}