{"id":490,"date":"2023-03-09T11:32:50","date_gmt":"2023-03-09T10:32:50","guid":{"rendered":"https:\/\/wp.unil.ch\/insight\/?page_id=490"},"modified":"2023-05-16T11:29:54","modified_gmt":"2023-05-16T09:29:54","slug":"melanie-verdon-phdc","status":"publish","type":"page","link":"https:\/\/wp.unil.ch\/insight\/research-team\/melanie-verdon-phdc\/","title":{"rendered":"M\u00e9lanie Verdon, PhD(c)"},"content":{"rendered":"\n<div class=\"wp-block-media-text alignwide is-stacked-on-mobile\" style=\"grid-template-columns:28% auto\"><figure class=\"wp-block-media-text__media\"><img alt=\"\" loading=\"lazy\" decoding=\"async\" width=\"136\" height=\"165\" src=\"https:\/\/wp.unil.ch\/insight\/files\/2023\/02\/M.Verdon.jpg\" alt=\"\" class=\"wp-image-340 size-full\" \/><\/figure><div class=\"wp-block-media-text__content\">\n<p>Infirmi\u00e8re sp\u00e9cialis\u00e9e en soins intensifs, j\u2019ai travaill\u00e9 de nombreuses ann\u00e9es dans ce domaine notamment comme infirmi\u00e8re clinicienne sp\u00e9cialis\u00e9e. J\u2019ai obtenu mon master en 2016. Conjointement \u00e0 mon activit\u00e9 d\u2019infirmi\u00e8re charg\u00e9e de recherche et qualit\u00e9 des soins aux HUG, j\u2019ai rejoint en ao\u00fbt 2019 l\u2019\u00e9quipe du Dr C\u00e9dric Mabire en tant qu\u2019\u00e9tudiante PhD en sciences infirmi\u00e8res. Je m\u2019int\u00e9resse aux personnes \u00e2g\u00e9es hospitalis\u00e9es en milieu de soins aigus et aux <a href=\"https:\/\/wp.unil.ch\/insight\/hospital-acquired-conditions-in-older-patients\/\" data-type=\"post\" data-id=\"577\">syndromes g\u00e9riatriques.<\/a><\/p>\n\n\n\n<ul class=\"wp-block-social-links is-layout-flex wp-block-social-links-is-layout-flex\"><li class=\"wp-social-link wp-social-link-mail  wp-block-social-link\"><a href=\"mailto:&#109;el&#097;&#110;&#105;&#101;&#046;&#118;e&#114;d&#111;&#110;&#064;&#117;n&#105;l.ch\" class=\"wp-block-social-link-anchor\"><svg width=\"24\" height=\"24\" viewBox=\"0 0 24 24\" version=\"1.1\" xmlns=\"http:\/\/www.w3.org\/2000\/svg\" aria-hidden=\"true\" focusable=\"false\"><path d=\"M19,5H5c-1.1,0-2,.9-2,2v10c0,1.1.9,2,2,2h14c1.1,0,2-.9,2-2V7c0-1.1-.9-2-2-2zm.5,12c0,.3-.2.5-.5.5H5c-.3,0-.5-.2-.5-.5V9.8l7.5,5.6,7.5-5.6V17zm0-9.1L12,13.6,4.5,7.9V7c0-.3.2-.5.5-.5h14c.3,0,.5.2.5.5v.9z\"><\/path><\/svg><span class=\"wp-block-social-link-label screen-reader-text\">Mail<\/span><\/a><\/li><\/ul>\n<\/div><\/div>\n\n\n\n<div class=\"wp-block-group alignwide has-secondary-background-color has-background\"><div class=\"wp-block-group__inner-container is-layout-constrained wp-block-group-is-layout-constrained\">\n<div style=\"height:3px\" aria-hidden=\"true\" class=\"wp-block-spacer\"><\/div>\n\n\n\n<h4 class=\"wp-block-heading has-text-align-left has-buttons-text-color has-text-color\">Commissions et associations professionnelles: <\/h4>\n\n\n\n<ul class=\"has-buttons-text-color has-text-color wp-block-list\">\n<li><strong>Commission cantonale d\u2019\u00e9thique de la recherche du Canton de Gen\u00e8ve<\/strong>, Membre; Gen\u00e8ve, Suisse<\/li>\n\n\n\n<li><strong>Conseil acad\u00e9mique de la Direction des Soins des HUG<\/strong>, Membre&nbsp;et coordinatrice des activit\u00e9s&nbsp;; Gen\u00e8ve Suisse<\/li>\n\n\n\n<li><strong>Association nationale pour le d\u00e9veloppement de la qualit\u00e9 dans les h\u00f4pitaux et les cliniques (ANQ)<\/strong><strong><\/strong><\/li>\n\n\n\n<li>Membre du groupe Soins aigus &#8211; Mesure de la pr\u00e9valence&nbsp;; Berne, Suisse<\/li>\n\n\n\n<li><strong>Bureau d\u2019Echange des Savoirs pour des praTiques exemplaires de soins (BEST) \u2013 Centre d\u2019excellence du Joanna Briggs Institute (JBI)<\/strong>, Membre du groupe op\u00e9rationnel&nbsp;; Lausanne, Suisse<\/li>\n\n\n\n<li>Soci\u00e9t\u00e9 Suisse de M\u00e9decine Intensive : membre<\/li>\n\n\n\n<li>Association Suisse des Infirmi\u00e8res et Infirmiers&nbsp;: membre <\/li>\n<\/ul>\n<\/div><\/div>\n","protected":false},"excerpt":{"rendered":"<p>Commissions et associations professionnelles:<\/p>\n","protected":false},"author":1002533,"featured_media":0,"parent":182,"menu_order":0,"comment_status":"closed","ping_status":"closed","template":"","meta":{"_seopress_robots_primary_cat":"","_seopress_titles_title":"","_seopress_titles_desc":"","_seopress_robots_index":"","footnotes":""},"class_list":["post-490","page","type-page","status-publish","has-post-thumbnail"],"_links":{"self":[{"href":"https:\/\/wp.unil.ch\/insight\/wp-json\/wp\/v2\/pages\/490","targetHints":{"allow":["GET"]}}],"collection":[{"href":"https:\/\/wp.unil.ch\/insight\/wp-json\/wp\/v2\/pages"}],"about":[{"href":"https:\/\/wp.unil.ch\/insight\/wp-json\/wp\/v2\/types\/page"}],"author":[{"embeddable":true,"href":"https:\/\/wp.unil.ch\/insight\/wp-json\/wp\/v2\/users\/1002533"}],"replies":[{"embeddable":true,"href":"https:\/\/wp.unil.ch\/insight\/wp-json\/wp\/v2\/comments?post=490"}],"version-history":[{"count":0,"href":"https:\/\/wp.unil.ch\/insight\/wp-json\/wp\/v2\/pages\/490\/revisions"}],"up":[{"embeddable":true,"href":"https:\/\/wp.unil.ch\/insight\/wp-json\/wp\/v2\/pages\/182"}],"wp:attachment":[{"href":"https:\/\/wp.unil.ch\/insight\/wp-json\/wp\/v2\/media?parent=490"}],"curies":[{"name":"wp","href":"https:\/\/api.w.org\/{rel}","templated":true}]}}