{"id":393,"date":"2023-02-24T17:47:16","date_gmt":"2023-02-24T16:47:16","guid":{"rendered":"https:\/\/wp.unil.ch\/insight\/?page_id=393"},"modified":"2023-05-16T11:29:47","modified_gmt":"2023-05-16T09:29:47","slug":"prof-cedric-mabire","status":"publish","type":"page","link":"https:\/\/wp.unil.ch\/insight\/research-team\/prof-cedric-mabire\/","title":{"rendered":"Prof. C\u00e9dric Mabire"},"content":{"rendered":"\n<div class=\"wp-block-group alignwide\"><div class=\"wp-block-group__inner-container is-layout-constrained wp-block-group-is-layout-constrained\">\n<div class=\"wp-block-columns alignwide is-layout-flex wp-container-core-columns-is-layout-9d6595d7 wp-block-columns-is-layout-flex\">\n<div class=\"wp-block-column is-layout-flow wp-block-column-is-layout-flow\" style=\"flex-basis:50%\">\n<figure class=\"wp-block-image size-large\"><img alt=\"\" loading=\"lazy\" decoding=\"async\" width=\"768\" height=\"1024\" src=\"https:\/\/wp.unil.ch\/insight\/files\/2022\/11\/MABIRE-Cedric-6594-768x1024.jpg\" alt=\"\" class=\"wp-image-200\" srcset=\"https:\/\/wp.unil.ch\/insight\/files\/2022\/11\/MABIRE-Cedric-6594-768x1024.jpg 768w, https:\/\/wp.unil.ch\/insight\/files\/2022\/11\/MABIRE-Cedric-6594-225x300.jpg 225w, https:\/\/wp.unil.ch\/insight\/files\/2022\/11\/MABIRE-Cedric-6594.jpg 900w\" sizes=\"auto, (max-width: 768px) 100vw, 768px\" \/><\/figure>\n<\/div>\n\n\n\n<div class=\"wp-block-column is-layout-flow wp-block-column-is-layout-flow\" style=\"flex-basis:100%\">\n<p class=\"has-normal-font-size\">C\u00e9dric Mabire is Associate Professor and Head of the MSc Nursing Sciences programme at the University Institute for Nursing Education and Research (IUFRS) at the Faculty of Biology and Medicine (FBM) at the University of Lausanne. He is also affiliated to the Direction of Care of the Centre Hospitalier Universitaire Vaudois (CHUV) as a research consultant. Since 2022, C\u00e9dric Mabire has been the Vice-Director for Teaching and Director of the IUFRS School.<\/p>\n\n\n\n<p class=\"has-normal-font-size\">A nurse by training, C\u00e9dric Mabire completed his PhD in Nursing at the University of Lausanne in 2014. His experiences as a nurse and manager in regional and university hospitals have made him aware of the issue of transitional care for the elderly. As an economist in the hospital division of the public health service of the canton of Vaud, he was able to develop the first quality indicators in the service contracts. Since 2010, a close collaboration with the department of medicine and the directorate of care of the CHUV has allowed a significant involvement in the project of management of the performance of care and the development of a model of professional practices in care for the elderly.<\/p>\n\n\n\n<ul class=\"wp-block-social-links is-layout-flex wp-block-social-links-is-layout-flex\"><li class=\"wp-social-link wp-social-link-mail  wp-block-social-link\"><a href=\"mailto:&#099;&#101;dric&#046;&#109;abi&#114;e&#064;&#099;&#104;&#117;v.ch\" class=\"wp-block-social-link-anchor\"><svg width=\"24\" height=\"24\" viewBox=\"0 0 24 24\" version=\"1.1\" xmlns=\"http:\/\/www.w3.org\/2000\/svg\" aria-hidden=\"true\" focusable=\"false\"><path d=\"M19,5H5c-1.1,0-2,.9-2,2v10c0,1.1.9,2,2,2h14c1.1,0,2-.9,2-2V7c0-1.1-.9-2-2-2zm.5,12c0,.3-.2.5-.5.5H5c-.3,0-.5-.2-.5-.5V9.8l7.5,5.6,7.5-5.6V17zm0-9.1L12,13.6,4.5,7.9V7c0-.3.2-.5.5-.5h14c.3,0,.5.2.5.5v.9z\"><\/path><\/svg><span class=\"wp-block-social-link-label screen-reader-text\">Mail<\/span><\/a><\/li>\n\n<li class=\"wp-social-link wp-social-link-twitter  wp-block-social-link\"><a href=\"https:\/\/twitter.com\/CedricMabire\" class=\"wp-block-social-link-anchor\"><svg width=\"24\" height=\"24\" viewBox=\"0 0 24 24\" version=\"1.1\" xmlns=\"http:\/\/www.w3.org\/2000\/svg\" aria-hidden=\"true\" focusable=\"false\"><path d=\"M22.23,5.924c-0.736,0.326-1.527,0.547-2.357,0.646c0.847-0.508,1.498-1.312,1.804-2.27 c-0.793,0.47-1.671,0.812-2.606,0.996C18.324,4.498,17.257,4,16.077,4c-2.266,0-4.103,1.837-4.103,4.103 c0,0.322,0.036,0.635,0.106,0.935C8.67,8.867,5.647,7.234,3.623,4.751C3.27,5.357,3.067,6.062,3.067,6.814 c0,1.424,0.724,2.679,1.825,3.415c-0.673-0.021-1.305-0.206-1.859-0.513c0,0.017,0,0.034,0,0.052c0,1.988,1.414,3.647,3.292,4.023 c-0.344,0.094-0.707,0.144-1.081,0.144c-0.264,0-0.521-0.026-0.772-0.074c0.522,1.63,2.038,2.816,3.833,2.85 c-1.404,1.1-3.174,1.756-5.096,1.756c-0.331,0-0.658-0.019-0.979-0.057c1.816,1.164,3.973,1.843,6.29,1.843 c7.547,0,11.675-6.252,11.675-11.675c0-0.178-0.004-0.355-0.012-0.531C20.985,7.47,21.68,6.747,22.23,5.924z\"><\/path><\/svg><span class=\"wp-block-social-link-label screen-reader-text\">Twitter<\/span><\/a><\/li>\n\n<li class=\"wp-social-link wp-social-link-linkedin  wp-block-social-link\"><a href=\"https:\/\/www.linkedin.com\/in\/c%C3%A9dric-mabire-2b7a111b1?miniProfileUrn=urn%3Ali%3Afs_miniProfile%3AACoAADFzIWsBREoz97H-DHm-zznfcPYryD9T9U0&#038;lipi=urn%3Ali%3Apage%3Ad_flagship3_search_srp_all%3B2swbKpxmTSaCPRL9PhcRfg%3D%3D\" class=\"wp-block-social-link-anchor\"><svg width=\"24\" height=\"24\" viewBox=\"0 0 24 24\" version=\"1.1\" xmlns=\"http:\/\/www.w3.org\/2000\/svg\" aria-hidden=\"true\" focusable=\"false\"><path d=\"M19.7,3H4.3C3.582,3,3,3.582,3,4.3v15.4C3,20.418,3.582,21,4.3,21h15.4c0.718,0,1.3-0.582,1.3-1.3V4.3 C21,3.582,20.418,3,19.7,3z M8.339,18.338H5.667v-8.59h2.672V18.338z M7.004,8.574c-0.857,0-1.549-0.694-1.549-1.548 c0-0.855,0.691-1.548,1.549-1.548c0.854,0,1.547,0.694,1.547,1.548C8.551,7.881,7.858,8.574,7.004,8.574z M18.339,18.338h-2.669 v-4.177c0-0.996-0.017-2.278-1.387-2.278c-1.389,0-1.601,1.086-1.601,2.206v4.249h-2.667v-8.59h2.559v1.174h0.037 c0.356-0.675,1.227-1.387,2.526-1.387c2.703,0,3.203,1.779,3.203,4.092V18.338z\"><\/path><\/svg><span class=\"wp-block-social-link-label screen-reader-text\">LinkedIn<\/span><\/a><\/li><\/ul>\n<\/div>\n<\/div>\n<\/div><\/div>\n\n\n\n<div class=\"wp-block-group\"><div class=\"wp-block-group__inner-container is-layout-constrained wp-block-group-is-layout-constrained\">\n<div class=\"wp-block-columns is-layout-flex wp-container-core-columns-is-layout-9d6595d7 wp-block-columns-is-layout-flex\">\n<div class=\"wp-block-column has-buttons-text-color has-secondary-background-color has-text-color has-background has-link-color wp-elements-0a304dd622f7aa2ad6373177e09c216c is-layout-flow wp-block-column-is-layout-flow\" style=\"padding-top:2em;padding-right:2em;padding-bottom:2em;padding-left:2em;flex-basis:200%\">\n<h4 class=\"wp-block-heading\" style=\"font-style:normal;font-weight:800;text-transform:uppercase\">Committee work<\/h4>\n\n\n\n<ul class=\"wp-block-list\">\n<li>Member, Executive board, Swiss Joanna Briggs Institute Center, University of Lausanne<\/li>\n\n\n\n<li>Full member (representative of UNIL), International Community of Practice for Person-Centred Practice (PcP ICoP), Queen Margaret University, Edinburgh, United Kingdom<\/li>\n\n\n\n<li>Member, Gerontological Nursing Academic Society, Swiss Association for Nursing Science<\/li>\n\n\n\n<li>Member of the Swiss Advanced Nursing Practice (SwissANP)<\/li>\n\n\n\n<li>Member of the Swiss Association of nursing (ASI\/SBK)<\/li>\n<\/ul>\n<\/div>\n<\/div>\n<\/div><\/div>\n\n\n\n<div class=\"wp-block-columns is-layout-flex wp-container-core-columns-is-layout-9d6595d7 wp-block-columns-is-layout-flex\">\n<div class=\"wp-block-column is-layout-flow wp-block-column-is-layout-flow\">\n<figure class=\"wp-block-embed is-type-rich is-provider-twitter wp-block-embed-twitter\"><div class=\"wp-block-embed__wrapper\">\n<a class=\"twitter-timeline\" data-width=\"580\" data-height=\"870\" data-dnt=\"true\" href=\"https:\/\/twitter.com\/CedricMabire?ref_src=twsrc%5Etfw\">Tweets by CedricMabire<\/a><script async src=\"https:\/\/platform.twitter.com\/widgets.js\" charset=\"utf-8\"><\/script>\n<\/div><\/figure>\n<\/div>\n\n\n\n<div class=\"wp-block-column is-layout-flow wp-block-column-is-layout-flow\">\n<figure class=\"wp-block-embed is-type-video is-provider-youtube wp-block-embed-youtube wp-embed-aspect-16-9 wp-has-aspect-ratio\"><div class=\"wp-block-embed__wrapper\">\n<iframe loading=\"lazy\" title=\"Pr\u00e9sentation Recherche Prof C\u00e9dric Mabire, Professeur associ\u00e9 IUFRS\" width=\"580\" height=\"326\" src=\"https:\/\/www.youtube.com\/embed\/gsUz0sipHvA?feature=oembed\" frameborder=\"0\" allow=\"accelerometer; autoplay; clipboard-write; encrypted-media; gyroscope; picture-in-picture; web-share\" referrerpolicy=\"strict-origin-when-cross-origin\" allowfullscreen><\/iframe>\n<\/div><\/figure>\n\n\n\n<figure class=\"wp-block-embed is-type-video is-provider-youtube wp-block-embed-youtube wp-embed-aspect-16-9 wp-has-aspect-ratio\"><div class=\"wp-block-embed__wrapper\">\n<iframe loading=\"lazy\" title=\"Pr\u00e9sentation du Dr C\u00e9dric Mabire, \u00e0 l\u2019occasion du symposium f\u00eatant les 10 ans de l&#039;IUFRS\" width=\"580\" height=\"326\" src=\"https:\/\/www.youtube.com\/embed\/e_qfQv7Twr8?feature=oembed\" frameborder=\"0\" allow=\"accelerometer; autoplay; clipboard-write; encrypted-media; gyroscope; picture-in-picture; web-share\" referrerpolicy=\"strict-origin-when-cross-origin\" allowfullscreen><\/iframe>\n<\/div><\/figure>\n<\/div>\n<\/div>\n","protected":false},"excerpt":{"rendered":"<p>C\u00e9dric Mabire is Associate Professor and Head of the MSc Nursing Sciences programme at the University Institute for Nursing Education and Research (IUFRS) at the Faculty of Biology&hellip;<\/p>\n","protected":false},"author":1002440,"featured_media":0,"parent":182,"menu_order":0,"comment_status":"closed","ping_status":"closed","template":"template-full-width.php","meta":{"_seopress_robots_primary_cat":"","_seopress_titles_title":"","_seopress_titles_desc":"","_seopress_robots_index":"","footnotes":""},"class_list":["post-393","page","type-page","status-publish","has-post-thumbnail"],"_links":{"self":[{"href":"https:\/\/wp.unil.ch\/insight\/wp-json\/wp\/v2\/pages\/393","targetHints":{"allow":["GET"]}}],"collection":[{"href":"https:\/\/wp.unil.ch\/insight\/wp-json\/wp\/v2\/pages"}],"about":[{"href":"https:\/\/wp.unil.ch\/insight\/wp-json\/wp\/v2\/types\/page"}],"author":[{"embeddable":true,"href":"https:\/\/wp.unil.ch\/insight\/wp-json\/wp\/v2\/users\/1002440"}],"replies":[{"embeddable":true,"href":"https:\/\/wp.unil.ch\/insight\/wp-json\/wp\/v2\/comments?post=393"}],"version-history":[{"count":0,"href":"https:\/\/wp.unil.ch\/insight\/wp-json\/wp\/v2\/pages\/393\/revisions"}],"up":[{"embeddable":true,"href":"https:\/\/wp.unil.ch\/insight\/wp-json\/wp\/v2\/pages\/182"}],"wp:attachment":[{"href":"https:\/\/wp.unil.ch\/insight\/wp-json\/wp\/v2\/media?parent=393"}],"curies":[{"name":"wp","href":"https:\/\/api.w.org\/{rel}","templated":true}]}}