{"id":218,"date":"2022-11-14T14:44:42","date_gmt":"2022-11-14T13:44:42","guid":{"rendered":"https:\/\/wp.unil.ch\/insight\/?page_id=218"},"modified":"2023-06-17T07:57:03","modified_gmt":"2023-06-17T05:57:03","slug":"projects","status":"publish","type":"page","link":"https:\/\/wp.unil.ch\/insight\/projects\/","title":{"rendered":"Projects"},"content":{"rendered":"\n<p>As part of an academic-clinical partnership with the Care Directorate of the CHUV, and collaborations with several hospitals in French-speaking Switzerland, Prof. C\u00e9dric Mabire is developing 2 main focus of research:<\/p>\n\n\n\n<div class=\"wp-block-columns is-layout-flex wp-container-core-columns-is-layout-9d6595d7 wp-block-columns-is-layout-flex\">\n<div class=\"wp-block-column is-layout-flow wp-block-column-is-layout-flow\">\n<figure class=\"wp-block-image size-large\"><img alt=\"\" loading=\"lazy\" decoding=\"async\" width=\"1024\" height=\"1024\" src=\"https:\/\/wp.unil.ch\/insight\/files\/2023\/04\/4911367-2-1024x1024.jpg\" alt=\"\" class=\"wp-image-643\" srcset=\"https:\/\/wp.unil.ch\/insight\/files\/2023\/04\/4911367-2-1024x1024.jpg 1024w, https:\/\/wp.unil.ch\/insight\/files\/2023\/04\/4911367-2-300x300.jpg 300w, https:\/\/wp.unil.ch\/insight\/files\/2023\/04\/4911367-2-150x150.jpg 150w, https:\/\/wp.unil.ch\/insight\/files\/2023\/04\/4911367-2-768x768.jpg 768w, https:\/\/wp.unil.ch\/insight\/files\/2023\/04\/4911367-2-540x540.jpg 540w, https:\/\/wp.unil.ch\/insight\/files\/2023\/04\/4911367-2-1080x1080.jpg 1080w, https:\/\/wp.unil.ch\/insight\/files\/2023\/04\/4911367-2.jpg 1200w\" sizes=\"auto, (max-width: 1024px) 100vw, 1024px\" \/><\/figure>\n\n\n\n<h3 class=\"wp-block-heading\">Improving transitions from hospital to home <\/h3>\n\n\n\n<p><\/p>\n\n\n\n<ul class=\"wp-block-list\">\n<li>Nursing discharge teaching for multimorbid older patients (<a href=\"https:\/\/wp.unil.ch\/insight\/nursing-discharge-teaching\/\" data-type=\"post\" data-id=\"567\">PREPARE<\/a>) &#8211; completed <\/li>\n\n\n\n<li><a href=\"https:\/\/wp.unil.ch\/insight\/patient-oriented-discharge-summary\/\" data-type=\"post\" data-id=\"596\">Patient-oriented discharge summary<\/a> &#8211; <a href=\"https:\/\/wp.unil.ch\/insight\/implantation-dun-resume-de-sortie-pour-les-patients\/\">R\u00e9sum\u00e9 de sortie<\/a><\/li>\n\n\n\n<li>Medication literacy (<a href=\"https:\/\/wp.unil.ch\/insight\/med-flag\/\" data-type=\"post\" data-id=\"579\">MedFlag<\/a>) &#8211; completed<\/li>\n\n\n\n<li><a href=\"https:\/\/wp.unil.ch\/insight\/apn-nurse-led-model-of-care\/\" data-type=\"post\" data-id=\"565\">APN-nurse<\/a> led model of care <\/li>\n\n\n\n<li>Relationship quality between <a href=\"https:\/\/wp.unil.ch\/insight\/exploring-relationship-quality-between-people-living-with-dementia-and-their-informal-caregivers\/\" data-type=\"post\" data-id=\"581\">people living with dementia <\/a>and their caregivers<\/li>\n\n\n\n<li><a href=\"https:\/\/wp.unil.ch\/insight\/modele-de-soins-de-readaptation-geriatrique-a-domicile\/\" data-type=\"post\" data-id=\"604\">R\u00e9adaptation g\u00e9riatrique \u00e0 domicile<\/a><\/li>\n<\/ul>\n<\/div>\n\n\n\n<div class=\"wp-block-column is-layout-flow wp-block-column-is-layout-flow\">\n<figure class=\"wp-block-image size-large\"><img alt=\"\" loading=\"lazy\" decoding=\"async\" width=\"1024\" height=\"1024\" src=\"https:\/\/wp.unil.ch\/insight\/files\/2023\/04\/6596248-1-1024x1024.jpg\" alt=\"\" class=\"wp-image-644\" srcset=\"https:\/\/wp.unil.ch\/insight\/files\/2023\/04\/6596248-1-1024x1024.jpg 1024w, https:\/\/wp.unil.ch\/insight\/files\/2023\/04\/6596248-1-300x300.jpg 300w, https:\/\/wp.unil.ch\/insight\/files\/2023\/04\/6596248-1-150x150.jpg 150w, https:\/\/wp.unil.ch\/insight\/files\/2023\/04\/6596248-1-768x768.jpg 768w, https:\/\/wp.unil.ch\/insight\/files\/2023\/04\/6596248-1-540x540.jpg 540w, https:\/\/wp.unil.ch\/insight\/files\/2023\/04\/6596248-1-1080x1080.jpg 1080w, https:\/\/wp.unil.ch\/insight\/files\/2023\/04\/6596248-1.jpg 1200w\" sizes=\"auto, (max-width: 1024px) 100vw, 1024px\" \/><\/figure>\n\n\n\n<h3 class=\"wp-block-heading\">Hospitalization of older people<\/h3>\n\n\n\n<ul class=\"wp-block-list\">\n<li>Le CHUV, H\u00f4pital Adapt\u00e9 aux A\u00een\u00e9s (<a href=\"https:\/\/wp.unil.ch\/insight\/le-chuv-hopital-adapte-aux-aines\/\" data-type=\"post\" data-id=\"573\">HAdAs<\/a>)<\/li>\n\n\n\n<li><a href=\"https:\/\/wp.unil.ch\/insight\/detection-des-complications-chez-les-seniors-hospitalises\/\" data-type=\"post\" data-id=\"575\">D\u00e9tection des complications<\/a><\/li>\n\n\n\n<li><a href=\"https:\/\/wp.unil.ch\/insight\/hospital-acquired-conditions-in-older-patients\/\" data-type=\"post\" data-id=\"577\">Hospital-acquired<\/a> conditions of older patients<\/li>\n<\/ul>\n<\/div>\n<\/div>\n","protected":false},"excerpt":{"rendered":"<p>As part of an academic-clinical partnership with the Care Directorate of the CHUV, and collaborations with several hospitals in French-speaking Switzerland, Prof. C\u00e9dric Mabire is developing 2 main&hellip;<\/p>\n","protected":false},"author":1002533,"featured_media":0,"parent":0,"menu_order":0,"comment_status":"closed","ping_status":"closed","template":"template-full-width.php","meta":{"_seopress_robots_primary_cat":"","_seopress_titles_title":"","_seopress_titles_desc":"","_seopress_robots_index":"","footnotes":""},"class_list":["post-218","page","type-page","status-publish","has-post-thumbnail"],"_links":{"self":[{"href":"https:\/\/wp.unil.ch\/insight\/wp-json\/wp\/v2\/pages\/218","targetHints":{"allow":["GET"]}}],"collection":[{"href":"https:\/\/wp.unil.ch\/insight\/wp-json\/wp\/v2\/pages"}],"about":[{"href":"https:\/\/wp.unil.ch\/insight\/wp-json\/wp\/v2\/types\/page"}],"author":[{"embeddable":true,"href":"https:\/\/wp.unil.ch\/insight\/wp-json\/wp\/v2\/users\/1002533"}],"replies":[{"embeddable":true,"href":"https:\/\/wp.unil.ch\/insight\/wp-json\/wp\/v2\/comments?post=218"}],"version-history":[{"count":0,"href":"https:\/\/wp.unil.ch\/insight\/wp-json\/wp\/v2\/pages\/218\/revisions"}],"wp:attachment":[{"href":"https:\/\/wp.unil.ch\/insight\/wp-json\/wp\/v2\/media?parent=218"}],"curies":[{"name":"wp","href":"https:\/\/api.w.org\/{rel}","templated":true}]}}