{"id":193,"date":"2022-11-14T14:05:30","date_gmt":"2022-11-14T13:05:30","guid":{"rendered":"https:\/\/wp.unil.ch\/insight\/?page_id=193"},"modified":"2023-05-16T11:11:52","modified_gmt":"2023-05-16T09:11:52","slug":"publications","status":"publish","type":"page","link":"https:\/\/wp.unil.ch\/insight\/publications\/","title":{"rendered":"Publications"},"content":{"rendered":"\n<p>See our publications on the <a href=\"https:\/\/applicationspub.unil.ch\/interpub\/noauth\/php\/Un\/UnPers.php?PerNum=1042534&amp;LanCode=37&amp;menu=pub\">UNIL website<\/a><\/p>\n\n\n\n<h3 class=\"wp-block-heading\"><strong>Latest peer review publications<\/strong><\/h3>\n\n\n\n<div class=\"wp-block-group\"><div class=\"wp-block-group__inner-container is-layout-constrained wp-block-group-is-layout-constrained\">\n<div class=\"wp-block-columns is-layout-flex wp-container-core-columns-is-layout-9d6595d7 wp-block-columns-is-layout-flex\">\n<div class=\"wp-block-column is-layout-flow wp-block-column-is-layout-flow\" style=\"flex-basis:100%\"><ul class=\"has-dates has-excerpts wp-block-rss\"><li class='wp-block-rss__item'><div class='wp-block-rss__item-title'><a href='https:\/\/pubmed.ncbi.nlm.nih.gov\/41864106\/?utm_source=WordPress&#038;utm_medium=rss&#038;utm_campaign=None&#038;utm_content=14S2P3JOHoFbMo3Q7VMJ4DzQLH9lrDDxXLaKgICB0Ru7njHgIs&#038;fc=None&#038;ff=20260501104612&#038;v=2.19.0.post6+133c1fe'>Advanced practice nursing interventions promoting capacity-workload balance in adults with multiple chronic conditions: A scoping review<\/a><\/div><time datetime=\"2026-03-21T12:00:00+01:00\" class=\"wp-block-rss__item-publish-date\">21\/03\/2026<\/time> <div class=\"wp-block-rss__item-excerpt\">CONCLUSIONS: This review highlights how interventions led by advanced practice nurses can support patient capacity-workload balance through core components embedded in recognised domains of advanced practice. A conceptual framework integrating these elements offers insights to guide the development, [&hellip;]<\/div><\/li><li class='wp-block-rss__item'><div class='wp-block-rss__item-title'><a href='https:\/\/pubmed.ncbi.nlm.nih.gov\/41623518\/?utm_source=WordPress&#038;utm_medium=rss&#038;utm_campaign=None&#038;utm_content=14S2P3JOHoFbMo3Q7VMJ4DzQLH9lrDDxXLaKgICB0Ru7njHgIs&#038;fc=None&#038;ff=20260501104612&#038;v=2.19.0.post6+133c1fe'>Implementing a patient-oriented discharge summary to improve hospital-to-home transitions in older adults: lessons from a hybrid study<\/a><\/div><time datetime=\"2026-02-02T13:00:00+01:00\" class=\"wp-block-rss__item-publish-date\">02\/02\/2026<\/time> <div class=\"wp-block-rss__item-excerpt\">CONCLUSIONS: PODS improved perceived quality of care transition, primarily through the relational and educational processes it structures rather than the written document alone. While valuable, PODS alone appears insufficient; combining structured tools with contextual and organizational supports may [&hellip;]<\/div><\/li><li class='wp-block-rss__item'><div class='wp-block-rss__item-title'><a href='https:\/\/pubmed.ncbi.nlm.nih.gov\/41118658\/?utm_source=WordPress&#038;utm_medium=rss&#038;utm_campaign=None&#038;utm_content=14S2P3JOHoFbMo3Q7VMJ4DzQLH9lrDDxXLaKgICB0Ru7njHgIs&#038;fc=None&#038;ff=20260501104612&#038;v=2.19.0.post6+133c1fe'>Using Artificial Intelligence-Based Technologies for the Early Detection of Behavioral and Psychological Symptoms of Dementia: Scoping Review<\/a><\/div><time datetime=\"2025-10-21T12:00:00+02:00\" class=\"wp-block-rss__item-publish-date\">21\/10\/2025<\/time> <div class=\"wp-block-rss__item-excerpt\">CONCLUSIONS: The use of AITs for managing BPSD represents an emerging field of research offering novel opportunities to enhance their detection in various health care contexts. We recommended that nurses be actively engaged in developing and assessing these [&hellip;]<\/div><\/li><li class='wp-block-rss__item'><div class='wp-block-rss__item-title'><a href='https:\/\/pubmed.ncbi.nlm.nih.gov\/41100820\/?utm_source=WordPress&#038;utm_medium=rss&#038;utm_campaign=None&#038;utm_content=14S2P3JOHoFbMo3Q7VMJ4DzQLH9lrDDxXLaKgICB0Ru7njHgIs&#038;fc=None&#038;ff=20260501104612&#038;v=2.19.0.post6+133c1fe'>Accelerating innovation: implementation science as a cornerstone of high-performance Swiss research infrastructures<\/a><\/div><time datetime=\"2025-10-16T12:00:00+02:00\" class=\"wp-block-rss__item-publish-date\">16\/10\/2025<\/time> <div class=\"wp-block-rss__item-excerpt\">Switzerland invests substantially in research, yet many innovations fail to reach routine healthcare. This paper argues that embedding implementation science into national research infrastructures is key to closing this gap, reducing research waste and accelerating translation into practice. [&hellip;]<\/div><\/li><\/ul><\/div>\n<\/div>\n<\/div><\/div>\n\n\n\n<h3 class=\"wp-block-heading\"><strong>Review articles (not peer-reviewed)<\/strong><\/h3>\n\n\n\n<ul class=\"wp-block-list\">\n<li>Pellet, J., <strong>Mabire, C.<\/strong> (2021) Intervention PREPARE : l\u2019enseignement infirmier pour pr\u00e9parer le retour \u00e0 domicile des patients \u00e2g\u00e9s multimorbides. <em>La gazette m\u00e9dicale, info@g\u00e9riatrie<\/em><\/li>\n\n\n\n<li>Pellet, J., <strong>Mabire, C.<\/strong> (2021). Pour savoir g\u00e9rer sa sant\u00e9 apr\u00e8s la sortie de l\u2019h\u00f4pital. <em>Soins infirmiers<\/em>, 02: 72-73<\/li>\n\n\n\n<li>Pellet, J., Camponovo, A., Gunalingam, N., <strong>Mabire, C. <\/strong>(2020) Probl\u00e8mes et besoins des personnes \u00e2g\u00e9es apr\u00e8s une hospitalisation. <em>La Gazette m\u00e9dicale, info@g\u00e9riatrie<\/em>, 2: 27-29<\/li>\n\n\n\n<li><strong>Mabire, C.<\/strong> (2020) Fiches d\u2019information fond\u00e9es sur des donn\u00e9es probantes. <em>Soins infirmiers<\/em>, 03: 72-73<\/li>\n\n\n\n<li>Christe, P., Perrenoud, B., Nakamura, C., Lehn, I., <strong>Mabire, C.<\/strong> (2019) Le mod\u00e8le de pratiques interprofessionnelles aux s\u00e9niors du centre hospitalier universitaire vaudois \u2013 CHUV. <em>G\u00e9rontologie Appliqu\u00e9es<\/em>, 04: 37-40.<\/li>\n\n\n\n<li>Pellet, J., <strong>Mabire, C.<\/strong> (2019) La charge en soins. Un lourd fardeau pour les patients multimorbides. <em>Soins infirmiers<\/em>, 08: 78-79<\/li>\n\n\n\n<li>Pellet, J., <strong>Mabire, C.<\/strong>, Dwyer, A. (2018) La pr\u00e9paration des s\u00e9niors \u00e0 la sortie de l\u2019h\u00f4pital. <em>Soins infirmiers,<\/em> 06: 76-77<\/li>\n\n\n\n<li>Genolet, A., <strong>Mabire, C.<\/strong> (2018) Mieux pr\u00e9parer les personnes \u00e2g\u00e9es au retour \u00e0 domicile. <em>Soins infirmiers<\/em>, 02: 60-61<\/li>\n\n\n\n<li>Kauz, B., Wellens, N., <strong>Mabire, C.<\/strong> (2017) Les enjeux li\u00e9s au triage des personnes \u00e2g\u00e9es aux urgences. <em>La gazette m\u00e9dicale, info@g\u00e9riatrie<\/em>, 5&nbsp;:34-35<\/li>\n\n\n\n<li><strong>Mabire, C.<\/strong>, Goulet, C., Morin, D., B\u00fcla, C. (2015) Des facteurs pr\u00e9dicteurs du succ\u00e8s de la transition de l\u2019h\u00f4pital vers la communaut\u00e9. <em>La gazette m\u00e9dicale, info@g\u00e9riatrie,<\/em> 2: 28-29<\/li>\n\n\n\n<li><strong>Mabire, C.<\/strong> (2009) ASSC en milieu de soins aigus. Les paradoxes vaudois. <em>Soins infirmiers<\/em>, 5: 46-47<\/li>\n<\/ul>\n","protected":false},"excerpt":{"rendered":"<p>See our publications on the UNIL website Latest peer review publications Review articles (not peer-reviewed)<\/p>\n","protected":false},"author":1002533,"featured_media":0,"parent":0,"menu_order":0,"comment_status":"closed","ping_status":"closed","template":"template-full-width.php","meta":{"_seopress_robots_primary_cat":"","_seopress_titles_title":"","_seopress_titles_desc":"","_seopress_robots_index":"","footnotes":""},"class_list":["post-193","page","type-page","status-publish","has-post-thumbnail"],"_links":{"self":[{"href":"https:\/\/wp.unil.ch\/insight\/wp-json\/wp\/v2\/pages\/193","targetHints":{"allow":["GET"]}}],"collection":[{"href":"https:\/\/wp.unil.ch\/insight\/wp-json\/wp\/v2\/pages"}],"about":[{"href":"https:\/\/wp.unil.ch\/insight\/wp-json\/wp\/v2\/types\/page"}],"author":[{"embeddable":true,"href":"https:\/\/wp.unil.ch\/insight\/wp-json\/wp\/v2\/users\/1002533"}],"replies":[{"embeddable":true,"href":"https:\/\/wp.unil.ch\/insight\/wp-json\/wp\/v2\/comments?post=193"}],"version-history":[{"count":0,"href":"https:\/\/wp.unil.ch\/insight\/wp-json\/wp\/v2\/pages\/193\/revisions"}],"wp:attachment":[{"href":"https:\/\/wp.unil.ch\/insight\/wp-json\/wp\/v2\/media?parent=193"}],"curies":[{"name":"wp","href":"https:\/\/api.w.org\/{rel}","templated":true}]}}