{"id":6,"date":"2019-11-28T16:00:19","date_gmt":"2019-11-28T15:00:19","guid":{"rendered":"http:\/\/wp.unil.ch\/modele\/?page_id=6"},"modified":"2023-12-20T14:16:18","modified_gmt":"2023-12-20T13:16:18","slug":"home","status":"publish","type":"page","link":"https:\/\/wp.unil.ch\/infosports\/","title":{"rendered":"Le Mot de la Chouette"},"content":{"rendered":"\n<h2 class=\"wp-block-heading has-large-font-size\">Service sport sant\u00e9 unil+epfl<\/h2>\n\n\n\n<div class=\"wp-block-columns is-layout-flex wp-container-core-columns-is-layout-9d6595d7 wp-block-columns-is-layout-flex\">\n<div class=\"wp-block-column is-layout-flow wp-block-column-is-layout-flow\" style=\"flex-basis:66.66%\">\n<p class=\"has-small-font-size\">Bienvenue sur <strong>Le Mot de la Chouette<\/strong>, la lettre d&rsquo;information du <a href=\"https:\/\/sport.unil.ch\/\">Service Sport Sant\u00e9 UNIL+EPFL<\/a> (SSUE).<\/p>\n\n\n\n<p class=\"has-small-font-size\">Deux \u00e0 trois fois par an, la Chouette s&rsquo;adresse \u00e0 toute la communaut\u00e9 universitaire pour l&rsquo;informer du programme des activit\u00e9s du SSUE, des offres disponibles ou encore des \u00e9v\u00e9nements \u00e0 venir. <\/p>\n\n\n\n<p class=\"has-small-font-size\">Toute personne disposant d&rsquo;une adresse @unil.ch ou @epfl.ch re\u00e7oit la newsletter. Les dipl\u00f4m\u00e9es et dipl\u00f4m\u00e9s des deux hautes \u00e9coles <a href=\"https:\/\/wp.unil.ch\/infosports\/abonnement-a-la-newsletter\/\" data-type=\"page\" data-id=\"340\">ont la possibilit\u00e9 de s&rsquo;y abonner<\/a>, puisque les offres du SSUE leur sont toujours ouvertes apr\u00e8s leurs \u00e9tudes (statut \u00ab\u00a0alumni\u00a0\u00bb). <\/p>\n<\/div>\n\n\n\n<div class=\"wp-block-column is-layout-flow wp-block-column-is-layout-flow\" style=\"flex-basis:33.33%\">\n<div class=\"wp-block-group has-background\" style=\"background-color:#efefef\"><div class=\"wp-block-group__inner-container is-layout-flow wp-block-group-is-layout-flow\">\n<p class=\"has-small-font-size\"><strong>Suivez les hululements de la Chouette<\/strong><\/p>\n\n\n\n<div class=\"wp-block-columns is-layout-flex wp-container-core-columns-is-layout-9d6595d7 wp-block-columns-is-layout-flex\">\n<div class=\"wp-block-column is-layout-flow wp-block-column-is-layout-flow\">\n<figure class=\"wp-block-image size-large is-resized\"><img loading=\"lazy\" decoding=\"async\" width=\"238\" height=\"237\" src=\"https:\/\/wp.unil.ch\/infosports\/files\/2021\/03\/logo-instagram.png\" alt=\"logo-instagram\" class=\"wp-image-270\" style=\"width:60px;height:60px\" srcset=\"https:\/\/wp.unil.ch\/infosports\/files\/2021\/03\/logo-instagram.png 238w, https:\/\/wp.unil.ch\/infosports\/files\/2021\/03\/logo-instagram-150x150.png 150w\" sizes=\"auto, (max-width: 238px) 100vw, 238px\" \/><\/figure>\n<\/div>\n\n\n\n<div class=\"wp-block-column is-layout-flow wp-block-column-is-layout-flow\">\n<figure class=\"wp-block-image size-large is-resized\"><img loading=\"lazy\" decoding=\"async\" width=\"255\" height=\"230\" src=\"https:\/\/wp.unil.ch\/infosports\/files\/2021\/03\/logo-facebook.png\" alt=\"logo-facebook\" class=\"wp-image-269\" style=\"width:60px;height:60px\" \/><\/figure>\n<\/div>\n\n\n\n<div class=\"wp-block-column is-layout-flow wp-block-column-is-layout-flow\">\n<figure class=\"wp-block-image size-large is-resized\"><img loading=\"lazy\" decoding=\"async\" width=\"230\" height=\"228\" src=\"https:\/\/wp.unil.ch\/infosports\/files\/2021\/03\/logo-youtube.png\" alt=\"logo-youtube\" class=\"wp-image-271\" style=\"width:60px;height:60px\" srcset=\"https:\/\/wp.unil.ch\/infosports\/files\/2021\/03\/logo-youtube.png 230w, https:\/\/wp.unil.ch\/infosports\/files\/2021\/03\/logo-youtube-150x150.png 150w\" sizes=\"auto, (max-width: 230px) 100vw, 230px\" \/><\/figure>\n<\/div>\n<\/div>\n<\/div><\/div>\n<\/div>\n<\/div>\n\n\n\n<p class=\"has-small-font-size\"><strong>Derni\u00e8res newsletters (cliquer sur les vignettes pour y acc\u00e9der)<\/strong><\/p>\n\n\n\n<div class=\"wp-block-columns is-layout-flex wp-container-core-columns-is-layout-9d6595d7 wp-block-columns-is-layout-flex\">\n<div class=\"wp-block-column is-layout-flow wp-block-column-is-layout-flow\">\n<figure class=\"wp-block-image size-large\"><a href=\"https:\/\/wp.unil.ch\/infosports?mailpoet_router&amp;endpoint=view_in_browser&amp;action=view&amp;data=WzEsIjY5YzdhYWMxZGZiNiIsMCwwLDAsMV0\"><img loading=\"lazy\" decoding=\"async\" width=\"994\" height=\"1024\" src=\"https:\/\/wp.unil.ch\/infosports\/files\/2021\/03\/nl-unil-printemps21-994x1024.png\" alt=\"newsletter-unil-printemps-2021\" class=\"wp-image-328\" srcset=\"https:\/\/wp.unil.ch\/infosports\/files\/2021\/03\/nl-unil-printemps21-994x1024.png 994w, https:\/\/wp.unil.ch\/infosports\/files\/2021\/03\/nl-unil-printemps21-291x300.png 291w, https:\/\/wp.unil.ch\/infosports\/files\/2021\/03\/nl-unil-printemps21-768x791.png 768w, https:\/\/wp.unil.ch\/infosports\/files\/2021\/03\/nl-unil-printemps21-540x556.png 540w, https:\/\/wp.unil.ch\/infosports\/files\/2021\/03\/nl-unil-printemps21-1080x1113.png 1080w, https:\/\/wp.unil.ch\/infosports\/files\/2021\/03\/nl-unil-printemps21.png 1314w\" sizes=\"auto, (max-width: 994px) 100vw, 994px\" \/><\/a><figcaption class=\"wp-element-caption\">UNIL &#8211; printemps 2021<\/figcaption><\/figure>\n<\/div>\n\n\n\n<div class=\"wp-block-column is-layout-flow wp-block-column-is-layout-flow\">\n<figure class=\"wp-block-image size-large\"><a href=\"https:\/\/wp.unil.ch\/infosports?mailpoet_router&amp;endpoint=view_in_browser&amp;action=view&amp;data=WzIsIjg5NmJjMGVlYjFiYyIsMCwwLDAsMV0\"><img loading=\"lazy\" decoding=\"async\" width=\"994\" height=\"1024\" src=\"https:\/\/wp.unil.ch\/infosports\/files\/2021\/03\/nl-epfl-printemps21-994x1024.png\" alt=\"newsletter-epfl-printemps-2021\" class=\"wp-image-330\" srcset=\"https:\/\/wp.unil.ch\/infosports\/files\/2021\/03\/nl-epfl-printemps21-994x1024.png 994w, https:\/\/wp.unil.ch\/infosports\/files\/2021\/03\/nl-epfl-printemps21-291x300.png 291w, https:\/\/wp.unil.ch\/infosports\/files\/2021\/03\/nl-epfl-printemps21-768x791.png 768w, https:\/\/wp.unil.ch\/infosports\/files\/2021\/03\/nl-epfl-printemps21-540x556.png 540w, https:\/\/wp.unil.ch\/infosports\/files\/2021\/03\/nl-epfl-printemps21-1080x1113.png 1080w, https:\/\/wp.unil.ch\/infosports\/files\/2021\/03\/nl-epfl-printemps21.png 1316w\" sizes=\"auto, (max-width: 994px) 100vw, 994px\" \/><\/a><figcaption class=\"wp-element-caption\">EPFL &#8211; printemps 2021<\/figcaption><\/figure>\n<\/div>\n\n\n\n<div class=\"wp-block-column is-layout-flow wp-block-column-is-layout-flow\"><\/div>\n<\/div>\n\n\n\n<p><\/p>\n","protected":false},"excerpt":{"rendered":"<p>Service sport sant\u00e9 unil+epfl Bienvenue sur Le Mot de la Chouette, la lettre d&rsquo;information du Service Sport Sant\u00e9 UNIL+EPFL (SSUE). Deux \u00e0 trois fois par an, la Chouette&hellip;<\/p>\n","protected":false},"author":1002109,"featured_media":181,"parent":0,"menu_order":0,"comment_status":"closed","ping_status":"closed","template":"template-full-width-cover.php","meta":{"_seopress_robots_primary_cat":"","_seopress_titles_title":"","_seopress_titles_desc":"","_seopress_robots_index":"","footnotes":""},"class_list":["post-6","page","type-page","status-publish","has-post-thumbnail"],"_links":{"self":[{"href":"https:\/\/wp.unil.ch\/infosports\/wp-json\/wp\/v2\/pages\/6","targetHints":{"allow":["GET"]}}],"collection":[{"href":"https:\/\/wp.unil.ch\/infosports\/wp-json\/wp\/v2\/pages"}],"about":[{"href":"https:\/\/wp.unil.ch\/infosports\/wp-json\/wp\/v2\/types\/page"}],"author":[{"embeddable":true,"href":"https:\/\/wp.unil.ch\/infosports\/wp-json\/wp\/v2\/users\/1002109"}],"replies":[{"embeddable":true,"href":"https:\/\/wp.unil.ch\/infosports\/wp-json\/wp\/v2\/comments?post=6"}],"version-history":[{"count":1,"href":"https:\/\/wp.unil.ch\/infosports\/wp-json\/wp\/v2\/pages\/6\/revisions"}],"predecessor-version":[{"id":599,"href":"https:\/\/wp.unil.ch\/infosports\/wp-json\/wp\/v2\/pages\/6\/revisions\/599"}],"wp:featuredmedia":[{"embeddable":true,"href":"https:\/\/wp.unil.ch\/infosports\/wp-json\/wp\/v2\/media\/181"}],"wp:attachment":[{"href":"https:\/\/wp.unil.ch\/infosports\/wp-json\/wp\/v2\/media?parent=6"}],"curies":[{"name":"wp","href":"https:\/\/api.w.org\/{rel}","templated":true}]}}