{"id":340,"date":"2021-04-20T14:19:38","date_gmt":"2021-04-20T12:19:38","guid":{"rendered":"https:\/\/wp.unil.ch\/infosports\/?page_id=340"},"modified":"2023-12-20T14:18:57","modified_gmt":"2023-12-20T13:18:57","slug":"abonnement-a-la-newsletter","status":"publish","type":"page","link":"https:\/\/wp.unil.ch\/infosports\/abonnement-a-la-newsletter\/","title":{"rendered":"Abonnement \u00e0 la newsletter"},"content":{"rendered":"\n<p>Les membres de la communaut\u00e9 universitaire qui disposent d&rsquo;une adresse mail @unil.ch ou @epfl.ch, re\u00e7oivent automatiquement la newsletter \u00ab\u00a0Le Mot de la Chouette\u00a0\u00bb et ne peuvent pas s&rsquo;en d\u00e9sabonner.<\/p>\n\n\n\n<p><strong>Vous \u00eates membre du campus de Dorigny mais n&rsquo;avez pas d&rsquo;adresse mail @unil ou @epfl, ou vous allez bient\u00f4t la perdre suite \u00e0 l&rsquo;obtention de votre dipl\u00f4me ? <\/strong><br><strong>Votre statut vous donne acc\u00e8s aux offres du Service Sport Sant\u00e9 UNIL+EPFL*?<\/strong> <\/p>\n\n\n\n<p>Inscrivez-vous \u00e0 la newsletter et restez \u00e0 l&rsquo;\u00e9coute de l&rsquo;actualit\u00e9 sportive du campus!<\/p>\n\n\n\n<div class=\"wp-block-columns is-layout-flex wp-container-core-columns-is-layout-9d6595d7 wp-block-columns-is-layout-flex\">\n<div class=\"wp-block-column is-layout-flow wp-block-column-is-layout-flow\">  \n  \n  <div class=\"\n    mailpoet_form_popup_overlay\n      \"><\/div>\n  <div\n    id=\"mailpoet_form_7\"\n    class=\"\n      mailpoet_form\n      mailpoet_form_html\n      mailpoet_form_position_\n      mailpoet_form_animation_\n    \"\n      >\n\n    <style type=\"text\/css\">\n     #mailpoet_form_7 .mailpoet_form {  }\n#mailpoet_form_7 form { margin-bottom: 0; }\n#mailpoet_form_7 p.mailpoet_form_paragraph.last { margin-bottom: 0px; }\n#mailpoet_form_7 h2.mailpoet-heading { margin: -10px 0 10px 0; }\n#mailpoet_form_7 .mailpoet_column_with_background { padding: 10px; }\n#mailpoet_form_7 .mailpoet_form_column:not(:first-child) { margin-left: 20px; }\n#mailpoet_form_7 .mailpoet_paragraph { line-height: 20px; margin-bottom: 20px; }\n#mailpoet_form_7 .mailpoet_segment_label, #mailpoet_form_7 .mailpoet_text_label, #mailpoet_form_7 .mailpoet_textarea_label, #mailpoet_form_7 .mailpoet_select_label, #mailpoet_form_7 .mailpoet_radio_label, #mailpoet_form_7 .mailpoet_checkbox_label, #mailpoet_form_7 .mailpoet_list_label, #mailpoet_form_7 .mailpoet_date_label { display: block; font-weight: normal; }\n#mailpoet_form_7 .mailpoet_text, #mailpoet_form_7 .mailpoet_textarea, #mailpoet_form_7 .mailpoet_select, #mailpoet_form_7 .mailpoet_date_month, #mailpoet_form_7 .mailpoet_date_day, #mailpoet_form_7 .mailpoet_date_year, #mailpoet_form_7 .mailpoet_date { display: block; }\n#mailpoet_form_7 .mailpoet_text, #mailpoet_form_7 .mailpoet_textarea { width: 200px; }\n#mailpoet_form_7 .mailpoet_checkbox {  }\n#mailpoet_form_7 .mailpoet_submit {  }\n#mailpoet_form_7 .mailpoet_divider {  }\n#mailpoet_form_7 .mailpoet_message {  }\n#mailpoet_form_7 .mailpoet_form_loading { width: 30px; text-align: center; line-height: normal; }\n#mailpoet_form_7 .mailpoet_form_loading > span { width: 5px; height: 5px; background-color: #5b5b5b; }#mailpoet_form_7{border-radius: 24px;background: #ffffff;color: #000000;text-align: left;}#mailpoet_form_7 form.mailpoet_form {padding: 20px;}#mailpoet_form_7{width: 100%;}#mailpoet_form_7 .mailpoet_message {margin: 0; padding: 0 20px;}\n        #mailpoet_form_7 .mailpoet_validate_success {color: #00d084}\n        #mailpoet_form_7 input.parsley-success {color: #00d084}\n        #mailpoet_form_7 select.parsley-success {color: #00d084}\n        #mailpoet_form_7 textarea.parsley-success {color: #00d084}\n      \n        #mailpoet_form_7 .mailpoet_validate_error {color: #cf2e2e}\n        #mailpoet_form_7 input.parsley-error {color: #cf2e2e}\n        #mailpoet_form_7 select.parsley-error {color: #cf2e2e}\n        #mailpoet_form_7 textarea.textarea.parsley-error {color: #cf2e2e}\n        #mailpoet_form_7 .parsley-errors-list {color: #cf2e2e}\n        #mailpoet_form_7 .parsley-required {color: #cf2e2e}\n        #mailpoet_form_7 .parsley-custom-error-message {color: #cf2e2e}\n      #mailpoet_form_7 .mailpoet_paragraph.last {margin-bottom: 0} @media (max-width: 500px) {#mailpoet_form_7 {background: #ffffff;}} @media (min-width: 500px) {#mailpoet_form_7 .last .mailpoet_paragraph:last-child {margin-bottom: 0}}  @media (max-width: 500px) {#mailpoet_form_7 .mailpoet_form_column:last-child .mailpoet_paragraph:last-child {margin-bottom: 0}} \n    <\/style>\n\n    <form\n      target=\"_self\"\n      method=\"post\"\n      action=\"https:\/\/wp.unil.ch\/infosports\/wp-admin\/admin-post.php?action=mailpoet_subscription_form\"\n      class=\"mailpoet_form mailpoet_form_form mailpoet_form_html\"\n      novalidate\n      data-delay=\"\"\n      data-exit-intent-enabled=\"\"\n      data-font-family=\"\"\n      data-cookie-expiration-time=\"\"\n    >\n      <input type=\"hidden\" name=\"data[form_id]\" value=\"7\" \/>\n      <input type=\"hidden\" name=\"token\" value=\"419cc359bb\" \/>\n      <input type=\"hidden\" name=\"api_version\" value=\"v1\" \/>\n      <input type=\"hidden\" name=\"endpoint\" value=\"subscribers\" \/>\n      <input type=\"hidden\" name=\"mailpoet_method\" value=\"subscribe\" \/>\n\n      <label class=\"mailpoet_hp_email_label\" style=\"display: none !important;\">Veuillez laisser ce champ vide<input type=\"email\" name=\"data[email]\"\/><\/label><p class=\"mailpoet_form_paragraph  mailpoet-has-font-size\" style=\"text-align: left; font-size: 20px\"><strong>Formulaire d&rsquo;abonnement<\/strong><\/p>\n<div class=\"mailpoet_paragraph \"><style>input[name=\"data[form_field_MzY3NzJlOTBiMzExX2ZpcnN0X25hbWU=]\"]::placeholder{color:#000000;opacity: 1;}<\/style><input type=\"text\" autocomplete=\"given-name\" class=\"mailpoet_text\" id=\"form_first_name_7\" name=\"data[form_field_MzY3NzJlOTBiMzExX2ZpcnN0X25hbWU=]\" title=\"Pr\u00e9nom et nom\" value=\"\" style=\"width:100%;box-sizing:border-box;background-color:#ffffff;border-style:solid;border-radius:20px !important;border-width:1px;border-color:#ed8b00;padding:12px;margin: 0 auto 0 0;font-family:&#039;Arial&#039;;font-size:16px;line-height:1.5;height:auto;color:#000000;\" data-automation-id=\"form_first_name\"  placeholder=\"Pr\u00e9nom et nom *\" aria-label=\"Pr\u00e9nom et nom *\" data-parsley-errors-container=\".mailpoet_error_o1p63\" data-parsley-names='[&quot;Veuillez sp\u00e9cifier un nom valide.&quot;,&quot;Les adresses dans les noms ne sont pas autoris\u00e9es, veuillez ajouter votre nom \u00e0 la place.&quot;]' data-parsley-required=\"true\" required aria-required=\"true\" data-parsley-required-message=\"Ce champ est n\u00e9cessaire.\"\/><span class=\"mailpoet_error_o1p63\"><\/span><\/div>\n<div class=\"mailpoet_paragraph \"><style>input[name=\"data[form_field_YTQ2ZTMyMDNlOTNlX2VtYWls]\"]::placeholder{color:#000000;opacity: 1;}<\/style><input type=\"email\" autocomplete=\"email\" class=\"mailpoet_text\" id=\"form_email_7\" name=\"data[form_field_YTQ2ZTMyMDNlOTNlX2VtYWls]\" title=\"Adresse e-mail\" value=\"\" style=\"width:100%;box-sizing:border-box;background-color:#ffffff;border-style:solid;border-radius:20px !important;border-width:1px;border-color:#ed8b00;padding:12px;margin: 0 auto 0 0;font-family:&#039;Arial&#039;;font-size:16px;line-height:1.5;height:auto;color:#000000;\" data-automation-id=\"form_email\"  placeholder=\"Adresse e-mail *\" aria-label=\"Adresse e-mail *\" data-parsley-errors-container=\".mailpoet_error_oal3v\" data-parsley-required=\"true\" required aria-required=\"true\" data-parsley-minlength=\"6\" data-parsley-maxlength=\"150\" data-parsley-type-message=\"Cette valeur doit \u00eatre un e-mail valide.\" data-parsley-required-message=\"Ce champ est n\u00e9cessaire.\"\/><span class=\"mailpoet_error_oal3v\"><\/span><\/div>\n<div class=\"mailpoet_paragraph \"><input type=\"submit\" class=\"mailpoet_submit\" value=\"Je m&#039;abonne\" data-automation-id=\"subscribe-submit-button\" data-font-family='Ubuntu' style=\"width:100%;box-sizing:border-box;background-color:#ed8b00;border-style:solid;border-radius:40px !important;border-width:0px;padding:12px;margin: 0 auto 0 0;font-family:&#039;Ubuntu&#039;;font-size:20px;line-height:1.5;height:auto;color:#000000;border-color:transparent;font-weight:bold;\" \/><span class=\"mailpoet_form_loading\"><span class=\"mailpoet_bounce1\"><\/span><span class=\"mailpoet_bounce2\"><\/span><span class=\"mailpoet_bounce3\"><\/span><\/span><\/div>\n\n      <div class=\"mailpoet_message\">\n        <p class=\"mailpoet_validate_success\"\n                style=\"display:none;\"\n                >La Chouette a bien re\u00e7u votre inscription, merci!\n        <\/p>\n        <p class=\"mailpoet_validate_error\"\n                style=\"display:none;\"\n                >        <\/p>\n      <\/div>\n    <\/form>\n\n      <\/div>\n\n  <\/div>\n\n\n\n<div class=\"wp-block-column is-layout-flow wp-block-column-is-layout-flow\">  \n  \n  <div class=\"\n    mailpoet_form_popup_overlay\n      \"><\/div>\n  <div\n    id=\"mailpoet_form_8\"\n    class=\"\n      mailpoet_form\n      mailpoet_form_html\n      mailpoet_form_position_\n      mailpoet_form_animation_\n    \"\n      >\n\n    <style type=\"text\/css\">\n     #mailpoet_form_8 .mailpoet_form {  }\n#mailpoet_form_8 form { margin-bottom: 0; }\n#mailpoet_form_8 p.mailpoet_form_paragraph.last { margin-bottom: 0px; }\n#mailpoet_form_8 h2.mailpoet-heading { margin: -10px 0 10px 0; }\n#mailpoet_form_8 .mailpoet_column_with_background { padding: 10px; }\n#mailpoet_form_8 .mailpoet_form_column:not(:first-child) { margin-left: 20px; }\n#mailpoet_form_8 .mailpoet_paragraph { line-height: 20px; margin-bottom: 20px; }\n#mailpoet_form_8 .mailpoet_segment_label, #mailpoet_form_8 .mailpoet_text_label, #mailpoet_form_8 .mailpoet_textarea_label, #mailpoet_form_8 .mailpoet_select_label, #mailpoet_form_8 .mailpoet_radio_label, #mailpoet_form_8 .mailpoet_checkbox_label, #mailpoet_form_8 .mailpoet_list_label, #mailpoet_form_8 .mailpoet_date_label { display: block; font-weight: normal; }\n#mailpoet_form_8 .mailpoet_text, #mailpoet_form_8 .mailpoet_textarea, #mailpoet_form_8 .mailpoet_select, #mailpoet_form_8 .mailpoet_date_month, #mailpoet_form_8 .mailpoet_date_day, #mailpoet_form_8 .mailpoet_date_year, #mailpoet_form_8 .mailpoet_date { display: block; }\n#mailpoet_form_8 .mailpoet_text, #mailpoet_form_8 .mailpoet_textarea { width: 200px; }\n#mailpoet_form_8 .mailpoet_checkbox {  }\n#mailpoet_form_8 .mailpoet_submit {  }\n#mailpoet_form_8 .mailpoet_divider {  }\n#mailpoet_form_8 .mailpoet_message {  }\n#mailpoet_form_8 .mailpoet_form_loading { width: 30px; text-align: center; line-height: normal; }\n#mailpoet_form_8 .mailpoet_form_loading > span { width: 5px; height: 5px; background-color: #5b5b5b; }#mailpoet_form_8{border-radius: 24px;background: #ffffff;color: #000000;text-align: left;}#mailpoet_form_8 form.mailpoet_form {padding: 20px;}#mailpoet_form_8{width: 100%;}#mailpoet_form_8 .mailpoet_message {margin: 0; padding: 0 20px;}\n        #mailpoet_form_8 .mailpoet_validate_success {color: #00d084}\n        #mailpoet_form_8 input.parsley-success {color: #00d084}\n        #mailpoet_form_8 select.parsley-success {color: #00d084}\n        #mailpoet_form_8 textarea.parsley-success {color: #00d084}\n      \n        #mailpoet_form_8 .mailpoet_validate_error {color: #cf2e2e}\n        #mailpoet_form_8 input.parsley-error {color: #cf2e2e}\n        #mailpoet_form_8 select.parsley-error {color: #cf2e2e}\n        #mailpoet_form_8 textarea.textarea.parsley-error {color: #cf2e2e}\n        #mailpoet_form_8 .parsley-errors-list {color: #cf2e2e}\n        #mailpoet_form_8 .parsley-required {color: #cf2e2e}\n        #mailpoet_form_8 .parsley-custom-error-message {color: #cf2e2e}\n      #mailpoet_form_8 .mailpoet_paragraph.last {margin-bottom: 0} @media (max-width: 500px) {#mailpoet_form_8 {background: #ffffff;}} @media (min-width: 500px) {#mailpoet_form_8 .last .mailpoet_paragraph:last-child {margin-bottom: 0}}  @media (max-width: 500px) {#mailpoet_form_8 .mailpoet_form_column:last-child .mailpoet_paragraph:last-child {margin-bottom: 0}} \n    <\/style>\n\n    <form\n      target=\"_self\"\n      method=\"post\"\n      action=\"https:\/\/wp.unil.ch\/infosports\/wp-admin\/admin-post.php?action=mailpoet_subscription_form\"\n      class=\"mailpoet_form mailpoet_form_form mailpoet_form_html\"\n      novalidate\n      data-delay=\"\"\n      data-exit-intent-enabled=\"\"\n      data-font-family=\"\"\n      data-cookie-expiration-time=\"\"\n    >\n      <input type=\"hidden\" name=\"data[form_id]\" value=\"8\" \/>\n      <input type=\"hidden\" name=\"token\" value=\"419cc359bb\" \/>\n      <input type=\"hidden\" name=\"api_version\" value=\"v1\" \/>\n      <input type=\"hidden\" name=\"endpoint\" value=\"subscribers\" \/>\n      <input type=\"hidden\" name=\"mailpoet_method\" value=\"subscribe\" \/>\n\n      <label class=\"mailpoet_hp_email_label\" style=\"display: none !important;\">Veuillez laisser ce champ vide<input type=\"email\" name=\"data[email]\"\/><\/label><p class=\"mailpoet_form_paragraph  mailpoet-has-font-size\" style=\"text-align: left; font-size: 20px\"><strong>Formulaire de d\u00e9sabonnement<\/strong><\/p>\n<div class=\"mailpoet_paragraph \"><style>input[name=\"data[form_field_MzY3NzJlOTBiMzExX2ZpcnN0X25hbWU=]\"]::placeholder{color:#000000;opacity: 1;}<\/style><input type=\"text\" autocomplete=\"given-name\" class=\"mailpoet_text\" id=\"form_first_name_8\" name=\"data[form_field_MzY3NzJlOTBiMzExX2ZpcnN0X25hbWU=]\" title=\"Pr\u00e9nom et nom\" value=\"\" style=\"width:100%;box-sizing:border-box;background-color:#ffffff;border-style:solid;border-radius:20px !important;border-width:1px;border-color:#ed8b00;padding:12px;margin: 0 auto 0 0;font-family:&#039;Arial&#039;;font-size:16px;line-height:1.5;height:auto;color:#000000;\" data-automation-id=\"form_first_name\"  placeholder=\"Pr\u00e9nom et nom *\" aria-label=\"Pr\u00e9nom et nom *\" data-parsley-errors-container=\".mailpoet_error_xaybm\" data-parsley-names='[&quot;Veuillez sp\u00e9cifier un nom valide.&quot;,&quot;Les adresses dans les noms ne sont pas autoris\u00e9es, veuillez ajouter votre nom \u00e0 la place.&quot;]' data-parsley-required=\"true\" required aria-required=\"true\" data-parsley-required-message=\"Ce champ est n\u00e9cessaire.\"\/><span class=\"mailpoet_error_xaybm\"><\/span><\/div>\n<div class=\"mailpoet_paragraph \"><style>input[name=\"data[form_field_YTQ2ZTMyMDNlOTNlX2VtYWls]\"]::placeholder{color:#000000;opacity: 1;}<\/style><input type=\"email\" autocomplete=\"email\" class=\"mailpoet_text\" id=\"form_email_8\" name=\"data[form_field_YTQ2ZTMyMDNlOTNlX2VtYWls]\" title=\"Adresse e-mail\" value=\"\" style=\"width:100%;box-sizing:border-box;background-color:#ffffff;border-style:solid;border-radius:20px !important;border-width:1px;border-color:#ed8b00;padding:12px;margin: 0 auto 0 0;font-family:&#039;Arial&#039;;font-size:16px;line-height:1.5;height:auto;color:#000000;\" data-automation-id=\"form_email\"  placeholder=\"Adresse e-mail *\" aria-label=\"Adresse e-mail *\" data-parsley-errors-container=\".mailpoet_error_1j19v\" data-parsley-required=\"true\" required aria-required=\"true\" data-parsley-minlength=\"6\" data-parsley-maxlength=\"150\" data-parsley-type-message=\"Cette valeur doit \u00eatre un e-mail valide.\" data-parsley-required-message=\"Ce champ est n\u00e9cessaire.\"\/><span class=\"mailpoet_error_1j19v\"><\/span><\/div>\n<div class=\"mailpoet_paragraph \"><input type=\"submit\" class=\"mailpoet_submit\" value=\"Je me d\u00e9sabonne\" data-automation-id=\"subscribe-submit-button\" data-font-family='Ubuntu' style=\"width:100%;box-sizing:border-box;background-color:#ed8b00;border-style:solid;border-radius:40px !important;border-width:0px;padding:12px;margin: 0 auto 0 0;font-family:&#039;Ubuntu&#039;;font-size:20px;line-height:1.5;height:auto;color:#000000;border-color:transparent;font-weight:bold;\" \/><span class=\"mailpoet_form_loading\"><span class=\"mailpoet_bounce1\"><\/span><span class=\"mailpoet_bounce2\"><\/span><span class=\"mailpoet_bounce3\"><\/span><\/span><\/div>\n\n      <div class=\"mailpoet_message\">\n        <p class=\"mailpoet_validate_success\"\n                style=\"display:none;\"\n                >La Chouette a bien re\u00e7u votre message et fera le n\u00e9cessaire. Vous pouvez vous r\u00e9inscrire \u00e0 tout moment si vous le souhaitez!\n        <\/p>\n        <p class=\"mailpoet_validate_error\"\n                style=\"display:none;\"\n                >        <\/p>\n      <\/div>\n    <\/form>\n\n      <\/div>\n\n  <\/div>\n<\/div>\n\n\n\n<p>*Vers les <a href=\"https:\/\/sport.unil.ch\/?mid=129\">conditions g\u00e9n\u00e9rales d&rsquo;acc\u00e8s et de participation du SSUE<\/a>. <\/p>\n","protected":false},"excerpt":{"rendered":"<p>Les membres de la communaut\u00e9 universitaire qui disposent d&rsquo;une adresse mail @unil.ch ou @epfl.ch, re\u00e7oivent automatiquement la newsletter \u00ab\u00a0Le Mot de la Chouette\u00a0\u00bb et ne peuvent pas s&rsquo;en&hellip;<\/p>\n","protected":false},"author":1002109,"featured_media":0,"parent":0,"menu_order":0,"comment_status":"closed","ping_status":"closed","template":"template-full-width.php","meta":{"_seopress_robots_primary_cat":"","_seopress_titles_title":"","_seopress_titles_desc":"","_seopress_robots_index":"","footnotes":""},"class_list":["post-340","page","type-page","status-publish","has-post-thumbnail"],"_links":{"self":[{"href":"https:\/\/wp.unil.ch\/infosports\/wp-json\/wp\/v2\/pages\/340","targetHints":{"allow":["GET"]}}],"collection":[{"href":"https:\/\/wp.unil.ch\/infosports\/wp-json\/wp\/v2\/pages"}],"about":[{"href":"https:\/\/wp.unil.ch\/infosports\/wp-json\/wp\/v2\/types\/page"}],"author":[{"embeddable":true,"href":"https:\/\/wp.unil.ch\/infosports\/wp-json\/wp\/v2\/users\/1002109"}],"replies":[{"embeddable":true,"href":"https:\/\/wp.unil.ch\/infosports\/wp-json\/wp\/v2\/comments?post=340"}],"version-history":[{"count":2,"href":"https:\/\/wp.unil.ch\/infosports\/wp-json\/wp\/v2\/pages\/340\/revisions"}],"predecessor-version":[{"id":602,"href":"https:\/\/wp.unil.ch\/infosports\/wp-json\/wp\/v2\/pages\/340\/revisions\/602"}],"wp:attachment":[{"href":"https:\/\/wp.unil.ch\/infosports\/wp-json\/wp\/v2\/media?parent=340"}],"curies":[{"name":"wp","href":"https:\/\/api.w.org\/{rel}","templated":true}]}}