{"id":253,"date":"2022-03-18T14:05:34","date_gmt":"2022-03-18T13:05:34","guid":{"rendered":"https:\/\/wp.unil.ch\/informingfutures\/?page_id=253"},"modified":"2022-04-05T16:33:14","modified_gmt":"2022-04-05T14:33:14","slug":"publications","status":"publish","type":"page","link":"https:\/\/wp.unil.ch\/informingfutures\/publications\/","title":{"rendered":"Publications"},"content":{"rendered":"\n<div class=\"wp-block-query alignwide is-layout-flow wp-block-query-is-layout-flow\"><ul class=\"is-flex-container columns-3 wp-block-post-template is-layout-flow wp-block-post-template-is-layout-flow\"><li class=\"wp-block-post post-716 post type-post status-publish format-standard category-publications tag-hendrikjealpermannpublications tag-iremincekellerpublications tag-jeanrueggpublications tag-maedehhedayatifardpublications tag-mauriceyippublications tag-moritzffurstpublications\">\n<h2 class=\"has-text-align-center wp-block-post-title has-normal-font-size\"><a href=\"https:\/\/wp.unil.ch\/informingfutures\/publications\/716\/urban-resilience\/\" target=\"_self\" >Urban Resilience<\/a><\/h2>\n\n<div class=\"wp-block-post-excerpt\"><p class=\"wp-block-post-excerpt__excerpt\">Alpermann, H., F\u00fcrst, M., Hedayatifard, M., Ince Keller, I., Ruegg, J., &amp; Yip, M. (2024). Urban Resilience. In R. Dilworth (Ed.), Oxford Bibliographies in Urban Studies. Oxford University Press.<\/p><p class=\"wp-block-post-excerpt__more-text\"><a class=\"wp-block-post-excerpt__more-link\" href=\"https:\/\/wp.unil.ch\/informingfutures\/publications\/716\/urban-resilience\/\">Read more<\/a><\/p><\/div>\n<\/li><li class=\"wp-block-post post-713 post type-post status-publish format-standard category-publications tag-governance tag-iremincekellerpublications tag-jeanrueggpublications tag-landuseplanning tag-law tag-mauriceyippublications\">\n<h2 class=\"has-text-align-center wp-block-post-title has-normal-font-size\"><a href=\"https:\/\/wp.unil.ch\/informingfutures\/publications\/713\/more-than-human-promise\/\" target=\"_self\" >More-Than-Human Promise<\/a><\/h2>\n\n<div class=\"wp-block-post-excerpt\"><p class=\"wp-block-post-excerpt__excerpt\">Ince Keller, Irem, Maurice Yip, and Jean Ruegg. 2024. \u201cMore-Than-Human Promise: Relationality, Materiality, and Performativity.\u201d Legalities 4 (1): 68\u201397. https:\/\/doi.org\/10.3366\/legal.2024.0065.<\/p><p class=\"wp-block-post-excerpt__more-text\"><a class=\"wp-block-post-excerpt__more-link\" href=\"https:\/\/wp.unil.ch\/informingfutures\/publications\/713\/more-than-human-promise\/\">Read more<\/a><\/p><\/div>\n<\/li><li class=\"wp-block-post post-721 post type-post status-publish format-standard category-publications tag-jeanrueggpublications tag-landseainterface tag-mauriceyippublications\">\n<h2 class=\"has-text-align-center wp-block-post-title has-normal-font-size\"><a href=\"https:\/\/wp.unil.ch\/informingfutures\/publications\/721\/la-protection-et-la-preservation-du-milieu-marin\/\" target=\"_self\" >La protection et la pr\u00e9servation du milieu marin<\/a><\/h2>\n\n<div class=\"wp-block-post-excerpt\"><p class=\"wp-block-post-excerpt__excerpt\">Ruegg, Jean, Maurice Kwan-Chung Yip, and Fabien Brial. 2023. \u201cLes devoirs de protection et de pr\u00e9servation du milieu marin selon la Convention des Nations Unies sur le droit de la mer \u00e0 l\u2019aune de la sentence du Tribunal arbitral du 12 juillet 2016.\u201d \u00c9tudes carib\u00e9ennes, no. 55 (July). https:\/\/doi.org\/10.4000\/etudescaribeennes.27220.<\/p><p class=\"wp-block-post-excerpt__more-text\"><a class=\"wp-block-post-excerpt__more-link\" href=\"https:\/\/wp.unil.ch\/informingfutures\/publications\/721\/la-protection-et-la-preservation-du-milieu-marin\/\">Read more<\/a><\/p><\/div>\n<\/li><li class=\"wp-block-post post-653 post type-post status-publish format-standard category-publications tag-governance tag-landuseplanning tag-law tag-mauriceyippublications\">\n<h2 class=\"has-text-align-center wp-block-post-title has-normal-font-size\"><a href=\"https:\/\/wp.unil.ch\/informingfutures\/publications\/653\/hong-kong\/\" target=\"_self\" >Hong Kong<\/a><\/h2>\n\n<div class=\"wp-block-post-excerpt\"><p class=\"wp-block-post-excerpt__excerpt\">Yip, M. (2022). Hong Kong. In R. Dilworth (Ed.), Oxford Bibliographies in Urban Studies. Oxford University Press.<\/p><p class=\"wp-block-post-excerpt__more-text\"><a class=\"wp-block-post-excerpt__more-link\" href=\"https:\/\/wp.unil.ch\/informingfutures\/publications\/653\/hong-kong\/\">Read more<\/a><\/p><\/div>\n<\/li><li class=\"wp-block-post post-356 post type-post status-publish format-standard category-publications tag-democratization tag-landuseplanning tag-moritzffurstpublications tag-procedures\">\n<h2 class=\"has-text-align-center wp-block-post-title has-normal-font-size\"><a href=\"https:\/\/wp.unil.ch\/informingfutures\/publications\/356\/participatory-utopian-sketching\/\" target=\"_self\" >Participatory Utopian Sketching<\/a><\/h2>\n\n<div class=\"wp-block-post-excerpt\"><p class=\"wp-block-post-excerpt__excerpt\">T\u00f6rnroth, S., Day, J., F\u00fcrst, M. F., &amp; Mander, S. (2022). Participatory utopian sketching: A methodological framework for collaborative citizen (re)imagination of urban spatial futures. Futures, 139:102938. https:\/\/doi.org\/10.1016\/j.futures.2022.102938<\/p><p class=\"wp-block-post-excerpt__more-text\"><a class=\"wp-block-post-excerpt__more-link\" href=\"https:\/\/wp.unil.ch\/informingfutures\/publications\/356\/participatory-utopian-sketching\/\">Read more<\/a><\/p><\/div>\n<\/li><li class=\"wp-block-post post-473 post type-post status-publish format-standard category-publications tag-governance tag-law tag-mauriceyippublications tag-property\">\n<h2 class=\"has-text-align-center wp-block-post-title has-normal-font-size\"><a href=\"https:\/\/wp.unil.ch\/informingfutures\/publications\/473\/property-jurisdiction\/\" target=\"_self\" >Property Jurisdiction<\/a><\/h2>\n\n<div class=\"wp-block-post-excerpt\"><p class=\"wp-block-post-excerpt__excerpt\">Yip, M. (2022). Hong Kong as a property jurisdiction. Social Transformations in Chinese Societies, 18(1), 1\u201318. https:\/\/doi.org\/10.1108\/STICS-01-2020-0001<\/p><p class=\"wp-block-post-excerpt__more-text\"><a class=\"wp-block-post-excerpt__more-link\" href=\"https:\/\/wp.unil.ch\/informingfutures\/publications\/473\/property-jurisdiction\/\">Read more<\/a><\/p><\/div>\n<\/li><li class=\"wp-block-post post-361 post type-post status-publish format-standard category-publications tag-agency tag-landseainterface tag-law tag-maedehhedayatifardpublications\">\n<h2 class=\"has-text-align-center wp-block-post-title has-normal-font-size\"><a href=\"https:\/\/wp.unil.ch\/informingfutures\/publications\/361\/spatiality-of-law-in-coastal-land-management\/\" target=\"_self\" >Spatiality of Law in Coastal Land Management<\/a><\/h2>\n\n<div class=\"wp-block-post-excerpt\"><p class=\"wp-block-post-excerpt__excerpt\">Hedayatifard, M. (2022). The spatiality of law in coastal land management: The agency of water and conflict of interests. Case study: The Southern Coast of the Caspian Sea.\u00a0Journal of Architecture and Urban Planning. https:\/\/doi.org\/10.30480\/aup.2022.3839.1831<\/p><p class=\"wp-block-post-excerpt__more-text\"><a class=\"wp-block-post-excerpt__more-link\" href=\"https:\/\/wp.unil.ch\/informingfutures\/publications\/361\/spatiality-of-law-in-coastal-land-management\/\">Read more<\/a><\/p><\/div>\n<\/li><li class=\"wp-block-post post-366 post type-post status-publish format-standard category-publications tag-governance tag-landuseplanning tag-mauriceyippublications tag-projects tag-subtlety\">\n<h2 class=\"has-text-align-center wp-block-post-title has-normal-font-size\"><a href=\"https:\/\/wp.unil.ch\/informingfutures\/publications\/366\/new-town-planning-as-diplomatic-planning\/\" target=\"_self\" >New Town Planning as Diplomatic Planning<\/a><\/h2>\n\n<div class=\"wp-block-post-excerpt\"><p class=\"wp-block-post-excerpt__excerpt\">Yip, M. (2022). New town planning as diplomatic planning: Scalar politics, British\u2013Chinese relations, and Hong Kong. Journal of Urban History, 48(2), 361-380. https:\/\/doi.org\/10.1177\/0096144220948813<\/p><p class=\"wp-block-post-excerpt__more-text\"><a class=\"wp-block-post-excerpt__more-link\" href=\"https:\/\/wp.unil.ch\/informingfutures\/publications\/366\/new-town-planning-as-diplomatic-planning\/\">Read more<\/a><\/p><\/div>\n<\/li><li class=\"wp-block-post post-291 post type-post status-publish format-standard category-publications tag-law tag-maedehhedayatifardpublications\">\n<h2 class=\"has-text-align-center wp-block-post-title has-normal-font-size\"><a href=\"https:\/\/wp.unil.ch\/informingfutures\/publications\/291\/immured-spaces\/\" target=\"_self\" >Immured Spaces<\/a><\/h2>\n\n<div class=\"wp-block-post-excerpt\"><p class=\"wp-block-post-excerpt__excerpt\">Hedayatifard, M. (2022). Immured spaces: narratives of policy instruments. Coastal spaces along the southern part of the Caspian Sea in the north of Iran. In B. Yapicioglu &amp; K. Lalenis (Eds.), Boundaries and Restricted Places: The Immured Space (pp. 185\u2013198). Edward Elgar Publication. https:\/\/doi.org\/10.4337\/9781800884083.00022<\/p><p class=\"wp-block-post-excerpt__more-text\"><a class=\"wp-block-post-excerpt__more-link\" href=\"https:\/\/wp.unil.ch\/informingfutures\/publications\/291\/immured-spaces\/\">Read more<\/a><\/p><\/div>\n<\/li><li class=\"wp-block-post post-351 post type-post status-publish format-standard category-publications tag-everyday tag-hendrikjealpermannpublications tag-materialities tag-ordinary\">\n<h2 class=\"has-text-align-center wp-block-post-title has-normal-font-size\"><a href=\"https:\/\/wp.unil.ch\/informingfutures\/publications\/351\/geographies-of-sound\/\" target=\"_self\" >Geographies of Sound<\/a><\/h2>\n\n<div class=\"wp-block-post-excerpt\"><p class=\"wp-block-post-excerpt__excerpt\">Alpermann, H., &amp; Ranocchiari, S. (Eds.). (2022). Geographies of sound [Special issue]. GeoAgenda, 2022\/1.<\/p><p class=\"wp-block-post-excerpt__more-text\"><a class=\"wp-block-post-excerpt__more-link\" href=\"https:\/\/wp.unil.ch\/informingfutures\/publications\/351\/geographies-of-sound\/\">Read more<\/a><\/p><\/div>\n<\/li><li class=\"wp-block-post post-368 post type-post status-publish format-standard category-publications tag-crises tag-democratization tag-governance tag-law tag-mauriceyippublications tag-performativity tag-property\">\n<h2 class=\"has-text-align-center wp-block-post-title has-normal-font-size\"><a href=\"https:\/\/wp.unil.ch\/informingfutures\/publications\/368\/policing-territory\/\" target=\"_self\" >Policing Territory<\/a><\/h2>\n\n<div class=\"wp-block-post-excerpt\"><p class=\"wp-block-post-excerpt__excerpt\">Yip, M. (2022). Policing territory: The yet-to-be unsettled space of the property-sovereignty nexus. In W. Liu, J. Chien, C. Chung, &amp; E. Tse (Eds.), Reorienting Hong Kong\u2019s Resistance: Leftism, Decoloniality, and Internationalism (pp. 103\u2013117). Springer. https:\/\/doi.org\/10.1007\/978-981-16-4659-1_8<\/p><p class=\"wp-block-post-excerpt__more-text\"><a class=\"wp-block-post-excerpt__more-link\" href=\"https:\/\/wp.unil.ch\/informingfutures\/publications\/368\/policing-territory\/\">Read more<\/a><\/p><\/div>\n<\/li><li class=\"wp-block-post post-364 post type-post status-publish format-standard category-publications tag-buildings tag-hendrikjealpermannpublications tag-landuseplanning tag-materialities\">\n<h2 class=\"has-text-align-center wp-block-post-title has-normal-font-size\"><a href=\"https:\/\/wp.unil.ch\/informingfutures\/publications\/364\/stabilisation-through-digital-technology\/\" target=\"_self\" >Stabilisation through Digital Technology<\/a><\/h2>\n\n<div class=\"wp-block-post-excerpt\"><p class=\"wp-block-post-excerpt__excerpt\">Kuppler, A., &amp; Alpermann, H. (2022). Stabilisierung durch digitale Technik: Wie CAD-Programme zur r\u00e4umlichen Ordnung in der Planung beitragen. Raumforschung und Raumordnung | Spatial Research and Planning. https:\/\/doi.org\/10.14512\/rur.42<\/p><p class=\"wp-block-post-excerpt__more-text\"><a class=\"wp-block-post-excerpt__more-link\" href=\"https:\/\/wp.unil.ch\/informingfutures\/publications\/364\/stabilisation-through-digital-technology\/\">Read more<\/a><\/p><\/div>\n<\/li><li class=\"wp-block-post post-382 post type-post status-publish format-standard category-publications tag-crises tag-democratization tag-law tag-mauriceyippublications tag-regulations tag-uncertainty\">\n<h2 class=\"has-text-align-center wp-block-post-title has-normal-font-size\"><a href=\"https:\/\/wp.unil.ch\/informingfutures\/publications\/382\/we-have-never-been-so-bounded\/\" target=\"_self\" >We Have Never Been So Bounded<\/a><\/h2>\n\n<div class=\"wp-block-post-excerpt\"><p class=\"wp-block-post-excerpt__excerpt\">Yip, M. (2021). We have never been so bounded: Pandemic, territoriality, and mobility. The Geographical Journal, 187(2), 174-181. https:\/\/doi.org\/10.1111\/geoj.12389<\/p><p class=\"wp-block-post-excerpt__more-text\"><a class=\"wp-block-post-excerpt__more-link\" href=\"https:\/\/wp.unil.ch\/informingfutures\/publications\/382\/we-have-never-been-so-bounded\/\">Read more<\/a><\/p><\/div>\n<\/li><li class=\"wp-block-post post-483 post type-post status-publish format-standard category-publications tag-jeanrueggpublications tag-landuseplanning\">\n<h2 class=\"has-text-align-center wp-block-post-title has-normal-font-size\"><a href=\"https:\/\/wp.unil.ch\/informingfutures\/publications\/483\/483\/\" target=\"_self\" >La densification douce en zone villa<\/a><\/h2>\n\n<div class=\"wp-block-post-excerpt\"><p class=\"wp-block-post-excerpt__excerpt\">Ruegg, J., &amp; R\u00e9rat, P. (2021). La densification douce en zone villa: Un gisement difficile \u00e0 modifier \u00e0 l\u2019\u00e9chelle communale. Trac\u00e9s, 5, 38\u201340.<\/p><p class=\"wp-block-post-excerpt__more-text\"><a class=\"wp-block-post-excerpt__more-link\" href=\"https:\/\/wp.unil.ch\/informingfutures\/publications\/483\/483\/\">Read more<\/a><\/p><\/div>\n<\/li><li class=\"wp-block-post post-380 post type-post status-publish format-standard category-publications tag-everyday tag-iremincekellerpublications tag-resistance\">\n<h2 class=\"has-text-align-center wp-block-post-title has-normal-font-size\"><a href=\"https:\/\/wp.unil.ch\/informingfutures\/publications\/380\/rise-and-fall-of-the-rural-creative-class\/\" target=\"_self\" >Rise and Fall of the Rural Creative Class<\/a><\/h2>\n\n<div class=\"wp-block-post-excerpt\"><p class=\"wp-block-post-excerpt__excerpt\">Ince Keller, I., &amp; Velibeyo\u011flu, K. (2021). The rise and fall of the rural creative class: The case of Ala\u00e7at\u0131. City, Culture and Society, 24, 100372. https:\/\/doi.org\/10.1016\/j.ccs.2021.100372<\/p><p class=\"wp-block-post-excerpt__more-text\"><a class=\"wp-block-post-excerpt__more-link\" href=\"https:\/\/wp.unil.ch\/informingfutures\/publications\/380\/rise-and-fall-of-the-rural-creative-class\/\">Read more<\/a><\/p><\/div>\n<\/li><li class=\"wp-block-post post-302 post type-post status-publish format-standard category-publications tag-buildings tag-hendrikjealpermannpublications\">\n<h2 class=\"has-text-align-center wp-block-post-title has-normal-font-size\"><a href=\"https:\/\/wp.unil.ch\/informingfutures\/publications\/302\/inventing-berlin\/\" target=\"_self\" >Inventing Berlin<\/a><\/h2>\n\n<div class=\"wp-block-post-excerpt\"><p class=\"wp-block-post-excerpt__excerpt\">Alpermann, H. (2020). Inventing Berlin: Architecture, politics and cultural memory in the new\/old German capital post-1989. [Review of the book Inventing Berlin: Architecture, Politics and Cultural Memory in the New\/Old German Capital Post-1989, by M. Dellenbaugh-Losse]. Eurasian Geography and Economics. https:\/\/doi.org\/10.1080\/15387216.2020.1816193<\/p><p class=\"wp-block-post-excerpt__more-text\"><a class=\"wp-block-post-excerpt__more-link\" href=\"https:\/\/wp.unil.ch\/informingfutures\/publications\/302\/inventing-berlin\/\">Read more<\/a><\/p><\/div>\n<\/li><li class=\"wp-block-post post-488 post type-post status-publish format-standard category-publications tag-jeanrueggpublications tag-landseainterface tag-law tag-property\">\n<h2 class=\"has-text-align-center wp-block-post-title has-normal-font-size\"><a href=\"https:\/\/wp.unil.ch\/informingfutures\/publications\/488\/lacces-public-aux-rives-du-leman\/\" target=\"_self\" >L\u2019acc\u00e8s public aux rives du L\u00e9man<\/a><\/h2>\n\n<div class=\"wp-block-post-excerpt\"><p class=\"wp-block-post-excerpt__excerpt\">Ruegg, J. (2020). Analyse de l\u2019acc\u00e8s public aux rives du L\u00e9man (Suisse) par une enqu\u00eate \u00ab\u202fg\u00e9o-l\u00e9gale\u202f\u00bb. Annales de geographie, N\u00b0 733-734(3), 205\u2013227. https:\/\/doi.org\/10.3917\/ag.733.0205<\/p><p class=\"wp-block-post-excerpt__more-text\"><a class=\"wp-block-post-excerpt__more-link\" href=\"https:\/\/wp.unil.ch\/informingfutures\/publications\/488\/lacces-public-aux-rives-du-leman\/\">Read more<\/a><\/p><\/div>\n<\/li><li class=\"wp-block-post post-481 post type-post status-publish format-standard category-publications tag-jeanrueggpublications tag-landuseplanning\">\n<h2 class=\"has-text-align-center wp-block-post-title has-normal-font-size\"><a href=\"https:\/\/wp.unil.ch\/informingfutures\/publications\/481\/20-de-residences-secondaires-en-suisse\/\" target=\"_self\" >20% de r\u00e9sidences secondaires en Suisse?<\/a><\/h2>\n\n<div class=\"wp-block-post-excerpt\"><p class=\"wp-block-post-excerpt__excerpt\">Ruegg, J. (2020). 20% de r\u00e9sidences secondaires en Suisse? Le chant des sir\u00e8nes de la quantification de l\u2019action publique. G\u00e9o-Regards, 11\u201312, 17\u201336.<\/p><p class=\"wp-block-post-excerpt__more-text\"><a class=\"wp-block-post-excerpt__more-link\" href=\"https:\/\/wp.unil.ch\/informingfutures\/publications\/481\/20-de-residences-secondaires-en-suisse\/\">Read more<\/a><\/p><\/div>\n<\/li><li class=\"wp-block-post post-306 post type-post status-publish format-standard category-publications tag-crises tag-iremincekellerpublications tag-landuseplanning tag-riskmanagement\">\n<h2 class=\"has-text-align-center wp-block-post-title has-normal-font-size\"><a href=\"https:\/\/wp.unil.ch\/informingfutures\/publications\/306\/adaptive-planning\/\" target=\"_self\" >Adaptive Planning<\/a><\/h2>\n\n<div class=\"wp-block-post-excerpt\"><p class=\"wp-block-post-excerpt__excerpt\">\u0130nce Keller, \u0130., &amp; Kaya Erol, N. (2020). Adaptive planning: Examining adaptation based urban policies and practices in Turkey. Planning, 30(2), 257-272. https:\/\/doi.org\/10.14744\/planlama.2020.26023<\/p><p class=\"wp-block-post-excerpt__more-text\"><a class=\"wp-block-post-excerpt__more-link\" href=\"https:\/\/wp.unil.ch\/informingfutures\/publications\/306\/adaptive-planning\/\">Read more<\/a><\/p><\/div>\n<\/li><li class=\"wp-block-post post-384 post type-post status-publish format-standard category-publications tag-everyday tag-mauriceyippublications tag-projects tag-property\">\n<h2 class=\"has-text-align-center wp-block-post-title has-normal-font-size\"><a href=\"https:\/\/wp.unil.ch\/informingfutures\/publications\/384\/from-gods-home-to-peoples-house\/\" target=\"_self\" >From God\u2019s Home to People\u2019s House<\/a><\/h2>\n\n<div class=\"wp-block-post-excerpt\"><p class=\"wp-block-post-excerpt__excerpt\">Yip, M., Lee, J., &amp; Tang, W-S. (2020). From God\u2019s home to people\u2019s house: Property struggles of church redevelopment. Geoforum, 110, 14-24. https:\/\/doi.org\/10.1016\/j.geoforum.2020.01.019<\/p><p class=\"wp-block-post-excerpt__more-text\"><a class=\"wp-block-post-excerpt__more-link\" href=\"https:\/\/wp.unil.ch\/informingfutures\/publications\/384\/from-gods-home-to-peoples-house\/\">Read more<\/a><\/p><\/div>\n<\/li><li class=\"wp-block-post post-386 post type-post status-publish format-standard category-publications tag-moritzffurstpublications tag-subtlety\">\n<h2 class=\"has-text-align-center wp-block-post-title has-normal-font-size\"><a href=\"https:\/\/wp.unil.ch\/informingfutures\/publications\/386\/a-good-enough-fix\/\" target=\"_self\" >&#8216;A Good Enough Fix&#8217;<\/a><\/h2>\n\n<div class=\"wp-block-post-excerpt\"><p class=\"wp-block-post-excerpt__excerpt\">F\u00fcrst, M. F. (2019). \u2018A Good Enough Fix\u2019: Repair and maintenance in librarians\u2019 digitization practice. In I. Strebel, A. Bovet, &amp; P. Sormani (Eds.), Repair work ethnographies: Revisiting breakdown, relocating materiality (pp. 61-87). Singapore: Palgrave Macmillan. https:\/\/doi.org\/10.1007\/978-981-13-2110-8_3<\/p><p class=\"wp-block-post-excerpt__more-text\"><a class=\"wp-block-post-excerpt__more-link\" href=\"https:\/\/wp.unil.ch\/informingfutures\/publications\/386\/a-good-enough-fix\/\">Read more<\/a><\/p><\/div>\n<\/li><li class=\"wp-block-post post-388 post type-post status-publish format-standard category-publications tag-buildings tag-moritzffurstpublications\">\n<h2 class=\"has-text-align-center wp-block-post-title has-normal-font-size\"><a href=\"https:\/\/wp.unil.ch\/informingfutures\/publications\/388\/making-time-in-maintenance-work\/\" target=\"_self\" >Making Time in Maintenance Work<\/a><\/h2>\n\n<div class=\"wp-block-post-excerpt\"><p class=\"wp-block-post-excerpt__excerpt\">Strebel, I., F\u00fcrst, M. F., &amp; Bovet, A. (2019). Making time in maintenance work. Roadsides, 1, 11-17. https:\/\/doi.org\/10.26034\/roadsides-20190013<\/p><p class=\"wp-block-post-excerpt__more-text\"><a class=\"wp-block-post-excerpt__more-link\" href=\"https:\/\/wp.unil.ch\/informingfutures\/publications\/388\/making-time-in-maintenance-work\/\">Read more<\/a><\/p><\/div>\n<\/li><li class=\"wp-block-post post-390 post type-post status-publish format-standard category-publications tag-governance tag-hendrikjealpermannpublications\">\n<h2 class=\"has-text-align-center wp-block-post-title has-normal-font-size\"><a href=\"https:\/\/wp.unil.ch\/informingfutures\/publications\/390\/kulturelle-vielfalt-in-stadten\/\" target=\"_self\" >Kulturelle Vielfalt in St\u00e4dten<\/a><\/h2>\n\n<div class=\"wp-block-post-excerpt\"><p class=\"wp-block-post-excerpt__excerpt\">Hillmann, F., &amp; Alpermann, H. (2018). Kulturelle Vielfalt in St\u00e4dten. Fakten \u2013 Positionen \u2013 Strategien. https:\/\/doi.org\/10.11586\/2018026<\/p><p class=\"wp-block-post-excerpt__more-text\"><a class=\"wp-block-post-excerpt__more-link\" href=\"https:\/\/wp.unil.ch\/informingfutures\/publications\/390\/kulturelle-vielfalt-in-stadten\/\">Read more<\/a><\/p><\/div>\n<\/li><li class=\"wp-block-post post-479 post type-post status-publish format-standard category-publications tag-agency tag-blackboxing tag-jeanrueggpublications tag-landuseplanning tag-materialities\">\n<h2 class=\"has-text-align-center wp-block-post-title has-normal-font-size\"><a href=\"https:\/\/wp.unil.ch\/informingfutures\/publications\/479\/relational-planning\/\" target=\"_self\" >Relational Planning<\/a><\/h2>\n\n<div class=\"wp-block-post-excerpt\"><p class=\"wp-block-post-excerpt__excerpt\">Kurath, M., Marskamp, M., Paulos, J., &amp; Ruegg, J. (Eds.). (2018). Relational planning: Tracing artefacts, agency and practices. Palgrave Macmillan.<\/p><p class=\"wp-block-post-excerpt__more-text\"><a class=\"wp-block-post-excerpt__more-link\" href=\"https:\/\/wp.unil.ch\/informingfutures\/publications\/479\/relational-planning\/\">Read more<\/a><\/p><\/div>\n<\/li><\/ul><\/div>\n\n\n\n<p><\/p>\n","protected":false},"excerpt":{"rendered":"","protected":false},"author":108,"featured_media":0,"parent":0,"menu_order":0,"comment_status":"closed","ping_status":"closed","template":"","meta":{"_seopress_robots_primary_cat":"","_seopress_titles_title":"","_seopress_titles_desc":"","_seopress_robots_index":"","footnotes":""},"class_list":["post-253","page","type-page","status-publish"],"_links":{"self":[{"href":"https:\/\/wp.unil.ch\/informingfutures\/wp-json\/wp\/v2\/pages\/253","targetHints":{"allow":["GET"]}}],"collection":[{"href":"https:\/\/wp.unil.ch\/informingfutures\/wp-json\/wp\/v2\/pages"}],"about":[{"href":"https:\/\/wp.unil.ch\/informingfutures\/wp-json\/wp\/v2\/types\/page"}],"author":[{"embeddable":true,"href":"https:\/\/wp.unil.ch\/informingfutures\/wp-json\/wp\/v2\/users\/108"}],"replies":[{"embeddable":true,"href":"https:\/\/wp.unil.ch\/informingfutures\/wp-json\/wp\/v2\/comments?post=253"}],"version-history":[{"count":0,"href":"https:\/\/wp.unil.ch\/informingfutures\/wp-json\/wp\/v2\/pages\/253\/revisions"}],"wp:attachment":[{"href":"https:\/\/wp.unil.ch\/informingfutures\/wp-json\/wp\/v2\/media?parent=253"}],"curies":[{"name":"wp","href":"https:\/\/api.w.org\/{rel}","templated":true}]}}