{"id":6,"date":"2017-10-11T10:32:19","date_gmt":"2017-10-11T08:32:19","guid":{"rendered":"http:\/\/wp.unil.ch\/inforecherche\/?page_id=6"},"modified":"2024-01-10T13:35:37","modified_gmt":"2024-01-10T12:35:37","slug":"home","status":"publish","type":"page","link":"https:\/\/wp.unil.ch\/inforecherche\/","title":{"rendered":"InfoRecherche"},"content":{"rendered":"\n<h2 class=\"wp-block-heading\">Infolettres de la Recherche<\/h2>\n\n\n\n<div class=\"wp-block-columns is-layout-flex wp-container-core-columns-is-layout-9d6595d7 wp-block-columns-is-layout-flex\">\n<div class=\"wp-block-column is-layout-flow wp-block-column-is-layout-flow\">\n<p>Une fois par mois, le Service de la Recherche de l&rsquo;UNIL vous propose une newsletter d\u00e9di\u00e9e \u00e0 la Recherche. Derni\u00e8res infos cl\u00e9s, partage des appels \u00e0 projets et des <em>grants <\/em>en cours : n&rsquo;h\u00e9sitez pas \u00e0 vous y inscrire pour rester inform\u00e9.<\/p>\n<\/div>\n\n\n\n<div class=\"wp-block-column is-layout-flow wp-block-column-is-layout-flow\">\n<div class=\"wp-block-group has-border-background-color has-background\"><div class=\"wp-block-group__inner-container is-layout-constrained wp-block-group-is-layout-constrained\">\n  \n  \n  <div class=\"\n    mailpoet_form_popup_overlay\n      \"><\/div>\n  <div\n    id=\"mailpoet_form_1\"\n    class=\"\n      mailpoet_form\n      mailpoet_form_shortcode\n      mailpoet_form_position_\n      mailpoet_form_animation_\n    \"\n      >\n\n    <style type=\"text\/css\">\n     #mailpoet_form_1 .mailpoet_form {  }\n#mailpoet_form_1 .mailpoet_paragraph { line-height: 20px; }\n#mailpoet_form_1 .mailpoet_segment_label, #mailpoet_form_1 .mailpoet_text_label, #mailpoet_form_1 .mailpoet_textarea_label, #mailpoet_form_1 .mailpoet_select_label, #mailpoet_form_1 .mailpoet_radio_label, #mailpoet_form_1 .mailpoet_checkbox_label, #mailpoet_form_1 .mailpoet_list_label, #mailpoet_form_1 .mailpoet_date_label { display: block; font-weight: bold; }\n#mailpoet_form_1 .mailpoet_text, #mailpoet_form_1 .mailpoet_textarea, #mailpoet_form_1 .mailpoet_select, #mailpoet_form_1 .mailpoet_date_month, #mailpoet_form_1 .mailpoet_date_day, #mailpoet_form_1 .mailpoet_date_year, #mailpoet_form_1 .mailpoet_date { display: block; }\n#mailpoet_form_1 .mailpoet_text, #mailpoet_form_1 .mailpoet_textarea { width: 200px; }\n#mailpoet_form_1 .mailpoet_checkbox {  }\n#mailpoet_form_1 .mailpoet_submit input {  }\n#mailpoet_form_1 .mailpoet_divider {  }\n#mailpoet_form_1 .mailpoet_message {  }\n#mailpoet_form_1 .mailpoet_validate_success { font-weight: 600; color: #468847; }\n#mailpoet_form_1 .mailpoet_validate_error { color: #b94a48; }\n#mailpoet_form_1 .mailpoet_form_loading { width: 30px; text-align: center; line-height: normal; }\n#mailpoet_form_1 .mailpoet_form_loading > span { width: 5px; height: 5px; background-color: #5b5b5b; }#mailpoet_form_1{border-radius: 0px;text-align: left;}#mailpoet_form_1 form.mailpoet_form {padding: 20px;}#mailpoet_form_1{width: 100%;}#mailpoet_form_1 .mailpoet_message {margin: 0; padding: 0 20px;}#mailpoet_form_1 .mailpoet_paragraph.last {margin-bottom: 0} @media (max-width: 500px) {#mailpoet_form_1 {background-image: none;}} @media (min-width: 500px) {#mailpoet_form_1 .last .mailpoet_paragraph:last-child {margin-bottom: 0}}  @media (max-width: 500px) {#mailpoet_form_1 .mailpoet_form_column:last-child .mailpoet_paragraph:last-child {margin-bottom: 0}} \n    <\/style>\n\n    <form\n      target=\"_self\"\n      method=\"post\"\n      action=\"https:\/\/wp.unil.ch\/inforecherche\/wp-admin\/admin-post.php?action=mailpoet_subscription_form\"\n      class=\"mailpoet_form mailpoet_form_form mailpoet_form_shortcode\"\n      novalidate\n      data-delay=\"\"\n      data-exit-intent-enabled=\"\"\n      data-font-family=\"\"\n      data-cookie-expiration-time=\"\"\n    >\n      <input type=\"hidden\" name=\"data[form_id]\" value=\"1\" \/>\n      <input type=\"hidden\" name=\"token\" value=\"a7c1fcfa07\" \/>\n      <input type=\"hidden\" name=\"api_version\" value=\"v1\" \/>\n      <input type=\"hidden\" name=\"endpoint\" value=\"subscribers\" \/>\n      <input type=\"hidden\" name=\"mailpoet_method\" value=\"subscribe\" \/>\n\n      <label class=\"mailpoet_hp_email_label\" style=\"display: none !important;\">Veuillez laisser ce champ vide<input type=\"email\" name=\"data[email]\"\/><\/label><div class=\"mailpoet_paragraph \"><label for=\"form_first_name_1\" class=\"mailpoet_text_label\"  data-automation-id=\"form_first_name_label\" >Nom et Pr\u00e9nom<\/label><input type=\"text\" autocomplete=\"given-name\" class=\"mailpoet_text\" id=\"form_first_name_1\" name=\"data[form_field_Y2QxZDllYmJlN2VhX2ZpcnN0X25hbWU=]\" title=\"Nom et Pr\u00e9nom\" value=\"\" style=\"padding:5px;margin: 0 auto 0 0;\" data-automation-id=\"form_first_name\" data-parsley-errors-container=\".mailpoet_error_84ali\" data-parsley-names='[&quot;Veuillez sp\u00e9cifier un nom valide.&quot;,&quot;Les adresses dans les noms ne sont pas autoris\u00e9es, veuillez ajouter votre nom \u00e0 la place.&quot;]'\/><span class=\"mailpoet_error_84ali\"><\/span><\/div>\n<div class=\"mailpoet_paragraph \"><label for=\"form_email_1\" class=\"mailpoet_text_label\"  data-automation-id=\"form_email_label\" >E-mail&nbsp;<span class=\"mailpoet_required\" aria-hidden=\"true\">*<\/span><\/label><input type=\"email\" autocomplete=\"email\" class=\"mailpoet_text\" id=\"form_email_1\" name=\"data[form_field_MjdjODZhNDlkMzFjX2VtYWls]\" title=\"E-mail\" value=\"\" style=\"padding:5px;margin: 0 auto 0 0;\" data-automation-id=\"form_email\" data-parsley-errors-container=\".mailpoet_error_1sfzr\" data-parsley-required=\"true\" required aria-required=\"true\" data-parsley-minlength=\"6\" data-parsley-maxlength=\"150\" data-parsley-type-message=\"Cette valeur doit \u00eatre un e-mail valide.\" data-parsley-required-message=\"Ce champ est n\u00e9cessaire.\"\/><span class=\"mailpoet_error_1sfzr\"><\/span><\/div>\n<div class=\"mailpoet_paragraph \" >Nous gardons vos donn\u00e9es priv\u00e9es et ne les partageons qu\u2019avec les tierces parties qui rendent ce service possible. Lire notre politique de confidentialit\u00e9 pour plus d\u2019informations.<\/div>\n<div class=\"mailpoet_paragraph \"><input type=\"submit\" class=\"mailpoet_submit\" value=\"Je m\u2019abonne\u00a0!\" data-automation-id=\"subscribe-submit-button\" style=\"padding:5px;margin: 0 auto 0 0;border-color:transparent;\" \/><span class=\"mailpoet_form_loading\"><span class=\"mailpoet_bounce1\"><\/span><span class=\"mailpoet_bounce2\"><\/span><span class=\"mailpoet_bounce3\"><\/span><\/span><\/div>\n\n      <div class=\"mailpoet_message\">\n        <p class=\"mailpoet_validate_success\"\n                style=\"display:none;\"\n                >Vous vous \u00eates bien abonn\u00e9\u00b7e \u00e0 notre newsletter !\n        <\/p>\n        <p class=\"mailpoet_validate_error\"\n                style=\"display:none;\"\n                >        <\/p>\n      <\/div>\n    <\/form>\n\n      <\/div>\n\n  \n<\/div><\/div>\n<\/div>\n<\/div>\n\n\n\n<div class=\"wp-block-columns has-2-columns is-layout-flex wp-container-core-columns-is-layout-9d6595d7 wp-block-columns-is-layout-flex\">\n<div class=\"wp-block-column is-layout-flow wp-block-column-is-layout-flow\">\n<p>Vous trouverez ici tous les num\u00e9ros de notre newsletter InfoRecherche.<\/p>\n\n\n<ul class=\"mailpoet_archive\"><li><span class=\"mailpoet_archive_date\">23 f\u00e9vrier 2026<\/span>\n          <span class=\"mailpoet_archive_subject\"><a href=\"https:\/\/wp.unil.ch\/inforecherche?mailpoet_router&amp;endpoint=view_in_browser&amp;action=view&amp;data=Wzc4LCIwMWRmZDlkNDI1NzEiLDAsMCw2MiwxXQ\" target=\"_blank\" title=\"Aper\u00e7u dans un nouvel onglet\">Num\u00e9ro 20- f\u00e9vrier 2026<\/a><\/span>\n        <\/li><li><span class=\"mailpoet_archive_date\">19 novembre 2025<\/span>\n          <span class=\"mailpoet_archive_subject\"><a href=\"https:\/\/wp.unil.ch\/inforecherche?mailpoet_router&amp;endpoint=view_in_browser&amp;action=view&amp;data=Wzc3LCI3MjdiMmM4NGE4NDQiLDAsMCw2MCwxXQ\" target=\"_blank\" title=\"Aper\u00e7u dans un nouvel onglet\">Num\u00e9ro 19 - novembre 2025<\/a><\/span>\n        <\/li><li><span class=\"mailpoet_archive_date\">8 octobre 2025<\/span>\n          <span class=\"mailpoet_archive_subject\"><a href=\"https:\/\/wp.unil.ch\/inforecherche?mailpoet_router&amp;endpoint=view_in_browser&amp;action=view&amp;data=WzcxLCIxMWJiNGEzYTg2NzMiLDAsMCw1NiwxXQ\" target=\"_blank\" title=\"Aper\u00e7u dans un nouvel onglet\">Num\u00e9ro 18 - octobre 2025<\/a><\/span>\n        <\/li><li><span class=\"mailpoet_archive_date\">8 mai 2025<\/span>\n          <span class=\"mailpoet_archive_subject\"><a href=\"https:\/\/wp.unil.ch\/inforecherche?mailpoet_router&amp;endpoint=view_in_browser&amp;action=view&amp;data=WzY5LCI0YzY0MDhlYTdjNWUiLDAsMCw1MywxXQ\" target=\"_blank\" title=\"Aper\u00e7u dans un nouvel onglet\">Num\u00e9ro 17 - mai 2025<\/a><\/span>\n        <\/li><li><span class=\"mailpoet_archive_date\">5 f\u00e9vrier 2025<\/span>\n          <span class=\"mailpoet_archive_subject\"><a href=\"https:\/\/wp.unil.ch\/inforecherche?mailpoet_router&amp;endpoint=view_in_browser&amp;action=view&amp;data=WzYzLCJmOTQxNTgzYmM1OGEiLDAsMCw0OCwxXQ\" target=\"_blank\" title=\"Aper\u00e7u dans un nouvel onglet\">Num\u00e9ro 16 - janvier 2025<\/a><\/span>\n        <\/li><li><span class=\"mailpoet_archive_date\">26 ao\u00fbt 2024<\/span>\n          <span class=\"mailpoet_archive_subject\"><a href=\"https:\/\/wp.unil.ch\/inforecherche?mailpoet_router&amp;endpoint=view_in_browser&amp;action=view&amp;data=WzU4LCIxNDRkMTNmY2Y2OTUiLDAsMCw0NSwxXQ\" target=\"_blank\" title=\"Aper\u00e7u dans un nouvel onglet\">Num\u00e9ro 15 - ao\u00fbt 2024<\/a><\/span>\n        <\/li><li><span class=\"mailpoet_archive_date\">28 mai 2024<\/span>\n          <span class=\"mailpoet_archive_subject\"><a href=\"https:\/\/wp.unil.ch\/inforecherche?mailpoet_router&amp;endpoint=view_in_browser&amp;action=view&amp;data=WzU2LCIyNjUzNGRmZWRkOWEiLDAsMCw0MywxXQ\" target=\"_blank\" title=\"Aper\u00e7u dans un nouvel onglet\">Num\u00e9ro 14 - mai 2024<\/a><\/span>\n        <\/li><li><span class=\"mailpoet_archive_date\">29 mars 2024<\/span>\n          <span class=\"mailpoet_archive_subject\"><a href=\"https:\/\/wp.unil.ch\/inforecherche?mailpoet_router&amp;endpoint=view_in_browser&amp;action=view&amp;data=WzUxLCIyOTdiMTMzNzdiZjgiLDAsMCwzOSwxXQ\" target=\"_blank\" title=\"Aper\u00e7u dans un nouvel onglet\">Num\u00e9ro 13 - mars 2024<\/a><\/span>\n        <\/li><li><span class=\"mailpoet_archive_date\">31 janvier 2024<\/span>\n          <span class=\"mailpoet_archive_subject\"><a href=\"https:\/\/wp.unil.ch\/inforecherche?mailpoet_router&amp;endpoint=view_in_browser&amp;action=view&amp;data=WzQ3LCI4NDMxNTU1OTUxYzgiLDAsMCwzNCwxXQ\" target=\"_blank\" title=\"Aper\u00e7u dans un nouvel onglet\">Num\u00e9ro 12 - janvier 2024<\/a><\/span>\n        <\/li><li><span class=\"mailpoet_archive_date\">2 d\u00e9cembre 2022<\/span>\n          <span class=\"mailpoet_archive_subject\"><a href=\"https:\/\/wp.unil.ch\/inforecherche?mailpoet_router&amp;endpoint=view_in_browser&amp;action=view&amp;data=WzMyLCI2NDJlYWU3MDBkODIiLDAsMCwyMiwxXQ\" target=\"_blank\" title=\"Aper\u00e7u dans un nouvel onglet\">Num\u00e9ro 11 - novembre 2022<\/a><\/span>\n        <\/li><li><span class=\"mailpoet_archive_date\">20 juin 2022<\/span>\n          <span class=\"mailpoet_archive_subject\"><a href=\"https:\/\/wp.unil.ch\/inforecherche?mailpoet_router&amp;endpoint=view_in_browser&amp;action=view&amp;data=WzMwLCI3MzgxNTE2OTY1ZTkiLDAsMCwyMCwxXQ\" target=\"_blank\" title=\"Aper\u00e7u dans un nouvel onglet\">Num\u00e9ro 10 - juin 2022<\/a><\/span>\n        <\/li><li><span class=\"mailpoet_archive_date\">7 mars 2022<\/span>\n          <span class=\"mailpoet_archive_subject\"><a href=\"https:\/\/wp.unil.ch\/inforecherche?mailpoet_router&amp;endpoint=view_in_browser&amp;action=view&amp;data=WzI2LCJkNjEwN2Q4OWM2ODYiLDAsMCwxOCwxXQ\" target=\"_blank\" title=\"Aper\u00e7u dans un nouvel onglet\">Num\u00e9ro 9 - mars 2022<\/a><\/span>\n        <\/li><li><span class=\"mailpoet_archive_date\">4 novembre 2021<\/span>\n          <span class=\"mailpoet_archive_subject\"><a href=\"https:\/\/wp.unil.ch\/inforecherche?mailpoet_router&amp;endpoint=view_in_browser&amp;action=view&amp;data=WzIyLCIyZTgzYjMzMjUyNzciLDAsMCwxNiwxXQ\" target=\"_blank\" title=\"Aper\u00e7u dans un nouvel onglet\">Num\u00e9ro 8 - novembre 2021<\/a><\/span>\n        <\/li><li><span class=\"mailpoet_archive_date\">27 juillet 2021<\/span>\n          <span class=\"mailpoet_archive_subject\"><a href=\"https:\/\/wp.unil.ch\/inforecherche?mailpoet_router&amp;endpoint=view_in_browser&amp;action=view&amp;data=WzIwLCJkMGRjMTNlMTNhZGUiLDAsMCwxNCwxXQ\" target=\"_blank\" title=\"Aper\u00e7u dans un nouvel onglet\">Num\u00e9ro 7 - juillet 2021<\/a><\/span>\n        <\/li><li><span class=\"mailpoet_archive_date\">3 mai 2021<\/span>\n          <span class=\"mailpoet_archive_subject\"><a href=\"https:\/\/wp.unil.ch\/inforecherche?mailpoet_router&amp;endpoint=view_in_browser&amp;action=view&amp;data=WzE4LCJkMGI0ZmQ3MDM2ZjYiLDAsMCwxMiwxXQ\" target=\"_blank\" title=\"Aper\u00e7u dans un nouvel onglet\">Num\u00e9ro 6 - avril 2021<\/a><\/span>\n        <\/li><li><span class=\"mailpoet_archive_date\">14 janvier 2021<\/span>\n          <span class=\"mailpoet_archive_subject\"><a href=\"https:\/\/wp.unil.ch\/inforecherche?mailpoet_router&amp;endpoint=view_in_browser&amp;action=view&amp;data=WzE2LCJkZjM4NzI1ODMzODciLDAsMCwxMCwxXQ\" target=\"_blank\" title=\"Aper\u00e7u dans un nouvel onglet\">Num\u00e9ro 5 - janvier 2021<\/a><\/span>\n        <\/li><li><span class=\"mailpoet_archive_date\">24 septembre 2020<\/span>\n          <span class=\"mailpoet_archive_subject\"><a href=\"https:\/\/wp.unil.ch\/inforecherche?mailpoet_router&amp;endpoint=view_in_browser&amp;action=view&amp;data=WzEzLCI3YmJmZDE2NzU2ODAiLDAsMCw4LDFd\" target=\"_blank\" title=\"Aper\u00e7u dans un nouvel onglet\">Num\u00e9ro 4 - septembre 2020<\/a><\/span>\n        <\/li><li><span class=\"mailpoet_archive_date\">18 juin 2020<\/span>\n          <span class=\"mailpoet_archive_subject\"><a href=\"https:\/\/wp.unil.ch\/inforecherche?mailpoet_router&amp;endpoint=view_in_browser&amp;action=view&amp;data=WzExLCIzYmIwNTYyYzQ2MzEiLDAsMCw2LDFd\" target=\"_blank\" title=\"Aper\u00e7u dans un nouvel onglet\">Num\u00e9ro 3 - juin 2020<\/a><\/span>\n        <\/li><li><span class=\"mailpoet_archive_date\">4 mars 2020<\/span>\n          <span class=\"mailpoet_archive_subject\"><a href=\"https:\/\/wp.unil.ch\/inforecherche?mailpoet_router&amp;endpoint=view_in_browser&amp;action=view&amp;data=WzcsImI5ZDY0NDg2MWI0OCIsMCwwLDQsMV0\" target=\"_blank\" title=\"Aper\u00e7u dans un nouvel onglet\">Num\u00e9ro 2 - mars 2020<\/a><\/span>\n        <\/li><li><span class=\"mailpoet_archive_date\">12 novembre 2019<\/span>\n          <span class=\"mailpoet_archive_subject\"><a href=\"https:\/\/wp.unil.ch\/inforecherche?mailpoet_router&amp;endpoint=view_in_browser&amp;action=view&amp;data=WzEsImU1MzdjZjNkMWNlMiIsMCwwLDIsMV0\" target=\"_blank\" title=\"Aper\u00e7u dans un nouvel onglet\">Num\u00e9ro 1 - novembre 2019<\/a><\/span>\n        <\/li><\/ul>\n<\/div>\n\n\n\n<div class=\"wp-block-column is-layout-flow wp-block-column-is-layout-flow\">\n<p>Below you will find all the issues of InfoRecherche.<\/p>\n\n\n<ul class=\"mailpoet_archive\"><li><span class=\"mailpoet_archive_date\">8 mai 2025<\/span>\n          <span class=\"mailpoet_archive_subject\"><a href=\"https:\/\/wp.unil.ch\/inforecherche?mailpoet_router&amp;endpoint=view_in_browser&amp;action=view&amp;data=WzY3LCI3N2ZlZTU2NzEwMmUiLDAsMCw1MSwxXQ\" target=\"_blank\" title=\"Aper\u00e7u dans un nouvel onglet\">Number 17 - may 2025<\/a><\/span>\n        <\/li><li><span class=\"mailpoet_archive_date\">28 mai 2024<\/span>\n          <span class=\"mailpoet_archive_subject\"><a href=\"https:\/\/wp.unil.ch\/inforecherche?mailpoet_router&amp;endpoint=view_in_browser&amp;action=view&amp;data=WzU3LCJiOGRiNjM5ZTViNjYiLDAsMCw0MiwxXQ\" target=\"_blank\" title=\"Aper\u00e7u dans un nouvel onglet\">Number 14 - may 2024<\/a><\/span>\n        <\/li><li><span class=\"mailpoet_archive_date\">29 mars 2024<\/span>\n          <span class=\"mailpoet_archive_subject\"><a href=\"https:\/\/wp.unil.ch\/inforecherche?mailpoet_router&amp;endpoint=view_in_browser&amp;action=view&amp;data=WzUzLCJkNGFiYjA1NmZjNzQiLDAsMCwzOCwxXQ\" target=\"_blank\" title=\"Aper\u00e7u dans un nouvel onglet\">Number 13 - march 2024<\/a><\/span>\n        <\/li><li><span class=\"mailpoet_archive_date\">31 janvier 2024<\/span>\n          <span class=\"mailpoet_archive_subject\"><a href=\"https:\/\/wp.unil.ch\/inforecherche?mailpoet_router&amp;endpoint=view_in_browser&amp;action=view&amp;data=WzQ2LCIyYjcxZTA3OTI4OWIiLDAsMCwzMywxXQ\" target=\"_blank\" title=\"Aper\u00e7u dans un nouvel onglet\">Number 12 - january 2024<\/a><\/span>\n        <\/li><li><span class=\"mailpoet_archive_date\">2 d\u00e9cembre 2022<\/span>\n          <span class=\"mailpoet_archive_subject\"><a href=\"https:\/\/wp.unil.ch\/inforecherche?mailpoet_router&amp;endpoint=view_in_browser&amp;action=view&amp;data=WzMzLCIwNTM0NDU2MmUzMjAiLDAsMCwyMSwxXQ\" target=\"_blank\" title=\"Aper\u00e7u dans un nouvel onglet\">Number 11 - November 2022<\/a><\/span>\n        <\/li><li><span class=\"mailpoet_archive_date\">19 juin 2022<\/span>\n          <span class=\"mailpoet_archive_subject\"><a href=\"https:\/\/wp.unil.ch\/inforecherche?mailpoet_router&amp;endpoint=view_in_browser&amp;action=view&amp;data=WzMxLCJmNjgwMmEyMTk1ZWEiLDAsMCwxOSwxXQ\" target=\"_blank\" title=\"Aper\u00e7u dans un nouvel onglet\">Number 10 - June 2022<\/a><\/span>\n        <\/li><li><span class=\"mailpoet_archive_date\">7 mars 2022<\/span>\n          <span class=\"mailpoet_archive_subject\"><a href=\"https:\/\/wp.unil.ch\/inforecherche?mailpoet_router&amp;endpoint=view_in_browser&amp;action=view&amp;data=WzI5LCJhMDA0MDI4NmI3ZTciLDAsMCwxNywxXQ\" target=\"_blank\" title=\"Aper\u00e7u dans un nouvel onglet\">Number 9 - March 2022<\/a><\/span>\n        <\/li><li><span class=\"mailpoet_archive_date\">4 novembre 2021<\/span>\n          <span class=\"mailpoet_archive_subject\"><a href=\"https:\/\/wp.unil.ch\/inforecherche?mailpoet_router&amp;endpoint=view_in_browser&amp;action=view&amp;data=WzI0LCI0NDIwYzJiZmQ1ZTAiLDAsMCwxNSwxXQ\" target=\"_blank\" title=\"Aper\u00e7u dans un nouvel onglet\">Number 8 - November 2021<\/a><\/span>\n        <\/li><li><span class=\"mailpoet_archive_date\">26 juillet 2021<\/span>\n          <span class=\"mailpoet_archive_subject\"><a href=\"https:\/\/wp.unil.ch\/inforecherche?mailpoet_router&amp;endpoint=view_in_browser&amp;action=view&amp;data=WzIxLCJiY2RlYTY3MGYzODciLDAsMCwxMywxXQ\" target=\"_blank\" title=\"Aper\u00e7u dans un nouvel onglet\">Number 7 - July 2021<\/a><\/span>\n        <\/li><li><span class=\"mailpoet_archive_date\">3 mai 2021<\/span>\n          <span class=\"mailpoet_archive_subject\"><a href=\"https:\/\/wp.unil.ch\/inforecherche?mailpoet_router&amp;endpoint=view_in_browser&amp;action=view&amp;data=WzE5LCJhYmRlYzk1MDMwMDEiLDAsMCwxMSwxXQ\" target=\"_blank\" title=\"Aper\u00e7u dans un nouvel onglet\">Number 6 - April 2021<\/a><\/span>\n        <\/li><li><span class=\"mailpoet_archive_date\">14 janvier 2021<\/span>\n          <span class=\"mailpoet_archive_subject\"><a href=\"https:\/\/wp.unil.ch\/inforecherche?mailpoet_router&amp;endpoint=view_in_browser&amp;action=view&amp;data=WzE3LCI1YmVhYzJkYzQ0MmIiLDAsMCw5LDFd\" target=\"_blank\" title=\"Aper\u00e7u dans un nouvel onglet\">Number 5 - January 2021<\/a><\/span>\n        <\/li><li><span class=\"mailpoet_archive_date\">24 septembre 2020<\/span>\n          <span class=\"mailpoet_archive_subject\"><a href=\"https:\/\/wp.unil.ch\/inforecherche?mailpoet_router&amp;endpoint=view_in_browser&amp;action=view&amp;data=WzE1LCJjYmU4MWQzMzU0MmYiLDAsMCw3LDFd\" target=\"_blank\" title=\"Aper\u00e7u dans un nouvel onglet\">Number 4 - September 2020<\/a><\/span>\n        <\/li><li><span class=\"mailpoet_archive_date\">18 juin 2020<\/span>\n          <span class=\"mailpoet_archive_subject\"><a href=\"https:\/\/wp.unil.ch\/inforecherche?mailpoet_router&amp;endpoint=view_in_browser&amp;action=view&amp;data=WzEyLCIwNmE3MDNkYTJiODQiLDAsMCw1LDFd\" target=\"_blank\" title=\"Aper\u00e7u dans un nouvel onglet\">Number 3 - June 2020<\/a><\/span>\n        <\/li><li><span class=\"mailpoet_archive_date\">3 mars 2020<\/span>\n          <span class=\"mailpoet_archive_subject\"><a href=\"https:\/\/wp.unil.ch\/inforecherche?mailpoet_router&amp;endpoint=view_in_browser&amp;action=view&amp;data=WzksIjY5MzljYWVlOGNjZiIsMCwwLDMsMV0\" target=\"_blank\" title=\"Aper\u00e7u dans un nouvel onglet\">Number 2 - March 2020<\/a><\/span>\n        <\/li><li><span class=\"mailpoet_archive_date\">12 novembre 2019<\/span>\n          <span class=\"mailpoet_archive_subject\"><a href=\"https:\/\/wp.unil.ch\/inforecherche?mailpoet_router&amp;endpoint=view_in_browser&amp;action=view&amp;data=WzUsImEyZDdiYmE5YTBkNiIsMCwwLDEsMV0\" target=\"_blank\" title=\"Aper\u00e7u dans un nouvel onglet\">Number 1 - November 2019<\/a><\/span>\n        <\/li><\/ul>\n<\/div>\n<\/div>\n","protected":false},"excerpt":{"rendered":"<p>Infolettres de la Recherche Une fois par mois, le Service de la Recherche de l&rsquo;UNIL vous propose une newsletter d\u00e9di\u00e9e \u00e0 la Recherche. Derni\u00e8res infos cl\u00e9s, partage des&hellip;<\/p>\n","protected":false},"author":1001644,"featured_media":354,"parent":0,"menu_order":0,"comment_status":"closed","ping_status":"closed","template":"template-full-width-cover.php","meta":{"_seopress_robots_primary_cat":"","_seopress_titles_title":"","_seopress_titles_desc":"","_seopress_robots_index":"","footnotes":""},"class_list":["post-6","page","type-page","status-publish","has-post-thumbnail"],"_links":{"self":[{"href":"https:\/\/wp.unil.ch\/inforecherche\/wp-json\/wp\/v2\/pages\/6","targetHints":{"allow":["GET"]}}],"collection":[{"href":"https:\/\/wp.unil.ch\/inforecherche\/wp-json\/wp\/v2\/pages"}],"about":[{"href":"https:\/\/wp.unil.ch\/inforecherche\/wp-json\/wp\/v2\/types\/page"}],"author":[{"embeddable":true,"href":"https:\/\/wp.unil.ch\/inforecherche\/wp-json\/wp\/v2\/users\/1001644"}],"replies":[{"embeddable":true,"href":"https:\/\/wp.unil.ch\/inforecherche\/wp-json\/wp\/v2\/comments?post=6"}],"version-history":[{"count":5,"href":"https:\/\/wp.unil.ch\/inforecherche\/wp-json\/wp\/v2\/pages\/6\/revisions"}],"predecessor-version":[{"id":405,"href":"https:\/\/wp.unil.ch\/inforecherche\/wp-json\/wp\/v2\/pages\/6\/revisions\/405"}],"wp:featuredmedia":[{"embeddable":true,"href":"https:\/\/wp.unil.ch\/inforecherche\/wp-json\/wp\/v2\/media\/354"}],"wp:attachment":[{"href":"https:\/\/wp.unil.ch\/inforecherche\/wp-json\/wp\/v2\/media?parent=6"}],"curies":[{"name":"wp","href":"https:\/\/api.w.org\/{rel}","templated":true}]}}