{"id":6829,"date":"2025-02-17T17:55:51","date_gmt":"2025-02-17T16:55:51","guid":{"rendered":"https:\/\/wp.unil.ch\/infolettres\/?page_id=6829"},"modified":"2025-06-17T15:29:57","modified_gmt":"2025-06-17T13:29:57","slug":"eureka","status":"publish","type":"page","link":"https:\/\/wp.unil.ch\/infolettres\/eureka\/","title":{"rendered":"EUREKA"},"content":{"rendered":"\n<p>L&rsquo;infolettre EUREKA pr\u00e9sente l\u2019actualit\u00e9 de la recherche et s\u2019adresse en priorit\u00e9 aux chercheuses et chercheurs de la Facult\u00e9 des lettres. Envoy\u00e9e trois fois par an, elle expose les diff\u00e9rents projets de recherche en cours, annonce les prochains \u00e9v\u00e9nements en lien avec la recherche et diffuse des opportunit\u00e9s de carri\u00e8re.<\/p>\n\n\n\n<ul class=\"wp-block-list\"><\/ul>\n\n\n\n<div class=\"wp-block-columns is-layout-flex wp-container-core-columns-is-layout-9d6595d7 wp-block-columns-is-layout-flex\">\n<div class=\"wp-block-column is-layout-flow wp-block-column-is-layout-flow\">\n<h5 class=\"wp-block-heading\">Abonnement<\/h5>\n\n\n\n<p>Vous ne faites pas partie de la communaut\u00e9 scientifique de la Facult\u00e9 des lettres et souhaitez vous abonner \u00e0 EUREKA ?<\/p>\n\n\n\n<p>Veuillez vous inscrire en remplissant le champ ci-dessous.<br><\/p>\n\n\n  \n  \n  <div class=\"\n    mailpoet_form_popup_overlay\n      \"><\/div>\n  <div\n    id=\"mailpoet_form_7\"\n    class=\"\n      mailpoet_form\n      mailpoet_form_html\n      mailpoet_form_position_\n      mailpoet_form_animation_\n    \"\n      >\n\n    <style type=\"text\/css\">\n     #mailpoet_form_7 .mailpoet_form {  }\n#mailpoet_form_7 .mailpoet_paragraph { line-height: 20px; }\n#mailpoet_form_7 .mailpoet_segment_label, #mailpoet_form_7 .mailpoet_text_label, #mailpoet_form_7 .mailpoet_textarea_label, #mailpoet_form_7 .mailpoet_select_label, #mailpoet_form_7 .mailpoet_radio_label, #mailpoet_form_7 .mailpoet_checkbox_label, #mailpoet_form_7 .mailpoet_list_label, #mailpoet_form_7 .mailpoet_date_label { display: block; font-weight: bold; }\n#mailpoet_form_7 .mailpoet_text, #mailpoet_form_7 .mailpoet_textarea, #mailpoet_form_7 .mailpoet_select, #mailpoet_form_7 .mailpoet_date_month, #mailpoet_form_7 .mailpoet_date_day, #mailpoet_form_7 .mailpoet_date_year, #mailpoet_form_7 .mailpoet_date { display: block; }\n#mailpoet_form_7 .mailpoet_text, #mailpoet_form_7 .mailpoet_textarea { width: 200px; }\n#mailpoet_form_7 .mailpoet_checkbox {  }\n#mailpoet_form_7 .mailpoet_submit input {  }\n#mailpoet_form_7 .mailpoet_divider {  }\n#mailpoet_form_7 .mailpoet_message {  }\n#mailpoet_form_7 .mailpoet_validate_success { color: #468847; }\n#mailpoet_form_7 .mailpoet_validate_error { color: #b94a48; }#mailpoet_form_7{border-radius: 0px;text-align: left;}#mailpoet_form_7 form.mailpoet_form {padding: 20px;}#mailpoet_form_7{width: 100%;}#mailpoet_form_7 .mailpoet_message {margin: 0; padding: 0 20px;}#mailpoet_form_7 .mailpoet_paragraph.last {margin-bottom: 0} @media (max-width: 500px) {#mailpoet_form_7 {background-image: none;}} @media (min-width: 500px) {#mailpoet_form_7 .last .mailpoet_paragraph:last-child {margin-bottom: 0}}  @media (max-width: 500px) {#mailpoet_form_7 .mailpoet_form_column:last-child .mailpoet_paragraph:last-child {margin-bottom: 0}} \n    <\/style>\n\n    <form\n      target=\"_self\"\n      method=\"post\"\n      action=\"https:\/\/wp.unil.ch\/infolettres\/wp-admin\/admin-post.php?action=mailpoet_subscription_form\"\n      class=\"mailpoet_form mailpoet_form_form mailpoet_form_html\"\n      novalidate\n      data-delay=\"\"\n      data-exit-intent-enabled=\"\"\n      data-font-family=\"\"\n      data-cookie-expiration-time=\"\"\n    >\n      <input type=\"hidden\" name=\"data[form_id]\" value=\"7\" \/>\n      <input type=\"hidden\" name=\"token\" value=\"8262153230\" \/>\n      <input type=\"hidden\" name=\"api_version\" value=\"v1\" \/>\n      <input type=\"hidden\" name=\"endpoint\" value=\"subscribers\" \/>\n      <input type=\"hidden\" name=\"mailpoet_method\" value=\"subscribe\" \/>\n\n      <label class=\"mailpoet_hp_email_label\" style=\"display: none !important;\">Veuillez laisser ce champ vide<input type=\"email\" name=\"data[email]\"\/><\/label><div class=\"mailpoet_paragraph \"><input type=\"email\" autocomplete=\"email\" class=\"mailpoet_text\" id=\"form_email_7\" name=\"data[form_field_ZWY5ZWFmOWJhMTIxX2VtYWls]\" title=\"Votre email\" value=\"\" style=\"width:100%;box-sizing:border-box;padding:5px;margin: 0 auto 0 0;\" data-automation-id=\"form_email\"  placeholder=\"Votre email *\" aria-label=\"Votre email *\" data-parsley-errors-container=\".mailpoet_error_yjmdx\" data-parsley-required=\"true\" required aria-required=\"true\" data-parsley-minlength=\"6\" data-parsley-maxlength=\"150\" data-parsley-type-message=\"Cette valeur doit \u00eatre un e-mail valide.\" data-parsley-required-message=\"Ce champ est n\u00e9cessaire.\"\/><span class=\"mailpoet_error_yjmdx\"><\/span><\/div>\n<div class=\"mailpoet_paragraph \"><input type=\"submit\" class=\"mailpoet_submit\" value=\"S&#039;abonner\" data-automation-id=\"subscribe-submit-button\" style=\"padding:5px;margin: 0 auto 0 0;border-color:transparent;\" \/><span class=\"mailpoet_form_loading\"><span class=\"mailpoet_bounce1\"><\/span><span class=\"mailpoet_bounce2\"><\/span><span class=\"mailpoet_bounce3\"><\/span><\/span><\/div>\n\n      <div class=\"mailpoet_message\">\n        <p class=\"mailpoet_validate_success\"\n                style=\"display:none;\"\n                >V\u00e9rifier votre bo\u00eete de r\u00e9ception ou vos ind\u00e9sirables afin de confirmer votre abonnement.\n        <\/p>\n        <p class=\"mailpoet_validate_error\"\n                style=\"display:none;\"\n                >        <\/p>\n      <\/div>\n    <\/form>\n\n      <\/div>\n\n  <\/div>\n<\/div>\n\n\n\n<h5 class=\"wp-block-heading\">Gestion de votre abonnement<\/h5>\n\n\n\n<p>Pour vous d\u00e9sabonner \u00e0 EUREKA, pri\u00e8re d\u2019\u00e9crire \u00e0 <a href=\"mailto:consultant-recherche-lettres@unil.ch\">consultant-recherche-lettres@unil.ch<\/a>.<br>Cette option est uniquement disponible aux abonn\u00e9es et abonn\u00e9s non membres de la Facult\u00e9 des lettres.<\/p>\n","protected":false},"excerpt":{"rendered":"<p>L&rsquo;infolettre EUREKA pr\u00e9sente l\u2019actualit\u00e9 de la recherche et s\u2019adresse en priorit\u00e9 aux chercheuses et chercheurs de la Facult\u00e9 des lettres. Envoy\u00e9e trois fois par an, elle expose les diff\u00e9rents projets &hellip; <\/p>\n","protected":false},"author":719,"featured_media":0,"parent":0,"menu_order":0,"comment_status":"closed","ping_status":"closed","template":"","meta":{"_seopress_robots_primary_cat":"","_seopress_titles_title":"","_seopress_titles_desc":"","_seopress_robots_index":"","footnotes":""},"class_list":["post-6829","page","type-page","status-publish"],"_links":{"self":[{"href":"https:\/\/wp.unil.ch\/infolettres\/wp-json\/wp\/v2\/pages\/6829","targetHints":{"allow":["GET"]}}],"collection":[{"href":"https:\/\/wp.unil.ch\/infolettres\/wp-json\/wp\/v2\/pages"}],"about":[{"href":"https:\/\/wp.unil.ch\/infolettres\/wp-json\/wp\/v2\/types\/page"}],"author":[{"embeddable":true,"href":"https:\/\/wp.unil.ch\/infolettres\/wp-json\/wp\/v2\/users\/719"}],"replies":[{"embeddable":true,"href":"https:\/\/wp.unil.ch\/infolettres\/wp-json\/wp\/v2\/comments?post=6829"}],"version-history":[{"count":5,"href":"https:\/\/wp.unil.ch\/infolettres\/wp-json\/wp\/v2\/pages\/6829\/revisions"}],"predecessor-version":[{"id":7211,"href":"https:\/\/wp.unil.ch\/infolettres\/wp-json\/wp\/v2\/pages\/6829\/revisions\/7211"}],"wp:attachment":[{"href":"https:\/\/wp.unil.ch\/infolettres\/wp-json\/wp\/v2\/media?parent=6829"}],"curies":[{"name":"wp","href":"https:\/\/api.w.org\/{rel}","templated":true}]}}