{"id":4780,"date":"2019-02-18T15:06:24","date_gmt":"2019-02-18T14:06:24","guid":{"rendered":"http:\/\/wp.unil.ch\/infolettres\/?page_id=4780"},"modified":"2026-01-28T12:14:35","modified_gmt":"2026-01-28T11:14:35","slug":"accueil","status":"publish","type":"page","link":"https:\/\/wp.unil.ch\/infolettres\/","title":{"rendered":"Accueil"},"content":{"rendered":"\n<p>Bienvenue sur le site r\u00e9unissant les diff\u00e9rentes lettres d\u2019information de la <a href=\"https:\/\/www.unil.ch\/lettres\/fr\/home.html\" target=\"_blank\" rel=\"noreferrer noopener\">Facult\u00e9 des lettres<\/a> de l\u2019Universit\u00e9 de Lausanne.<\/p>\n\n\n\n<p>La <a href=\"https:\/\/wp.unil.ch\/infolettres\/la-lettre-des-lettres\/\">Lettre des Lettres<\/a> propose un panorama de l&rsquo;actualit\u00e9 de la Facult\u00e9, des grands rendez-vous, des annonces de colloques, journ\u00e9es d\u2019\u00e9tude et conf\u00e9rences, une s\u00e9lection de manifestations culturelles, ainsi qu\u2019une revue de presse.&nbsp;Elle est envoy\u00e9e quatre fois par an \u00e0 tous les membres de la Facult\u00e9, ainsi qu&rsquo;au public externe qui souhaite \u00eatre inform\u00e9 des actualit\u00e9s en Lettres.<\/p>\n\n\n\n<p>Le&nbsp;<em><a href=\"https:\/\/wp.unil.ch\/infolettres\/courriel-2\/\">courrieL<\/a><\/em> est une lettre d\u2019information de la Facult\u00e9 des lettres con\u00e7ue \u00e0 l&rsquo;intention des enseignantes et enseignants du secondaire. Envoy\u00e9e deux fois par an, cette lettre recense les activit\u00e9s, formations et ouvrages de recherche susceptibles d&rsquo;int\u00e9resser le corps enseignant ainsi qu&rsquo;un public adolescent.<\/p>\n\n\n\n<p><a href=\"https:\/\/wp.unil.ch\/infolettres\/eureka\/\">EUREKA<\/a> pr\u00e9sente l&rsquo;actualit\u00e9 de la recherche et s&rsquo;adresse en priorit\u00e9 aux chercheuses et chercheurs de la Facult\u00e9 des lettres. Envoy\u00e9e trois fois par an, cette infolettre expose les diff\u00e9rents projets de recherche en cours, annonce les prochains \u00e9v\u00e9nements en lien avec la recherche et diffuse des opportunit\u00e9s de carri\u00e8re.<\/p>\n\n\n\n<p><a href=\"https:\/\/wp.unil.ch\/labelettres\/abonnez-vous-a-notre-newsletter\/\">LabeLettres<\/a> met en avant les publications des chercheuses et chercheurs de la Facult\u00e9. L&rsquo;infolettre fait l&rsquo;objet de six envois par an et s&rsquo;adresse \u00e0 la communaut\u00e9 scientifique, aux m\u00e9dias, ainsi qu&rsquo;\u00e0 tout public curieux de nos ouvrages.<\/p>\n\n\n\n<p>Pour vous abonner \u00e0 nos infolettres, rendez-vous sur la page d\u00e9di\u00e9e \u00e0 chacune d&rsquo;entre elles !<\/p>\n\n\n\n<p><\/p>\n\n\n\n<p><\/p>\n","protected":false},"excerpt":{"rendered":"<p>Bienvenue sur le site r\u00e9unissant les diff\u00e9rentes lettres d\u2019information de la Facult\u00e9 des lettres de l\u2019Universit\u00e9 de Lausanne. La Lettre des Lettres propose un panorama de l&rsquo;actualit\u00e9 de la Facult\u00e9, &hellip; <\/p>\n","protected":false},"author":1001334,"featured_media":0,"parent":0,"menu_order":0,"comment_status":"closed","ping_status":"closed","template":"","meta":{"_seopress_robots_primary_cat":"","_seopress_titles_title":"","_seopress_titles_desc":"","_seopress_robots_index":"","footnotes":""},"class_list":["post-4780","page","type-page","status-publish"],"_links":{"self":[{"href":"https:\/\/wp.unil.ch\/infolettres\/wp-json\/wp\/v2\/pages\/4780","targetHints":{"allow":["GET"]}}],"collection":[{"href":"https:\/\/wp.unil.ch\/infolettres\/wp-json\/wp\/v2\/pages"}],"about":[{"href":"https:\/\/wp.unil.ch\/infolettres\/wp-json\/wp\/v2\/types\/page"}],"author":[{"embeddable":true,"href":"https:\/\/wp.unil.ch\/infolettres\/wp-json\/wp\/v2\/users\/1001334"}],"replies":[{"embeddable":true,"href":"https:\/\/wp.unil.ch\/infolettres\/wp-json\/wp\/v2\/comments?post=4780"}],"version-history":[{"count":5,"href":"https:\/\/wp.unil.ch\/infolettres\/wp-json\/wp\/v2\/pages\/4780\/revisions"}],"predecessor-version":[{"id":7576,"href":"https:\/\/wp.unil.ch\/infolettres\/wp-json\/wp\/v2\/pages\/4780\/revisions\/7576"}],"wp:attachment":[{"href":"https:\/\/wp.unil.ch\/infolettres\/wp-json\/wp\/v2\/media?parent=4780"}],"curies":[{"name":"wp","href":"https:\/\/api.w.org\/{rel}","templated":true}]}}