{"id":4550,"date":"2018-09-24T11:53:26","date_gmt":"2018-09-24T09:53:26","guid":{"rendered":"http:\/\/wp.unil.ch\/infolettres\/?page_id=4550"},"modified":"2020-06-29T12:03:10","modified_gmt":"2020-06-29T10:03:10","slug":"confirmation-desabonnement","status":"publish","type":"page","link":"https:\/\/wp.unil.ch\/infolettres\/confirmation-desabonnement\/","title":{"rendered":"Confirmation de votre d\u00e9sabonnement"},"content":{"rendered":"<p>Votre adresse a \u00e9t\u00e9 supprim\u00e9e de notre liste d&rsquo;envoi.<\/p>\n<p>Facult\u00e9 des lettres<br \/>\nUNIL | Universit\u00e9 de Lausanne<br \/>\nB\u00e2timent Anthropole<br \/>\nQuartier Chamberonne<br \/>\nCH &#8211; 1015 Lausanne<\/p>\n<p><a href=\"https:\/\/www.unil.ch\/lettres\">www.unil.ch\/lettres<\/a><br \/>\n@lettresUNIL sur les r\u00e9seaux sociaux<\/p>\n","protected":false},"excerpt":{"rendered":"<p>Votre adresse a \u00e9t\u00e9 supprim\u00e9e de notre liste d&rsquo;envoi. Facult\u00e9 des lettres UNIL | Universit\u00e9 de Lausanne B\u00e2timent Anthropole Quartier Chamberonne CH &#8211; 1015 Lausanne www.unil.ch\/lettres @lettresUNIL sur les r\u00e9seaux &hellip; <\/p>\n","protected":false},"author":1001334,"featured_media":0,"parent":0,"menu_order":0,"comment_status":"closed","ping_status":"closed","template":"","meta":{"_seopress_robots_primary_cat":"","_seopress_titles_title":"","_seopress_titles_desc":"","_seopress_robots_index":"","footnotes":""},"class_list":["post-4550","page","type-page","status-publish"],"_links":{"self":[{"href":"https:\/\/wp.unil.ch\/infolettres\/wp-json\/wp\/v2\/pages\/4550","targetHints":{"allow":["GET"]}}],"collection":[{"href":"https:\/\/wp.unil.ch\/infolettres\/wp-json\/wp\/v2\/pages"}],"about":[{"href":"https:\/\/wp.unil.ch\/infolettres\/wp-json\/wp\/v2\/types\/page"}],"author":[{"embeddable":true,"href":"https:\/\/wp.unil.ch\/infolettres\/wp-json\/wp\/v2\/users\/1001334"}],"replies":[{"embeddable":true,"href":"https:\/\/wp.unil.ch\/infolettres\/wp-json\/wp\/v2\/comments?post=4550"}],"version-history":[{"count":0,"href":"https:\/\/wp.unil.ch\/infolettres\/wp-json\/wp\/v2\/pages\/4550\/revisions"}],"wp:attachment":[{"href":"https:\/\/wp.unil.ch\/infolettres\/wp-json\/wp\/v2\/media?parent=4550"}],"curies":[{"name":"wp","href":"https:\/\/api.w.org\/{rel}","templated":true}]}}